{"id":67,"date":"2024-11-21T10:28:28","date_gmt":"2024-11-21T02:28:28","guid":{"rendered":"http:\/\/weitai1.globaldeepsea.site\/?post_type=product&#038;p=67"},"modified":"2026-03-13T17:05:20","modified_gmt":"2026-03-13T09:05:20","slug":"67","status":"publish","type":"product","link":"https:\/\/www.cnvetenergy.com\/ar\/%d8%a7%d9%84%d9%85%d9%86%d8%aa%d8%ac\/67\/","title":{"rendered":"\u0646\u0627\u0642\u0644\u0627\u062a \u0642\u0627\u0639\u062f\u0629 \u063a\u0631\u0627\u0641\u064a\u062a"},"content":{"rendered":"<p>\u0648\u0646\u0627\u0642\u0644 \u0627\u0644\u063a\u0631\u0627\u0641\u064a\u062a \u0627\u0644\u0645\u0643\u0634\u0648\u0641 \u0647\u0648 \u0639\u0646\u0635\u0631 \u0631\u0626\u064a\u0633\u064a \u064a\u0633\u062a\u062e\u062f\u0645 \u0641\u064a \u0645\u062e\u062a\u0644\u0641 \u0639\u0645\u0644\u064a\u0627\u062a \u0627\u0644\u062a\u0635\u0646\u064a\u0639 \u0634\u0628\u0647 \u0627\u0644\u0645\u0648\u0635\u0644\u0627\u062a. \u0648\u0646\u062d\u0646 \u0646\u0633\u062a\u062e\u062f\u0645 \u062a\u0643\u0646\u0648\u0644\u0648\u062c\u064a\u0627 \u0628\u0631\u0627\u0621\u0627\u062a \u0627\u0644\u0627\u062e\u062a\u0631\u0627\u0639 \u0644\u062c\u0639\u0644 \u0646\u0627\u0642\u0644\u0627\u062a \u0627\u0644\u0643\u0631\u0628\u064a\u062f \u0627\u0644\u0633\u064a\u0644\u064a\u0643\u0648\u0646 \u0630\u0627\u062a \u0627\u0644\u0646\u0642\u0627\u0621 \u0627\u0644\u0634\u062f\u064a\u062f\u060c \u0648\u0627\u0644\u062a\u0645\u0627\u062b\u0644 \u0627\u0644\u062c\u064a\u062f \u0641\u064a \u0627\u0644\u0637\u0644\u0627\u0621\u060c \u0648\u062d\u064a\u0627\u0629 \u0627\u0644\u062e\u062f\u0645\u0629 \u0627\u0644\u0645\u0645\u062a\u0627\u0632\u0629\u060c \u0641\u0636\u0644\u0627 \u0639\u0646 \u0627\u0644\u0645\u0642\u0627\u0648\u0645\u0629 \u0627\u0644\u0643\u064a\u0645\u064a\u0627\u0626\u064a\u0629 \u0627\u0644\u0639\u0627\u0644\u064a\u0629 \u0648\u0645\u0645\u062a\u0644\u0643\u0627\u062a \u0627\u0644\u0627\u0633\u062a\u0642\u0631\u0627\u0631 \u0627\u0644\u062d\u0631\u0627\u0631\u064a.<\/p>\n<p><a class=\"fancybox\" href=\"https:\/\/www.vet-china.com\/uploads\/64.png\" target=\"_blank\" rel=\"noopener\"><img decoding=\"async\" src=\"https:\/\/www.vet-china.com\/uploads\/64.png\" alt=\"6\" \/><\/a><\/p>\n<p>\u0631\u0633\u0648\u0645 \u0645\u0646\u062a\u062c\u0627\u062a\u0646\u0627:<\/p>\n<p>1 \u0627\u0631\u062a\u0641\u0627\u0639 \u062f\u0631\u062c\u0629 \u062d\u0631\u0627\u0631\u0629 \u0645\u0642\u0627\u0648\u0645\u0629 \u0627\u0644\u0623\u0643\u0633\u062f\u0629 \u062d\u062a\u0649 1700 \u062f\u0631\u062c\u0629 \u0645\u0626\u0648\u064a\u0629.<br \/>\n2. \u0627\u0644\u0646\u0642\u0627\u0621 \u0627\u0644\u0634\u062f\u064a\u062f \u0648\u0627\u0644\u0648\u062d\u062f\u0629 \u0627\u0644\u062d\u0631\u0627\u0631\u064a\u0629<br \/>\n3 \u0645\u0642\u0627\u0648\u0645\u0629 \u062a\u0622\u0643\u0644 \u0645\u0645\u062a\u0627\u0632\u0629: \u062d\u0627\u0645\u0636\u060c \u0623\u0644\u0643\u0627\u0644\u064a\u060c \u0627\u0644\u0645\u0644\u062d \u0648\u0627\u0644\u062b\u062f\u064a \u0627\u0644\u0639\u0636\u0648\u064a.<br \/>\n4 \u0634\u062f\u0651\u0629 \u0639\u0627\u0644\u064a\u0629\u060c \u0633\u0637\u062d \u0645\u062f\u0645\u062c\u060c \u062c\u0632\u064a\u0626\u0627\u062a \u062c\u0645\u064a\u0644\u0629.<br \/>\n5 \u0623\u0637\u0648\u0644 \u0645\u062f\u0629 \u062e\u062f\u0645\u0629 \u0648\u0623\u0643\u062b\u0631 \u0627\u0633\u062a\u062f\u0627\u0645\u0629<\/p>\n<table border=\"1\" cellspacing=\"0\">\n<tbody>\n<tr>\n<td colspan=\"2\" valign=\"center\" width=\"568\">\n<p align=\"center\"><b>CVD<\/b><b>\u00a0<\/b><b>\u0646\u0639\u0645<\/b><b>\u062c\u064a\u0645<\/b><b>' \u8584\u819c \u062a\u0643\u0627\u0644\u064a\u0641 \u0627\u0644\u062a\u0634\u063a\u064a\u0644<\/b><b><\/b><\/p>\n<p align=\"center\"><b>\u0627\u0644\u062e\u0648\u0627\u0635 \u0627\u0644\u0645\u0627\u062f\u064a\u0629 \u0627\u0644\u0623\u0633\u0627\u0633\u064a\u0629 \u0644\u0634\u0631\u0643\u0629 CVD SiC <\/b><b>\u0645\u0639\u0637\u0641<\/b><b><\/b><\/p>\n<\/td>\n<\/tr>\n<tr>\n<td valign=\"center\" width=\"248\">\n<p align=\"justify\">\u221a \/ \u0627\u0644\u0645\u0645\u062a\u0644\u0643\u0627\u062a<\/p>\n<\/td>\n<td valign=\"center\" width=\"319\">\n<p align=\"justify\">\u5178\u578b \/ Value Typical<\/p>\n<\/td>\n<\/tr>\n<tr>\n<td valign=\"center\" width=\"248\">\n<p align=\"justify\">\u6676 \u062a\u0645\u0647\u064a\u062f\u0627\/\u0647\u064a\u0643\u0644 \u0643\u0631\u064a\u0633\u062a\u0627\u0644<\/p>\n<\/td>\n<td valign=\"center\" width=\"319\">\n<p align=\"justify\">FCC \u00df\u00e6sident \u00c8\u00e6\u00e1 \u00c8\u00c7\u00e1 \u00c8\u00c7\u00e1 \u00c8\u00c7\u00e1 \u00c8\u00c7\u00e1 \u00c8\u00d1\u00c7\u00ca \u00c8\u00c7\u00e1 \u00c8\u00c7\u00ca \u00c8\u00d1\u00c7\u00ca \u00c8\u00d1\u00c7\u00ca \u00c8\u00c7\u00ca \u00c8\u00d1\u00c7\u00ca \u00c8\u00c7\u00e1 \u00da \u00c8\u00c7\u00e1 \u00c8\u00c7\u00e1 \u00c8\u00c7\u00e1 \u00c8\u00c7\u00ca \u00c8\u00c7\u00ca \u00c8\u00c7\u00ca \u00c8\u00d1\u00c7\u00ca \u00c8\u00c7\u00ca \u00c8\u00c7\u00ca \u00c8\u00c7\u00ca \u00dd\u00ed \u00dd\u00ed \u00dd\u00ed \u00dd\u00ed \u00dd\u00ed \u00dd\u00ed \u00dd\u00ed \u00c8\u00c7\u00ca \u00c8\u00c7\u00ca \u00c8\u00c7\u00e4 \u00c7\u00e1\u00da\u00c7\u00e4 \u00c7\u00e1\u00da\u00c7\u00e4 \u00c7\u00e1\u00da\u00c7\u00e4 \u00c8\u00c7\u00e4 \u00c7\u00e1\u00da\u00c7\u00e4 \u00c7\u00e1\u00da\u00c7\u00e4 \u00c7\u00e1\u00da\u00c7\u00e1 \u00c8\u00c7\u00e4 \u00c7\u00e1\u00da\u00c7\u00e4 \u00c7\u00e1\u00da\u00c7\u00e1 \u00c8\u00c7\u00e1 \u00c8\u00c7\u00e1\u00ed \u00c8\u00c7\u00e4 \u00c8\u00c7\u00e4 \u00c8\u00c7\u00e4 \u00c8\u00c7\u00e4 \u00c8\u00c7\u00e4 \u00c7\u00e1\u00da\u00c7\u00e1 \u00c8\u00c7\u00e1 \u00c8\u00c7\u00e1 \u00c8\u00c7\u00e1 \u00c8\u00c7\u00e1 \u00c8\u00c7\u00e1 \u00c8\u00c7\u00e1 \u00c8\u00c7\u00e1 \u00c8\u00c7\u00e1 \u00c8\u00c7\u00e4 \u00c8\u00c7\u00e4 \u00c8\u00c7\u00e1<\/p>\n<\/td>\n<\/tr>\n<tr>\n<td valign=\"center\" width=\"248\">\n<p align=\"justify\">\u25aa \/ \u0627\u0644\u0643\u062b\u0627\u0641\u0629<\/p>\n<\/td>\n<td valign=\"center\" width=\"319\">\n<p align=\"justify\">3.21 \u063a\u0631\u0627\u0645\/\u0633\u06453<\/p>\n<\/td>\n<\/tr>\n<tr>\n<td valign=\"center\" width=\"248\">\n<p align=\"justify\">\u786c \/\u0627\u0644\u0639\u062c\u0632<\/p>\n<\/td>\n<td valign=\"center\" width=\"319\">\n<p align=\"justify\">2500 \u7ef4(500g load)<\/p>\n<\/td>\n<\/tr>\n<tr>\n<td valign=\"center\" width=\"248\">\n<p align=\"justify\">\u6676\u7c92 Annex \/ Grain SiZe<\/p>\n<\/td>\n<td valign=\"center\" width=\"319\">\n<p align=\"justify\">2~10 \u0645\u064a\u0643\u0631\u0648\u063a\u0631\u0627\u0645<\/p>\n<\/td>\n<\/tr>\n<tr>\n<td valign=\"center\" width=\"248\">\n<p align=\"justify\">\u7eaf \u7eaf\/ Chemical Purity<\/p>\n<\/td>\n<td valign=\"center\" width=\"319\">\n<p align=\"justify\">99.99995%<\/p>\n<\/td>\n<\/tr>\n<tr>\n<td valign=\"center\" width=\"248\">\n<p align=\"justify\">\u70ed \u2212 \/ Heat Capacity<\/p>\n<\/td>\n<td valign=\"center\" width=\"319\">\n<p align=\"justify\">640 \u064a\u0643\u063a<sup>-1<\/sup>\u00b7K<sup>-1<\/sup><\/p>\n<\/td>\n<\/tr>\n<tr>\n<td valign=\"center\" width=\"248\">\n<p align=\"justify\">\u5347\u0437\u0430 \/ Sublimation Temperature<\/p>\n<\/td>\n<td valign=\"center\" width=\"319\">\n<p align=\"justify\">2700 \u062f\u0631\u062c\u0629 \u0645\u0626\u0648\u064a\u0629<\/p>\n<\/td>\n<\/tr>\n<tr>\n<td valign=\"center\" width=\"248\">\n<p align=\"justify\">' 12` \u0648 ' ' \u0627\u0644\u0642\u0648\u0629 \u0627\u0644\u0627\u0641\u062a\u0631\u0627\u0636\u064a\u0629``<\/p>\n<\/td>\n<td valign=\"center\" width=\"319\">\n<p align=\"justify\">415 MPa RT 4-point<\/p>\n<\/td>\n<\/tr>\n<tr>\n<td valign=\"center\" width=\"248\">\n<p align=\"justify\">\u6768\u6c0f\u6a21 \u6768\u6c0f\u6a21 \/ Young\u2019 s Modulus<\/p>\n<\/td>\n<td valign=\"center\" width=\"319\">\n<p align=\"justify\">430 Gpa 4pt bend, 1300\u00b0C<\/p>\n<\/td>\n<\/tr>\n<tr>\n<td valign=\"center\" width=\"248\">\n<p align=\"justify\">\u0627\u0644\u0633\u0644\u0648\u0643 \u0627\u0644\u062d\u0631\u0627\u0631\u064a<\/p>\n<\/td>\n<td valign=\"center\" width=\"319\">\n<p align=\"justify\">300 \u0627\u0645\u0631\u0623\u0629<sup>-1<\/sup>\u00b7K<sup>-1<\/sup><\/p>\n<\/td>\n<\/tr>\n<tr>\n<td valign=\"center\" width=\"248\">\n<p align=\"justify\">\u70ed\u81a8\u80c0\u7cfb \/ \u0627\u0644\u062a\u0648\u0633\u0639 \u0627\u0644\u062d\u0631\u0627\u0631\u064a<\/p>\n<\/td>\n<td valign=\"center\" width=\"319\">\n<p align=\"justify\">4.510x<sup>-6<\/sup>K<sup>-1<\/sup><\/p>\n<\/td>\n<\/tr>\n<\/tbody>\n<\/table>\n<p><a class=\"fancybox\" href=\"https:\/\/www.vet-china.com\/uploads\/1109.jpg\" target=\"_blank\" rel=\"noopener\"><img decoding=\"async\" class=\"alignnone size-full wp-image-161022\" src=\"https:\/\/www.vet-china.com\/uploads\/1109.jpg\" alt=\"1\" \/><\/a><\/p>\n<p><a class=\"fancybox\" href=\"https:\/\/www.vet-china.com\/uploads\/284.jpg\" target=\"_blank\" rel=\"noopener\"><img decoding=\"async\" class=\"alignnone size-full wp-image-161023\" src=\"https:\/\/www.vet-china.com\/uploads\/284.jpg\" alt=\"2\" \/><\/a><\/p>\n<p>VET \u0641\u0627\u0644\u0637\u0627\u0642\u0629 \u0647\u064a \u0627\u0644\u0635\u0627\u0646\u0639 \u0627\u0644\u062d\u0642\u064a\u0642\u064a \u0644\u0645\u0646\u062a\u062c\u0627\u062a \u0627\u0644\u063a\u0631\u0627\u0641\u064a\u062a \u0627\u0644\u0645\u0635\u0645\u0645\u0629 \u062e\u0635\u064a\u0635\u0627\u064b \u0648\u0645\u0646\u062a\u062c\u0627\u062a \u0627\u0644\u0643\u0627\u0631\u0628\u0627\u064a\u062f \u0627\u0644\u0633\u064a\u0644\u064a\u0643\u0648\u0646 \u0627\u0644\u062a\u064a \u062a\u062d\u062a\u0648\u064a \u0639\u0644\u0649 \u0645\u0639\u0627\u0637\u0641 \u0645\u062e\u062a\u0644\u0641\u0629 \u0645\u062b\u0644 \u0645\u0639\u0627\u0637\u0641 \u0633\u064a \u0633\u064a \u0633\u064a \u0633\u064a \u0633\u064a \u0633\u064a \u0633\u064a \u0633\u064a\u060c \u0648\u062a\u063a\u0644\u064a\u0641 \u0627\u0644\u0643\u0631\u0628\u0648\u0646 \u0627\u0644\u0643\u062b\u064a\u0641\u060c \u0648\u062a\u063a\u0644\u064a\u0641 \u0627\u0644\u0643\u0631\u0628\u0648\u0646 \u0628\u0627\u0644\u0632\u062c\u0627\u062c\u060c \u0648\u0645\u0627 \u0625\u0644\u0649 \u0630\u0644\u0643\u060c \u064a\u0645\u0643\u0646 \u0623\u0646 \u062a\u0632\u0648\u062f \u0628\u0642\u0637\u0639 \u0645\u062e\u062a\u0644\u0641\u0629 \u0645\u0635\u0645\u0645\u0629 \u062e\u0635\u064a\u0635\u0627\u064b \u0644\u0644\u0635\u0646\u0627\u0639\u0629 \u0634\u0628\u0647 \u0627\u0644\u0645\u0648\u0635\u0644\u064a\u0629 \u0648\u0627\u0644\u0641\u0648\u0644\u0637\u064a\u0629 \u0627\u0644\u0636\u0648\u0626\u064a\u0629.<\/p>\n<p>\u0641\u0631\u064a\u0642\u0646\u0627 \u0627\u0644\u062a\u0642\u0646\u064a \u064a\u0623\u062a\u064a \u0645\u0646 \u0623\u0639\u0644\u0649 \u0645\u0624\u0633\u0633\u0627\u062a \u0627\u0644\u0628\u062d\u0648\u062b \u0627\u0644\u0645\u062d\u0644\u064a\u0629\u060c \u064a\u0645\u0643\u0646 \u0623\u0646 \u064a\u0648\u0641\u0631 \u0627\u0644\u0645\u0632\u064a\u062f \u0645\u0646 \u0627\u0644\u062d\u0644\u0648\u0644 \u0627\u0644\u0645\u0627\u062f\u064a\u0629 \u0627\u0644\u0645\u0647\u0646\u064a\u0629 \u0628\u0627\u0644\u0646\u0633\u0628\u0629 \u0644\u0643.<\/p>\n<p>\u0648\u0646\u0639\u0645\u0644 \u0628\u0627\u0633\u062a\u0645\u0631\u0627\u0631 \u0639\u0644\u0649 \u062a\u0637\u0648\u064a\u0631 \u0639\u0645\u0644\u064a\u0627\u062a \u0645\u062a\u0637\u0648\u0631\u0629 \u0644\u062a\u0648\u0641\u064a\u0631 \u0645\u0648\u0627\u062f \u0623\u0643\u062b\u0631 \u062a\u0642\u062f\u0645\u0627\u064b\u060c \u0648\u0639\u0645\u0644\u0646\u0627 \u0639\u0644\u0649 \u0648\u0636\u0639 \u062a\u0643\u0646\u0648\u0644\u0648\u062c\u064a\u0627 \u062d\u0635\u0631\u064a\u0629 \u0630\u0627\u062a \u0628\u0631\u0627\u0621\u0627\u062a \u0627\u062e\u062a\u0631\u0627\u0639\u060c \u0645\u0645\u0627 \u064a\u0645\u0643\u0646 \u0623\u0646 \u064a\u062c\u0639\u0644 \u0627\u0644\u062a\u0631\u0627\u0628\u0637 \u0628\u064a\u0646 \u0627\u0644\u0645\u0639\u0627\u0637\u0641 \u0648\u0627\u0644\u0633\u062a\u0631\u0629 \u0627\u0644\u0641\u0631\u0639\u064a\u0629 \u0623\u0643\u062b\u0631 \u0635\u0631\u0627\u0645\u0629 \u0648\u0623\u0642\u0644 \u0639\u0631\u0636\u0629 \u0644\u0644\u0641\u0635\u0644.<\/p>\n<p><strong>\u0646\u0631\u062d\u0628 \u0628\u0643\u0645 \u062a\u0631\u062d\u064a\u0628\u0627 \u062d\u0627\u0631\u0627 \u0641\u064a \u0632\u064a\u0627\u0631\u0629 \u0645\u0635\u0646\u0639\u0646\u0627\u060c \u062f\u0639\u0648\u0646\u0627 \u0646\u062c\u0631\u064a \u0627\u0644\u0645\u0632\u064a\u062f \u0645\u0646 \u0627\u0644\u0645\u0646\u0627\u0642\u0634\u0629!<\/strong><\/p>\n<p><a class=\"fancybox\" href=\"https:\/\/www.vet-china.com\/uploads\/\u7814\u53d1\u56e2\u961f2.jpg\" target=\"_blank\" rel=\"noopener\"><img decoding=\"async\" src=\"https:\/\/www.vet-china.com\/uploads\/\u7814\u53d1\u56e2\u961f2.jpg\" alt=\"\u043f\u56e2\" \/><\/a><\/p>\n<p>&nbsp;<\/p>\n<p><a class=\"fancybox\" href=\"https:\/\/www.vet-china.com\/uploads\/\u751f\u4ea7\u8bbe\u59071.jpg\" target=\"_blank\" rel=\"noopener\"><img decoding=\"async\" src=\"https:\/\/www.vet-china.com\/uploads\/\u751f\u4ea7\u8bbe\u59071.jpg\" alt=\"Instituto\" \/><\/a><\/p>\n<p>&nbsp;<\/p>\n<p><a class=\"fancybox\" href=\"https:\/\/www.vet-china.com\/uploads\/\u516c\u53f8\u5ba2\u62371.jpg\" target=\"_blank\" rel=\"noopener\"><img decoding=\"async\" src=\"https:\/\/www.vet-china.com\/uploads\/\u516c\u53f8\u5ba2\u62371.jpg\" alt=\"\u5ba2\u6237\" \/><\/a><\/p>","protected":false},"excerpt":{"rendered":"<p>\u0627\u0644\u0648\u0635\u0641 \u0627\u0644\u0642\u0635\u064a\u0631:<\/p>\n<p>VET \u0648\u0646\u0627\u0642\u0644 \u0631\u0633\u0648\u0645\u0627\u062a \u0633\u064a \u0633\u064a \u0633\u064a \u0633\u064a \u0633\u064a \u0633\u064a\u0633 \u0644\u0644\u0637\u0627\u0642\u0629 \u0647\u0648 \u0645\u0646\u062a\u062c \u0630\u0648 \u0623\u062f\u0627\u0621 \u0631\u0641\u064a\u0639 \u0645\u0635\u0645\u0645 \u0644\u062a\u0648\u0641\u064a\u0631 \u0623\u062f\u0627\u0621 \u0645\u062a\u0633\u0642 \u0648\u0645\u0648\u062b\u0648\u0642 \u0639\u0644\u0649 \u0645\u062f\u0649 \u0641\u062a\u0631\u0629 \u0637\u0648\u064a\u0644\u0629. \u0644\u062f\u064a\u0647\u0627 \u0645\u0642\u0627\u0648\u0645\u0629 \u062d\u0631\u0627\u0631\u064a\u0629 \u062c\u064a\u062f\u0629 \u062c\u062f\u0627\u064b \u0648\u0627\u0644\u0648\u062d\u062f\u0629 \u0627\u0644\u062d\u0631\u0627\u0631\u064a\u0629\u060c \u0627\u0644\u0646\u0642\u0627\u0621 \u0627\u0644\u0639\u0627\u0644\u064a\u060c \u0645\u0642\u0627\u0648\u0645\u0629 \u0627\u0644\u062a\u0622\u0643\u0644\u060c \u0645\u0645\u0627 \u064a\u062c\u0639\u0644\u0647\u0627 \u0627\u0644\u062d\u0644 \u0627\u0644\u0645\u062b\u0627\u0644\u064a \u0644\u062a\u0637\u0628\u064a\u0642\u0627\u062a \u062a\u062c\u0647\u064a\u0632 \u0627\u0644\u062e\u064a\u0648\u0644.<\/p>\n<p>\u0645\u0643\u0627\u0646 \u0627\u0644\u0645\u0646\u0634\u0623:<br \/>\n\u0627\u0644\u0635\u064a\u0646<br \/>\n\u0647\u064a\u0643\u0644 \u0643\u0631\u064a\u0633\u062a\u0627\u0644:<br \/>\n\u0627\u0644\u0645\u0631\u062d\u0644\u0629 \u0627\u0644\u062a\u062c\u0631\u064a\u0628\u064a\u0629<br \/>\n\u0627\u0644\u0643\u062b\u0627\u0641\u0629:<br \/>\n3.21 \u063a\u0631\u0627\u0645\/\u0633\u0645<br \/>\n\u0627\u0644\u0642\u0648\u0629:<br \/>\n2500 Vickers<br \/>\nGrain Size:<br \/>\n2~10 \u0645\u064a\u0643\u0631\u0648\u063a\u0631\u0627\u0645<br \/>\nEnvironmental Purity :<br \/>\n99.99995%<br \/>\nHeat Capacity:<br \/>\n640J kg-1 K-1<br \/>\n\u062f\u0631\u062c\u0629 \u0627\u0644\u062d\u0631\u0627\u0631\u0629:<br \/>\n2700 \u062f\u0631\u062c\u0629 \u0645\u0626\u0648\u064a\u0629<br \/>\nFelexural Strength :<br \/>\n415 Mpa (RT 4-Point)<br \/>\nModulus:<br \/>\n430 Gpa (4pt bend, 1300\u00b0C)<br \/>\n\u0627\u0644\u062a\u0648\u0633\u0639 \u0627\u0644\u062d\u0631\u0627\u0631\u064a:<br \/>\n4.5 10-6K-1<br \/>\n\u0627\u0644\u0633\u0644\u0648\u0643 \u0627\u0644\u062d\u0631\u0627\u0631\u064a:<br \/>\n300 (W\/MK)<\/p>","protected":false},"featured_media":71,"template":"","meta":[],"product_cat":[16,23],"product_tag":[24],"class_list":{"0":"post-67","1":"product","2":"type-product","3":"status-publish","4":"has-post-thumbnail","6":"product_cat-cvd-coating","7":"product_cat-sic-epitaxial-parts","8":"product_tag-sic-coated-graphite-base-carriers","10":"first","11":"instock","12":"shipping-taxable","13":"product-type-simple"},"_links":{"self":[{"href":"https:\/\/www.cnvetenergy.com\/ar\/wp-json\/wp\/v2\/product\/67","targetHints":{"allow":["GET"]}}],"collection":[{"href":"https:\/\/www.cnvetenergy.com\/ar\/wp-json\/wp\/v2\/product"}],"about":[{"href":"https:\/\/www.cnvetenergy.com\/ar\/wp-json\/wp\/v2\/types\/product"}],"version-history":[{"count":1,"href":"https:\/\/www.cnvetenergy.com\/ar\/wp-json\/wp\/v2\/product\/67\/revisions"}],"predecessor-version":[{"id":2623,"href":"https:\/\/www.cnvetenergy.com\/ar\/wp-json\/wp\/v2\/product\/67\/revisions\/2623"}],"wp:featuredmedia":[{"embeddable":true,"href":"https:\/\/www.cnvetenergy.com\/ar\/wp-json\/wp\/v2\/media\/71"}],"wp:attachment":[{"href":"https:\/\/www.cnvetenergy.com\/ar\/wp-json\/wp\/v2\/media?parent=67"}],"wp:term":[{"taxonomy":"product_cat","embeddable":true,"href":"https:\/\/www.cnvetenergy.com\/ar\/wp-json\/wp\/v2\/product_cat?post=67"},{"taxonomy":"product_tag","embeddable":true,"href":"https:\/\/www.cnvetenergy.com\/ar\/wp-json\/wp\/v2\/product_tag?post=67"}],"curies":[{"name":"wp","href":"https:\/\/api.w.org\/{rel}","templated":true}]}}