{"id":144,"date":"2024-11-21T11:42:17","date_gmt":"2024-11-21T03:42:17","guid":{"rendered":"http:\/\/weitai1.globaldeepsea.site\/?post_type=product&#038;p=144"},"modified":"2026-03-13T17:05:16","modified_gmt":"2026-03-13T09:05:16","slug":"tantalum-carbide-coating-wafer-susceptor","status":"publish","type":"product","link":"https:\/\/www.cnvetenergy.com\/de\/product\/tantalum-carbide-coating-wafer-susceptor\/","title":{"rendered":"Tantalkarbid-Beschichtung Wafer-Suszeptor"},"content":{"rendered":"<div class=\"fl-col-group fl-node-66f7792684e51\" data-node=\"66f7792684e51\">\n<div class=\"fl-col fl-node-66f779268502e\" data-node=\"66f779268502e\">\n<div class=\"fl-col-content fl-node-content\">\n<div class=\"fl-module fl-module-rich-text fl-node-66f7792684cd6\" data-node=\"66f7792684cd6\" data-animation-delay=\"0.0\">\n<div class=\"fl-module-content fl-node-content\">\n<div class=\"fl-rich-text\">\n<p>Vet-China produziert Tantal Carbide Coated Wafer Susceptor, der modernste CVD-Beschichtungstechnologie nutzt und unter extremen Arbeitsbedingungen gut ausf\u00fchrt. Das Tantal Carbide Material vereint Verschlei\u00dffestigkeit und Korrosionsbest\u00e4ndigkeit und ist damit eine ideale Wahl f\u00fcr die Halbleiterindustrie.<\/p>\n<p>In hochtemperatur- und korrosiven Umgebungen zeigt Tantal Carbide Coated Wafer Susceptor eine ausgezeichnete chemische Tr\u00e4gheit und thermische Stabilit\u00e4t und kann der Erosion verschiedener chemischer Medien wirksam widerstehen und einen langfristigen Einsatz unter harten Bedingungen gew\u00e4hrleisten. Mit dieser Funktion haben unsere F\u00fchrungsringe ein hohes Anwendungspotenzial in der Halbleiterverarbeitung, chemischen Anwendungen und anderen Bereichen.<\/p>\n<p>Die Wahl von Vet-China Tantal Carbide Coated Wafer Susceptor kann nicht nur Ihre Produktionseffizienz verbessern, sondern auch die Lebensdauer der Ausr\u00fcstung verl\u00e4ngern. Unsere Produkte sind streng qualit\u00e4tskontrolliert, um sicherzustellen, dass jeder die h\u00f6chsten Industriestandards erf\u00fcllt, um die unterschiedlichen Bed\u00fcrfnisse der Kunden zu erf\u00fcllen.<\/p>\n<p>Durch kontinuierliche technologische Innovation verpflichtet sich Vet-China, den Kunden zuverl\u00e4ssige L\u00f6sungen zu bieten und den Industriefortschritt zu f\u00f6rdern. Unsere Tantal Carbide Beschichtung <a href=\"https:\/\/www.vet-china.com\/wafer\/\" target=\"_blank\" rel=\"noopener\">Wafer<\/a> Susceptor ist Ihre vertrauensw\u00fcrdige Wahl f\u00fcr hohe Temperatur und korrosive Umgebungen und hilft Ihren Anwendungen, neue H\u00f6hen zu erreichen.<\/p>\n<\/div>\n<\/div>\n<\/div>\n<\/div>\n<\/div>\n<\/div>\n<div class=\"fl-col-group fl-node-66f7790ea47b8\" data-node=\"66f7790ea47b8\">\n<div class=\"fl-col fl-node-66f7790ea47f9\" data-node=\"66f7790ea47f9\">\n<div class=\"fl-col-content fl-node-content\">\n<div class=\"fl-module fl-module-rich-text fl-node-66f7790ea48fd\" data-node=\"66f7790ea48fd\" data-animation-delay=\"0.0\">\n<div class=\"fl-module-content fl-node-content\">\n<div class=\"fl-rich-text\">\n<p>TaC-Beschichtung ist eine Art Tantalcarbid (TaC)-Beschichtung, hergestellt durch physikalische Aufdampftechnik, hat es folgende Eigenschaften:<\/p>\n<p>ANHANG Hohe H\u00e4rte: TaC-Beschichtungsh\u00e4rte ist hoch, kann in der Regel 2500-3000HV erreichen, ist eine ausgezeichnete harte Beschichtung.<\/p>\n<p>2. Verschlei\u00dffestigkeit: Die TaC-Beschichtung ist sehr verschlei\u00dffest, was den Verschlei\u00df und die Besch\u00e4digung mechanischer Teile beim Gebrauch effektiv reduzieren kann.<\/p>\n<p>3. Good high temperature resistance: TaC coating can also maintain its excellent performance under high temperature environment.<\/p>\n<p>4. Good chemical stability: TaC coating has good chemical stability and can resist many chemical reactions, such as acids and bases.<\/p>\n<\/div>\n<\/div>\n<\/div>\n<\/div>\n<\/div>\n<\/div>\n<div class=\"fl-col-group fl-node-66f7790ea4736\" data-node=\"66f7790ea4736\">\n<div class=\"fl-col fl-node-66f7790ea48bc fl-col-small\" data-node=\"66f7790ea48bc\">\n<div class=\"fl-col-content fl-node-content\">\n<div class=\"fl-module fl-module-photo fl-node-66f7790ea4777\" data-node=\"66f7790ea4777\" data-animation-delay=\"0.0\">\n<div class=\"fl-module-content fl-node-content\">\n<div class=\"fl-photo fl-photo-align-center\">\n<div class=\"fl-photo-content fl-photo-img-png\"><img decoding=\"async\" class=\"fl-photo-img wp-image-160811\" src=\"https:\/\/www.vet-china.com\/uploads\/6-31.png\" alt=\"6 (3)\" \/><\/div>\n<\/div>\n<\/div>\n<\/div>\n<\/div>\n<\/div>\n<div class=\"fl-col fl-node-66f7790ea483a fl-col-small\" data-node=\"66f7790ea483a\">\n<div class=\"fl-col-content fl-node-content\">\n<div class=\"fl-module fl-module-photo fl-node-66f7790ea487b\" data-node=\"66f7790ea487b\" data-animation-delay=\"0.0\">\n<div class=\"fl-module-content fl-node-content\">\n<div class=\"fl-photo fl-photo-align-center\">\n<div class=\"fl-photo-content fl-photo-img-png\"><img decoding=\"async\" class=\"fl-photo-img wp-image-160810\" src=\"https:\/\/www.vet-china.com\/uploads\/6-1.png\" alt=\"6 (1)\" \/><\/div>\n<\/div>\n<\/div>\n<\/div>\n<\/div>\n<\/div>\n<\/div>\n<div class=\"fl-col-group fl-node-66f7790ea493e\" data-node=\"66f7790ea493e\">\n<div class=\"fl-col fl-node-66f7790ea497f\" data-node=\"66f7790ea497f\">\n<div class=\"fl-col-content fl-node-content\">\n<div class=\"fl-module fl-module-rich-text fl-node-66f7790ea49bf\" data-node=\"66f7790ea49bf\" data-animation-delay=\"0.0\">\n<div class=\"fl-module-content fl-node-content\">\n<div class=\"fl-rich-text\">\n<table border=\"1\" cellspacing=\"0\">\n<tbody>\n<tr>\n<td colspan=\"2\" valign=\"center\" width=\"568\">\n<p align=\"center\"><b>\u78b3\u5316\u94bd\u6d82\u5c42\u7269\u7406\u7279\u6027\u7269\u7406\u7279\u6027<\/b><b><\/b><\/p>\n<p align=\"center\"><b>Physical properties of<\/b><b>\u00a0<\/b><b>TaC<\/b><b>\u00a0<\/b><b>Beschichtung<\/b><b><\/b><\/p>\n<\/td>\n<\/tr>\n<tr>\n<td valign=\"center\" width=\"249\">\n<p align=\"justify\">wiederherstellen \/ Dichte<\/p>\n<\/td>\n<td valign=\"center\" width=\"318\">\n<p align=\"justify\">14,3 (g\/cm3)<\/p>\n<\/td>\n<\/tr>\n<tr>\n<td valign=\"center\" width=\"249\">\n<p align=\"justify\">Emissivit\u00e4t<\/p>\n<\/td>\n<td valign=\"center\" width=\"318\">\n<p align=\"justify\">0.3<\/p>\n<\/td>\n<\/tr>\n<tr>\n<td valign=\"center\" width=\"249\">\n<p align=\"justify\">\u2260 \/ W\u00e4rmeausdehnungskoeffizient<\/p>\n<\/td>\n<td valign=\"center\" width=\"318\">\n<p align=\"justify\">6.3 10<sup>-6<\/sup>\/K<\/p>\n<\/td>\n<\/tr>\n<tr>\n<td valign=\"center\" width=\"249\">\n<p align=\"justify\">(HK)<\/p>\n<\/td>\n<td valign=\"center\" width=\"318\">\n<p align=\"justify\">2000 HK<\/p>\n<\/td>\n<\/tr>\n<tr>\n<td valign=\"center\" width=\"249\">\n<p align=\"justify\">\u03a3\u963b \/ Widerstand<\/p>\n<\/td>\n<td valign=\"center\" width=\"318\">\n<p align=\"justify\">1 x 10<sup>-5<\/sup>\u00a0Ohm*cm<\/p>\n<\/td>\n<\/tr>\n<tr>\n<td valign=\"center\" width=\"249\">\n<p align=\"justify\">bestimmungsgem\u00e4\u00df \/ thermische Stabilit\u00e4t<\/p>\n<\/td>\n<td valign=\"center\" width=\"318\">\n<p align=\"justify\">&lt;2500\u2103<\/p>\n<\/td>\n<\/tr>\n<tr>\n<td valign=\"center\" width=\"249\">\n<p align=\"justify\">\u5c3a\u03bf\u03c1\u03bf\u03b7\u03c2 \/ Graphitgr\u00f6\u00dfen\u00e4nderungen<\/p>\n<\/td>\n<td valign=\"center\" width=\"318\">\n<p align=\"justify\">-10~-20um<\/p>\n<\/td>\n<\/tr>\n<tr>\n<td valign=\"center\" width=\"249\">\n<p align=\"justify\">\u6d82\u5c42\u539amigration \/ Beschichtung Dicke<\/p>\n<\/td>\n<td valign=\"center\" width=\"318\">\n<p align=\"justify\">typischer wert \u226520um (35um\u00b110um)<\/p>\n<\/td>\n<\/tr>\n<\/tbody>\n<\/table>\n<\/div>\n<\/div>\n<\/div>\n<div class=\"fl-module fl-module-rich-text fl-node-66f7790ea4a01\" data-node=\"66f7790ea4a01\" data-animation-delay=\"0.0\">\n<div class=\"fl-module-content fl-node-content\">\n<div class=\"fl-rich-text\">\n<p>Ningbo VET Energietechnik Co., Ltd ist ein High-Tech-Unternehmen, das sich auf die Produktion und den Vertrieb von High-End- fortschrittlichen Materialien, die Materialien und Technologie deckt Graphit, Siliziumkarbid, Keramik, Oberfl\u00e4chenbehandlung und so weiter. Die Produkte sind weit verbreitet in Photovoltaik, Halbleiter, neue Energie, Metallurgie, etc..<\/p>\n<p>Unser technisches Team kommt aus f\u00fchrenden inl\u00e4ndischen Forschungseinrichtungen und kann Ihnen professionelle Materiall\u00f6sungen anbieten.<\/p>\n<p>Wir laden Sie herzlich ein, unser Werk zu besuchen und mit uns zu diskutieren!<\/p>\n<p><a class=\"fancybox\" href=\"https:\/\/www.vet-china.com\/uploads\/\u7814\u53d1\u56e2\u961f2.jpg\" target=\"_blank\" rel=\"noopener\"><img decoding=\"async\" class=\"alignnone size-full wp-image-161042\" src=\"https:\/\/www.vet-china.com\/uploads\/\u7814\u53d1\u56e2\u961f2.jpg\" alt=\"\u7814\u53d1\u56e2\u961f\" \/><\/a><\/p>\n<p><a class=\"fancybox\" href=\"https:\/\/www.vet-china.com\/uploads\/\u751f\u4ea7\u8bbe\u59071.jpg\" target=\"_blank\" rel=\"noopener\"><img decoding=\"async\" class=\"alignnone size-full wp-image-161043\" src=\"https:\/\/www.vet-china.com\/uploads\/\u751f\u4ea7\u8bbe\u59071.jpg\" alt=\"\u751f\u4ea7\u8bbe\u5907\" \/><\/a><\/p>\n<p><a class=\"fancybox\" href=\"https:\/\/www.vet-china.com\/uploads\/\u516c\u53f8\u5ba2\u62371.jpg\" target=\"_blank\" rel=\"noopener\"><img decoding=\"async\" class=\"alignnone size-full wp-image-161044\" src=\"https:\/\/www.vet-china.com\/uploads\/\u516c\u53f8\u5ba2\u62371.jpg\" alt=\"\u516c\u53f8\u5ba2\u6237\" \/><\/a><\/p>\n<p>&nbsp;<\/p>\n<\/div>\n<\/div>\n<\/div>\n<\/div>\n<\/div>\n<\/div>","protected":false},"excerpt":{"rendered":"<h3>Kurze Beschreibung:<\/h3>\n<p>Das Tantal Carbide Coating Wafer Susceptor von Vet-China ist ein leistungsstarkes Produkt, das f\u00fcr hohe Temperatur und korrosive Atmosph\u00e4ren entwickelt wurde, mit fortschrittlicher TaC-Beschichtungstechnologie, um eine ausgezeichnete chemische Tr\u00e4gheit und thermische Stabilit\u00e4t zu gew\u00e4hrleisten. Wir sind fest entschlossen, qualitativ hochwertige Produkte zu wettbewerbsf\u00e4higen Preisen anzubieten und freuen uns darauf, Ihr langfristiger Partner in China zu werden.<\/p>","protected":false},"featured_media":173,"template":"","meta":[],"product_cat":[16,31],"product_tag":[22,29,24,26],"class_list":{"0":"post-144","1":"product","2":"type-product","3":"status-publish","4":"has-post-thumbnail","6":"product_cat-cvd-coating","7":"product_cat-tantalum-carbide-tac-coating","8":"product_tag-epitaxial-epi-graphite-barrel-susceptor","9":"product_tag-high-purity-cvd-solid-sic-bulk","10":"product_tag-sic-coated-graphite-base-carriers","11":"product_tag-sic-coated-graphite-mocvd-epitaxy-susceptor","13":"first","14":"instock","15":"shipping-taxable","16":"product-type-simple"},"_links":{"self":[{"href":"https:\/\/www.cnvetenergy.com\/de\/wp-json\/wp\/v2\/product\/144","targetHints":{"allow":["GET"]}}],"collection":[{"href":"https:\/\/www.cnvetenergy.com\/de\/wp-json\/wp\/v2\/product"}],"about":[{"href":"https:\/\/www.cnvetenergy.com\/de\/wp-json\/wp\/v2\/types\/product"}],"version-history":[{"count":1,"href":"https:\/\/www.cnvetenergy.com\/de\/wp-json\/wp\/v2\/product\/144\/revisions"}],"predecessor-version":[{"id":2619,"href":"https:\/\/www.cnvetenergy.com\/de\/wp-json\/wp\/v2\/product\/144\/revisions\/2619"}],"wp:featuredmedia":[{"embeddable":true,"href":"https:\/\/www.cnvetenergy.com\/de\/wp-json\/wp\/v2\/media\/173"}],"wp:attachment":[{"href":"https:\/\/www.cnvetenergy.com\/de\/wp-json\/wp\/v2\/media?parent=144"}],"wp:term":[{"taxonomy":"product_cat","embeddable":true,"href":"https:\/\/www.cnvetenergy.com\/de\/wp-json\/wp\/v2\/product_cat?post=144"},{"taxonomy":"product_tag","embeddable":true,"href":"https:\/\/www.cnvetenergy.com\/de\/wp-json\/wp\/v2\/product_tag?post=144"}],"curies":[{"name":"wp","href":"https:\/\/api.w.org\/{rel}","templated":true}]}}