{"id":186,"date":"2024-11-21T13:17:13","date_gmt":"2024-11-21T05:17:13","guid":{"rendered":"http:\/\/weitai1.globaldeepsea.site\/?post_type=product&#038;p=186"},"modified":"2026-03-13T17:05:15","modified_gmt":"2026-03-13T09:05:15","slug":"hitzebestandiges-glas-kohlenstofftiegel","status":"publish","type":"product","link":"https:\/\/www.cnvetenergy.com\/de\/product\/hitzebestandiges-glas-kohlenstofftiegel\/","title":{"rendered":"Hitzebest\u00e4ndiger Glas-Kohle-Tiegel"},"content":{"rendered":"<div class=\"fl-builder-content fl-builder-content-160696 fl-builder-content-primary fl-builder-global-templates-locked\" data-post-id=\"160696\">\n<div class=\"fl-row fl-row-fixed-width fl-row-bg-none fl-node-6581403711216\" data-node=\"6581403711216\">\n<div class=\"fl-row-content-wrap\">\n<div class=\"fl-row-content fl-row-fixed-width fl-node-content\">\n<div class=\"fl-col-group fl-node-6581403711276\" data-node=\"6581403711276\">\n<div class=\"fl-col fl-node-65814037112b5 fl-col-small\" data-node=\"65814037112b5\">\n<div class=\"fl-col-content fl-node-content\">\n<div class=\"fl-module fl-module-rich-text fl-node-65814037112f6\" data-node=\"65814037112f6\" data-animation-delay=\"0.0\">\n<div class=\"fl-module-content fl-node-content\">\n<div class=\"fl-rich-text\">\n<p>Glaskohlenstofftiegel ist eine Art Tiegel aus speziellen Materialien f\u00fcr Hochtemperaturexperimente und Anwendungen. Es hat eine ausgezeichnete hohe Temperaturbest\u00e4ndigkeit, gute chemische Stabilit\u00e4t und hohe Reinheit, so ist es weit verbreitet in verschiedenen Bereichen wie Metallurgie, Keramik, Chemikalien, Halbleiter und so weiter.<\/p>\n<p>Der Herstellungsprozess des Glaskohlenstofftiegels ist sehr komplex, was durch mehrere Prozesse und strenge Qualit\u00e4tskontrolle gehen muss. Zun\u00e4chst m\u00fcssen hochreine Rohstoffe, wie Graphit, Asphalt usw., nach Hochtemperaturbehandlung und chemischer Reaktion zur Herstellung von Glaskohlenstoffpulver eingesetzt werden. Anschlie\u00dfend wird das Pulver nach Umformen, Sintern und anderen Verfahren in die Form des Tiegels geformt. Schlie\u00dflich ist es auch erforderlich, Hochtemperaturgl\u00fchen, Schleifen, Polieren und andere Behandlungen durchzuf\u00fchren, um die Qualit\u00e4t und Leistung des Tiegels zu gew\u00e4hrleisten.<\/p>\n<\/div>\n<\/div>\n<\/div>\n<\/div>\n<\/div>\n<div class=\"fl-col fl-node-6581403711335 fl-col-small\" data-node=\"6581403711335\">\n<div class=\"fl-col-content fl-node-content\">\n<div class=\"fl-module fl-module-photo fl-node-6581403711373\" data-node=\"6581403711373\" data-animation-delay=\"0.0\">\n<div class=\"fl-module-content fl-node-content\">\n<div class=\"fl-photo fl-photo-align-center\">\n<div class=\"fl-photo-content fl-photo-img-png\"><img decoding=\"async\" class=\"fl-photo-img wp-image-160687 size-full\" src=\"https:\/\/www.vet-china.com\/uploads\/343.png\" alt=\"3\" \/><\/div>\n<\/div>\n<\/div>\n<\/div>\n<\/div>\n<\/div>\n<\/div>\n<div class=\"fl-col-group fl-node-65814037114ae\" data-node=\"65814037114ae\">\n<div class=\"fl-col fl-node-65814037114be fl-col-small\" data-node=\"65814037114be\">\n<div class=\"fl-col-content fl-node-content\">\n<div class=\"fl-module fl-module-rich-text fl-node-65814037114fc\" data-node=\"65814037114fc\" data-animation-delay=\"0.0\">\n<div class=\"fl-module-content fl-node-content\">\n<div class=\"fl-rich-text\">\n<p>Besonderheit:<br \/>\nAls Substrate k\u00f6nnen verschiedene Graphitmaterialien verwendet werden<br \/>\nDie Eigenschaften des Graphitsubstrats gehen nicht verloren<br \/>\nEs kann die Bildung von Graphitstaub reduzieren<br \/>\nHat bessere Kratzfestigkeit und andere reibungsfreie Haltbarkeit<\/p>\n<\/div>\n<\/div>\n<\/div>\n<\/div>\n<\/div>\n<div class=\"fl-col fl-node-6581403711577 fl-col-small\" data-node=\"6581403711577\">\n<div class=\"fl-col-content fl-node-content\">\n<div class=\"fl-module fl-module-rich-text fl-node-6581403711539\" data-node=\"6581403711539\" data-animation-delay=\"0.0\">\n<div class=\"fl-module-content fl-node-content\">\n<div class=\"fl-rich-text\">\n<p>Anwenden:<br \/>\nMonokristalline Silizium-Zeichnungsanlagen Komponenten<br \/>\nEpitaxie Anbauteile<br \/>\nKontinuierliche Gie\u00dfform<br \/>\nGlasdichtungsvorrichtung<\/p>\n<\/div>\n<\/div>\n<\/div>\n<\/div>\n<\/div>\n<\/div>\n<div class=\"fl-col-group fl-node-65814037115b4\" data-node=\"65814037115b4\">\n<div class=\"fl-col fl-node-65814037115f2\" data-node=\"65814037115f2\">\n<div class=\"fl-col-content fl-node-content\">\n<div class=\"fl-module fl-module-rich-text fl-node-6581403711633\" data-node=\"6581403711633\" data-animation-delay=\"0.0\">\n<div class=\"fl-module-content fl-node-content\">\n<div class=\"fl-rich-text\">\n<table border=\"1\" cellspacing=\"0\">\n<tbody>\n<tr>\n<td valign=\"top\" width=\"69\">\n<p align=\"center\">Material<\/p>\n<\/td>\n<td valign=\"top\" width=\"89\">\n<p align=\"center\">Bulk density<\/p>\n<\/td>\n<td valign=\"top\" width=\"70\">\n<p align=\"center\">H\u00e4rte<\/p>\n<\/td>\n<td valign=\"top\" width=\"130\">\n<p align=\"center\">Elektrischer Widerstand<\/p>\n<\/td>\n<td valign=\"top\" width=\"115\">\n<p align=\"center\">Biegefestigkeit<\/p>\n<\/td>\n<td valign=\"top\" width=\"146\">\n<p align=\"center\">Compressive strength<\/p>\n<\/td>\n<\/tr>\n<tr>\n<td valign=\"top\" width=\"69\">\n<p align=\"center\">ISEM-3<\/p>\n<\/td>\n<td valign=\"top\" width=\"89\">\n<p align=\"center\">0<\/p>\n<\/td>\n<td valign=\"top\" width=\"70\">\n<p align=\"center\">0<\/p>\n<\/td>\n<td valign=\"top\" width=\"130\">\n<p align=\"center\">0<\/p>\n<\/td>\n<td valign=\"top\" width=\"115\">\n<p align=\"center\">0<\/p>\n<\/td>\n<td valign=\"top\" width=\"146\">\n<p align=\"center\">0<\/p>\n<\/td>\n<\/tr>\n<tr>\n<td valign=\"top\" width=\"69\">\n<p align=\"center\">GP1B<\/p>\n<\/td>\n<td valign=\"top\" width=\"89\">\n<p align=\"center\">0<\/p>\n<\/td>\n<td valign=\"top\" width=\"70\">\n<p align=\"center\">+3%<\/p>\n<\/td>\n<td valign=\"top\" width=\"130\">\n<p align=\"center\">0<\/p>\n<\/td>\n<td valign=\"top\" width=\"115\">\n<p align=\"center\">+8%<\/p>\n<\/td>\n<td valign=\"top\" width=\"146\">\n<p align=\"center\">+3%<\/p>\n<\/td>\n<\/tr>\n<tr>\n<td valign=\"top\" width=\"69\">\n<p align=\"center\">GP2Z<\/p>\n<\/td>\n<td valign=\"top\" width=\"89\">\n<p align=\"center\">0<\/p>\n<\/td>\n<td valign=\"top\" width=\"70\">\n<p align=\"center\">+3%<\/p>\n<\/td>\n<td valign=\"top\" width=\"130\">\n<p align=\"center\">&#8211;<\/p>\n<\/td>\n<td valign=\"top\" width=\"115\">\n<p align=\"center\">+7%<\/p>\n<\/td>\n<td valign=\"top\" width=\"146\">\n<p align=\"center\">+4%<\/p>\n<\/td>\n<\/tr>\n<tr>\n<td valign=\"top\" width=\"69\">\n<p align=\"center\">GP2B<\/p>\n<\/td>\n<td valign=\"top\" width=\"89\">\n<p align=\"center\">0<\/p>\n<\/td>\n<td valign=\"top\" width=\"70\">\n<p align=\"center\">+3%<\/p>\n<\/td>\n<td valign=\"top\" width=\"130\">\n<p align=\"center\">0<\/p>\n<\/td>\n<td valign=\"top\" width=\"115\">\n<p align=\"center\">+13%<\/p>\n<\/td>\n<td valign=\"top\" width=\"146\">\n<p align=\"center\">+3%<\/p>\n<\/td>\n<\/tr>\n<\/tbody>\n<\/table>\n<\/div>\n<\/div>\n<\/div>\n<\/div>\n<\/div>\n<\/div>\n<div class=\"fl-col-group fl-node-65814037116f1\" data-node=\"65814037116f1\">\n<div class=\"fl-col fl-node-65814037117a9 fl-col-small\" data-node=\"65814037117a9\">\n<div class=\"fl-col-content fl-node-content\">\n<div class=\"fl-module fl-module-photo fl-node-658140371142d\" data-node=\"658140371142d\" data-animation-delay=\"0.0\">\n<div class=\"fl-module-content fl-node-content\">\n<div class=\"fl-photo fl-photo-align-center\">\n<div class=\"fl-photo-content fl-photo-img-png\"><img decoding=\"async\" class=\"fl-photo-img wp-image-160691\" src=\"https:\/\/www.vet-china.com\/uploads\/\u5fae\u4fe1\u622a\u56fe_20231219142652.png\" alt=\"\u5fae\u0443\u56fe\u044d\u043b\u0438\u0447\u0438H\u044b\u0439 \u0438\u043b\u0438\u0447\" \/><\/div>\n<\/div>\n<\/div>\n<\/div>\n<\/div>\n<\/div>\n<div class=\"fl-col fl-node-658140371172f fl-col-small\" data-node=\"658140371172f\">\n<div class=\"fl-col-content fl-node-content\">\n<div class=\"fl-module fl-module-photo fl-node-658140371176c\" data-node=\"658140371176c\" data-animation-delay=\"0.0\">\n<div class=\"fl-module-content fl-node-content\">\n<div class=\"fl-photo fl-photo-align-center\">\n<div class=\"fl-photo-content fl-photo-img-png\"><img decoding=\"async\" class=\"fl-photo-img wp-image-160692\" src=\"https:\/\/www.vet-china.com\/uploads\/ZFDxdFV.png\" alt=\"ZFDxdFV\" \/><\/div>\n<\/div>\n<\/div>\n<\/div>\n<\/div>\n<\/div>\n<\/div>\n<div class=\"fl-col-group fl-node-65814037113b0\" data-node=\"65814037113b0\">\n<div class=\"fl-col fl-node-65814037113ee fl-col-small\" data-node=\"65814037113ee\">\n<div class=\"fl-col-content fl-node-content\">\n<div class=\"fl-module fl-module-photo fl-node-65814037116b4\" data-node=\"65814037116b4\" data-animation-delay=\"0.0\">\n<div class=\"fl-module-content fl-node-content\">\n<div class=\"fl-photo fl-photo-align-center\">\n<div class=\"fl-photo-content fl-photo-img-png\"><img decoding=\"async\" class=\"fl-photo-img wp-image-160689\" src=\"https:\/\/www.vet-china.com\/uploads\/550.png\" alt=\"5\" \/><\/div>\n<\/div>\n<\/div>\n<\/div>\n<\/div>\n<\/div>\n<div class=\"fl-col fl-node-6581403711675 fl-col-small\" data-node=\"6581403711675\">\n<div class=\"fl-col-content fl-node-content\">\n<div class=\"fl-module fl-module-photo fl-node-658140371146e\" data-node=\"658140371146e\" data-animation-delay=\"0.0\">\n<div class=\"fl-module-content fl-node-content\">\n<div class=\"fl-photo fl-photo-align-center\">\n<div class=\"fl-photo-content fl-photo-img-png\"><img decoding=\"async\" class=\"fl-photo-img wp-image-160688 size-full\" src=\"https:\/\/www.vet-china.com\/uploads\/175.png\" alt=\"1\" \/><\/div>\n<\/div>\n<\/div>\n<\/div>\n<\/div>\n<\/div>\n<\/div>\n<\/div>\n<\/div>\n<\/div>\n<\/div>","protected":false},"excerpt":{"rendered":"<h3>Kurze Beschreibung:<\/h3>\n<p>Glasiger Kohlenstoff hat ausgezeichnete hohe Temperaturbest\u00e4ndigkeit, gute chemische Stabilit\u00e4t und hohe Reinheit, so ist es weit verbreitet in verschiedenen Bereichen, wie Metallurgie, Keramik, Chemikalien, Halbleiter und so weiter.<\/p>","protected":false},"featured_media":187,"template":"","meta":[],"product_cat":[16,34],"product_tag":[22,29,24,26],"class_list":{"0":"post-186","1":"product","2":"type-product","3":"status-publish","4":"has-post-thumbnail","6":"product_cat-cvd-coating","7":"product_cat-vitreous-graphite","8":"product_tag-epitaxial-epi-graphite-barrel-susceptor","9":"product_tag-high-purity-cvd-solid-sic-bulk","10":"product_tag-sic-coated-graphite-base-carriers","11":"product_tag-sic-coated-graphite-mocvd-epitaxy-susceptor","13":"first","14":"instock","15":"shipping-taxable","16":"product-type-simple"},"_links":{"self":[{"href":"https:\/\/www.cnvetenergy.com\/de\/wp-json\/wp\/v2\/product\/186","targetHints":{"allow":["GET"]}}],"collection":[{"href":"https:\/\/www.cnvetenergy.com\/de\/wp-json\/wp\/v2\/product"}],"about":[{"href":"https:\/\/www.cnvetenergy.com\/de\/wp-json\/wp\/v2\/types\/product"}],"version-history":[{"count":1,"href":"https:\/\/www.cnvetenergy.com\/de\/wp-json\/wp\/v2\/product\/186\/revisions"}],"predecessor-version":[{"id":2618,"href":"https:\/\/www.cnvetenergy.com\/de\/wp-json\/wp\/v2\/product\/186\/revisions\/2618"}],"wp:featuredmedia":[{"embeddable":true,"href":"https:\/\/www.cnvetenergy.com\/de\/wp-json\/wp\/v2\/media\/187"}],"wp:attachment":[{"href":"https:\/\/www.cnvetenergy.com\/de\/wp-json\/wp\/v2\/media?parent=186"}],"wp:term":[{"taxonomy":"product_cat","embeddable":true,"href":"https:\/\/www.cnvetenergy.com\/de\/wp-json\/wp\/v2\/product_cat?post=186"},{"taxonomy":"product_tag","embeddable":true,"href":"https:\/\/www.cnvetenergy.com\/de\/wp-json\/wp\/v2\/product_tag?post=186"}],"curies":[{"name":"wp","href":"https:\/\/api.w.org\/{rel}","templated":true}]}}