{"id":19,"date":"2024-11-21T10:16:56","date_gmt":"2024-11-21T02:16:56","guid":{"rendered":"http:\/\/weitai1.globaldeepsea.site\/?post_type=product&#038;p=19"},"modified":"2026-03-13T17:05:21","modified_gmt":"2026-03-13T09:05:21","slug":"epitaxial-epi-graphite-barrel-susceptor","status":"publish","type":"product","link":"https:\/\/www.cnvetenergy.com\/de\/product\/epitaxial-epi-graphite-barrel-susceptor\/","title":{"rendered":"Epitaxialer Epi-Graphit-Trommel-Suszeptor"},"content":{"rendered":"<div class=\"fl-row fl-row-fixed-width fl-row-bg-none fl-node-65bb962c523ce\" data-node=\"65bb962c523ce\">\n<div class=\"fl-row-content-wrap\">\n<div class=\"fl-row-content fl-row-fixed-width fl-node-content\">\n<div class=\"fl-col-group fl-node-65bb962c53014\" data-node=\"65bb962c53014\">\n<div class=\"fl-col fl-node-65bb962c531fa\" data-node=\"65bb962c531fa\">\n<div class=\"fl-col-content fl-node-content\">\n<div class=\"fl-module fl-module-rich-text fl-node-65bb962c54f2d\" data-node=\"65bb962c54f2d\" data-animation-delay=\"0.0\">\n<div class=\"fl-module-content fl-node-content\">\n<div class=\"fl-rich-text\">\n<p><strong>Epitaxie Epitaxie Barrel Suszeptor<\/strong><\/p>\n<p>Epitaxial Epi Graphite Barrel Susceptor ist eine speziell entwickelte Tr\u00e4ger- und Heizvorrichtung, die zum Halten und Erhitzen von Halbleitersubstraten bei Fertigungsprozessen wie Deposition oder Epitaxie-Prozessen verwendet wird.<\/p>\n<p>Seine Struktur umfasst typischerweise zylindrisch oder leicht tonnenf\u00f6rmig, Oberfl\u00e4che verf\u00fcgt \u00fcber mehrere Taschen oder Plattformen zum Auflegen der Wafer, kann in Abh\u00e4ngigkeit von der Heizmethode fest oder hohl ausgef\u00fchrt sein.<\/p>\n<p><strong>Die Hauptfunktionen des epitaxialen Fassanf\u00e4ngers:<\/strong><\/p>\n<p>-Substrate-Unterst\u00fctzung: h\u00e4lt mehrere Halbleiterscheiben fest;<br \/>\n-Heatquelle: liefert hohe Temperaturen, die f\u00fcr das Wachstum durch Heizung erforderlich sind;<br \/>\n-Temperaturgleichm\u00e4\u00dfigkeit: gew\u00e4hrleistet eine gleichm\u00e4\u00dfige Erw\u00e4rmung von Substraten;<br \/>\n-Rotation: dreht sich normalerweise w\u00e4hrend des Wachstums um die Gleichm\u00e4\u00dfigkeit der Temperatur- und Gasverteilung zu verbessern.<\/p>\n<p><strong>Arbeitsprinzip von Epi Graphit Fass Suszeptor:<\/strong><br \/>\n\u2013 Im Epitaxiereaktor wird der Barrelseptor auf die erforderliche Temperatur erw\u00e4rmt (typischerweise 1000\u00b0C-1200\u00b0C f\u00fcr Siliziumepitaxie);<br \/>\n-Der Fassanf\u00e4nger dreht sich um eine gleichm\u00e4\u00dfige Temperaturverteilung und Gasstrom zu gew\u00e4hrleisten;<br \/>\n- Reaktionsgase zerfallen bei hohen Temperaturen und bilden epitaktische Schichten auf der Substratoberfl\u00e4che.<\/p>\n<p><strong>Anwendungen:<br \/>\n<\/strong>-Prim\u00e4r verwendet f\u00fcr Silizium epitaktisches Wachstum<br \/>\n- Auch f\u00fcr die Epitaxie anderer Halbleitermaterialien wie GaAs, InP usw.<\/p>\n<p>ET Energie verwenden hochreinen Graphit mit CVD-SiC-Beschichtung, um die chemische Stabilit\u00e4t zu verbessern:<\/p>\n<p>&nbsp;<\/p>\n<p><a class=\"fancybox\" href=\"https:\/\/www.vet-china.com\/uploads\/1109.jpg\" target=\"_blank\" rel=\"noopener\"><img decoding=\"async\" class=\"alignnone size-full wp-image-161022\" src=\"https:\/\/www.vet-china.com\/uploads\/1109.jpg\" alt=\"1\" \/><\/a><\/p>\n<p><a class=\"fancybox\" href=\"https:\/\/www.vet-china.com\/uploads\/284.jpg\" target=\"_blank\" rel=\"noopener\"><img decoding=\"async\" class=\"alignnone size-full wp-image-161023\" src=\"https:\/\/www.vet-china.com\/uploads\/284.jpg\" alt=\"2\" \/><\/a><\/p>\n<p>Die Vorteile von VET Energy Epitaxial Epi Graphite Barrel Susceptor:<\/p>\n<p>- Hohe Temperaturstabilit\u00e4t;<br \/>\n- Gute thermische Gleichm\u00e4\u00dfigkeit;<br \/>\n-Kann mehrere Substrate gleichzeitig verarbeiten, die Produktionseffizienz verbessern;<br \/>\n-Khemisch inert, Aufrechterhaltung einer hochreinen Wachstumsumgebung.<\/p>\n<p>&nbsp;<\/p>\n<\/div>\n<\/div>\n<\/div>\n<\/div>\n<\/div>\n<\/div>\n<\/div>\n<\/div>\n<\/div>\n<div class=\"fl-row fl-row-fixed-width fl-row-bg-none fl-node-667bb31e114b1\" data-node=\"667bb31e114b1\">\n<div class=\"fl-row-content-wrap\">\n<div class=\"fl-row-content fl-row-fixed-width fl-node-content\">\n<div class=\"fl-col-group fl-node-667bb31e114f5\" data-node=\"667bb31e114f5\">\n<div class=\"fl-col fl-node-667bb31e11537\" data-node=\"667bb31e11537\">\n<div class=\"fl-col-content fl-node-content\">\n<div class=\"fl-module fl-module-rich-text fl-node-667bb31e11578\" data-node=\"667bb31e11578\" data-animation-delay=\"0.0\">\n<div class=\"fl-module-content fl-node-content\">\n<div class=\"fl-rich-text\">\n<p><img decoding=\"async\" src=\"https:\/\/www.vet-china.com\/uploads\/Company-Information.jpg\" alt=\"Unternehmen Informationen\" \/><\/p>\n<p>Ningbo VET Energietechnik Co., Ltd ist ein High-Tech-Unternehmen, das sich auf die Produktion und den Vertrieb von High-End- fortschrittlichen Materialien, die Materialien und Technologie einschlie\u00dflich Graphit, Siliziumkarbid, Keramik, Oberfl\u00e4chenbehandlung wie SiC-Beschichtung, TaC-Beschichtung, glasige Kohlenstoff-Beschichtung, pyrolytische Kohlenstoff-Beschichtung, etc. konzentriert, sind diese Produkte weit verbreitet in der Photovoltaik, Halbleiter, neue Energie, Metallurgie, etc..<\/p>\n<p>Unser technisches Team kommt von f\u00fchrenden inl\u00e4ndischen Forschungseinrichtungen und hat mehrere patentierte Technologien entwickelt, um Produktleistung und Qualit\u00e4t zu gew\u00e4hrleisten, k\u00f6nnen Kunden auch professionelle Materiall\u00f6sungen bieten.<\/p>\n<p>Wir hei\u00dfen Sie herzlich willkommen, unser Labor und unsere Anlage f\u00fcr technische Diskussionen und Kooperationen zu besuchen!<\/p>\n<p><a class=\"fancybox\" href=\"https:\/\/www.vet-china.com\/uploads\/\u7814\u53d1\u56e2\u961f2.jpg\" target=\"_blank\" rel=\"noopener\"><img decoding=\"async\" class=\"alignnone size-full wp-image-161042\" src=\"https:\/\/www.vet-china.com\/uploads\/\u7814\u53d1\u56e2\u961f2.jpg\" alt=\"\u7814\u53d1\u56e2\u961f\" \/><\/a><\/p>\n<p><a class=\"fancybox\" href=\"https:\/\/www.vet-china.com\/uploads\/\u751f\u4ea7\u8bbe\u59071.jpg\" target=\"_blank\" rel=\"noopener\"><img decoding=\"async\" class=\"alignnone size-full wp-image-161043\" src=\"https:\/\/www.vet-china.com\/uploads\/\u751f\u4ea7\u8bbe\u59071.jpg\" alt=\"\u751f\u4ea7\u8bbe\u5907\" \/><\/a><\/p>\n<p><a class=\"fancybox\" href=\"https:\/\/www.vet-china.com\/uploads\/\u516c\u53f8\u5ba2\u62371.jpg\" target=\"_blank\" rel=\"noopener\"><img decoding=\"async\" class=\"alignnone size-full wp-image-161044\" src=\"https:\/\/www.vet-china.com\/uploads\/\u516c\u53f8\u5ba2\u62371.jpg\" alt=\"\u516c\u53f8\u5ba2\u6237\" \/><\/a><\/p>\n<\/div>\n<\/div>\n<\/div>\n<\/div>\n<\/div>\n<\/div>\n<\/div>\n<\/div>\n<\/div>","protected":false},"excerpt":{"rendered":"<p>Kurze Beschreibung:<\/p>\n<p>ET Energie ist ein professioneller Hersteller, Lieferant und Exporteur f\u00fcr Epitaxie-Epitaxie-Graphit Barrel Susceptor. Wir haben ein starkes F&amp;D-Team und eigene patentierte Technologien, um Kunden mit hoher Qualit\u00e4t und fortschrittlichen Materialien zu versorgen, wir begr\u00fc\u00dfen Sie, unsere Fabrik f\u00fcr weitere Diskussionen zu besuchen.<\/p>","protected":false},"featured_media":20,"template":"","meta":[],"product_cat":[16,17],"product_tag":[22],"class_list":{"0":"post-19","1":"product","2":"type-product","3":"status-publish","4":"has-post-thumbnail","6":"product_cat-cvd-coating","7":"product_cat-si-epitaxial-parts","8":"product_tag-epitaxial-epi-graphite-barrel-susceptor","10":"first","11":"instock","12":"shipping-taxable","13":"product-type-simple"},"_links":{"self":[{"href":"https:\/\/www.cnvetenergy.com\/de\/wp-json\/wp\/v2\/product\/19","targetHints":{"allow":["GET"]}}],"collection":[{"href":"https:\/\/www.cnvetenergy.com\/de\/wp-json\/wp\/v2\/product"}],"about":[{"href":"https:\/\/www.cnvetenergy.com\/de\/wp-json\/wp\/v2\/types\/product"}],"version-history":[{"count":1,"href":"https:\/\/www.cnvetenergy.com\/de\/wp-json\/wp\/v2\/product\/19\/revisions"}],"predecessor-version":[{"id":2624,"href":"https:\/\/www.cnvetenergy.com\/de\/wp-json\/wp\/v2\/product\/19\/revisions\/2624"}],"wp:featuredmedia":[{"embeddable":true,"href":"https:\/\/www.cnvetenergy.com\/de\/wp-json\/wp\/v2\/media\/20"}],"wp:attachment":[{"href":"https:\/\/www.cnvetenergy.com\/de\/wp-json\/wp\/v2\/media?parent=19"}],"wp:term":[{"taxonomy":"product_cat","embeddable":true,"href":"https:\/\/www.cnvetenergy.com\/de\/wp-json\/wp\/v2\/product_cat?post=19"},{"taxonomy":"product_tag","embeddable":true,"href":"https:\/\/www.cnvetenergy.com\/de\/wp-json\/wp\/v2\/product_tag?post=19"}],"curies":[{"name":"wp","href":"https:\/\/api.w.org\/{rel}","templated":true}]}}