{"id":193,"date":"2024-11-21T13:24:15","date_gmt":"2024-11-21T05:24:15","guid":{"rendered":"http:\/\/weitai1.globaldeepsea.site\/?post_type=product&#038;p=193"},"modified":"2026-03-13T17:05:14","modified_gmt":"2026-03-13T09:05:14","slug":"vertical-column-wafer-boat-pedestal","status":"publish","type":"product","link":"https:\/\/www.cnvetenergy.com\/de\/product\/vertical-column-wafer-boat-pedestal\/","title":{"rendered":"Vertical Column Wafer Boat &amp; Pedestal"},"content":{"rendered":"<div class=\"fl-row fl-row-fixed-width fl-row-bg-none fl-node-66beb68507ee4\" data-node=\"66beb68507ee4\">\n<div class=\"fl-row-content-wrap\">\n<div class=\"fl-row-content fl-row-fixed-width fl-node-content\">\n<div class=\"fl-col-group fl-node-66beb68507f26\" data-node=\"66beb68507f26\">\n<div class=\"fl-col fl-node-66beb68507f67\" data-node=\"66beb68507f67\">\n<div class=\"fl-col-content fl-node-content\">\n<div class=\"fl-module fl-module-rich-text fl-node-66beb69d36796\" data-node=\"66beb69d36796\" data-animation-delay=\"0.0\">\n<div class=\"fl-module-content fl-node-content\">\n<div class=\"fl-rich-text\">\n<p><span style=\"font-family: 'Microsoft Yahei'\">VET-china presents the innovative Vertical Column Wafer Boat &amp; Pedestal, a comprehensive solution for advanced semiconductor processing. Designed with meticulous precision, this wafer handling system provides unmatched stability and alignment, crucial for high-efficiency manufacturing environments.<\/span><\/p>\n<p><span style=\"font-family: 'Microsoft Yahei'\">The Vertical Column <a href=\"https:\/\/www.vet-china.com\/search.php?s=+wafer+boat+&amp;cat=490\" target=\"_blank\" rel=\"noopener\">Wafer Boot<\/a> &amp; Pedestal is constructed with premium materials that guarantee thermal stability and resistance to chemical corrosion, making it suitable for the most demanding semiconductor fabrication processes. Its unique vertical column design supports wafers securely, reducing the risk of misalignment and potential damage during transport and processing.<\/span><\/p>\n<p><span style=\"font-family: 'Microsoft Yahei'\">With the integration of vet-china&rsquo;s Vertical Column Wafer Boat &amp; Pedestal, semiconductor manufacturers can expect improved throughput, minimized downtime, and increased product yield. This system is compatible with various wafer sizes and configurations, offering flexibility and scalability for different production needs.<\/span><\/p>\n<p><span style=\"font-family: 'Microsoft Yahei'\">vet-china&rsquo;s commitment to excellence ensures that each Vertical Column Wafer Boat &amp; Pedestal meets the highest standards of quality and performance. By choosing this cutting-edge solution, you invest in a future-proof approach to wafer handling that maximizes efficiency and reliability in semiconductor manufacturing.<\/span><\/p>\n<\/div>\n<\/div>\n<\/div>\n<div class=\"fl-module fl-module-photo fl-node-66beb685080a8\" data-node=\"66beb685080a8\" data-animation-delay=\"0.0\">\n<div class=\"fl-module-content fl-node-content\">\n<div class=\"fl-photo fl-photo-align-center\">\n<div class=\"fl-photo-content fl-photo-img-jpg\"><span style=\"font-family: 'Microsoft Yahei'\"><img decoding=\"async\" class=\"fl-photo-img wp-image-162073\" src=\"https:\/\/www.vet-china.com\/uploads\/Vertical-Column-Wafer-Boat-Pedestal1.jpg\" alt=\"Wafer Boot und Pedestal\"><\/span><\/div>\n<\/div>\n<\/div>\n<\/div>\n<div class=\"fl-module fl-module-rich-text fl-node-66beb68507fa7\" data-node=\"66beb68507fa7\" data-animation-delay=\"0.0\">\n<div class=\"fl-module-content fl-node-content\">\n<div class=\"fl-rich-text\">\n<p data-section=\"0\"><span style=\"font-family: 'Microsoft Yahei'\">Eigenschaften von rekristallisiertem Siliciumcarbid<\/span><\/p>\n<p data-section=\"1\"><span style=\"font-family: 'Microsoft Yahei'\"><a href=\"https:\/\/www.vet-china.com\/search.php?s=Recrystallized+silicon+carbide&amp;cat=490\" target=\"_blank\" rel=\"noopener\">Recrystallized silicon carbide<\/a> (R-SiC) is a high-performance material with hardness second only to diamond, which is formed at a high temperature above 2000\u2103. It retains many excellent properties of SiC, such as high temperature strength, strong corrosion resistance, excellent oxidation resistance, good thermal shock resistance and so on.<\/span><\/p>\n<p data-section=\"2\"><span style=\"font-family: 'Microsoft Yahei'\">\u25cf Ausgezeichnete mechanische Eigenschaften. Rekristallisiertes Siliziumkarbid hat eine h\u00f6here Festigkeit und Steifigkeit als Kohlefaser, eine hohe Schlagz\u00e4higkeit, kann eine gute Leistung in extremen Temperaturumgebungen spielen, kann eine bessere Ausgleichsleistung in einer Vielzahl von Situationen spielen. Dar\u00fcber hinaus hat es auch eine gute Flexibilit\u00e4t und wird nicht leicht durch Dehnung und Biegung besch\u00e4digt, was seine Leistung erheblich verbessert.<\/span><\/p>\n<p data-section=\"3\"><span style=\"font-family: 'Microsoft Yahei'\">\u25cf Hohe Korrosionsbest\u00e4ndigkeit. Rekristallisiertes Siliziumkarbid hat eine hohe Korrosionsbest\u00e4ndigkeit gegen\u00fcber einer Vielzahl von Medien, kann die Erosion einer Vielzahl von korrosiven Medien verhindern, kann seine mechanischen Eigenschaften f\u00fcr eine lange Zeit beibehalten, hat eine starke Haftung, so dass es eine l\u00e4ngere Lebensdauer hat. Dar\u00fcber hinaus verf\u00fcgt es \u00fcber eine gute thermische Stabilit\u00e4t, kann sich an einen bestimmten Bereich von Temperatur\u00e4nderungen anpassen und seine Anwendungswirkung verbessern.<\/span><\/p>\n<p data-section=\"4\"><span style=\"font-family: 'Microsoft Yahei'\">\u25cf Sintern schrumpft nicht. Da der Sinterprozess nicht schrumpft, verursachen keine Eigenspannungen Verformungen oder Risse im Produkt, und es k\u00f6nnen Teile mit komplexen Formen und hoher Pr\u00e4zision hergestellt werden.<\/span><\/p>\n<\/div>\n<\/div>\n<\/div>\n<\/div>\n<\/div>\n<\/div>\n<div class=\"fl-col-group fl-node-66beb6850816a\" data-node=\"66beb6850816a\">\n<div class=\"fl-col fl-node-66beb685081aa\" data-node=\"66beb685081aa\">\n<div class=\"fl-col-content fl-node-content\">\n<div class=\"fl-module fl-module-rich-text fl-node-66beb68507fe8\" data-node=\"66beb68507fe8\" data-animation-delay=\"0.0\">\n<div class=\"fl-module-content fl-node-content\">\n<div class=\"fl-rich-text\">\n<table border=\"1\" cellspacing=\"0\">\n<tbody>\n<tr>\n<td colspan=\"2\" valign=\"center\" width=\"568\">\n<p align=\"center\"><span style=\"font-family: 'Microsoft Yahei'\"><strong>\u91cd\u7ed3\u6676\u78b3\u5316\u7845\u7269\u7406\u7279\u6027<\/strong><\/span><\/p>\n<p align=\"center\"><span style=\"font-family: 'Microsoft Yahei'\"><strong>Physikalische Eigenschaften von rekristallisiertem Siliciumcarbid<\/strong><\/span><\/p>\n<\/td>\n<\/tr>\n<tr>\n<td valign=\"center\" width=\"249\">\n<p align=\"justify\"><span style=\"font-family: 'Microsoft Yahei'\">\u6027\u8d28 \/ Eigentum<\/span><\/p>\n<\/td>\n<td valign=\"center\" width=\"318\">\n<p align=\"justify\"><span style=\"font-family: 'Microsoft Yahei'\">\u5178\u578b\u6570\u503c \/ Typischer Wert<\/span><\/p>\n<\/td>\n<\/tr>\n<tr>\n<td valign=\"center\" width=\"249\">\n<p align=\"justify\"><span style=\"font-family: 'Microsoft Yahei'\">\u4f7f\u7528\u6e29\u5ea6&nbsp;\/ Working temperature (&deg;C)<\/span><\/p>\n<\/td>\n<td valign=\"center\" width=\"318\">\n<p align=\"justify\"><span style=\"font-family: 'Microsoft Yahei'\">1600&deg;C (with oxygen), 1700&deg;C (reducing environment)<\/span><\/p>\n<\/td>\n<\/tr>\n<tr>\n<td valign=\"center\" width=\"249\">\n<p align=\"justify\"><span style=\"font-family: 'Microsoft Yahei'\">SiC\u542b\u91cf \/ SiC-Gehalt<\/span><\/p>\n<\/td>\n<td valign=\"center\" width=\"318\">\n<p align=\"justify\"><span style=\"font-family: 'Microsoft Yahei'\">&gt; 99,96%<\/span><\/p>\n<\/td>\n<\/tr>\n<tr>\n<td valign=\"center\" width=\"249\">\n<p align=\"justify\"><span style=\"font-family: 'Microsoft Yahei'\">\u81ea\u7531Si\u542b\u91cf \/ Kostenloser Si-Inhalt<\/span><\/p>\n<\/td>\n<td valign=\"center\" width=\"318\">\n<p align=\"justify\"><span style=\"font-family: 'Microsoft Yahei'\">&lt; 0,1%<\/span><\/p>\n<\/td>\n<\/tr>\n<tr>\n<td valign=\"center\" width=\"249\">\n<p align=\"justify\"><span style=\"font-family: 'Microsoft Yahei'\">\u4f53\u79ef\u5bc6\u5ea6&nbsp;\/&nbsp;Bulk density<\/span><\/p>\n<\/td>\n<td valign=\"center\" width=\"318\">\n<p align=\"justify\"><span style=\"font-family: 'Microsoft Yahei'\">2.60-2.70&nbsp;g\/cm<sup>3<\/sup><\/span><\/p>\n<\/td>\n<\/tr>\n<tr>\n<td valign=\"center\" width=\"249\">\n<p align=\"justify\"><span style=\"font-family: 'Microsoft Yahei'\">\u6c14\u5b54\u7387 \/ Offensichtliche Porosit\u00e4t<\/span><\/p>\n<\/td>\n<td valign=\"center\" width=\"318\">\n<p align=\"justify\"><span style=\"font-family: 'Microsoft Yahei'\">&lt; 16%<\/span><\/p>\n<\/td>\n<\/tr>\n<tr>\n<td valign=\"center\" width=\"249\">\n<p align=\"justify\"><span style=\"font-family: 'Microsoft Yahei'\">\u6297\u538b\u5f3a\u5ea6 \/ Compression&nbsp;strength<\/span><\/p>\n<\/td>\n<td valign=\"center\" width=\"318\">\n<p align=\"justify\"><span style=\"font-family: 'Microsoft Yahei'\">&gt; 600&nbsp;MPa<\/span><\/p>\n<\/td>\n<\/tr>\n<tr>\n<td valign=\"center\" width=\"249\">\n<p align=\"justify\"><span style=\"font-family: 'Microsoft Yahei'\">\u5e38\u6e29\u6297\u5f2f\u5f3a\u5ea6&nbsp;\/&nbsp;Cold bending strength<\/span><\/p>\n<\/td>\n<td valign=\"center\" width=\"318\">\n<p align=\"justify\"><span style=\"font-family: 'Microsoft Yahei'\">80-90 MPa (20&deg;C)<\/span><\/p>\n<\/td>\n<\/tr>\n<tr>\n<td valign=\"center\" width=\"249\">\n<p align=\"justify\"><span style=\"font-family: 'Microsoft Yahei'\">\u9ad8\u6e29\u6297\u5f2f\u5f3a\u5ea6 Hei\u00dfbiegefestigkeit<\/span><\/p>\n<\/td>\n<td valign=\"center\" width=\"318\">\n<p align=\"justify\"><span style=\"font-family: 'Microsoft Yahei'\">90-100 MPa (1400&deg;C)<\/span><\/p>\n<\/td>\n<\/tr>\n<tr>\n<td valign=\"center\" width=\"249\">\n<p align=\"justify\"><span style=\"font-family: 'Microsoft Yahei'\">\u70ed\u81a8\u80c0\u7cfb\u6570&nbsp;\/ Thermal expansion @1500&deg;C<\/span><\/p>\n<\/td>\n<td valign=\"center\" width=\"318\">\n<p align=\"justify\"><span style=\"font-family: 'Microsoft Yahei'\">4.70 10<sup>-6<\/sup>\/\u00b0C<\/span><\/p>\n<\/td>\n<\/tr>\n<tr>\n<td valign=\"center\" width=\"249\">\n<p align=\"justify\"><span style=\"font-family: 'Microsoft Yahei'\">\u5bfc\u70ed\u7cfb\u6570&nbsp;\/&nbsp;Thermal conductivity @1200&deg;C<\/span><\/p>\n<\/td>\n<td valign=\"center\" width=\"318\">\n<p align=\"justify\"><span style=\"font-family: 'Microsoft Yahei'\">23&nbsp;&nbsp;W\/m&bull;K<\/span><\/p>\n<\/td>\n<\/tr>\n<tr>\n<td valign=\"center\" width=\"249\">\n<p align=\"justify\"><span style=\"font-family: 'Microsoft Yahei'\">\u6768\u6c0f\u6a21\u91cf \/ Elastizit\u00e4tsmodul<\/span><\/p>\n<\/td>\n<td valign=\"center\" width=\"318\">\n<p align=\"justify\"><span style=\"font-family: 'Microsoft Yahei'\">240 GPa<\/span><\/p>\n<\/td>\n<\/tr>\n<tr>\n<td valign=\"center\" width=\"249\">\n<p align=\"justify\"><span style=\"font-family: 'Microsoft Yahei'\">\u6297\u70ed\u9707\u6027 \/ Temperaturwechselbest\u00e4ndigkeit<\/span><\/p>\n<\/td>\n<td valign=\"center\" width=\"318\">\n<p align=\"justify\"><span style=\"font-family: 'Microsoft Yahei'\">\u00c4u\u00dferst gut<\/span><\/p>\n<\/td>\n<\/tr>\n<\/tbody>\n<\/table>\n<\/div>\n<\/div>\n<\/div>\n<\/div>\n<\/div>\n<\/div>\n<\/div>\n<\/div>\n<\/div>\n<div class=\"fl-row fl-row-fixed-width fl-row-bg-none fl-node-66beb685081ea\" data-node=\"66beb685081ea\">\n<div class=\"fl-row-content-wrap\">\n<div class=\"fl-row-content fl-row-fixed-width fl-node-content\">\n<div class=\"fl-col-group fl-node-66beb6850822b\" data-node=\"66beb6850822b\">\n<div class=\"fl-col fl-node-66beb6850826b\" data-node=\"66beb6850826b\">\n<div class=\"fl-col-content fl-node-content\">\n<div class=\"fl-module fl-module-rich-text fl-node-66beb685082ab\" data-node=\"66beb685082ab\" data-animation-delay=\"0.0\">\n<div class=\"fl-module-content fl-node-content\">\n<div class=\"fl-rich-text\">\n<p><span style=\"font-family: 'Microsoft Yahei'\">VET Energy is&nbsp;the&nbsp;real manufacturer of customized graphite and silicon carbide products with <a href=\"https:\/\/www.vet-china.com\/search.php?s=CVD+coating&amp;cat=490\" target=\"_blank\" rel=\"noopener\">CVD-Beschichtung<\/a>,&nbsp;can supply&nbsp;various customized parts for semiconductor and photovoltaic industry.&nbsp;Our technical team comes from top domestic research institutions, can provide more professional material solutions&nbsp;for you.<\/span><\/p>\n<p><span style=\"font-family: 'Microsoft Yahei'\">We continuously develop advanced processes to provide more advanced materials,&nbsp;and&nbsp;have worked out an exclusive patented technology, which can make the bonding between the coating and the substrate tighter and less prone to detachment.<\/span><\/p>\n<table border=\"1\" cellspacing=\"0\">\n<tbody>\n<tr>\n<td colspan=\"2\" valign=\"center\" width=\"568\">\n<p align=\"center\"><span style=\"font-family: 'Microsoft Yahei'\"><strong>CVD<\/strong><strong>&nbsp;<\/strong><strong>Si<\/strong><strong>C<\/strong><strong>\u8584\u819c\u57fa\u672c\u7269\u7406\u6027\u80fd<\/strong><\/span><\/p>\n<p align=\"center\"><span style=\"font-family: 'Microsoft Yahei'\"><strong>Grundlegende physikalische Eigenschaften von CVD-SiC <\/strong><strong>Beschichtung<\/strong><\/span><\/p>\n<\/td>\n<\/tr>\n<tr>\n<td valign=\"center\" width=\"248\">\n<p align=\"justify\"><span style=\"font-family: 'Microsoft Yahei'\">\u6027\u8d28 \/ Eigentum<\/span><\/p>\n<\/td>\n<td valign=\"center\" width=\"319\">\n<p align=\"justify\"><span style=\"font-family: 'Microsoft Yahei'\">\u5178\u578b\u6570\u503c \/ Typischer Wert<\/span><\/p>\n<\/td>\n<\/tr>\n<tr>\n<td valign=\"center\" width=\"248\">\n<p align=\"justify\"><span style=\"font-family: 'Microsoft Yahei'\">\u6676\u4f53\u7ed3\u6784 \/ Kristallstruktur<\/span><\/p>\n<\/td>\n<td valign=\"center\" width=\"319\">\n<p align=\"justify\"><span style=\"font-family: 'Microsoft Yahei'\">FCC &beta; phase&nbsp;\u591a\u6676\uff0c\u4e3b\u8981\u4e3a\uff08111\uff09\u53d6\u5411<\/span><\/p>\n<\/td>\n<\/tr>\n<tr>\n<td valign=\"center\" width=\"248\">\n<p align=\"justify\"><span style=\"font-family: 'Microsoft Yahei'\">\u5bc6\u5ea6 \/ Dichte<\/span><\/p>\n<\/td>\n<td valign=\"center\" width=\"319\">\n<p align=\"justify\"><span style=\"font-family: 'Microsoft Yahei'\">3,2 g\/cm3<\/span><\/p>\n<\/td>\n<\/tr>\n<tr>\n<td valign=\"center\" width=\"248\">\n<p align=\"justify\"><span style=\"font-family: 'Microsoft Yahei'\">\u786c\u5ea6 \/ H\u00e4rte<\/span><\/p>\n<\/td>\n<td valign=\"center\" width=\"319\">\n<p align=\"justify\"><span style=\"font-family: 'Microsoft Yahei'\">2500 \u7ef4\u6c0f\u786c\u5ea6\uff08500g Last\uff09<\/span><\/p>\n<\/td>\n<\/tr>\n<tr>\n<td valign=\"center\" width=\"248\">\n<p align=\"justify\"><span style=\"font-family: 'Microsoft Yahei'\">\u6676\u7c92\u5927\u5c0f \/ Grain SiZe<\/span><\/p>\n<\/td>\n<td valign=\"center\" width=\"319\">\n<p align=\"justify\"><span style=\"font-family: 'Microsoft Yahei'\">2~10&mu;m<\/span><\/p>\n<\/td>\n<\/tr>\n<tr>\n<td valign=\"center\" width=\"248\">\n<p align=\"justify\"><span style=\"font-family: 'Microsoft Yahei'\">\u7eaf\u5ea6 \/ Chemische Reinheit<\/span><\/p>\n<\/td>\n<td valign=\"center\" width=\"319\">\n<p align=\"justify\"><span style=\"font-family: 'Microsoft Yahei'\">99.99995%<\/span><\/p>\n<\/td>\n<\/tr>\n<tr>\n<td valign=\"center\" width=\"248\">\n<p align=\"justify\"><span style=\"font-family: 'Microsoft Yahei'\">\u70ed\u5bb9 \/ W\u00e4rmekapazit\u00e4t<\/span><\/p>\n<\/td>\n<td valign=\"center\" width=\"319\">\n<p align=\"justify\"><span style=\"font-family: 'Microsoft Yahei'\">640 J&middot;kg<sup>-1<\/sup>&middot;K<sup>-1<\/sup><\/span><\/p>\n<\/td>\n<\/tr>\n<tr>\n<td valign=\"center\" width=\"248\">\n<p align=\"justify\"><span style=\"font-family: 'Microsoft Yahei'\">\u5347\u534e\u6e29\u5ea6 \/ Sublimationstemperatur<\/span><\/p>\n<\/td>\n<td valign=\"center\" width=\"319\">\n<p align=\"justify\"><span style=\"font-family: 'Microsoft Yahei'\">2700\u2103<\/span><\/p>\n<\/td>\n<\/tr>\n<tr>\n<td valign=\"center\" width=\"248\">\n<p align=\"justify\"><span style=\"font-family: 'Microsoft Yahei'\">\u6297\u5f2f\u5f3a\u5ea6 \/ Biegefestigkeit<\/span><\/p>\n<\/td>\n<td valign=\"center\" width=\"319\">\n<p align=\"justify\"><span style=\"font-family: 'Microsoft Yahei'\">415 MPa RT 4-Punkt<\/span><\/p>\n<\/td>\n<\/tr>\n<tr>\n<td valign=\"center\" width=\"248\">\n<p align=\"justify\"><span style=\"font-family: 'Microsoft Yahei'\">\u6768\u6c0f\u6a21\u91cf \/ Elastizit\u00e4tsmodul<\/span><\/p>\n<\/td>\n<td valign=\"center\" width=\"319\">\n<p align=\"justify\"><span style=\"font-family: 'Microsoft Yahei'\">430 Gpa 4pt Biegung, 1300\u2103<\/span><\/p>\n<\/td>\n<\/tr>\n<tr>\n<td valign=\"center\" width=\"248\">\n<p align=\"justify\"><span style=\"font-family: 'Microsoft Yahei'\">\u5bfc\u70ed\u7cfb\u6570 \/ Thermal&nbsp;Conductivity<\/span><\/p>\n<\/td>\n<td valign=\"center\" width=\"319\">\n<p align=\"justify\"><span style=\"font-family: 'Microsoft Yahei'\">300W&middot;m<sup>-1<\/sup>&middot;K<sup>-1<\/sup><\/span><\/p>\n<\/td>\n<\/tr>\n<tr>\n<td valign=\"center\" width=\"248\">\n<p align=\"justify\"><span style=\"font-family: 'Microsoft Yahei'\">\u70ed\u81a8\u80c0\u7cfb\u6570 \/ W\u00e4rmeausdehnung(CTE)<\/span><\/p>\n<\/td>\n<td valign=\"center\" width=\"319\">\n<p align=\"justify\"><span style=\"font-family: 'Microsoft Yahei'\">4.5&times;10<sup>-6<\/sup>K<sup>-1<\/sup><\/span><\/p>\n<\/td>\n<\/tr>\n<\/tbody>\n<\/table>\n<p><span style=\"font-family: 'Microsoft Yahei'\"><a class=\"fancybox\" href=\"https:\/\/www.vet-china.com\/uploads\/1109.jpg\" target=\"_blank\" rel=\"noopener\"><img decoding=\"async\" class=\"alignnone size-full wp-image-161022\" src=\"https:\/\/www.vet-china.com\/uploads\/1109.jpg\" alt=\"1\"><\/a><\/span><\/p>\n<p><span style=\"font-family: 'Microsoft Yahei'\"><a class=\"fancybox\" href=\"https:\/\/www.vet-china.com\/uploads\/284.jpg\" target=\"_blank\" rel=\"noopener\"><img decoding=\"async\" class=\"alignnone size-full wp-image-161023\" src=\"https:\/\/www.vet-china.com\/uploads\/284.jpg\" alt=\"2\"><\/a><\/span><\/p>\n<p><span style=\"font-family: 'Microsoft Yahei'\"><strong>Wir laden Sie herzlich ein, unser Werk zu besuchen und mit uns zu diskutieren!<\/strong><\/span><\/p>\n<p><span style=\"font-family: 'Microsoft Yahei'\"><a class=\"fancybox\" href=\"https:\/\/www.vet-china.com\/uploads\/\u7814\u53d1\u56e2\u961f2.jpg\" target=\"_blank\" rel=\"noopener\"><img decoding=\"async\" src=\"https:\/\/www.vet-china.com\/uploads\/\u7814\u53d1\u56e2\u961f2.jpg\" alt=\"\u7814\u53d1\u56e2\u961f\"><\/a><\/span><\/p>\n<p>&nbsp;<\/p>\n<p><span style=\"font-family: 'Microsoft Yahei'\"><a class=\"fancybox\" href=\"https:\/\/www.vet-china.com\/uploads\/\u751f\u4ea7\u8bbe\u59071.jpg\" target=\"_blank\" rel=\"noopener\"><img decoding=\"async\" src=\"https:\/\/www.vet-china.com\/uploads\/\u751f\u4ea7\u8bbe\u59071.jpg\" alt=\"\u751f\u4ea7\u8bbe\u5907\"><\/a><\/span><\/p>\n<p>&nbsp;<\/p>\n<p><span style=\"font-family: 'Microsoft Yahei'\"><a class=\"fancybox\" href=\"https:\/\/www.vet-china.com\/uploads\/\u516c\u53f8\u5ba2\u62371.jpg\" target=\"_blank\" rel=\"noopener\"><img decoding=\"async\" src=\"https:\/\/www.vet-china.com\/uploads\/\u516c\u53f8\u5ba2\u62371.jpg\" alt=\"\u516c\u53f8\u5ba2\u6237\"><\/a><\/span><\/p>\n<\/div>\n<\/div>\n<\/div>\n<\/div>\n<\/div>\n<\/div>\n<\/div>\n<\/div>\n<\/div>","protected":false},"excerpt":{"rendered":"<p><span style=\"font-family: 'Microsoft Yahei'\">Kurze Beschreibung:<\/span><\/p>\n<p><span style=\"font-family: 'Microsoft Yahei'\">The Vertical Column Wafer Boat &amp; Pedestal from vet-china offers superior stability and precision in wafer handling for semiconductor manufacturing. With vet-china&rsquo;s advanced design, this system ensures optimal alignment and secure retention, enhancing operational efficiency and reducing wafer damage.<\/span><\/p>","protected":false},"featured_media":2505,"template":"","meta":[],"product_cat":[35,36],"product_tag":[37,38,39],"class_list":{"0":"post-193","1":"product","2":"type-product","3":"status-publish","4":"has-post-thumbnail","6":"product_cat-silicon-carbide-sic-ceramic","7":"product_cat-silicon-carbide-boat","8":"product_tag-column-wafer-boat","9":"product_tag-vertical-wafer-boat","10":"product_tag-wafer-pedestal","12":"first","13":"instock","14":"shipping-taxable","15":"product-type-simple"},"_links":{"self":[{"href":"https:\/\/www.cnvetenergy.com\/de\/wp-json\/wp\/v2\/product\/193","targetHints":{"allow":["GET"]}}],"collection":[{"href":"https:\/\/www.cnvetenergy.com\/de\/wp-json\/wp\/v2\/product"}],"about":[{"href":"https:\/\/www.cnvetenergy.com\/de\/wp-json\/wp\/v2\/types\/product"}],"version-history":[{"count":2,"href":"https:\/\/www.cnvetenergy.com\/de\/wp-json\/wp\/v2\/product\/193\/revisions"}],"predecessor-version":[{"id":2506,"href":"https:\/\/www.cnvetenergy.com\/de\/wp-json\/wp\/v2\/product\/193\/revisions\/2506"}],"wp:featuredmedia":[{"embeddable":true,"href":"https:\/\/www.cnvetenergy.com\/de\/wp-json\/wp\/v2\/media\/2505"}],"wp:attachment":[{"href":"https:\/\/www.cnvetenergy.com\/de\/wp-json\/wp\/v2\/media?parent=193"}],"wp:term":[{"taxonomy":"product_cat","embeddable":true,"href":"https:\/\/www.cnvetenergy.com\/de\/wp-json\/wp\/v2\/product_cat?post=193"},{"taxonomy":"product_tag","embeddable":true,"href":"https:\/\/www.cnvetenergy.com\/de\/wp-json\/wp\/v2\/product_tag?post=193"}],"curies":[{"name":"wp","href":"https:\/\/api.w.org\/{rel}","templated":true}]}}