{"id":1944,"date":"2025-02-27T15:12:47","date_gmt":"2025-02-27T07:12:47","guid":{"rendered":"http:\/\/weitai1.globaldeepsea.site\/product\/high-quality-tantalum-carbide-tac-coating-manufacturer\/"},"modified":"2026-03-13T17:05:06","modified_gmt":"2026-03-13T09:05:06","slug":"high-quality-tantalum-carbide-tac-coating-manufacturer","status":"publish","type":"product","link":"https:\/\/www.cnvetenergy.com\/de\/product\/high-quality-tantalum-carbide-tac-coating-manufacturer\/","title":{"rendered":"Hochwertiger Tantalcarbid TaC Beschichtung Hersteller"},"content":{"rendered":"<div class=\"fl-col-group fl-node-6662ca3984095\" style=\"color: #404040;font-family: opensans;font-size: 14px;font-style: normal;font-weight: 400;letter-spacing: normal;text-align: start;text-indent: 0px;text-transform: none;background-color: #ffffff\" data-node=\"6662ca3984095\">\n<div class=\"fl-col fl-node-6662ca39840d7\" style=\"float: left;min-height: 1px;width: 836px\" data-node=\"6662ca39840d7\">\n<div class=\"fl-col-content fl-node-content\">\n<div class=\"fl-module fl-module-rich-text fl-node-6662ca39841dc\" data-node=\"6662ca39841dc\" data-animation-delay=\"0.0\">\n<div class=\"fl-module-content fl-node-content\" style=\"margin: 20px\">\n<div class=\"fl-rich-text\">\n<p style=\"margin: 0px;padding: 0.1rem 0px;font-size: 13px;line-height: 1.8\">High-quality tantalum carbide (TaC) coating is made from high-purity TaC material, ensuring exceptional purity and quality. With excellent chemical and thermal stability, high-purity TaC maintains its performance even under extreme conditions.<\/p>\n<\/div>\n<\/div>\n<\/div>\n<div class=\"fl-module fl-module-rich-text fl-node-66820991bb1af\" data-node=\"66820991bb1af\" data-animation-delay=\"0.0\">\n<div class=\"fl-module-content fl-node-content\" style=\"margin: 20px\">\n<div class=\"fl-rich-text\">\n<p style=\"--tw-ring-inset: var(--tw-empty, );--tw-ring-offset-width: 0px;--tw-ring-offset-color: #fff;--tw-ring-offset-shadow: 0 0 #0000;--tw-ring-shadow: 0 0 #0000;--tw-shadow: 0 0 #0000;padding: 0px;color: #333333;font-family: 'Monospaced Number', 'Chinese Quote', -apple-system, BlinkMacSystemFont, 'Segoe UI', Roboto, 'PingFang SC', 'Hiragino Sans GB', 'Microsoft YaHei', 'Helvetica Neue', Helvetica, Arial, sans-serif;font-size: 14px;font-style: normal;font-weight: 400;letter-spacing: normal;text-align: start;text-indent: 0px;text-transform: none;white-space: normal;background-color: #ffffff;margin: 0px !important 0px 4px 0px;border: 0px solid #dfe1e5\">TaC coating, made using physical vapor deposition technology, offers:<\/p>\n<ol style=\"--tw-ring-inset: var(--tw-empty, );--tw-ring-offset-width: 0px;--tw-ring-offset-color: #fff;--tw-ring-offset-shadow: 0 0 #0000;--tw-ring-shadow: 0 0 #0000;--tw-shadow: 0 0 #0000;padding: 0px;color: #333333;font-family: 'Monospaced Number', 'Chinese Quote', -apple-system, BlinkMacSystemFont, 'Segoe UI', Roboto, 'PingFang SC', 'Hiragino Sans GB', 'Microsoft YaHei', 'Helvetica Neue', Helvetica, Arial, sans-serif;font-size: 14px;font-style: normal;font-weight: 400;letter-spacing: normal;text-align: start;text-indent: 0px;text-transform: none;white-space: normal;background-color: #ffffff;margin: 14px 0px 0px !important 0px;border: 0px solid #dfe1e5\">\n<li style=\"--tw-ring-inset: var(--tw-empty, );--tw-ring-offset-width: 0px;--tw-ring-offset-color: #fff;--tw-ring-offset-shadow: 0 0 #0000;--tw-ring-shadow: 0 0 #0000;--tw-shadow: 0 0 #0000;padding: 0px;margin: 0px 0px 0px 16px;color: #333333;border: 0px solid #dfe1e5\">High hardness (2500-3000HV), making it an excellent hard coating.<\/li>\n<li style=\"--tw-ring-inset: var(--tw-empty, );--tw-ring-offset-width: 0px;--tw-ring-offset-color: #fff;--tw-ring-offset-shadow: 0 0 #0000;--tw-ring-shadow: 0 0 #0000;--tw-shadow: 0 0 #0000;padding: 0px;margin: 8px 0px 0px 16px;color: #333333;border: 0px solid #dfe1e5\">Superior wear resistance, reducing mechanical part wear and damage.<\/li>\n<li style=\"--tw-ring-inset: var(--tw-empty, );--tw-ring-offset-width: 0px;--tw-ring-offset-color: #fff;--tw-ring-offset-shadow: 0 0 #0000;--tw-ring-shadow: 0 0 #0000;--tw-shadow: 0 0 #0000;padding: 0px;margin: 8px 0px 0px 16px;color: #333333;border: 0px solid #dfe1e5\">Outstanding high-temperature performance.<\/li>\n<li style=\"--tw-ring-inset: var(--tw-empty, );--tw-ring-offset-width: 0px;--tw-ring-offset-color: #fff;--tw-ring-offset-shadow: 0 0 #0000;--tw-ring-shadow: 0 0 #0000;--tw-shadow: 0 0 #0000;padding: 0px;margin: 8px 0px 0px 16px;color: #333333;border: 0px solid #dfe1e5\">Excellent chemical stability, resisting reactions with acids and alkalis.<\/li>\n<\/ol>\n<\/div>\n<\/div>\n<\/div>\n<\/div>\n<\/div>\n<\/div>\n<div class=\"fl-col-group fl-node-6662ca3984012\" style=\"color: #404040;font-family: opensans;font-size: 14px;font-style: normal;font-weight: 400;letter-spacing: normal;text-align: start;text-indent: 0px;text-transform: none;background-color: #ffffff\" data-node=\"6662ca3984012\">\n<div class=\"fl-col fl-node-6662ca398419b fl-col-small\" style=\"float: left;min-height: 1px;width: 418px\" data-node=\"6662ca398419b\">\n<div class=\"fl-col-content fl-node-content\">\n<div class=\"fl-module fl-module-photo fl-node-6662ca3984054\" data-node=\"6662ca3984054\" data-animation-delay=\"0.0\">\n<div class=\"fl-module-content fl-node-content\" style=\"margin: 20px\">\n<div class=\"fl-photo fl-photo-align-center\" style=\"line-height: 0;position: relative;text-align: center\">\n<div class=\"fl-photo-content fl-photo-img-png\" style=\"line-height: 0;position: relative;max-width: 100%\"><img decoding=\"async\" class=\"fl-photo-img wp-image-160811\" style=\"margin: 0px;padding: 0px;border: none;vertical-align: middle;max-width: 100%;height: auto !important;width: auto !important\" src=\"https:\/\/www.vet-china.com\/uploads\/6-31.png\" alt=\"6\uff083\uff09\"><\/div>\n<\/div>\n<\/div>\n<\/div>\n<\/div>\n<\/div>\n<div class=\"fl-col fl-node-6662ca3984118 fl-col-small\" style=\"float: left;min-height: 1px;width: 418px\" data-node=\"6662ca3984118\">\n<div class=\"fl-col-content fl-node-content\">\n<div class=\"fl-module fl-module-photo fl-node-6662ca3984159\" data-node=\"6662ca3984159\" data-animation-delay=\"0.0\">\n<div class=\"fl-module-content fl-node-content\" style=\"margin: 20px\">\n<div class=\"fl-photo fl-photo-align-center\" style=\"line-height: 0;position: relative;text-align: center\">\n<div class=\"fl-photo-content fl-photo-img-png\" style=\"line-height: 0;position: relative;max-width: 100%\"><img decoding=\"async\" class=\"fl-photo-img wp-image-160810\" style=\"margin: 0px;padding: 0px;border: none;vertical-align: middle;max-width: 100%;height: auto !important;width: auto !important\" src=\"https:\/\/www.vet-china.com\/uploads\/6-1.png\" alt=\"6\uff081\uff09\"><\/div>\n<\/div>\n<\/div>\n<\/div>\n<\/div>\n<\/div>\n<\/div>\n<div class=\"fl-col-group fl-node-6662ca398421e\" style=\"color: #404040;font-family: opensans;font-size: 14px;font-style: normal;font-weight: 400;letter-spacing: normal;text-align: start;text-indent: 0px;text-transform: none;background-color: #ffffff\" data-node=\"6662ca398421e\">\n<div class=\"fl-col fl-node-6662ca398425f\" style=\"float: left;min-height: 1px;width: 836px\" data-node=\"6662ca398425f\">\n<div class=\"fl-col-content fl-node-content\">\n<div class=\"fl-module fl-module-rich-text fl-node-6662ca39842a0\" data-node=\"6662ca39842a0\" data-animation-delay=\"0.0\">\n<div class=\"fl-module-content fl-node-content\" style=\"margin: 20px\">\n<div class=\"fl-rich-text\">\n<table style=\"border-collapse: collapse;border-spacing: 0px;width: 796px;margin-bottom: 20px\" border=\"1\" cellspacing=\"0\">\n<tbody>\n<tr>\n<td style=\"margin: 0px;padding: 0px 15px;height: 30px;text-align: left;line-height: 1.5;font-size: 12px;color: #666666;background: #fbfbfb\" colspan=\"2\" valign=\"center\" width=\"568\">\n<p style=\"margin: 0px;padding: 0.1rem 0px;font-size: 12px;line-height: 1.3;color: #666666\" align=\"center\"><strong><span dir=\"auto\" style=\"vertical-align: inherit\"><span dir=\"auto\" style=\"vertical-align: inherit\">\u78b3\u5316\u94bd\u6d82\u5c42\u7269\u7406\u7279\u6027\u7269\u7406\u7279\u6027<\/span><\/span><\/strong><\/p>\n<p style=\"margin: 0px;padding: 0.1rem 0px;font-size: 12px;line-height: 1.3;color: #666666\" align=\"center\"><span dir=\"auto\" style=\"vertical-align: inherit\"><strong><span dir=\"auto\" style=\"vertical-align: inherit\">TaC<\/span><\/strong><strong><span dir=\"auto\" style=\"vertical-align: inherit\">\u6d82\u5c42<\/span><\/strong><strong><span dir=\"auto\" style=\"vertical-align: inherit\">\u7684\u7269\u7406\u6027\u80fd<\/span><\/strong><\/span><strong>&nbsp;<\/strong><strong>&nbsp;<\/strong><\/p>\n<\/td>\n<\/tr>\n<tr>\n<td style=\"margin: 0px;padding: 0px 15px;height: 30px;text-align: left;line-height: 1.5;font-size: 12px;color: #666666;background: #fbfbfb\" valign=\"center\" width=\"249\">\n<p style=\"margin: 0px;padding: 0.1rem 0px;font-size: 12px;line-height: 1.3;color: #666666\" align=\"justify\"><span dir=\"auto\" style=\"vertical-align: inherit\"><span dir=\"auto\" style=\"vertical-align: inherit\">\u5bc6\u5ea6&nbsp;<\/span><\/span><span style=\"font-family: \u5fae\u8f6f\u96c5\u9ed1\"><span dir=\"auto\" style=\"vertical-align: inherit\"><span dir=\"auto\" style=\"vertical-align: inherit\">\/ Density<\/span><\/span><\/span><\/p>\n<\/td>\n<td style=\"margin: 0px;padding: 0px 15px;height: 30px;text-align: left;line-height: 1.5;font-size: 12px;color: #666666;background: #fbfbfb\" valign=\"center\" width=\"318\">\n<p style=\"margin: 0px;padding: 0.1rem 0px;font-size: 12px;line-height: 1.3;color: #666666\" align=\"justify\"><span dir=\"auto\" style=\"vertical-align: inherit\"><span dir=\"auto\" style=\"vertical-align: inherit\">14.3 (\u514b\/\u7acb\u65b9\u5398\u7c73)<\/span><\/span><\/p>\n<\/td>\n<\/tr>\n<tr>\n<td style=\"margin: 0px;padding: 0px 15px;height: 30px;text-align: left;line-height: 1.5;font-size: 12px;color: #666666;background: #fbfbfb\" valign=\"center\" width=\"249\">\n<p style=\"margin: 0px;padding: 0.1rem 0px;font-size: 12px;line-height: 1.3;color: #666666\" align=\"justify\"><span style=\"font-family: \u5fae\u8f6f\u96c5\u9ed1\"><span dir=\"auto\" style=\"vertical-align: inherit\"><span dir=\"auto\" style=\"vertical-align: inherit\">\u6bd4\u8f90\u5c04\u7387<\/span><\/span><\/span>&nbsp;<span style=\"font-family: \u5fae\u8f6f\u96c5\u9ed1\"><span dir=\"auto\" style=\"vertical-align: inherit\"><span dir=\"auto\" style=\"vertical-align: inherit\">\/ Specific emissivity<\/span><\/span><\/span><\/p>\n<\/td>\n<td style=\"margin: 0px;padding: 0px 15px;height: 30px;text-align: left;line-height: 1.5;font-size: 12px;color: #666666;background: #fbfbfb\" valign=\"center\" width=\"318\">\n<p style=\"margin: 0px;padding: 0.1rem 0px;font-size: 12px;line-height: 1.3;color: #666666\" align=\"justify\"><span dir=\"auto\" style=\"vertical-align: inherit\"><span dir=\"auto\" style=\"vertical-align: inherit\">0.3<\/span><\/span><\/p>\n<\/td>\n<\/tr>\n<tr>\n<td style=\"margin: 0px;padding: 0px 15px;height: 30px;text-align: left;line-height: 1.5;font-size: 12px;color: #666666;background: #fbfbfb\" valign=\"center\" width=\"249\">\n<p style=\"margin: 0px;padding: 0.1rem 0px;font-size: 12px;line-height: 1.3;color: #666666\" align=\"justify\"><span style=\"font-family: \u5fae\u8f6f\u96c5\u9ed1\"><span dir=\"auto\" style=\"vertical-align: inherit\"><span dir=\"auto\" style=\"vertical-align: inherit\">\u70ed<\/span><\/span><\/span>&nbsp;<span style=\"font-family: \u5fae\u8f6f\u96c5\u9ed1\"><span dir=\"auto\" style=\"vertical-align: inherit\"><span dir=\"auto\" style=\"vertical-align: inherit\">\u81a8\u80c0\u7cfb\u6570\/ Thermal expansion coefficient<\/span><\/span><\/span><\/p>\n<\/td>\n<td style=\"margin: 0px;padding: 0px 15px;height: 30px;text-align: left;line-height: 1.5;font-size: 12px;color: #666666;background: #fbfbfb\" valign=\"center\" width=\"318\">\n<p style=\"margin: 0px;padding: 0.1rem 0px;font-size: 12px;line-height: 1.3;color: #666666\" align=\"justify\"><span dir=\"auto\" style=\"vertical-align: inherit\"><span dir=\"auto\" style=\"vertical-align: inherit\">6.3 10 <\/span><\/span><sup><span style=\"font-family: \u5fae\u8f6f\u96c5\u9ed1\"><span dir=\"auto\" style=\"vertical-align: inherit\"><span dir=\"auto\" style=\"vertical-align: inherit\">-6<\/span><\/span><\/span><\/sup><span dir=\"auto\" style=\"vertical-align: inherit\"><span dir=\"auto\" style=\"vertical-align: inherit\"> \/K<\/span><\/span><\/p>\n<\/td>\n<\/tr>\n<tr>\n<td style=\"margin: 0px;padding: 0px 15px;height: 30px;text-align: left;line-height: 1.5;font-size: 12px;color: #666666;background: #fbfbfb\" valign=\"center\" width=\"249\">\n<p style=\"margin: 0px;padding: 0.1rem 0px;font-size: 12px;line-height: 1.3;color: #666666\" align=\"justify\"><span dir=\"auto\" style=\"vertical-align: inherit\"><span dir=\"auto\" style=\"vertical-align: inherit\">\u52aa\u6c0f\u786c\u5ea6&nbsp;<\/span><\/span><span style=\"font-family: \u5fae\u8f6f\u96c5\u9ed1\"><span dir=\"auto\" style=\"vertical-align: inherit\"><span dir=\"auto\" style=\"vertical-align: inherit\">\/&nbsp;<\/span><\/span><\/span><span dir=\"auto\" style=\"vertical-align: inherit\"><span dir=\"auto\" style=\"vertical-align: inherit\"> Hardness (HK)<\/span><\/span><\/p>\n<\/td>\n<td style=\"margin: 0px;padding: 0px 15px;height: 30px;text-align: left;line-height: 1.5;font-size: 12px;color: #666666;background: #fbfbfb\" valign=\"center\" width=\"318\">\n<p style=\"margin: 0px;padding: 0.1rem 0px;font-size: 12px;line-height: 1.3;color: #666666\" align=\"justify\"><span dir=\"auto\" style=\"vertical-align: inherit\"><span dir=\"auto\" style=\"vertical-align: inherit\">2000\u5e74\u9999\u6e2f<\/span><\/span><\/p>\n<\/td>\n<\/tr>\n<tr>\n<td style=\"margin: 0px;padding: 0px 15px;height: 30px;text-align: left;line-height: 1.5;font-size: 12px;color: #666666;background: #fbfbfb\" valign=\"center\" width=\"249\">\n<p style=\"margin: 0px;padding: 0.1rem 0px;font-size: 12px;line-height: 1.3;color: #666666\" align=\"justify\"><span style=\"font-family: \u5fae\u8f6f\u96c5\u9ed1\"><span dir=\"auto\" style=\"vertical-align: inherit\"><span dir=\"auto\" style=\"vertical-align: inherit\">\u7535\u963b<\/span><\/span><\/span>&nbsp;<span style=\"font-family: \u5fae\u8f6f\u96c5\u9ed1\"><span dir=\"auto\" style=\"vertical-align: inherit\"><span dir=\"auto\" style=\"vertical-align: inherit\">\/ Resistance<\/span><\/span><\/span><\/p>\n<\/td>\n<td style=\"margin: 0px;padding: 0px 15px;height: 30px;text-align: left;line-height: 1.5;font-size: 12px;color: #666666;background: #fbfbfb\" valign=\"center\" width=\"318\">\n<p style=\"margin: 0px;padding: 0.1rem 0px;font-size: 12px;line-height: 1.3;color: #666666\" align=\"justify\"><span dir=\"auto\" style=\"vertical-align: inherit\"><span dir=\"auto\" style=\"vertical-align: inherit\">1&times; <\/span><\/span><sup><span style=\"font-family: \u5fae\u8f6f\u96c5\u9ed1\"><span dir=\"auto\" style=\"vertical-align: inherit\"><span dir=\"auto\" style=\"vertical-align: inherit\">10\u20135<\/span><\/span><\/span><\/sup>&nbsp;<span style=\"font-family: \u5fae\u8f6f\u96c5\u9ed1\"><span dir=\"auto\" style=\"vertical-align: inherit\"><span dir=\"auto\" style=\"vertical-align: inherit\">\u6b27\u59c6&middot;\u5398\u7c73<\/span><\/span><\/span><\/p>\n<\/td>\n<\/tr>\n<tr>\n<td style=\"margin: 0px;padding: 0px 15px;height: 30px;text-align: left;line-height: 1.5;font-size: 12px;color: #666666;background: #fbfbfb\" valign=\"center\" width=\"249\">\n<p style=\"margin: 0px;padding: 0.1rem 0px;font-size: 12px;line-height: 1.3;color: #666666\" align=\"justify\"><span style=\"font-family: \u5fae\u8f6f\u96c5\u9ed1\"><span dir=\"auto\" style=\"vertical-align: inherit\"><span dir=\"auto\" style=\"vertical-align: inherit\">\u70ed<\/span><\/span><\/span>&nbsp;<span style=\"font-family: \u5fae\u8f6f\u96c5\u9ed1\"><span dir=\"auto\" style=\"vertical-align: inherit\"><span dir=\"auto\" style=\"vertical-align: inherit\">\u7a33\u5b9a\u6027\/ Thermal stability<\/span><\/span><\/span><\/p>\n<\/td>\n<td style=\"margin: 0px;padding: 0px 15px;height: 30px;text-align: left;line-height: 1.5;font-size: 12px;color: #666666;background: #fbfbfb\" valign=\"center\" width=\"318\">\n<p style=\"margin: 0px;padding: 0.1rem 0px;font-size: 12px;line-height: 1.3;color: #666666\" align=\"justify\"><span dir=\"auto\" style=\"vertical-align: inherit\"><span dir=\"auto\" style=\"vertical-align: inherit\">&lt;2500\u2103<\/span><\/span><\/p>\n<\/td>\n<\/tr>\n<tr>\n<td style=\"margin: 0px;padding: 0px 15px;height: 30px;text-align: left;line-height: 1.5;font-size: 12px;color: #666666;background: #fbfbfb\" valign=\"center\" width=\"249\">\n<p style=\"margin: 0px;padding: 0.1rem 0px;font-size: 12px;line-height: 1.3;color: #666666\" align=\"justify\">&nbsp;<span dir=\"auto\" style=\"vertical-align: inherit\"><span style=\"font-family: \u5fae\u8f6f\u96c5\u9ed1\"><span dir=\"auto\" style=\"vertical-align: inherit\">\u77f3\u58a8\u5c3a\u5bf8\u53d8\u5316\/ <\/span><\/span><span style=\"font-family: \u5fae\u8f6f\u96c5\u9ed1\"><span dir=\"auto\" style=\"vertical-align: inherit\">\u00c4nderungen der Graphitgr\u00f6\u00dfen<\/span><\/span><\/span><\/p>\n<\/td>\n<td style=\"margin: 0px;padding: 0px 15px;height: 30px;text-align: left;line-height: 1.5;font-size: 12px;color: #666666;background: #fbfbfb\" valign=\"center\" width=\"318\">\n<p style=\"margin: 0px;padding: 0.1rem 0px;font-size: 12px;line-height: 1.3;color: #666666\" align=\"justify\"><span dir=\"auto\" style=\"vertical-align: inherit\"><span dir=\"auto\" style=\"vertical-align: inherit\">-10~-20\u5fae\u7c73<\/span><\/span><\/p>\n<\/td>\n<\/tr>\n<tr>\n<td style=\"margin: 0px;padding: 0px 15px;height: 30px;text-align: left;line-height: 1.5;font-size: 12px;color: #666666;background: #fbfbfb\" valign=\"center\" width=\"249\">\n<p style=\"margin: 0px;padding: 0.1rem 0px;font-size: 12px;line-height: 1.3;color: #666666\" align=\"justify\"><span style=\"font-family: \u5fae\u8f6f\u96c5\u9ed1\"><span dir=\"auto\" style=\"vertical-align: inherit\"><span dir=\"auto\" style=\"vertical-align: inherit\">\u6d82\u5c42\u539a\u5ea6<\/span><\/span><\/span>&nbsp;<span style=\"font-family: \u5fae\u8f6f\u96c5\u9ed1\"><span dir=\"auto\" style=\"vertical-align: inherit\"><span dir=\"auto\" style=\"vertical-align: inherit\">\/ Coating thickness<\/span><\/span><\/span><\/p>\n<\/td>\n<td style=\"margin: 0px;padding: 0px 15px;height: 30px;text-align: left;line-height: 1.5;font-size: 12px;color: #666666;background: #fbfbfb\" valign=\"center\" width=\"318\">\n<p style=\"margin: 0px;padding: 0.1rem 0px;font-size: 12px;line-height: 1.3;color: #666666\" align=\"justify\"><span dir=\"auto\" style=\"vertical-align: inherit\"><span dir=\"auto\" style=\"vertical-align: inherit\">&ge;20&mu;m \u5178\u578b\u503c\uff0835&mu;m&plusmn;10&mu;m\uff09<\/span><\/span><\/p>\n<\/td>\n<\/tr>\n<\/tbody>\n<\/table>\n<p style=\"margin: 0px;padding: 0.1rem 0px;font-size: 13px;line-height: 1.8\">&nbsp;<\/p>\n<\/div>\n<\/div>\n<\/div>\n<div class=\"fl-module fl-module-rich-text fl-node-6662ca39842e1\" data-node=\"6662ca39842e1\" data-animation-delay=\"0.0\">\n<div class=\"fl-module-content fl-node-content\" style=\"margin: 20px\">\n<div class=\"fl-rich-text\">\n<p style=\"margin: 0px;padding: 0.1rem 0px;font-size: 13px;line-height: 1.8\">Ningbo VET Energy Technology Co., Ltd. is a high-tech enterprise specializing in the production and sales of advanced materials, including graphite, silicon carbide, ceramics, and surface treatment technologies. Our products are widely used in industries such as photovoltaics, semiconductors, new energy, and metallurgy.<br \/>Our technical team, composed of experts from top domestic research institutions, can provide you with professional material solutions.<br \/>We warmly welcome you to visit our factory for guidance and further discussions!<\/p>\n<p style=\"margin: 0px;padding: 0.1rem 0px;font-size: 13px;line-height: 1.8\"><a class=\"fancybox\" style=\"margin: 0px;padding: 0px;color: #404040;text-decoration: none\" href=\"https:\/\/www.vet-china.com\/uploads\/%E7%94%9F%E4%BA%A7%E8%AE%BE%E5%A4%871.jpg\" target=\"_blank\" rel=\"noopener\"><img decoding=\"async\" class=\"alignnone size-full wp-image-161043\" style=\"margin: 0px;padding: 0px;border: none;vertical-align: middle;max-width: 100%\" src=\"https:\/\/www.vet-china.com\/uploads\/%E7%94%9F%E4%BA%A7%E8%AE%BE%E5%A4%871.jpg\" alt=\"\u751f\u4ea7\u8bbe\u5907\"><\/a><\/p>\n<p style=\"margin: 0px;padding: 0.1rem 0px;font-size: 13px;line-height: 1.8\"><a class=\"fancybox\" style=\"margin: 0px;padding: 0px;color: #404040;text-decoration: none\" href=\"https:\/\/www.vet-china.com\/uploads\/%E5%85%AC%E5%8F%B8%E5%AE%A2%E6%88%B71.jpg\" target=\"_blank\" rel=\"noopener\"><img decoding=\"async\" class=\"alignnone size-full wp-image-161044\" style=\"margin: 0px;padding: 0px;border: none;vertical-align: middle;max-width: 100%\" src=\"https:\/\/www.vet-china.com\/uploads\/%E5%85%AC%E5%8F%B8%E5%AE%A2%E6%88%B71.jpg\" alt=\"\u516c\u53f8\u5ba2\u6237\"><\/a><\/p>\n<\/div>\n<\/div>\n<\/div>\n<\/div>\n<\/div>\n<\/div>","protected":false},"excerpt":{"rendered":"<p>VET Energy&rsquo;s TaC-coated graphite is a high-performance product designed to deliver stable and reliable performance over the long term. It features excellent heat resistance, thermal uniformity, high purity, and corrosion resistance, making it an ideal choice for wafer processing applications.<\/p>","protected":false},"featured_media":2561,"template":"","meta":[],"product_cat":[16],"product_tag":[513],"class_list":{"0":"post-1944","1":"product","2":"type-product","3":"status-publish","4":"has-post-thumbnail","6":"product_cat-cvd-coating","7":"product_tag-cvd-coating","9":"first","10":"instock","11":"shipping-taxable","12":"product-type-simple"},"_links":{"self":[{"href":"https:\/\/www.cnvetenergy.com\/de\/wp-json\/wp\/v2\/product\/1944","targetHints":{"allow":["GET"]}}],"collection":[{"href":"https:\/\/www.cnvetenergy.com\/de\/wp-json\/wp\/v2\/product"}],"about":[{"href":"https:\/\/www.cnvetenergy.com\/de\/wp-json\/wp\/v2\/types\/product"}],"version-history":[{"count":3,"href":"https:\/\/www.cnvetenergy.com\/de\/wp-json\/wp\/v2\/product\/1944\/revisions"}],"predecessor-version":[{"id":2562,"href":"https:\/\/www.cnvetenergy.com\/de\/wp-json\/wp\/v2\/product\/1944\/revisions\/2562"}],"wp:featuredmedia":[{"embeddable":true,"href":"https:\/\/www.cnvetenergy.com\/de\/wp-json\/wp\/v2\/media\/2561"}],"wp:attachment":[{"href":"https:\/\/www.cnvetenergy.com\/de\/wp-json\/wp\/v2\/media?parent=1944"}],"wp:term":[{"taxonomy":"product_cat","embeddable":true,"href":"https:\/\/www.cnvetenergy.com\/de\/wp-json\/wp\/v2\/product_cat?post=1944"},{"taxonomy":"product_tag","embeddable":true,"href":"https:\/\/www.cnvetenergy.com\/de\/wp-json\/wp\/v2\/product_tag?post=1944"}],"curies":[{"name":"wp","href":"https:\/\/api.w.org\/{rel}","templated":true}]}}