{"id":196,"date":"2024-11-21T13:26:01","date_gmt":"2024-11-21T05:26:01","guid":{"rendered":"http:\/\/weitai1.globaldeepsea.site\/?post_type=product&#038;p=196"},"modified":"2026-03-13T17:05:13","modified_gmt":"2026-03-13T09:05:13","slug":"laderboot-2","status":"publish","type":"product","link":"https:\/\/www.cnvetenergy.com\/de\/product\/laderboot-2\/","title":{"rendered":"Zusammenh\u00e4ngendes Waferboot"},"content":{"rendered":"<div class=\"fl-row fl-row-fixed-width fl-row-bg-none fl-node-66beb3b4e297e\" data-node=\"66beb3b4e297e\">\n<div class=\"fl-row-content-wrap\">\n<div class=\"fl-row-content fl-row-fixed-width fl-node-content\">\n<div class=\"fl-col-group fl-node-66beb3b4e29c1\" data-node=\"66beb3b4e29c1\">\n<div class=\"fl-col fl-node-66beb3b4e2a03\" data-node=\"66beb3b4e2a03\">\n<div class=\"fl-col-content fl-node-content\">\n<div class=\"fl-module fl-module-rich-text fl-node-66beb3cfe7570\" data-node=\"66beb3cfe7570\" data-animation-delay=\"0.0\">\n<div class=\"fl-module-content fl-node-content\">\n<div class=\"fl-rich-text\">\n<p><span style=\"font-family: 'Microsoft Yahei'\">VET-china introduces a state-of-the-art Contiguous Wafer Boat engineered for the next generation of semiconductor manufacturing. This meticulously designed boat offers unparalleled precision in wafer handling, ensuring seamless operations and significantly reducing the risk of damage during processing.<\/span><\/p>\n<p><span style=\"font-family: 'Microsoft Yahei'\">Das aus hochwertigen Materialien gefertigte Contiguous Wafer Boat zeichnet sich durch hervorragende thermische Stabilit\u00e4t und au\u00dfergew\u00f6hnliche chemische Best\u00e4ndigkeit aus und ist somit ideal f\u00fcr den Einsatz in Umgebungen mit hohen Temperaturen und rauen Chemikalien. Sein innovatives Design gew\u00e4hrleistet, dass die Wafer sicher gehalten und perfekt ausgerichtet werden, was den Durchsatz optimiert und die Fertigungseffizienz erh\u00f6ht.<\/span><\/p>\n<p><span style=\"font-family: 'Microsoft Yahei'\">This cutting-edge<a href=\"https:\/\/www.vet-china.com\/search.php?s=+wafer+boat+&amp;cat=490\" target=\"_blank\" rel=\"noopener\"> wafer boat<\/a> is tailored to meet the demanding needs of modern semiconductor fabs, supporting various wafer sizes and configurations. By incorporating the Contiguous Wafer Boat from vet-china into your production line, you can expect enhanced performance, reduced downtime, and increased yield rates.<\/span><\/p>\n<p><span style=\"font-family: 'Microsoft Yahei'\">Experience the difference with vet-china&rsquo;s commitment to quality and innovation, delivering products that push the boundaries of semiconductor manufacturing. Choose the Contiguous Wafer Boat and elevate your wafer processing capabilities to new heights.<\/span><\/p>\n<\/div>\n<\/div>\n<\/div>\n<\/div>\n<\/div>\n<\/div>\n<div class=\"fl-col-group fl-node-66beb3b4e2ac3\" data-node=\"66beb3b4e2ac3\">\n<div class=\"fl-col fl-node-66beb3b4e2b04\" data-node=\"66beb3b4e2b04\">\n<div class=\"fl-col-content fl-node-content\">\n<div class=\"fl-module fl-module-photo fl-node-66beb3b4e2b44\" data-node=\"66beb3b4e2b44\" data-animation-delay=\"0.0\">\n<div class=\"fl-module-content fl-node-content\">\n<div class=\"fl-photo fl-photo-align-center\">\n<div class=\"fl-photo-content fl-photo-img-jpg\"><span style=\"font-family: 'Microsoft Yahei'\"><img decoding=\"async\" class=\"fl-photo-img wp-image-162070\" src=\"https:\/\/www.vet-china.com\/uploads\/Contiguous-Wafer-Boat-3.jpg\" alt=\"Zusammenh\u00e4ngendes Waferboot-3\"><\/span><\/div>\n<\/div>\n<\/div>\n<\/div>\n<\/div>\n<\/div>\n<\/div>\n<div class=\"fl-col-group fl-node-66beb3ffef7ed\" data-node=\"66beb3ffef7ed\">\n<div class=\"fl-col fl-node-66beb3fff31ff\" data-node=\"66beb3fff31ff\">\n<div class=\"fl-col-content fl-node-content\">\n<div class=\"fl-module fl-module-rich-text fl-node-66beb3b4e2a44\" data-node=\"66beb3b4e2a44\" data-animation-delay=\"0.0\">\n<div class=\"fl-module-content fl-node-content\">\n<div class=\"fl-rich-text\">\n<p data-section=\"0\"><span style=\"font-family: 'Microsoft Yahei'\">Eigenschaften von rekristallisiertem Siliciumcarbid<\/span><\/p>\n<p data-section=\"1\"><span style=\"font-family: 'Microsoft Yahei'\">Rekristallisiertes Siliciumcarbid (R-SiC) ist ein Hochleistungsmaterial, das in seiner H\u00e4rte nur von Diamant \u00fcbertroffen wird und bei einer hohen Temperatur von \u00fcber 2000 \u00b0C entsteht. Es beh\u00e4lt viele hervorragende Eigenschaften von SiC bei, z. B. hohe Temperaturbest\u00e4ndigkeit, starke Korrosionsbest\u00e4ndigkeit, hervorragende Oxidationsbest\u00e4ndigkeit, gute Temperaturwechselbest\u00e4ndigkeit usw.<\/span><\/p>\n<p data-section=\"2\"><span style=\"font-family: 'Microsoft Yahei'\">\u25cf Ausgezeichnete mechanische Eigenschaften. Rekristallisiertes Siliziumkarbid hat eine h\u00f6here Festigkeit und Steifigkeit als Kohlefaser, eine hohe Schlagz\u00e4higkeit, kann eine gute Leistung in extremen Temperaturumgebungen spielen, kann eine bessere Ausgleichsleistung in einer Vielzahl von Situationen spielen. Dar\u00fcber hinaus hat es auch eine gute Flexibilit\u00e4t und wird nicht leicht durch Dehnung und Biegung besch\u00e4digt, was seine Leistung erheblich verbessert.<\/span><\/p>\n<p data-section=\"3\"><span style=\"font-family: 'Microsoft Yahei'\">\u25cf High corrosion resistance. <a href=\"https:\/\/www.vet-china.com\/search.php?s=Recrystallized+silicon+carbide&amp;cat=490\" target=\"_blank\" rel=\"noopener\">Recrystallized silicon carbide<\/a> has high corrosion resistance to a variety of media, can prevent the erosion of a variety of corrosive media, can maintain its mechanical properties for a long time, has a strong adhesion, so that it has a longer service life. In addition, it also has good thermal stability, can adapt to a certain range of temperature changes, improve its application effect.<\/span><\/p>\n<p data-section=\"4\"><span style=\"font-family: 'Microsoft Yahei'\">\u25cf Sintern schrumpft nicht. Da der Sinterprozess nicht schrumpft, verursachen keine Eigenspannungen Verformungen oder Risse im Produkt, und es k\u00f6nnen Teile mit komplexen Formen und hoher Pr\u00e4zision hergestellt werden.<\/span><\/p>\n<\/div>\n<\/div>\n<\/div>\n<\/div>\n<\/div>\n<\/div>\n<div class=\"fl-col-group fl-node-66beb3b4e2c04\" data-node=\"66beb3b4e2c04\">\n<div class=\"fl-col fl-node-66beb3b4e2c44\" data-node=\"66beb3b4e2c44\">\n<div class=\"fl-col-content fl-node-content\">\n<div class=\"fl-module fl-module-rich-text fl-node-66beb3b4e2a83\" data-node=\"66beb3b4e2a83\" data-animation-delay=\"0.0\">\n<div class=\"fl-module-content fl-node-content\">\n<div class=\"fl-rich-text\">\n<table border=\"1\" cellspacing=\"0\">\n<tbody>\n<tr>\n<td colspan=\"2\" valign=\"center\" width=\"568\">\n<p align=\"center\"><span style=\"font-family: 'Microsoft Yahei'\"><strong>\u91cd\u7ed3\u6676\u78b3\u5316\u7845\u7269\u7406\u7279\u6027<\/strong><\/span><\/p>\n<p align=\"center\"><span style=\"font-family: 'Microsoft Yahei'\"><strong>Physikalische Eigenschaften von rekristallisiertem Siliciumcarbid<\/strong><\/span><\/p>\n<\/td>\n<\/tr>\n<tr>\n<td valign=\"center\" width=\"249\">\n<p align=\"justify\"><span style=\"font-family: 'Microsoft Yahei'\">\u6027\u8d28 \/ Eigentum<\/span><\/p>\n<\/td>\n<td valign=\"center\" width=\"318\">\n<p align=\"justify\"><span style=\"font-family: 'Microsoft Yahei'\">\u5178\u578b\u6570\u503c \/ Typischer Wert<\/span><\/p>\n<\/td>\n<\/tr>\n<tr>\n<td valign=\"center\" width=\"249\">\n<p align=\"justify\"><span style=\"font-family: 'Microsoft Yahei'\">\u4f7f\u7528\u6e29\u5ea6&nbsp;\/ Working temperature (&deg;C)<\/span><\/p>\n<\/td>\n<td valign=\"center\" width=\"318\">\n<p align=\"justify\"><span style=\"font-family: 'Microsoft Yahei'\">1600&deg;C (with oxygen), 1700&deg;C (reducing environment)<\/span><\/p>\n<\/td>\n<\/tr>\n<tr>\n<td valign=\"center\" width=\"249\">\n<p align=\"justify\"><span style=\"font-family: 'Microsoft Yahei'\">SiC\u542b\u91cf \/ SiC-Gehalt<\/span><\/p>\n<\/td>\n<td valign=\"center\" width=\"318\">\n<p align=\"justify\"><span style=\"font-family: 'Microsoft Yahei'\">&gt; 99,96%<\/span><\/p>\n<\/td>\n<\/tr>\n<tr>\n<td valign=\"center\" width=\"249\">\n<p align=\"justify\"><span style=\"font-family: 'Microsoft Yahei'\">\u81ea\u7531Si\u542b\u91cf \/ Kostenloser Si-Inhalt<\/span><\/p>\n<\/td>\n<td valign=\"center\" width=\"318\">\n<p align=\"justify\"><span style=\"font-family: 'Microsoft Yahei'\">&lt; 0,1%<\/span><\/p>\n<\/td>\n<\/tr>\n<tr>\n<td valign=\"center\" width=\"249\">\n<p align=\"justify\"><span style=\"font-family: 'Microsoft Yahei'\">\u4f53\u79ef\u5bc6\u5ea6&nbsp;\/&nbsp;Bulk density<\/span><\/p>\n<\/td>\n<td valign=\"center\" width=\"318\">\n<p align=\"justify\"><span style=\"font-family: 'Microsoft Yahei'\">2.60-2.70&nbsp;g\/cm<sup>3<\/sup><\/span><\/p>\n<\/td>\n<\/tr>\n<tr>\n<td valign=\"center\" width=\"249\">\n<p align=\"justify\"><span style=\"font-family: 'Microsoft Yahei'\">\u6c14\u5b54\u7387 \/ Offensichtliche Porosit\u00e4t<\/span><\/p>\n<\/td>\n<td valign=\"center\" width=\"318\">\n<p align=\"justify\"><span style=\"font-family: 'Microsoft Yahei'\">&lt; 16%<\/span><\/p>\n<\/td>\n<\/tr>\n<tr>\n<td valign=\"center\" width=\"249\">\n<p align=\"justify\"><span style=\"font-family: 'Microsoft Yahei'\">\u6297\u538b\u5f3a\u5ea6 \/ Compression&nbsp;strength<\/span><\/p>\n<\/td>\n<td valign=\"center\" width=\"318\">\n<p align=\"justify\"><span style=\"font-family: 'Microsoft Yahei'\">&gt; 600&nbsp;MPa<\/span><\/p>\n<\/td>\n<\/tr>\n<tr>\n<td valign=\"center\" width=\"249\">\n<p align=\"justify\"><span style=\"font-family: 'Microsoft Yahei'\">\u5e38\u6e29\u6297\u5f2f\u5f3a\u5ea6&nbsp;\/&nbsp;Cold bending strength<\/span><\/p>\n<\/td>\n<td valign=\"center\" width=\"318\">\n<p align=\"justify\"><span style=\"font-family: 'Microsoft Yahei'\">80-90 MPa (20&deg;C)<\/span><\/p>\n<\/td>\n<\/tr>\n<tr>\n<td valign=\"center\" width=\"249\">\n<p align=\"justify\"><span style=\"font-family: 'Microsoft Yahei'\">\u9ad8\u6e29\u6297\u5f2f\u5f3a\u5ea6 Hei\u00dfbiegefestigkeit<\/span><\/p>\n<\/td>\n<td valign=\"center\" width=\"318\">\n<p align=\"justify\"><span style=\"font-family: 'Microsoft Yahei'\">90-100 MPa (1400&deg;C)<\/span><\/p>\n<\/td>\n<\/tr>\n<tr>\n<td valign=\"center\" width=\"249\">\n<p align=\"justify\"><span style=\"font-family: 'Microsoft Yahei'\">\u70ed\u81a8\u80c0\u7cfb\u6570&nbsp;\/ Thermal expansion @1500&deg;C<\/span><\/p>\n<\/td>\n<td valign=\"center\" width=\"318\">\n<p align=\"justify\"><span style=\"font-family: 'Microsoft Yahei'\">4.70 10<sup>-6<\/sup>\/\u00b0C<\/span><\/p>\n<\/td>\n<\/tr>\n<tr>\n<td valign=\"center\" width=\"249\">\n<p align=\"justify\"><span style=\"font-family: 'Microsoft Yahei'\">\u5bfc\u70ed\u7cfb\u6570&nbsp;\/&nbsp;Thermal conductivity @1200&deg;C<\/span><\/p>\n<\/td>\n<td valign=\"center\" width=\"318\">\n<p align=\"justify\"><span style=\"font-family: 'Microsoft Yahei'\">23&nbsp;&nbsp;W\/m&bull;K<\/span><\/p>\n<\/td>\n<\/tr>\n<tr>\n<td valign=\"center\" width=\"249\">\n<p align=\"justify\"><span style=\"font-family: 'Microsoft Yahei'\">\u6768\u6c0f\u6a21\u91cf \/ Elastizit\u00e4tsmodul<\/span><\/p>\n<\/td>\n<td valign=\"center\" width=\"318\">\n<p align=\"justify\"><span style=\"font-family: 'Microsoft Yahei'\">240 GPa<\/span><\/p>\n<\/td>\n<\/tr>\n<tr>\n<td valign=\"center\" width=\"249\">\n<p align=\"justify\"><span style=\"font-family: 'Microsoft Yahei'\">\u6297\u70ed\u9707\u6027 \/ Temperaturwechselbest\u00e4ndigkeit<\/span><\/p>\n<\/td>\n<td valign=\"center\" width=\"318\">\n<p align=\"justify\"><span style=\"font-family: 'Microsoft Yahei'\">\u00c4u\u00dferst gut<\/span><\/p>\n<\/td>\n<\/tr>\n<\/tbody>\n<\/table>\n<\/div>\n<\/div>\n<\/div>\n<\/div>\n<\/div>\n<\/div>\n<\/div>\n<\/div>\n<\/div>\n<div class=\"fl-row fl-row-fixed-width fl-row-bg-none fl-node-66beb3b4e2c84\" data-node=\"66beb3b4e2c84\">\n<div class=\"fl-row-content-wrap\">\n<div class=\"fl-row-content fl-row-fixed-width fl-node-content\">\n<div class=\"fl-col-group fl-node-66beb3b4e2cc4\" data-node=\"66beb3b4e2cc4\">\n<div class=\"fl-col fl-node-66beb3b4e2d04\" data-node=\"66beb3b4e2d04\">\n<div class=\"fl-col-content fl-node-content\">\n<div class=\"fl-module fl-module-rich-text fl-node-66beb3b4e2d44\" data-node=\"66beb3b4e2d44\" data-animation-delay=\"0.0\">\n<div class=\"fl-module-content fl-node-content\">\n<div class=\"fl-rich-text\">\n<p><span style=\"font-family: 'Microsoft Yahei'\">VET Energy is&nbsp;the&nbsp;real manufacturer of customized graphite and silicon carbide products with CVD coating,&nbsp;can supply&nbsp;various customized parts for semiconductor and photovoltaic industry.&nbsp;Our technical team comes from top domestic research institutions, can provide more professional material solutions&nbsp;for you.<\/span><\/p>\n<p><span style=\"font-family: 'Microsoft Yahei'\">We continuously develop advanced processes to provide more advanced materials,&nbsp;and&nbsp;have worked out an exclusive patented technology, which can make the bonding between the coating and the substrate tighter and less prone to detachment.<\/span><\/p>\n<table border=\"1\" cellspacing=\"0\">\n<tbody>\n<tr>\n<td colspan=\"2\" valign=\"center\" width=\"568\">\n<p align=\"center\"><span style=\"font-family: 'Microsoft Yahei'\"><strong>CVD<\/strong><strong>&nbsp;<\/strong><strong>Si<\/strong><strong>C<\/strong><strong>\u8584\u819c\u57fa\u672c\u7269\u7406\u6027\u80fd<\/strong><\/span><\/p>\n<p align=\"center\"><span style=\"font-family: 'Microsoft Yahei'\"><strong>Grundlegende physikalische Eigenschaften von CVD-SiC <\/strong><strong>Beschichtung<\/strong><\/span><\/p>\n<\/td>\n<\/tr>\n<tr>\n<td valign=\"center\" width=\"248\">\n<p align=\"justify\"><span style=\"font-family: 'Microsoft Yahei'\">\u6027\u8d28 \/ Eigentum<\/span><\/p>\n<\/td>\n<td valign=\"center\" width=\"319\">\n<p align=\"justify\"><span style=\"font-family: 'Microsoft Yahei'\">\u5178\u578b\u6570\u503c \/ Typischer Wert<\/span><\/p>\n<\/td>\n<\/tr>\n<tr>\n<td valign=\"center\" width=\"248\">\n<p align=\"justify\"><span style=\"font-family: 'Microsoft Yahei'\">\u6676\u4f53\u7ed3\u6784 \/ Kristallstruktur<\/span><\/p>\n<\/td>\n<td valign=\"center\" width=\"319\">\n<p align=\"justify\"><span style=\"font-family: 'Microsoft Yahei'\">FCC &beta; phase&nbsp;\u591a\u6676\uff0c\u4e3b\u8981\u4e3a\uff08111\uff09\u53d6\u5411<\/span><\/p>\n<\/td>\n<\/tr>\n<tr>\n<td valign=\"center\" width=\"248\">\n<p align=\"justify\"><span style=\"font-family: 'Microsoft Yahei'\">\u5bc6\u5ea6 \/ Dichte<\/span><\/p>\n<\/td>\n<td valign=\"center\" width=\"319\">\n<p align=\"justify\"><span style=\"font-family: 'Microsoft Yahei'\">3,2 g\/cm3<\/span><\/p>\n<\/td>\n<\/tr>\n<tr>\n<td valign=\"center\" width=\"248\">\n<p align=\"justify\"><span style=\"font-family: 'Microsoft Yahei'\">\u786c\u5ea6 \/ H\u00e4rte<\/span><\/p>\n<\/td>\n<td valign=\"center\" width=\"319\">\n<p align=\"justify\"><span style=\"font-family: 'Microsoft Yahei'\">2500 \u7ef4\u6c0f\u786c\u5ea6\uff08500g Last\uff09<\/span><\/p>\n<\/td>\n<\/tr>\n<tr>\n<td valign=\"center\" width=\"248\">\n<p align=\"justify\"><span style=\"font-family: 'Microsoft Yahei'\">\u6676\u7c92\u5927\u5c0f \/ Grain SiZe<\/span><\/p>\n<\/td>\n<td valign=\"center\" width=\"319\">\n<p align=\"justify\"><span style=\"font-family: 'Microsoft Yahei'\">2~10&mu;m<\/span><\/p>\n<\/td>\n<\/tr>\n<tr>\n<td valign=\"center\" width=\"248\">\n<p align=\"justify\"><span style=\"font-family: 'Microsoft Yahei'\">\u7eaf\u5ea6 \/ Chemische Reinheit<\/span><\/p>\n<\/td>\n<td valign=\"center\" width=\"319\">\n<p align=\"justify\"><span style=\"font-family: 'Microsoft Yahei'\">99.99995%<\/span><\/p>\n<\/td>\n<\/tr>\n<tr>\n<td valign=\"center\" width=\"248\">\n<p align=\"justify\"><span style=\"font-family: 'Microsoft Yahei'\">\u70ed\u5bb9 \/ W\u00e4rmekapazit\u00e4t<\/span><\/p>\n<\/td>\n<td valign=\"center\" width=\"319\">\n<p align=\"justify\"><span style=\"font-family: 'Microsoft Yahei'\">640 J&middot;kg<sup>-1<\/sup>&middot;K<sup>-1<\/sup><\/span><\/p>\n<\/td>\n<\/tr>\n<tr>\n<td valign=\"center\" width=\"248\">\n<p align=\"justify\"><span style=\"font-family: 'Microsoft Yahei'\">\u5347\u534e\u6e29\u5ea6 \/ Sublimationstemperatur<\/span><\/p>\n<\/td>\n<td valign=\"center\" width=\"319\">\n<p align=\"justify\"><span style=\"font-family: 'Microsoft Yahei'\">2700\u2103<\/span><\/p>\n<\/td>\n<\/tr>\n<tr>\n<td valign=\"center\" width=\"248\">\n<p align=\"justify\"><span style=\"font-family: 'Microsoft Yahei'\">\u6297\u5f2f\u5f3a\u5ea6 \/ Biegefestigkeit<\/span><\/p>\n<\/td>\n<td valign=\"center\" width=\"319\">\n<p align=\"justify\"><span style=\"font-family: 'Microsoft Yahei'\">415 MPa RT 4-Punkt<\/span><\/p>\n<\/td>\n<\/tr>\n<tr>\n<td valign=\"center\" width=\"248\">\n<p align=\"justify\"><span style=\"font-family: 'Microsoft Yahei'\">\u6768\u6c0f\u6a21\u91cf \/ Elastizit\u00e4tsmodul<\/span><\/p>\n<\/td>\n<td valign=\"center\" width=\"319\">\n<p align=\"justify\"><span style=\"font-family: 'Microsoft Yahei'\">430 Gpa 4pt Biegung, 1300\u2103<\/span><\/p>\n<\/td>\n<\/tr>\n<tr>\n<td valign=\"center\" width=\"248\">\n<p align=\"justify\"><span style=\"font-family: 'Microsoft Yahei'\">\u5bfc\u70ed\u7cfb\u6570 \/ Thermal&nbsp;Conductivity<\/span><\/p>\n<\/td>\n<td valign=\"center\" width=\"319\">\n<p align=\"justify\"><span style=\"font-family: 'Microsoft Yahei'\">300W&middot;m<sup>-1<\/sup>&middot;K<sup>-1<\/sup><\/span><\/p>\n<\/td>\n<\/tr>\n<tr>\n<td valign=\"center\" width=\"248\">\n<p align=\"justify\"><span style=\"font-family: 'Microsoft Yahei'\">\u70ed\u81a8\u80c0\u7cfb\u6570 \/ W\u00e4rmeausdehnung(CTE)<\/span><\/p>\n<\/td>\n<td valign=\"center\" width=\"319\">\n<p align=\"justify\"><span style=\"font-family: 'Microsoft Yahei'\">4.5&times;10<sup>-6<\/sup>K<sup>-1<\/sup><\/span><\/p>\n<\/td>\n<\/tr>\n<\/tbody>\n<\/table>\n<p><span style=\"font-family: 'Microsoft Yahei'\"><a class=\"fancybox\" href=\"https:\/\/www.vet-china.com\/uploads\/1109.jpg\" target=\"_blank\" rel=\"noopener\"><img decoding=\"async\" class=\"alignnone size-full wp-image-161022\" src=\"https:\/\/www.vet-china.com\/uploads\/1109.jpg\" alt=\"1\"><\/a><\/span><\/p>\n<p><span style=\"font-family: 'Microsoft Yahei'\"><a class=\"fancybox\" href=\"https:\/\/www.vet-china.com\/uploads\/284.jpg\" target=\"_blank\" rel=\"noopener\"><img decoding=\"async\" class=\"alignnone size-full wp-image-161023\" src=\"https:\/\/www.vet-china.com\/uploads\/284.jpg\" alt=\"2\"><\/a><\/span><\/p>\n<p><span style=\"font-family: 'Microsoft Yahei'\"><strong>Wir laden Sie herzlich ein, unser Werk zu besuchen und mit uns zu diskutieren!<\/strong><\/span><\/p>\n<p><span style=\"font-family: 'Microsoft Yahei'\"><a class=\"fancybox\" href=\"https:\/\/www.vet-china.com\/uploads\/\u7814\u53d1\u56e2\u961f2.jpg\" target=\"_blank\" rel=\"noopener\"><img decoding=\"async\" src=\"https:\/\/www.vet-china.com\/uploads\/\u7814\u53d1\u56e2\u961f2.jpg\" alt=\"\u7814\u53d1\u56e2\u961f\"><\/a><\/span><\/p>\n<p>&nbsp;<\/p>\n<p><span style=\"font-family: 'Microsoft Yahei'\"><a class=\"fancybox\" href=\"https:\/\/www.vet-china.com\/uploads\/\u751f\u4ea7\u8bbe\u59071.jpg\" target=\"_blank\" rel=\"noopener\"><img decoding=\"async\" src=\"https:\/\/www.vet-china.com\/uploads\/\u751f\u4ea7\u8bbe\u59071.jpg\" alt=\"\u751f\u4ea7\u8bbe\u5907\"><\/a><\/span><\/p>\n<p>&nbsp;<\/p>\n<p><span style=\"font-family: 'Microsoft Yahei'\"><a class=\"fancybox\" href=\"https:\/\/www.vet-china.com\/uploads\/\u516c\u53f8\u5ba2\u62371.jpg\" target=\"_blank\" rel=\"noopener\"><img decoding=\"async\" src=\"https:\/\/www.vet-china.com\/uploads\/\u516c\u53f8\u5ba2\u62371.jpg\" alt=\"\u516c\u53f8\u5ba2\u6237\"><\/a><\/span><\/p>\n<\/div>\n<\/div>\n<\/div>\n<\/div>\n<\/div>\n<\/div>\n<\/div>\n<\/div>\n<\/div>","protected":false},"excerpt":{"rendered":"<p><span style=\"font-family: 'Microsoft Yahei'\">The Contiguous Wafer Boat from vet-china is designed for efficient wafer handling in semiconductor manufacturing. Engineered with precision, vet-china&rsquo;s solution ensures thermal stability and chemical resistance, optimizing production processes while minimizing damage and enhancing throughput.<\/span><\/p>","protected":false},"featured_media":2501,"template":"","meta":[],"product_cat":[35,36],"product_tag":[41,40,42],"class_list":{"0":"post-196","1":"product","2":"type-product","3":"status-publish","4":"has-post-thumbnail","6":"product_cat-silicon-carbide-sic-ceramic","7":"product_cat-silicon-carbide-boat","8":"product_tag-contiguous-boat","9":"product_tag-contiguous-wafer-boat","10":"product_tag-wafer-boat","12":"first","13":"instock","14":"shipping-taxable","15":"product-type-simple"},"_links":{"self":[{"href":"https:\/\/www.cnvetenergy.com\/de\/wp-json\/wp\/v2\/product\/196","targetHints":{"allow":["GET"]}}],"collection":[{"href":"https:\/\/www.cnvetenergy.com\/de\/wp-json\/wp\/v2\/product"}],"about":[{"href":"https:\/\/www.cnvetenergy.com\/de\/wp-json\/wp\/v2\/types\/product"}],"version-history":[{"count":1,"href":"https:\/\/www.cnvetenergy.com\/de\/wp-json\/wp\/v2\/product\/196\/revisions"}],"predecessor-version":[{"id":2502,"href":"https:\/\/www.cnvetenergy.com\/de\/wp-json\/wp\/v2\/product\/196\/revisions\/2502"}],"wp:featuredmedia":[{"embeddable":true,"href":"https:\/\/www.cnvetenergy.com\/de\/wp-json\/wp\/v2\/media\/2501"}],"wp:attachment":[{"href":"https:\/\/www.cnvetenergy.com\/de\/wp-json\/wp\/v2\/media?parent=196"}],"wp:term":[{"taxonomy":"product_cat","embeddable":true,"href":"https:\/\/www.cnvetenergy.com\/de\/wp-json\/wp\/v2\/product_cat?post=196"},{"taxonomy":"product_tag","embeddable":true,"href":"https:\/\/www.cnvetenergy.com\/de\/wp-json\/wp\/v2\/product_tag?post=196"}],"curies":[{"name":"wp","href":"https:\/\/api.w.org\/{rel}","templated":true}]}}