{"id":206,"date":"2024-11-21T13:31:59","date_gmt":"2024-11-21T05:31:59","guid":{"rendered":"http:\/\/weitai1.globaldeepsea.site\/?post_type=product&#038;p=206"},"modified":"2026-03-13T17:05:12","modified_gmt":"2026-03-13T09:05:12","slug":"fabrik-direktverkauf-graphit-anode-und-kathodenplatte-fur-pem-brennstoffzelle","status":"publish","type":"product","link":"https:\/\/www.cnvetenergy.com\/de\/product\/fabrik-direktverkauf-graphit-anode-und-kathodenplatte-fur-pem-brennstoffzelle\/","title":{"rendered":"Fabrik Direktverkauf Graphit Anode und Kathodenplatte f\u00fcr PEM Brennstoffzelle"},"content":{"rendered":"<p><span style=\"font-family: 'Microsoft Yahei'\"><img decoding=\"async\" src=\"https:\/\/www.vet-china.com\/uploads\/Product-Description.jpg\" alt=\"Product Description\"><\/span><\/p>\n<p><span style=\"font-family: 'Microsoft Yahei'\">We have developed cost- effective <a href=\"https:\/\/www.vet-china.com\/search.php?s=graphite+bipolar+plate&amp;cat=490\" target=\"_blank\" rel=\"noopener\">graphite bipolar plate<\/a>s which requires the use of advanced bipolar plates with high electrical conductivity and good mechanical strength.&nbsp;It is refined by high-pressure forming, vacuum impregnation, and high-temperature heat treatment, our bipolar plate&nbsp;has the characteristics of wear resistance, temperature resistance, pressure resistance, corrosion resistance, creep resistance, oil-free self-lubrication, small expansion coefficient, and superior sealing performance.<\/span><\/p>\n<p><span style=\"font-family: 'Microsoft Yahei'\">Wir k\u00f6nnen die Bipolarplatten auf beiden Seiten mit Str\u00f6mungsfeldern bearbeiten oder eine Maschine einseitig bearbeiten oder auch unbearbeitete Zuschnittplatten bereitstellen. Alle Graphitplatten k\u00f6nnen nach Ihrem detaillierten Design bearbeitet werden.<\/span><\/p>\n<p><span style=\"font-family: 'Microsoft Yahei'\">Graphit Bipolar Platten Material Datenblatt:<\/span><\/p>\n<table border=\"1\" cellspacing=\"0\">\n<tbody>\n<tr>\n<td valign=\"center\" width=\"92\"><span style=\"font-family: 'Microsoft Yahei'\">Material<\/span><\/td>\n<td valign=\"center\" width=\"94\"><span style=\"font-family: 'Microsoft Yahei'\">Gro\u00dfe Dichte<\/span><\/td>\n<td valign=\"center\" width=\"103\"><span style=\"font-family: 'Microsoft Yahei'\">Flexibilisierung<\/span><br \/><span style=\"font-family: 'Microsoft Yahei'\">St\u00e4rke<\/span><\/td>\n<td valign=\"center\" width=\"113\"><span style=\"font-family: 'Microsoft Yahei'\">Druckfestigkeit<\/span><\/td>\n<td valign=\"center\" width=\"103\"><span style=\"font-family: 'Microsoft Yahei'\">Spezifische Resistenz<\/span><\/td>\n<td valign=\"center\" width=\"151\"><span style=\"font-family: 'Microsoft Yahei'\">Offene Porosit\u00e4t<\/span><\/td>\n<\/tr>\n<tr>\n<td valign=\"center\" width=\"92\"><span style=\"font-family: 'Microsoft Yahei'\">ET-7<\/span><\/td>\n<td valign=\"center\" width=\"94\"><span style=\"font-family: 'Microsoft Yahei'\">1,9 g\/cm min<\/span><\/td>\n<td valign=\"center\" width=\"103\"><span style=\"font-family: 'Microsoft Yahei'\">45 Mpa min<\/span><\/td>\n<td valign=\"center\" width=\"113\"><span style=\"font-family: 'Microsoft Yahei'\">90 Mpa min<\/span><\/td>\n<td valign=\"center\" width=\"103\"><span style=\"font-family: 'Microsoft Yahei'\">10,0 \u03bcm max<\/span><\/td>\n<td valign=\"center\" width=\"151\"><span style=\"font-family: 'Microsoft Yahei'\">&le;0.1%<\/span><\/td>\n<\/tr>\n<tr>\n<td colspan=\"6\" valign=\"center\" width=\"659\"><span style=\"font-family: 'Microsoft Yahei'\">Mehr Qualit\u00e4ten von Graphitmaterialien sind verf\u00fcgbar, um nach spezifischer Anwendung auszuw\u00e4hlen.<\/span><\/td>\n<\/tr>\n<\/tbody>\n<\/table>\n<p><span style=\"font-family: 'Microsoft Yahei'\">Eigenschaften:<\/span><br \/><span style=\"font-family: 'Microsoft Yahei'\">\u2013 gasundurchl\u00e4ssig ( Wasserstoff und Sauerstoff)<\/span><br \/><span style=\"font-family: 'Microsoft Yahei'\">\u2013 Ideale elektrische Leitf\u00e4higkeit<\/span><br \/><span style=\"font-family: 'Microsoft Yahei'\">\u2013 Eine Balance zwischen Leitf\u00e4higkeit, St\u00e4rke, Gr\u00f6\u00dfe und Gewicht<\/span><br \/><span style=\"font-family: 'Microsoft Yahei'\">\u2013 Korrosionsbest\u00e4ndigkeit<\/span><br \/><span style=\"font-family: 'Microsoft Yahei'\">\u2013 Einfach zu produzieren in gro\u00dfen Funktionen:<\/span><br \/><span style=\"font-family: 'Microsoft Yahei'\">\u2013 kosteng\u00fcnstig<\/span><\/p>\n<p><span style=\"font-family: 'Microsoft Yahei'\"><img decoding=\"async\" src=\"https:\/\/www.vet-china.com\/uploads\/Detailed-Images.jpg\" alt=\"Detailbilder\"><\/span><br \/><span style=\"font-family: 'Microsoft Yahei'\"><img decoding=\"async\" src=\"https:\/\/cdn.goodao.net\/vet-china\/082101941.jpg\" alt=\"20\"><\/span><\/p>\n<p><span style=\"font-family: 'Microsoft Yahei'\"><img decoding=\"async\" src=\"https:\/\/www.vet-china.com\/uploads\/Company-Information.jpg\" alt=\"Unternehmen Informationen\"><\/span><\/p>\n<p><span style=\"font-family: 'Microsoft Yahei'\">Ningbo VET Energietechnik Co., Ltd ist ein High-Tech-Unternehmen, das sich auf die Produktion und den Vertrieb von High-End- fortschrittlichen Materialien, die Materialien und Technologie einschlie\u00dflich Graphit, Siliziumkarbid, Keramik, Oberfl\u00e4chenbehandlung wie SiC-Beschichtung, TaC-Beschichtung, glasige Kohlenstoff-Beschichtung, pyrolytische Kohlenstoff-Beschichtung, etc. konzentriert, sind diese Produkte weit verbreitet in der Photovoltaik, Halbleiter, neue Energie, Metallurgie, etc..<\/span><\/p>\n<p><span style=\"font-family: 'Microsoft Yahei'\">Unser technisches Team kommt von f\u00fchrenden inl\u00e4ndischen Forschungseinrichtungen und hat mehrere patentierte Technologien entwickelt, um Produktleistung und Qualit\u00e4t zu gew\u00e4hrleisten, k\u00f6nnen Kunden auch professionelle Materiall\u00f6sungen bieten.<\/span><\/p>\n<p><span style=\"font-family: 'Microsoft Yahei'\"><a class=\"fancybox\" href=\"https:\/\/www.vet-china.com\/uploads\/\u7814\u53d1\u56e2\u961f2.jpg\" target=\"_blank\" rel=\"noopener\"><img decoding=\"async\" class=\"alignnone size-full wp-image-161042\" src=\"https:\/\/www.vet-china.com\/uploads\/\u7814\u53d1\u56e2\u961f2.jpg\" alt=\"\u7814\u53d1\u56e2\u961f\"><\/a><\/span><\/p>\n<p><span style=\"font-family: 'Microsoft Yahei'\"><a class=\"fancybox\" href=\"https:\/\/www.vet-china.com\/uploads\/\u751f\u4ea7\u8bbe\u59071.jpg\" target=\"_blank\" rel=\"noopener\"><img decoding=\"async\" class=\"alignnone size-full wp-image-161043\" src=\"https:\/\/www.vet-china.com\/uploads\/\u751f\u4ea7\u8bbe\u59071.jpg\" alt=\"\u751f\u4ea7\u8bbe\u5907\"><\/a><\/span><\/p>\n<p><span style=\"font-family: 'Microsoft Yahei'\"><a class=\"fancybox\" href=\"https:\/\/www.vet-china.com\/uploads\/\u516c\u53f8\u5ba2\u62371.jpg\" target=\"_blank\" rel=\"noopener\"><img decoding=\"async\" class=\"alignnone size-full wp-image-161044\" src=\"https:\/\/www.vet-china.com\/uploads\/\u516c\u53f8\u5ba2\u62371.jpg\" alt=\"\u516c\u53f8\u5ba2\u6237\"><\/a><\/span><\/p>","protected":false},"excerpt":{"rendered":"<p>ET Energiegraphitplatte f\u00fcr Brennstoffzelle nimmt hochwertiges Graphitmaterial an und f\u00fcgt organische Verbindung mit starker S\u00e4urebest\u00e4ndigkeit hinzu. Er wird durch Hochdruck-, Vakuumimpr\u00e4gnierung und Hochtemperatur-W\u00e4rmebehandlung verfeinert. unsere bipolare Platte hat hohe Verarbeitungsgenauigkeit, ausgezeichnetes Material, hohe Temperaturbest\u00e4ndigkeit, Korrosionsbest\u00e4ndigkeit und lange Lebensdauer.<\/p>","protected":false},"featured_media":2499,"template":"","meta":[],"product_cat":[44],"product_tag":[45,46,47,48,49,50,51,52],"class_list":{"0":"post-206","1":"product","2":"type-product","3":"status-publish","4":"has-post-thumbnail","6":"product_cat-graphite-plate","7":"product_tag-bipolar-graphite-plate","8":"product_tag-bipolar-plate","9":"product_tag-bipolar-plate-for-fuel-cell","10":"product_tag-bipolar-plate-for-hydrogen-fuel-cell","11":"product_tag-fuel-cell-bipolar-graphite-plate","12":"product_tag-fuel-cell-bipolar-plate","13":"product_tag-fuel-cell-grade-graphite-plate","14":"product_tag-graphite-bipolar-plate","16":"first","17":"instock","18":"shipping-taxable","19":"product-type-simple"},"_links":{"self":[{"href":"https:\/\/www.cnvetenergy.com\/de\/wp-json\/wp\/v2\/product\/206","targetHints":{"allow":["GET"]}}],"collection":[{"href":"https:\/\/www.cnvetenergy.com\/de\/wp-json\/wp\/v2\/product"}],"about":[{"href":"https:\/\/www.cnvetenergy.com\/de\/wp-json\/wp\/v2\/types\/product"}],"version-history":[{"count":1,"href":"https:\/\/www.cnvetenergy.com\/de\/wp-json\/wp\/v2\/product\/206\/revisions"}],"predecessor-version":[{"id":2500,"href":"https:\/\/www.cnvetenergy.com\/de\/wp-json\/wp\/v2\/product\/206\/revisions\/2500"}],"wp:featuredmedia":[{"embeddable":true,"href":"https:\/\/www.cnvetenergy.com\/de\/wp-json\/wp\/v2\/media\/2499"}],"wp:attachment":[{"href":"https:\/\/www.cnvetenergy.com\/de\/wp-json\/wp\/v2\/media?parent=206"}],"wp:term":[{"taxonomy":"product_cat","embeddable":true,"href":"https:\/\/www.cnvetenergy.com\/de\/wp-json\/wp\/v2\/product_cat?post=206"},{"taxonomy":"product_tag","embeddable":true,"href":"https:\/\/www.cnvetenergy.com\/de\/wp-json\/wp\/v2\/product_tag?post=206"}],"curies":[{"name":"wp","href":"https:\/\/api.w.org\/{rel}","templated":true}]}}