{"id":67,"date":"2024-11-21T10:28:28","date_gmt":"2024-11-21T02:28:28","guid":{"rendered":"http:\/\/weitai1.globaldeepsea.site\/?post_type=product&#038;p=67"},"modified":"2026-03-13T17:05:20","modified_gmt":"2026-03-13T09:05:20","slug":"67","status":"publish","type":"product","link":"https:\/\/www.cnvetenergy.com\/de\/product\/67\/","title":{"rendered":"SiC-beschichtete Graphit-Grundtr\u00e4ger"},"content":{"rendered":"<p>SiC-beschichtete Graphittr\u00e4ger sind eine Schl\u00fcsselkomponente, die in verschiedenen Halbleiterherstellungsprozessen verwendet wird. Wir nutzen unsere patentierte Technologie, um Siliziumkarbid-Tr\u00e4ger mit extrem hoher Reinheit, guter Beschichtungsgleichm\u00e4\u00dfigkeit und ausgezeichneter Lebensdauer sowie hoher chemischer Best\u00e4ndigkeit und thermischer Stabilit\u00e4t herzustellen.<\/p>\n<p><a class=\"fancybox\" href=\"https:\/\/www.vet-china.com\/uploads\/64.png\" target=\"_blank\" rel=\"noopener\"><img decoding=\"async\" src=\"https:\/\/www.vet-china.com\/uploads\/64.png\" alt=\"6\" \/><\/a><\/p>\n<p>Merkmale unserer Produkte:<\/p>\n<p>1. Hohe Temperatur Oxidationsbest\u00e4ndigkeit bis zu 1700\u2103.<br \/>\n2. Hohe Reinheit und thermische Gleichm\u00e4\u00dfigkeit<br \/>\n3. Ausgezeichnete Korrosionsbest\u00e4ndigkeit: S\u00e4ure, Alkali, Salz und organische Reagenzien.<br \/>\n4. Hohe H\u00e4rte, kompakte Oberfl\u00e4che, feine Partikel.<br \/>\n5. L\u00e4ngere Lebensdauer und mehr haltbar<\/p>\n<table border=\"1\" cellspacing=\"0\">\n<tbody>\n<tr>\n<td colspan=\"2\" valign=\"center\" width=\"568\">\n<p align=\"center\"><b>CVD<\/b><b>\u00a0<\/b><b>Si<\/b><b>C<\/b><b>\u8584\u819c\u57fa\u672c\u7269\u7406\u6027\u80fd<\/b><b><\/b><\/p>\n<p align=\"center\"><b>Grundlegende physikalische Eigenschaften von CVD-SiC <\/b><b>Beschichtung<\/b><b><\/b><\/p>\n<\/td>\n<\/tr>\n<tr>\n<td valign=\"center\" width=\"248\">\n<p align=\"justify\">\u6027\u8d28 \/ Eigentum<\/p>\n<\/td>\n<td valign=\"center\" width=\"319\">\n<p align=\"justify\">\u5178\u578b\u6570\u503c \/ Typischer Wert<\/p>\n<\/td>\n<\/tr>\n<tr>\n<td valign=\"center\" width=\"248\">\n<p align=\"justify\">\u6676\u4f53\u7ed3\u6784 \/ Kristallstruktur<\/p>\n<\/td>\n<td valign=\"center\" width=\"319\">\n<p align=\"justify\">FCC \u03b2-Phase \u591a\u6676\uff0c\u4e3b\u8981\u4e3a\uff08111\uff09\u53d6\u5411<\/p>\n<\/td>\n<\/tr>\n<tr>\n<td valign=\"center\" width=\"248\">\n<p align=\"justify\">\u5bc6\u5ea6 \/ Dichte<\/p>\n<\/td>\n<td valign=\"center\" width=\"319\">\n<p align=\"justify\">3,21 g\/cm\u00b3<\/p>\n<\/td>\n<\/tr>\n<tr>\n<td valign=\"center\" width=\"248\">\n<p align=\"justify\">\u786c\u5ea6 \/ H\u00e4rte<\/p>\n<\/td>\n<td valign=\"center\" width=\"319\">\n<p align=\"justify\">2500 \u7ef4\u6c0f\u786c\u5ea6\uff08500g Last\uff09<\/p>\n<\/td>\n<\/tr>\n<tr>\n<td valign=\"center\" width=\"248\">\n<p align=\"justify\">\u6676\u7c92\u5927\u5c0f \/ Grain SiZe<\/p>\n<\/td>\n<td valign=\"center\" width=\"319\">\n<p align=\"justify\">2~10\u03bcm<\/p>\n<\/td>\n<\/tr>\n<tr>\n<td valign=\"center\" width=\"248\">\n<p align=\"justify\">\u7eaf\u5ea6 \/ Chemische Reinheit<\/p>\n<\/td>\n<td valign=\"center\" width=\"319\">\n<p align=\"justify\">99.99995%<\/p>\n<\/td>\n<\/tr>\n<tr>\n<td valign=\"center\" width=\"248\">\n<p align=\"justify\">\u70ed\u5bb9 \/ W\u00e4rmekapazit\u00e4t<\/p>\n<\/td>\n<td valign=\"center\" width=\"319\">\n<p align=\"justify\">640 J-kg<sup>-1<\/sup>-K<sup>-1<\/sup><\/p>\n<\/td>\n<\/tr>\n<tr>\n<td valign=\"center\" width=\"248\">\n<p align=\"justify\">\u5347\u534e\u6e29\u5ea6 \/ Sublimationstemperatur<\/p>\n<\/td>\n<td valign=\"center\" width=\"319\">\n<p align=\"justify\">2700\u2103<\/p>\n<\/td>\n<\/tr>\n<tr>\n<td valign=\"center\" width=\"248\">\n<p align=\"justify\">\u6297\u5f2f\u5f3a\u5ea6 \/ Biegefestigkeit<\/p>\n<\/td>\n<td valign=\"center\" width=\"319\">\n<p align=\"justify\">415 MPa RT 4-Punkt<\/p>\n<\/td>\n<\/tr>\n<tr>\n<td valign=\"center\" width=\"248\">\n<p align=\"justify\">\u6768\u6c0f\u6a21\u91cf \/ Elastizit\u00e4tsmodul<\/p>\n<\/td>\n<td valign=\"center\" width=\"319\">\n<p align=\"justify\">430 Gpa 4pt Biegung, 1300\u2103<\/p>\n<\/td>\n<\/tr>\n<tr>\n<td valign=\"center\" width=\"248\">\n<p align=\"justify\">\u5bfc\u70ed\u7cfb\u6570 \/ W\u00e4rmeleitf\u00e4higkeit<\/p>\n<\/td>\n<td valign=\"center\" width=\"319\">\n<p align=\"justify\">300W-m<sup>-1<\/sup>-K<sup>-1<\/sup><\/p>\n<\/td>\n<\/tr>\n<tr>\n<td valign=\"center\" width=\"248\">\n<p align=\"justify\">\u70ed\u81a8\u80c0\u7cfb\u6570 \/ W\u00e4rmeausdehnung(CTE)<\/p>\n<\/td>\n<td valign=\"center\" width=\"319\">\n<p align=\"justify\">4.5\u00d710<sup>-6<\/sup>K<sup>-1<\/sup><\/p>\n<\/td>\n<\/tr>\n<\/tbody>\n<\/table>\n<p><a class=\"fancybox\" href=\"https:\/\/www.vet-china.com\/uploads\/1109.jpg\" target=\"_blank\" rel=\"noopener\"><img decoding=\"async\" class=\"alignnone size-full wp-image-161022\" src=\"https:\/\/www.vet-china.com\/uploads\/1109.jpg\" alt=\"1\" \/><\/a><\/p>\n<p><a class=\"fancybox\" href=\"https:\/\/www.vet-china.com\/uploads\/284.jpg\" target=\"_blank\" rel=\"noopener\"><img decoding=\"async\" class=\"alignnone size-full wp-image-161023\" src=\"https:\/\/www.vet-china.com\/uploads\/284.jpg\" alt=\"2\" \/><\/a><\/p>\n<p>VET Energy ist ein echter Hersteller von kundenspezifischen Graphit- und Siliziumkarbidprodukten mit verschiedenen Beschichtungen wie SiC-Beschichtung, TaC-Beschichtung, glasartiger Kohlenstoffbeschichtung, pyrolytischer Kohlenstoffbeschichtung usw. und kann verschiedene kundenspezifische Teile f\u00fcr die Halbleiter- und Photovoltaikindustrie liefern.<\/p>\n<p>Unser technisches Team kommt aus f\u00fchrenden inl\u00e4ndischen Forschungseinrichtungen und kann Ihnen professionelle Materiall\u00f6sungen anbieten.<\/p>\n<p>Wir entwickeln kontinuierlich fortschrittliche Verfahren, um noch fortschrittlichere Materialien anbieten zu k\u00f6nnen, und haben eine exklusive, patentierte Technologie entwickelt, mit der die Bindung zwischen der Beschichtung und dem Substrat fester und weniger anf\u00e4llig f\u00fcr Abl\u00f6sungen ist.<\/p>\n<p><strong>Wir laden Sie herzlich ein, unser Werk zu besuchen und mit uns zu diskutieren!<\/strong><\/p>\n<p><a class=\"fancybox\" href=\"https:\/\/www.vet-china.com\/uploads\/\u7814\u53d1\u56e2\u961f2.jpg\" target=\"_blank\" rel=\"noopener\"><img decoding=\"async\" src=\"https:\/\/www.vet-china.com\/uploads\/\u7814\u53d1\u56e2\u961f2.jpg\" alt=\"\u7814\u53d1\u56e2\u961f\" \/><\/a><\/p>\n<p>&nbsp;<\/p>\n<p><a class=\"fancybox\" href=\"https:\/\/www.vet-china.com\/uploads\/\u751f\u4ea7\u8bbe\u59071.jpg\" target=\"_blank\" rel=\"noopener\"><img decoding=\"async\" src=\"https:\/\/www.vet-china.com\/uploads\/\u751f\u4ea7\u8bbe\u59071.jpg\" alt=\"\u751f\u4ea7\u8bbe\u5907\" \/><\/a><\/p>\n<p>&nbsp;<\/p>\n<p><a class=\"fancybox\" href=\"https:\/\/www.vet-china.com\/uploads\/\u516c\u53f8\u5ba2\u62371.jpg\" target=\"_blank\" rel=\"noopener\"><img decoding=\"async\" src=\"https:\/\/www.vet-china.com\/uploads\/\u516c\u53f8\u5ba2\u62371.jpg\" alt=\"\u516c\u53f8\u5ba2\u6237\" \/><\/a><\/p>","protected":false},"excerpt":{"rendered":"<p>Kurze Beschreibung:<\/p>\n<p>Der SiC-beschichtete Graphittr\u00e4ger von VET Energy ist ein Hochleistungsprodukt, das f\u00fcr eine gleichbleibende und zuverl\u00e4ssige Leistung \u00fcber einen langen Zeitraum ausgelegt ist. Es verf\u00fcgt \u00fcber eine sehr gute W\u00e4rmebest\u00e4ndigkeit und thermische Gleichm\u00e4\u00dfigkeit, hohe Reinheit und Erosionsbest\u00e4ndigkeit, was es zur perfekten L\u00f6sung f\u00fcr Anwendungen in der Waferverarbeitung macht.<\/p>\n<p>Herkunftsort :<br \/>\nChina<br \/>\nKristallstruktur :<br \/>\nFCC\u03b2-Phase<br \/>\nDichte :<br \/>\n3,21 g\/cm<br \/>\nH\u00e4rte :<br \/>\n2500 Vickers<br \/>\nKorngr\u00f6\u00dfe :<br \/>\n2~10\u03bcm<br \/>\nChemische Reinheit :<br \/>\n99.99995%<br \/>\nW\u00e4rmekapazit\u00e4t :<br \/>\n640J-kg-1-K-1<br \/>\nSublimationstemperatur :<br \/>\n2700\u2103<br \/>\nFelexural Strength :<br \/>\n415 Mpa (RT 4-Punkt)<br \/>\nElastizit\u00e4tsmodul :<br \/>\n430 Gpa (4pt bend, 1300\u2103)<br \/>\nThermische Ausdehnung (C.T.E) :<br \/>\n4.5 10-6K-1<br \/>\nW\u00e4rmeleitf\u00e4higkeit :<br \/>\n300\uff08W\/MK\uff09<\/p>","protected":false},"featured_media":71,"template":"","meta":[],"product_cat":[16,23],"product_tag":[24],"class_list":{"0":"post-67","1":"product","2":"type-product","3":"status-publish","4":"has-post-thumbnail","6":"product_cat-cvd-coating","7":"product_cat-sic-epitaxial-parts","8":"product_tag-sic-coated-graphite-base-carriers","10":"first","11":"instock","12":"shipping-taxable","13":"product-type-simple"},"_links":{"self":[{"href":"https:\/\/www.cnvetenergy.com\/de\/wp-json\/wp\/v2\/product\/67","targetHints":{"allow":["GET"]}}],"collection":[{"href":"https:\/\/www.cnvetenergy.com\/de\/wp-json\/wp\/v2\/product"}],"about":[{"href":"https:\/\/www.cnvetenergy.com\/de\/wp-json\/wp\/v2\/types\/product"}],"version-history":[{"count":1,"href":"https:\/\/www.cnvetenergy.com\/de\/wp-json\/wp\/v2\/product\/67\/revisions"}],"predecessor-version":[{"id":2623,"href":"https:\/\/www.cnvetenergy.com\/de\/wp-json\/wp\/v2\/product\/67\/revisions\/2623"}],"wp:featuredmedia":[{"embeddable":true,"href":"https:\/\/www.cnvetenergy.com\/de\/wp-json\/wp\/v2\/media\/71"}],"wp:attachment":[{"href":"https:\/\/www.cnvetenergy.com\/de\/wp-json\/wp\/v2\/media?parent=67"}],"wp:term":[{"taxonomy":"product_cat","embeddable":true,"href":"https:\/\/www.cnvetenergy.com\/de\/wp-json\/wp\/v2\/product_cat?post=67"},{"taxonomy":"product_tag","embeddable":true,"href":"https:\/\/www.cnvetenergy.com\/de\/wp-json\/wp\/v2\/product_tag?post=67"}],"curies":[{"name":"wp","href":"https:\/\/api.w.org\/{rel}","templated":true}]}}