{"id":79,"date":"2024-11-21T10:43:26","date_gmt":"2024-11-21T02:43:26","guid":{"rendered":"http:\/\/weitai1.globaldeepsea.site\/?post_type=product&#038;p=79"},"modified":"2026-03-13T17:05:19","modified_gmt":"2026-03-13T09:05:19","slug":"china-manufacturer-sic-coated-graphite-mocvd-epitaxy-susceptor","status":"publish","type":"product","link":"https:\/\/www.cnvetenergy.com\/de\/product\/china-manufacturer-sic-coated-graphite-mocvd-epitaxy-susceptor\/","title":{"rendered":"China Hersteller SiC beschichtet Graphit MOCVD Epitaxie Suszeptor"},"content":{"rendered":"<div class=\"fl-builder-content fl-builder-content-151532 fl-builder-content-primary fl-builder-global-templates-locked\" data-post-id=\"151532\">\n<div class=\"fl-row fl-row-fixed-width fl-row-bg-none fl-node-625fc203db05e\" data-node=\"625fc203db05e\">\n<div class=\"fl-row-content-wrap\">\n<div class=\"fl-row-content fl-row-fixed-width fl-node-content\">\n<div class=\"fl-col-group fl-node-625fc203db5d4\" data-node=\"625fc203db5d4\">\n<div class=\"fl-col fl-node-625fc203db7b7\" data-node=\"625fc203db7b7\">\n<div class=\"fl-col-content fl-node-content\">\n<div class=\"fl-module fl-module-rich-text fl-node-625fc203dcdf0\" data-node=\"625fc203dcdf0\" data-animation-delay=\"0.0\">\n<div class=\"fl-module-content fl-node-content\">\n<div class=\"fl-rich-text\">\n<p>Hohe Qualit\u00e4t MOCVD Suszeptor Online kaufen in China<\/p>\n<p><a class=\"fancybox\" href=\"https:\/\/www.vet-china.com\/uploads\/28.png\" target=\"_blank\" rel=\"noopener\"><img decoding=\"async\" class=\"alignnone size-full wp-image-153303\" src=\"https:\/\/www.vet-china.com\/uploads\/28.png\" alt=\"2\" \/><\/a><\/p>\n<p>Ein Wafer muss mehrere Schritte durchlaufen, bevor er f\u00fcr den Einsatz in elektronischen Ger\u00e4ten bereit ist. Ein wichtiges Verfahren ist die Siliziumepitaxie, bei der die Wafer auf Graphitanf\u00e4lligen getragen werden. Die Eigenschaften und Qualit\u00e4t der Suszeptoren haben einen entscheidenden Einfluss auf die Qualit\u00e4t der epitaktischen Schicht des Wafers.<\/p>\n<p>F\u00fcr d\u00fcnne Filmabscheidungsphasen wie Epitaxie oder MOCVD liefert das VET ultrareines Graphitequipment, das zur Unterst\u00fctzung von Substraten oder \"Wafern\" verwendet wird. Im Kern des Prozesses werden diese Ger\u00e4te, Epitaxieanf\u00e4llige oder Satellitenplattformen f\u00fcr die MOCVD zun\u00e4chst der Abscheideumgebung unterworfen:<\/p>\n<p>Hohe Temperatur.<br \/>\nHochvakuum.<br \/>\nVerwendung aggressiver gasf\u00f6rmiger Vorl\u00e4ufer.<br \/>\nKeine Verunreinigung, kein Absch\u00e4len.<br \/>\nBest\u00e4ndigkeit gegen starke S\u00e4uren bei Reinigungsvorg\u00e4ngen<\/p>\n<div class=\"fl-row fl-row-fixed-width fl-row-bg-none fl-node-65dafade3e1a8\" data-node=\"65dafade3e1a8\">\n<div class=\"fl-row-content-wrap\">\n<div class=\"fl-row-content fl-row-fixed-width fl-node-content\">\n<div class=\"fl-col-group fl-node-65dafade3e1e7\" data-node=\"65dafade3e1e7\">\n<div class=\"fl-col fl-node-65dafade3e227\" data-node=\"65dafade3e227\">\n<div class=\"fl-col-content fl-node-content\">\n<div class=\"fl-module fl-module-rich-text fl-node-65dafade3e267\" data-node=\"65dafade3e267\" data-animation-delay=\"0.0\">\n<div class=\"fl-module-content fl-node-content\">\n<div class=\"fl-rich-text\">\n<p>ET Energie ist der eigentliche Hersteller von ma\u00dfgeschneiderten Graphit- und Siliziumkarbid-Produkten mit Beschichtung f\u00fcr die Halbleiter- und Photovoltaikindustrie. Unser technisches Team kommt von f\u00fchrenden inl\u00e4ndischen Forschungseinrichtungen, kann Ihnen professionellere Materiall\u00f6sungen bieten.<\/p>\n<p>Wir entwickeln kontinuierlich fortschrittliche Verfahren, um noch fortschrittlichere Materialien anbieten zu k\u00f6nnen, und haben eine exklusive, patentierte Technologie entwickelt, mit der die Bindung zwischen der Beschichtung und dem Substrat fester und weniger anf\u00e4llig f\u00fcr Abl\u00f6sungen ist.<\/p>\n<p>Merkmale unserer Produkte:<\/p>\n<p>1. Hohe Temperatur Oxidationsbest\u00e4ndigkeit bis zu 1700\u2103.<br \/>\n2. Hohe Reinheit und thermische Gleichm\u00e4\u00dfigkeit<br \/>\n3. Ausgezeichnete Korrosionsbest\u00e4ndigkeit: S\u00e4ure, Alkali, Salz und organische Reagenzien.<br \/>\n4. Hohe H\u00e4rte, kompakte Oberfl\u00e4che, feine Partikel.<br \/>\n5. L\u00e4ngere Lebensdauer und mehr haltbar<\/p>\n<table border=\"1\" cellspacing=\"0\">\n<tbody>\n<tr>\n<td colspan=\"2\" valign=\"center\" width=\"568\">\n<p align=\"center\"><b>CVD<\/b><b>\u00a0<\/b><b>Si<\/b><b>C<\/b><b>\u8584\u819c\u57fa\u672c\u7269\u7406\u6027\u80fd<\/b><b><\/b><\/p>\n<p align=\"center\"><b>Grundlegende physikalische Eigenschaften von CVD-SiC <\/b><b>Beschichtung<\/b><b><\/b><\/p>\n<\/td>\n<\/tr>\n<tr>\n<td valign=\"center\" width=\"248\">\n<p align=\"justify\">\u6027\u8d28 \/ Eigentum<\/p>\n<\/td>\n<td valign=\"center\" width=\"319\">\n<p align=\"justify\">\u5178\u578b\u6570\u503c \/ Typischer Wert<\/p>\n<\/td>\n<\/tr>\n<tr>\n<td valign=\"center\" width=\"248\">\n<p align=\"justify\">\u6676\u4f53\u7ed3\u6784 \/ Kristallstruktur<\/p>\n<\/td>\n<td valign=\"center\" width=\"319\">\n<p align=\"justify\">FCC \u03b2-Phase \u591a\u6676\uff0c\u4e3b\u8981\u4e3a\uff08111\uff09\u53d6\u5411<\/p>\n<\/td>\n<\/tr>\n<tr>\n<td valign=\"center\" width=\"248\">\n<p align=\"justify\">\u5bc6\u5ea6 \/ Dichte<\/p>\n<\/td>\n<td valign=\"center\" width=\"319\">\n<p align=\"justify\">3,21 g\/cm\u00b3<\/p>\n<\/td>\n<\/tr>\n<tr>\n<td valign=\"center\" width=\"248\">\n<p align=\"justify\">\u786c\u5ea6 \/ H\u00e4rte<\/p>\n<\/td>\n<td valign=\"center\" width=\"319\">\n<p align=\"justify\">2500 \u7ef4\u6c0f\u786c\u5ea6\uff08500g Last\uff09<\/p>\n<\/td>\n<\/tr>\n<tr>\n<td valign=\"center\" width=\"248\">\n<p align=\"justify\">\u6676\u7c92\u5927\u5c0f \/ Grain SiZe<\/p>\n<\/td>\n<td valign=\"center\" width=\"319\">\n<p align=\"justify\">2~10\u03bcm<\/p>\n<\/td>\n<\/tr>\n<tr>\n<td valign=\"center\" width=\"248\">\n<p align=\"justify\">\u7eaf\u5ea6 \/ Chemische Reinheit<\/p>\n<\/td>\n<td valign=\"center\" width=\"319\">\n<p align=\"justify\">99.99995%<\/p>\n<\/td>\n<\/tr>\n<tr>\n<td valign=\"center\" width=\"248\">\n<p align=\"justify\">\u70ed\u5bb9 \/ W\u00e4rmekapazit\u00e4t<\/p>\n<\/td>\n<td valign=\"center\" width=\"319\">\n<p align=\"justify\">640 J-kg<sup>-1<\/sup>-K<sup>-1<\/sup><\/p>\n<\/td>\n<\/tr>\n<tr>\n<td valign=\"center\" width=\"248\">\n<p align=\"justify\">\u5347\u534e\u6e29\u5ea6 \/ Sublimationstemperatur<\/p>\n<\/td>\n<td valign=\"center\" width=\"319\">\n<p align=\"justify\">2700\u2103<\/p>\n<\/td>\n<\/tr>\n<tr>\n<td valign=\"center\" width=\"248\">\n<p align=\"justify\">\u6297\u5f2f\u5f3a\u5ea6 \/ Biegefestigkeit<\/p>\n<\/td>\n<td valign=\"center\" width=\"319\">\n<p align=\"justify\">415 MPa RT 4-Punkt<\/p>\n<\/td>\n<\/tr>\n<tr>\n<td valign=\"center\" width=\"248\">\n<p align=\"justify\">\u6768\u6c0f\u6a21\u91cf \/ Elastizit\u00e4tsmodul<\/p>\n<\/td>\n<td valign=\"center\" width=\"319\">\n<p align=\"justify\">430 Gpa 4pt Biegung, 1300\u2103<\/p>\n<\/td>\n<\/tr>\n<tr>\n<td valign=\"center\" width=\"248\">\n<p align=\"justify\">\u5bfc\u70ed\u7cfb\u6570 \/ W\u00e4rmeleitf\u00e4higkeit<\/p>\n<\/td>\n<td valign=\"center\" width=\"319\">\n<p align=\"justify\">300W-m<sup>-1<\/sup>-K<sup>-1<\/sup><\/p>\n<\/td>\n<\/tr>\n<tr>\n<td valign=\"center\" width=\"248\">\n<p align=\"justify\">\u70ed\u81a8\u80c0\u7cfb\u6570 \/ W\u00e4rmeausdehnung(CTE)<\/p>\n<\/td>\n<td valign=\"center\" width=\"319\">\n<p align=\"justify\">4.5\u00d710<sup>-6<\/sup>K<sup>-1<\/sup><\/p>\n<\/td>\n<\/tr>\n<\/tbody>\n<\/table>\n<p><a class=\"fancybox\" href=\"https:\/\/www.vet-china.com\/uploads\/1109.jpg\" target=\"_blank\" rel=\"noopener\"><img decoding=\"async\" class=\"alignnone size-full wp-image-161022\" src=\"https:\/\/www.vet-china.com\/uploads\/1109.jpg\" alt=\"1\" \/><\/a><\/p>\n<p><a class=\"fancybox\" href=\"https:\/\/www.vet-china.com\/uploads\/284.jpg\" target=\"_blank\" rel=\"noopener\"><img decoding=\"async\" class=\"alignnone size-full wp-image-161023\" src=\"https:\/\/www.vet-china.com\/uploads\/284.jpg\" alt=\"2\" \/><\/a><\/p>\n<p><strong>Wir laden Sie herzlich ein, unser Werk zu besuchen und mit uns zu diskutieren!<\/strong><\/p>\n<p><a class=\"fancybox\" href=\"https:\/\/www.vet-china.com\/uploads\/\u7814\u53d1\u56e2\u961f2.jpg\" target=\"_blank\" rel=\"noopener\"><img decoding=\"async\" src=\"https:\/\/www.vet-china.com\/uploads\/\u7814\u53d1\u56e2\u961f2.jpg\" alt=\"\u7814\u53d1\u56e2\u961f\" \/><\/a><\/p>\n<p>&nbsp;<\/p>\n<p><a class=\"fancybox\" href=\"https:\/\/www.vet-china.com\/uploads\/\u751f\u4ea7\u8bbe\u59071.jpg\" target=\"_blank\" rel=\"noopener\"><img decoding=\"async\" src=\"https:\/\/www.vet-china.com\/uploads\/\u751f\u4ea7\u8bbe\u59071.jpg\" alt=\"\u751f\u4ea7\u8bbe\u5907\" \/><\/a><\/p>\n<p>&nbsp;<\/p>\n<p><a class=\"fancybox\" href=\"https:\/\/www.vet-china.com\/uploads\/\u516c\u53f8\u5ba2\u62371.jpg\" target=\"_blank\" rel=\"noopener\"><img decoding=\"async\" src=\"https:\/\/www.vet-china.com\/uploads\/\u516c\u53f8\u5ba2\u62371.jpg\" alt=\"\u516c\u53f8\u5ba2\u6237\" \/><\/a><\/p>\n<p>&nbsp;<\/p>\n<p>&nbsp;<\/p>","protected":false},"excerpt":{"rendered":"<p>Reinheit &lt; 5ppm<br \/>\nWIRTSCHAFT Gute Doping-Uniformit\u00e4t<br \/>\nWIRTSCHAFT Hohe Dichte und Haftung<br \/>\nWIRTSCHAFT Gute Korrosions- und Kohlenstoffbest\u00e4ndigkeit<\/p>\n<p>\u2713 Professionelle Anpassung<br \/>\nWIRTSCHAFT Kurze Lieferzeit<br \/>\n\u2713 Stabile Versorgung<br \/>\nQualit\u00e4tskontrolle und kontinuierliche Verbesserung<\/p>\n<p>Epitaxie von GaN auf Saphir (RGB\/Mini\/Micro LED);<br \/>\nEpitaxie von GaN auf Si Substrat (UVC);<br \/>\nEpitaxie von GaN auf Si Substrat (Elektronisches Ger\u00e4t);<br \/>\nEpitaxie von Si auf Si Substrat (integrierte Schaltung);<br \/>\nEpitaxie von SiC auf SiC-Substrat (Substrate);<br \/>\nEpitaxie von InP auf InP<\/p>","protected":false},"featured_media":80,"template":"","meta":[],"product_cat":[16,25],"product_tag":[22,24,26],"class_list":{"0":"post-79","1":"product","2":"type-product","3":"status-publish","4":"has-post-thumbnail","6":"product_cat-cvd-coating","7":"product_cat-mocvd-epitaxial-parts","8":"product_tag-epitaxial-epi-graphite-barrel-susceptor","9":"product_tag-sic-coated-graphite-base-carriers","10":"product_tag-sic-coated-graphite-mocvd-epitaxy-susceptor","12":"first","13":"instock","14":"shipping-taxable","15":"product-type-simple"},"_links":{"self":[{"href":"https:\/\/www.cnvetenergy.com\/de\/wp-json\/wp\/v2\/product\/79","targetHints":{"allow":["GET"]}}],"collection":[{"href":"https:\/\/www.cnvetenergy.com\/de\/wp-json\/wp\/v2\/product"}],"about":[{"href":"https:\/\/www.cnvetenergy.com\/de\/wp-json\/wp\/v2\/types\/product"}],"version-history":[{"count":1,"href":"https:\/\/www.cnvetenergy.com\/de\/wp-json\/wp\/v2\/product\/79\/revisions"}],"predecessor-version":[{"id":2622,"href":"https:\/\/www.cnvetenergy.com\/de\/wp-json\/wp\/v2\/product\/79\/revisions\/2622"}],"wp:featuredmedia":[{"embeddable":true,"href":"https:\/\/www.cnvetenergy.com\/de\/wp-json\/wp\/v2\/media\/80"}],"wp:attachment":[{"href":"https:\/\/www.cnvetenergy.com\/de\/wp-json\/wp\/v2\/media?parent=79"}],"wp:term":[{"taxonomy":"product_cat","embeddable":true,"href":"https:\/\/www.cnvetenergy.com\/de\/wp-json\/wp\/v2\/product_cat?post=79"},{"taxonomy":"product_tag","embeddable":true,"href":"https:\/\/www.cnvetenergy.com\/de\/wp-json\/wp\/v2\/product_tag?post=79"}],"curies":[{"name":"wp","href":"https:\/\/api.w.org\/{rel}","templated":true}]}}