{"id":1941,"date":"2025-02-27T15:09:53","date_gmt":"2025-02-27T07:09:53","guid":{"rendered":"http:\/\/weitai1.globaldeepsea.site\/product\/tac-coated-graphite-upper-halfmoon-manufacturer\/"},"modified":"2026-03-13T17:05:07","modified_gmt":"2026-03-13T09:05:07","slug":"tac-coated-graphite-upper-halfmoon-manufacturer","status":"publish","type":"product","link":"https:\/\/www.cnvetenergy.com\/es_es\/product\/tac-coated-graphite-upper-halfmoon-manufacturer\/","title":{"rendered":"TaC Coated Graphite Upper Halfmoon Manufacturer"},"content":{"rendered":"<div class=\"fl-col-group fl-node-665d5b42a3028\" style=\"color: #404040;font-family: opensans;font-size: 14px;font-style: normal;font-weight: 400;letter-spacing: normal;text-align: start;text-indent: 0px;text-transform: none;background-color: #ffffff\" data-node=\"665d5b42a3028\">\n<div class=\"fl-col fl-node-665d5b42a3069\" style=\"float: left;min-height: 1px;width: 836px\" data-node=\"665d5b42a3069\">\n<div class=\"fl-col-content fl-node-content\">\n<div class=\"fl-module fl-module-rich-text fl-node-665d5b42a317a\" data-node=\"665d5b42a317a\" data-animation-delay=\"0.0\">\n<div class=\"fl-module-content fl-node-content\" style=\"margin: 20px\">\n<div class=\"fl-rich-text\">\n<p style=\"margin: 0px;padding: 0.1rem 0px;font-size: 13px;line-height: 1.8\">The <a href=\"https:\/\/www.vet-china.com\/cvd-coating\/\" target=\"_blank\" rel=\"noopener\">TaC Coating <\/a>graphite crescent-shaped component is designed for high-temperature and specialized applications. It features a graphite substrate with a TaC coating, offering excellent thermal conductivity, corrosion resistance, and high-temperature stability. The TaC coating, prepared via physical vapor deposition, provides high hardness (2500-3000HV), superior wear resistance, exceptional high-temperature performance, and strong chemical stability against acids and alkalis.<\/p>\n<\/div>\n<\/div>\n<\/div>\n<div class=\"fl-module fl-module-rich-text fl-node-6682061d11580\" data-node=\"6682061d11580\" data-animation-delay=\"0.0\">\n<div class=\"fl-module-content fl-node-content\" style=\"margin: 20px\">\n<div class=\"fl-rich-text\">\n<p style=\"margin: 0px;padding: 0.1rem 0px;font-size: 13px;line-height: 1.8\">&nbsp;<\/p>\n<\/div>\n<\/div>\n<\/div>\n<\/div>\n<\/div>\n<\/div>\n<div class=\"fl-col-group fl-node-665d5b42a2fa0\" style=\"color: #404040;font-family: opensans;font-size: 14px;font-style: normal;font-weight: 400;letter-spacing: normal;text-align: start;text-indent: 0px;text-transform: none;background-color: #ffffff\" data-node=\"665d5b42a2fa0\">\n<div class=\"fl-col fl-node-665d5b42a3139 fl-col-small\" style=\"float: left;min-height: 1px;width: 418px\" data-node=\"665d5b42a3139\">\n<div class=\"fl-col-content fl-node-content\">\n<div class=\"fl-module fl-module-photo fl-node-665d5b42a2fe5\" data-node=\"665d5b42a2fe5\" data-animation-delay=\"0.0\">\n<div class=\"fl-module-content fl-node-content\" style=\"margin: 20px\">\n<div class=\"fl-photo fl-photo-align-center\" style=\"line-height: 0;position: relative;text-align: center\">\n<div class=\"fl-photo-content fl-photo-img-png\" style=\"line-height: 0;position: relative;max-width: 100%\"><img decoding=\"async\" class=\"fl-photo-img wp-image-161758\" style=\"margin: 0px;padding: 0px;border: none;vertical-align: middle;max-width: 100%;height: auto !important;width: auto !important\" src=\"https:\/\/www.vet-china.com\/uploads\/TaC-Coating51.png\" alt=\"TaC\u6d82\u5c425\"><\/div>\n<\/div>\n<\/div>\n<\/div>\n<\/div>\n<\/div>\n<div class=\"fl-col fl-node-665d5b42a30ac fl-col-small\" style=\"float: left;min-height: 1px;width: 418px\" data-node=\"665d5b42a30ac\">\n<div class=\"fl-col-content fl-node-content\">\n<div class=\"fl-module fl-module-photo fl-node-665d5b42a30f5\" data-node=\"665d5b42a30f5\" data-animation-delay=\"0.0\">\n<div class=\"fl-module-content fl-node-content\" style=\"margin: 20px\">\n<div class=\"fl-photo fl-photo-align-center\" style=\"line-height: 0;position: relative;text-align: center\">\n<div class=\"fl-photo-content fl-photo-img-jpg\" style=\"line-height: 0;position: relative;max-width: 100%\"><img decoding=\"async\" class=\"fl-photo-img wp-image-161756\" style=\"margin: 0px;padding: 0px;border: none;vertical-align: middle;max-width: 100%;height: auto !important;width: auto !important\" src=\"https:\/\/www.vet-china.com\/uploads\/TaC-Coating1.jpg\" alt=\"TaC\u6d82\u5c421\"><\/div>\n<\/div>\n<\/div>\n<\/div>\n<\/div>\n<\/div>\n<\/div>\n<div class=\"fl-col-group fl-node-665d5b42a31ba\" style=\"color: #404040;font-family: opensans;font-size: 14px;font-style: normal;font-weight: 400;letter-spacing: normal;text-align: start;text-indent: 0px;text-transform: none;background-color: #ffffff\" data-node=\"665d5b42a31ba\">\n<div class=\"fl-col fl-node-665d5b42a31fb\" style=\"float: left;min-height: 1px;width: 836px\" data-node=\"665d5b42a31fb\">\n<div class=\"fl-col-content fl-node-content\">\n<div class=\"fl-module fl-module-rich-text fl-node-665d5b42a323b\" data-node=\"665d5b42a323b\" data-animation-delay=\"0.0\">\n<div class=\"fl-module-content fl-node-content\" style=\"margin: 20px\">\n<div class=\"fl-rich-text\">\n<table style=\"border-collapse: collapse;border-spacing: 0px;width: 796px;margin-bottom: 20px\" border=\"1\" cellspacing=\"0\">\n<tbody>\n<tr>\n<td style=\"margin: 0px;padding: 0px 15px;height: 30px;text-align: left;line-height: 1.5;font-size: 12px;color: #666666;background: #fbfbfb\" colspan=\"2\" valign=\"center\" width=\"568\">\n<p style=\"margin: 0px;padding: 0.1rem 0px;font-size: 12px;line-height: 1.3;color: #666666\" align=\"center\"><strong><span dir=\"auto\" style=\"vertical-align: inherit\"><span dir=\"auto\" style=\"vertical-align: inherit\">Caracter\u00edsticas f\u00edsicas del revestimiento de carburo tantalum<\/span><\/span><\/strong><\/p>\n<p style=\"margin: 0px;padding: 0.1rem 0px;font-size: 12px;line-height: 1.3;color: #666666\" align=\"center\"><span dir=\"auto\" style=\"vertical-align: inherit\"><strong><span dir=\"auto\" style=\"vertical-align: inherit\">TaC<\/span><\/strong><strong><span dir=\"auto\" style=\"vertical-align: inherit\">\u6d82\u5c42<\/span><\/strong><strong><span dir=\"auto\" style=\"vertical-align: inherit\">\u7684\u7269\u7406\u6027\u80fd<\/span><\/strong><\/span><strong>&nbsp;<\/strong><strong>&nbsp;<\/strong><\/p>\n<\/td>\n<\/tr>\n<tr>\n<td style=\"margin: 0px;padding: 0px 15px;height: 30px;text-align: left;line-height: 1.5;font-size: 12px;color: #666666;background: #fbfbfb\" valign=\"center\" width=\"249\">\n<p style=\"margin: 0px;padding: 0.1rem 0px;font-size: 12px;line-height: 1.3;color: #666666\" align=\"justify\"><span dir=\"auto\" style=\"vertical-align: inherit\"><span dir=\"auto\" style=\"vertical-align: inherit\">densidad&nbsp;<\/span><\/span><span style=\"font-family: \u5fae\u8f6f\u96c5\u9ed1\"><span dir=\"auto\" style=\"vertical-align: inherit\"><span dir=\"auto\" style=\"vertical-align: inherit\">\/ Densidad<\/span><\/span><\/span><\/p>\n<\/td>\n<td style=\"margin: 0px;padding: 0px 15px;height: 30px;text-align: left;line-height: 1.5;font-size: 12px;color: #666666;background: #fbfbfb\" valign=\"center\" width=\"318\">\n<p style=\"margin: 0px;padding: 0.1rem 0px;font-size: 12px;line-height: 1.3;color: #666666\" align=\"justify\"><span dir=\"auto\" style=\"vertical-align: inherit\"><span dir=\"auto\" style=\"vertical-align: inherit\">14.3 (\u514b\/\u7acb\u65b9\u5398\u7c73)<\/span><\/span><\/p>\n<\/td>\n<\/tr>\n<tr>\n<td style=\"margin: 0px;padding: 0px 15px;height: 30px;text-align: left;line-height: 1.5;font-size: 12px;color: #666666;background: #fbfbfb\" valign=\"center\" width=\"249\">\n<p style=\"margin: 0px;padding: 0.1rem 0px;font-size: 12px;line-height: 1.3;color: #666666\" align=\"justify\"><span style=\"font-family: \u5fae\u8f6f\u96c5\u9ed1\"><span dir=\"auto\" style=\"vertical-align: inherit\"><span dir=\"auto\" style=\"vertical-align: inherit\">Tasa de radiaci\u00f3n espec\u00edfica<\/span><\/span><\/span>&nbsp;<span style=\"font-family: \u5fae\u8f6f\u96c5\u9ed1\"><span dir=\"auto\" style=\"vertical-align: inherit\"><span dir=\"auto\" style=\"vertical-align: inherit\">\/ Emisividad espec\u00edfica<\/span><\/span><\/span><\/p>\n<\/td>\n<td style=\"margin: 0px;padding: 0px 15px;height: 30px;text-align: left;line-height: 1.5;font-size: 12px;color: #666666;background: #fbfbfb\" valign=\"center\" width=\"318\">\n<p style=\"margin: 0px;padding: 0.1rem 0px;font-size: 12px;line-height: 1.3;color: #666666\" align=\"justify\"><span dir=\"auto\" style=\"vertical-align: inherit\"><span dir=\"auto\" style=\"vertical-align: inherit\">0.3<\/span><\/span><\/p>\n<\/td>\n<\/tr>\n<tr>\n<td style=\"margin: 0px;padding: 0px 15px;height: 30px;text-align: left;line-height: 1.5;font-size: 12px;color: #666666;background: #fbfbfb\" valign=\"center\" width=\"249\">\n<p style=\"margin: 0px;padding: 0.1rem 0px;font-size: 12px;line-height: 1.3;color: #666666\" align=\"justify\"><span style=\"font-family: \u5fae\u8f6f\u96c5\u9ed1\"><span dir=\"auto\" style=\"vertical-align: inherit\"><span dir=\"auto\" style=\"vertical-align: inherit\">\u70ed<\/span><\/span><\/span>&nbsp;<span style=\"font-family: \u5fae\u8f6f\u96c5\u9ed1\"><span dir=\"auto\" style=\"vertical-align: inherit\"><span dir=\"auto\" style=\"vertical-align: inherit\">\u81a8\u80c0\u7cfb\u6570\/ Thermal expansion coefficient<\/span><\/span><\/span><\/p>\n<\/td>\n<td style=\"margin: 0px;padding: 0px 15px;height: 30px;text-align: left;line-height: 1.5;font-size: 12px;color: #666666;background: #fbfbfb\" valign=\"center\" width=\"318\">\n<p style=\"margin: 0px;padding: 0.1rem 0px;font-size: 12px;line-height: 1.3;color: #666666\" align=\"justify\"><span dir=\"auto\" style=\"vertical-align: inherit\"><span dir=\"auto\" style=\"vertical-align: inherit\">6.3 10 <\/span><\/span><sup><span style=\"font-family: \u5fae\u8f6f\u96c5\u9ed1\"><span dir=\"auto\" style=\"vertical-align: inherit\"><span dir=\"auto\" style=\"vertical-align: inherit\">-6<\/span><\/span><\/span><\/sup><span dir=\"auto\" style=\"vertical-align: inherit\"><span dir=\"auto\" style=\"vertical-align: inherit\"> \/K<\/span><\/span><\/p>\n<\/td>\n<\/tr>\n<tr>\n<td style=\"margin: 0px;padding: 0px 15px;height: 30px;text-align: left;line-height: 1.5;font-size: 12px;color: #666666;background: #fbfbfb\" valign=\"center\" width=\"249\">\n<p style=\"margin: 0px;padding: 0.1rem 0px;font-size: 12px;line-height: 1.3;color: #666666\" align=\"justify\"><span dir=\"auto\" style=\"vertical-align: inherit\"><span dir=\"auto\" style=\"vertical-align: inherit\">Dureza de las nueces&nbsp;<\/span><\/span><span style=\"font-family: \u5fae\u8f6f\u96c5\u9ed1\"><span dir=\"auto\" style=\"vertical-align: inherit\"><span dir=\"auto\" style=\"vertical-align: inherit\">\/&nbsp;<\/span><\/span><\/span><span dir=\"auto\" style=\"vertical-align: inherit\"><span dir=\"auto\" style=\"vertical-align: inherit\"> Dureza (HK)<\/span><\/span><\/p>\n<\/td>\n<td style=\"margin: 0px;padding: 0px 15px;height: 30px;text-align: left;line-height: 1.5;font-size: 12px;color: #666666;background: #fbfbfb\" valign=\"center\" width=\"318\">\n<p style=\"margin: 0px;padding: 0.1rem 0px;font-size: 12px;line-height: 1.3;color: #666666\" align=\"justify\"><span dir=\"auto\" style=\"vertical-align: inherit\"><span dir=\"auto\" style=\"vertical-align: inherit\">2000\u5e74\u9999\u6e2f<\/span><\/span><\/p>\n<\/td>\n<\/tr>\n<tr>\n<td style=\"margin: 0px;padding: 0px 15px;height: 30px;text-align: left;line-height: 1.5;font-size: 12px;color: #666666;background: #fbfbfb\" valign=\"center\" width=\"249\">\n<p style=\"margin: 0px;padding: 0.1rem 0px;font-size: 12px;line-height: 1.3;color: #666666\" align=\"justify\"><span style=\"font-family: \u5fae\u8f6f\u96c5\u9ed1\"><span dir=\"auto\" style=\"vertical-align: inherit\"><span dir=\"auto\" style=\"vertical-align: inherit\">resistencia<\/span><\/span><\/span>&nbsp;<span style=\"font-family: \u5fae\u8f6f\u96c5\u9ed1\"><span dir=\"auto\" style=\"vertical-align: inherit\"><span dir=\"auto\" style=\"vertical-align: inherit\">\/ Resistencia<\/span><\/span><\/span><\/p>\n<\/td>\n<td style=\"margin: 0px;padding: 0px 15px;height: 30px;text-align: left;line-height: 1.5;font-size: 12px;color: #666666;background: #fbfbfb\" valign=\"center\" width=\"318\">\n<p style=\"margin: 0px;padding: 0.1rem 0px;font-size: 12px;line-height: 1.3;color: #666666\" align=\"justify\"><span dir=\"auto\" style=\"vertical-align: inherit\"><span dir=\"auto\" style=\"vertical-align: inherit\">1&times; <\/span><\/span><sup><span style=\"font-family: \u5fae\u8f6f\u96c5\u9ed1\"><span dir=\"auto\" style=\"vertical-align: inherit\"><span dir=\"auto\" style=\"vertical-align: inherit\">10\u207b\u2075<\/span><\/span><\/span><\/sup>&nbsp;<span style=\"font-family: \u5fae\u8f6f\u96c5\u9ed1\"><span dir=\"auto\" style=\"vertical-align: inherit\"><span dir=\"auto\" style=\"vertical-align: inherit\">\u6b27\u59c6&middot;\u5398\u7c73<\/span><\/span><\/span><\/p>\n<\/td>\n<\/tr>\n<tr>\n<td style=\"margin: 0px;padding: 0px 15px;height: 30px;text-align: left;line-height: 1.5;font-size: 12px;color: #666666;background: #fbfbfb\" valign=\"center\" width=\"249\">\n<p style=\"margin: 0px;padding: 0.1rem 0px;font-size: 12px;line-height: 1.3;color: #666666\" align=\"justify\"><span style=\"font-family: \u5fae\u8f6f\u96c5\u9ed1\"><span dir=\"auto\" style=\"vertical-align: inherit\"><span dir=\"auto\" style=\"vertical-align: inherit\">\u70ed<\/span><\/span><\/span>&nbsp;<span style=\"font-family: \u5fae\u8f6f\u96c5\u9ed1\"><span dir=\"auto\" style=\"vertical-align: inherit\"><span dir=\"auto\" style=\"vertical-align: inherit\">\u7a33\u5b9a\u6027\/ Thermal stability<\/span><\/span><\/span><\/p>\n<\/td>\n<td style=\"margin: 0px;padding: 0px 15px;height: 30px;text-align: left;line-height: 1.5;font-size: 12px;color: #666666;background: #fbfbfb\" valign=\"center\" width=\"318\">\n<p style=\"margin: 0px;padding: 0.1rem 0px;font-size: 12px;line-height: 1.3;color: #666666\" align=\"justify\"><span dir=\"auto\" style=\"vertical-align: inherit\"><span dir=\"auto\" style=\"vertical-align: inherit\">&lt;2500\u2103<\/span><\/span><\/p>\n<\/td>\n<\/tr>\n<tr>\n<td style=\"margin: 0px;padding: 0px 15px;height: 30px;text-align: left;line-height: 1.5;font-size: 12px;color: #666666;background: #fbfbfb\" valign=\"center\" width=\"249\">\n<p style=\"margin: 0px;padding: 0.1rem 0px;font-size: 12px;line-height: 1.3;color: #666666\" align=\"justify\">&nbsp;<span dir=\"auto\" style=\"vertical-align: inherit\"><span style=\"font-family: \u5fae\u8f6f\u96c5\u9ed1\"><span dir=\"auto\" style=\"vertical-align: inherit\">\u77f3\u58a8\u5c3a\u5bf8\u53d8\u5316\/ <\/span><\/span><span style=\"font-family: \u5fae\u8f6f\u96c5\u9ed1\"><span dir=\"auto\" style=\"vertical-align: inherit\">Graphite size changes<\/span><\/span><\/span><\/p>\n<\/td>\n<td style=\"margin: 0px;padding: 0px 15px;height: 30px;text-align: left;line-height: 1.5;font-size: 12px;color: #666666;background: #fbfbfb\" valign=\"center\" width=\"318\">\n<p style=\"margin: 0px;padding: 0.1rem 0px;font-size: 12px;line-height: 1.3;color: #666666\" align=\"justify\"><span dir=\"auto\" style=\"vertical-align: inherit\"><span dir=\"auto\" style=\"vertical-align: inherit\">-10~-20\u5fae\u7c73<\/span><\/span><\/p>\n<\/td>\n<\/tr>\n<tr>\n<td style=\"margin: 0px;padding: 0px 15px;height: 30px;text-align: left;line-height: 1.5;font-size: 12px;color: #666666;background: #fbfbfb\" valign=\"center\" width=\"249\">\n<p style=\"margin: 0px;padding: 0.1rem 0px;font-size: 12px;line-height: 1.3;color: #666666\" align=\"justify\"><span style=\"font-family: \u5fae\u8f6f\u96c5\u9ed1\"><span dir=\"auto\" style=\"vertical-align: inherit\"><span dir=\"auto\" style=\"vertical-align: inherit\">Espesor de revestimiento<\/span><\/span><\/span>&nbsp;<span style=\"font-family: \u5fae\u8f6f\u96c5\u9ed1\"><span dir=\"auto\" style=\"vertical-align: inherit\"><span dir=\"auto\" style=\"vertical-align: inherit\">\/ Espesor de revestimiento<\/span><\/span><\/span><\/p>\n<\/td>\n<td style=\"margin: 0px;padding: 0px 15px;height: 30px;text-align: left;line-height: 1.5;font-size: 12px;color: #666666;background: #fbfbfb\" valign=\"center\" width=\"318\">\n<p style=\"margin: 0px;padding: 0.1rem 0px;font-size: 12px;line-height: 1.3;color: #666666\" align=\"justify\"><span dir=\"auto\" style=\"vertical-align: inherit\"><span dir=\"auto\" style=\"vertical-align: inherit\">&ge;20&mu;m \u5178\u578b\u503c\uff0835&mu;m&plusmn;10&mu;m\uff09<\/span><\/span><\/p>\n<\/td>\n<\/tr>\n<\/tbody>\n<\/table>\n<p style=\"margin: 0px;padding: 0.1rem 0px;font-size: 13px;line-height: 1.8\">&nbsp;Ningbo VET Energy Technology Co., Ltd. is a high-tech enterprise specializing in the production and sales of advanced materials, including graphite, silicon carbide, ceramics, and surface treatments. Our products are widely used in photovoltaics, semiconductors, new energy, and metallurgy industries.<\/p>\n<\/div>\n<\/div>\n<\/div>\n<div class=\"fl-module fl-module-rich-text fl-node-665d5b42a327b\" data-node=\"665d5b42a327b\" data-animation-delay=\"0.0\">\n<div class=\"fl-module-content fl-node-content\" style=\"margin: 20px\">\n<div class=\"fl-rich-text\">\n<p>Our technical team, composed of experts from top domestic research institutions, can provide you with professional material solutions.<\/p>\n<p>We warmly welcome you to visit our factory for guidance and further discussions.<\/p>\n<p style=\"margin: 0px;padding: 0.1rem 0px;font-size: 13px;line-height: 1.8\"><a class=\"fancybox\" style=\"margin: 0px;padding: 0px;color: #404040;text-decoration: none\" href=\"https:\/\/www.vet-china.com\/uploads\/%E7%94%9F%E4%BA%A7%E8%AE%BE%E5%A4%871.jpg\" target=\"_blank\" rel=\"noopener\"><img decoding=\"async\" class=\"alignnone size-full wp-image-161043\" style=\"margin: 0px;padding: 0px;border: none;vertical-align: middle;max-width: 100%\" src=\"https:\/\/www.vet-china.com\/uploads\/%E7%94%9F%E4%BA%A7%E8%AE%BE%E5%A4%871.jpg\" alt=\"Equipo de producci\u00f3n\"><\/a><\/p>\n<p style=\"margin: 0px;padding: 0.1rem 0px;font-size: 13px;line-height: 1.8\"><a class=\"fancybox\" style=\"margin: 0px;padding: 0px;color: #404040;text-decoration: none\" href=\"https:\/\/www.vet-china.com\/uploads\/%E5%85%AC%E5%8F%B8%E5%AE%A2%E6%88%B71.jpg\" target=\"_blank\" rel=\"noopener\"><img decoding=\"async\" class=\"alignnone size-full wp-image-161044\" style=\"margin: 0px;padding: 0px;border: none;vertical-align: middle;max-width: 100%\" src=\"https:\/\/www.vet-china.com\/uploads\/%E5%85%AC%E5%8F%B8%E5%AE%A2%E6%88%B71.jpg\" alt=\"Clientes de la compa\u00f1\u00eda\"><\/a><\/p>\n<p style=\"margin: 0px;padding: 0.1rem 0px;font-size: 13px;line-height: 1.8\">&nbsp;<\/p>\n<\/div>\n<\/div>\n<\/div>\n<\/div>\n<\/div>\n<\/div>","protected":false},"excerpt":{"rendered":"<p><span style=\"color: #333333;font-family: opensans;font-size: 12px;font-style: normal;font-weight: 400;letter-spacing: normal;text-align: start;text-indent: 0px;text-transform: none;background-color: #ffffff;float: none\">VET Energy TAC Cubado de grafito El fabricante de la media luna es un producto de alto rendimiento dise\u00f1ado para proporcionar un rendimiento constante y confiable durante un per\u00edodo prolongado. Tiene resistencia al calor s\u00faper buena y uniformidad t\u00e9rmica, alta pureza, resistencia a la erosi\u00f3n, lo que la convierte en la soluci\u00f3n perfecta para aplicaciones de procesamiento de obleas.<\/span><\/p>","protected":false},"featured_media":2570,"template":"","meta":[],"product_cat":[16],"product_tag":[513,519,518,517,515],"class_list":{"0":"post-1941","1":"product","2":"type-product","3":"status-publish","4":"has-post-thumbnail","6":"product_cat-cvd-coating","7":"product_tag-cvd-coating","8":"product_tag-cvd-epitaxy","9":"product_tag-cvd-heater","10":"product_tag-cvd-in-semiconductor","11":"product_tag-cvd-method","13":"first","14":"instock","15":"shipping-taxable","16":"product-type-simple"},"_links":{"self":[{"href":"https:\/\/www.cnvetenergy.com\/es_es\/wp-json\/wp\/v2\/product\/1941","targetHints":{"allow":["GET"]}}],"collection":[{"href":"https:\/\/www.cnvetenergy.com\/es_es\/wp-json\/wp\/v2\/product"}],"about":[{"href":"https:\/\/www.cnvetenergy.com\/es_es\/wp-json\/wp\/v2\/types\/product"}],"version-history":[{"count":2,"href":"https:\/\/www.cnvetenergy.com\/es_es\/wp-json\/wp\/v2\/product\/1941\/revisions"}],"predecessor-version":[{"id":2571,"href":"https:\/\/www.cnvetenergy.com\/es_es\/wp-json\/wp\/v2\/product\/1941\/revisions\/2571"}],"wp:featuredmedia":[{"embeddable":true,"href":"https:\/\/www.cnvetenergy.com\/es_es\/wp-json\/wp\/v2\/media\/2570"}],"wp:attachment":[{"href":"https:\/\/www.cnvetenergy.com\/es_es\/wp-json\/wp\/v2\/media?parent=1941"}],"wp:term":[{"taxonomy":"product_cat","embeddable":true,"href":"https:\/\/www.cnvetenergy.com\/es_es\/wp-json\/wp\/v2\/product_cat?post=1941"},{"taxonomy":"product_tag","embeddable":true,"href":"https:\/\/www.cnvetenergy.com\/es_es\/wp-json\/wp\/v2\/product_tag?post=1941"}],"curies":[{"name":"wp","href":"https:\/\/api.w.org\/{rel}","templated":true}]}}