{"id":114,"date":"2024-11-21T11:12:19","date_gmt":"2024-11-21T03:12:19","guid":{"rendered":"http:\/\/weitai1.globaldeepsea.site\/?post_type=product&#038;p=114"},"modified":"2026-03-13T17:05:17","modified_gmt":"2026-03-13T09:05:17","slug":"high-purity-cvd-solid-sic-bulk","status":"publish","type":"product","link":"https:\/\/www.cnvetenergy.com\/fi\/product\/high-purity-cvd-solid-sic-bulk\/","title":{"rendered":"Korkea puhtaus CVD -kiinte\u00e4 sic -irtotavara"},"content":{"rendered":"<div class=\"fl-row fl-row-fixed-width fl-row-bg-none fl-node-6699be163c9f0\" data-node=\"6699be163c9f0\">\n<div class=\"fl-row-content-wrap\">\n<div class=\"fl-row-content fl-row-fixed-width fl-node-content\">\n<div class=\"fl-col-group fl-node-6699be163d043\" data-node=\"6699be163d043\">\n<div class=\"fl-col fl-node-6699be163d28e\" data-node=\"6699be163d28e\">\n<div class=\"fl-col-content fl-node-content\">\n<div class=\"fl-module fl-module-rich-text fl-node-6699be1642102\" data-node=\"6699be1642102\" data-animation-delay=\"0.0\">\n<div class=\"fl-module-content fl-node-content\">\n<div class=\"fl-rich-text\">\n<p>Vet-energia k\u00e4ytt\u00e4\u00e4 eritt\u00e4in korkeaa puhtautta piikarbidia (sic), joka on muodostettu kemiallisella h\u00f6yryn laskeutumisella (CVD) l\u00e4hdemateriaalina sic-kiteiden kasvattamiseksi fysikaalisen h\u00f6yryn kuljetuksella (PVT). PVT: ss\u00e4 l\u00e4hdemateriaali ladataan upokkaaseen ja sublimoituu siemenkiteelle.<\/p>\n<p>Korkean laadukkaiden SIC -kiteiden valmistamiseksi tarvitaan korkea puhtausl\u00e4hde.<\/p>\n<p>Vet Energy on erikoistunut tarjoamaan suuren hiukkasten sic: t\u00e4 PVT: lle, koska sen tiheys on suurempi kuin SI: n ja C: n sis\u00e4lt\u00e4vien kaasujen spontaanilla palamismuodolla pienen hiukkasten materiaali. Toisin kuin kiinte\u00e4n vaiheen sintraus tai Si: n ja C: n reaktio, se ei vaadi erityist\u00e4 sintrausuunia tai aikaa viev\u00e4\u00e4 sintrausvaihetta kasvuuunissa. T\u00e4ll\u00e4 suuren hiukkasten materiaalilla on melkein jatkuva haihtumisnopeus, mik\u00e4 parantaa juoksun tasaisuutta.<\/p>\n<\/div>\n<\/div>\n<\/div>\n<div class=\"fl-module fl-module-rich-text fl-node-6699be6de0856\" data-node=\"6699be6de0856\" data-animation-delay=\"0.0\">\n<div class=\"fl-module-content fl-node-content\">\n<div class=\"fl-rich-text\">\n<p>Esittely:<br \/>\n1. Valmistele CVD-SIC-lohkon l\u00e4hde: Ensinn\u00e4kin sinun on valmistettava korkealaatuinen CVD-SIC -lohkol\u00e4hde, joka on yleens\u00e4 eritt\u00e4in puhtaasti ja korkeatiheys. T\u00e4m\u00e4 voidaan valmistaa kemiallisella h\u00f6yryn laskeutumismenetelm\u00e4ll\u00e4 (CVD) sopivissa reaktio -olosuhteissa.<\/p>\n<p>2. Substraatin valmistelu: Valitse sopiva substraatti substraattiin sic -kidekasvulle. Yleisesti k\u00e4ytettyj\u00e4 substraattimateriaaleja ovat piikarbidi, piinitridi jne., Jotka vastaavat kasvavaa SIC -yksitt\u00e4ist\u00e4 kitett\u00e4.<\/p>\n<p>3. L\u00e4mmitys ja sublimointi: Aseta CVD-SIC-lohkon l\u00e4hde ja substraatti korkean l\u00e4mp\u00f6tilan uuniin ja anna asianmukaiset sublimaatioolosuhteet. Sublimaatio tarkoittaa, ett\u00e4 korkeassa l\u00e4mp\u00f6tilassa lohkonl\u00e4hde muuttuu suoraan kiinte\u00e4st\u00e4 h\u00f6yrytilaan ja k\u00e4\u00e4nt\u00e4\u00e4 sitten uudelleen substraatin pinnalle yhden kiteen muodostamiseksi.<\/p>\n<p>4. L\u00e4mp\u00f6tilan hallinta: Sublimointiprosessin aikana l\u00e4mp\u00f6tilagradientti ja l\u00e4mp\u00f6tilan jakautuminen on valvottava tarkasti lohkon l\u00e4hteen ja yksitt\u00e4isten kiteiden kasvun edist\u00e4miseksi. Asianmukainen l\u00e4mp\u00f6tilanhallinta voi saavuttaa ihanteellisen kideen laadun ja kasvunopeuden.<\/p>\n<p>5. Ilmakeh\u00e4n hallinta: Sublimointiprosessin aikana my\u00f6s reaktioilmakeh\u00e4n on valvottava. Korkeasti s\u00e4ilytt\u00e4vi\u00e4 inerttej\u00e4 kaasua (kuten argonia) k\u00e4ytet\u00e4\u00e4n yleens\u00e4 kantokaasuna sopivan paineen ja puhtauden yll\u00e4pit\u00e4miseksi ja ep\u00e4puhtauksien saastumisen est\u00e4miseksi.<\/p>\n<p>6. Yksitt\u00e4inen kiteinen kasvu: CVD-SIC-lohkon l\u00e4hde tapahtuu h\u00f6yryfaasin siirtymisen sublimointiprosessin aikana ja uudelleen substraatin pinnalla yhden kiderakenteen muodostamiseksi. SIC -yksitt\u00e4isten kiteiden nopea kasvu voidaan saavuttaa asianmukaisilla sublimaatio -olosuhteilla ja l\u00e4mp\u00f6tilan gradientin hallinnalla.<\/p>\n<\/div>\n<\/div>\n<\/div>\n<\/div>\n<\/div>\n<\/div>\n<div class=\"fl-col-group fl-node-6699bf791feaf\" data-node=\"6699bf791feaf\">\n<div class=\"fl-col fl-node-6699bf792008a\" data-node=\"6699bf792008a\">\n<div class=\"fl-col-content fl-node-content\">\n<div class=\"fl-module fl-module-photo fl-node-6699bf791fcf5\" data-node=\"6699bf791fcf5\" data-animation-delay=\"0.0\">\n<div class=\"fl-module-content fl-node-content\">\n<div class=\"fl-photo fl-photo-align-center\">\n<div class=\"fl-photo-content fl-photo-img-png\"><img decoding=\"async\" class=\"fl-photo-img wp-image-161986\" src=\"https:\/\/www.vet-china.com\/uploads\/CVD-SiC-Blocks-2.png\" alt=\"CVD -sic -lohkot (2)\" \/><\/div>\n<\/div>\n<\/div>\n<\/div>\n<\/div>\n<\/div>\n<\/div>\n<\/div>\n<\/div>\n<\/div>\n<div class=\"fl-row fl-row-fixed-width fl-row-bg-none fl-node-6699bfc4c1a42\" data-node=\"6699bfc4c1a42\">\n<div class=\"fl-row-content-wrap\">\n<div class=\"fl-row-content fl-row-fixed-width fl-node-content\">\n<div class=\"fl-col-group fl-node-6699c0fc0f0c3\" data-node=\"6699c0fc0f0c3\">\n<div class=\"fl-col fl-node-6699c0fc0f2ac\" data-node=\"6699c0fc0f2ac\">\n<div class=\"fl-col-content fl-node-content\">\n<div class=\"fl-module fl-module-heading fl-node-6699c0fc0ef19\" data-node=\"6699c0fc0ef19\" data-animation-delay=\"0.0\">\n<div class=\"fl-module-content fl-node-content\">\n<h3 class=\"fl-heading\"><span class=\"fl-heading-text\">Tervetuloa l\u00e4mpim\u00e4sti vierailemaan tehtaallamme, k\u00e4yd\u00e4\u00e4n lis\u00e4keskustelu!<\/span><\/h3>\n<\/div>\n<\/div>\n<\/div>\n<\/div>\n<\/div>\n<div class=\"fl-col-group fl-node-6699bfc4c1c92\" data-node=\"6699bfc4c1c92\">\n<div class=\"fl-col fl-node-6699bfc4c1cd3\" data-node=\"6699bfc4c1cd3\">\n<div class=\"fl-col-content fl-node-content\">\n<div class=\"fl-module fl-module-rich-text fl-node-6699bfc4c1d14\" data-node=\"6699bfc4c1d14\" data-animation-delay=\"0.0\">\n<div class=\"fl-module-content fl-node-content\">\n<div class=\"fl-rich-text\">\n<p><a class=\"fancybox\" href=\"https:\/\/www.vet-china.com\/uploads\/\u7814\u53d1\u56e2\u961f2.jpg\" target=\"_blank\" rel=\"noopener\"><img decoding=\"async\" src=\"https:\/\/www.vet-china.com\/uploads\/\u7814\u53d1\u56e2\u961f2.jpg\" alt=\"T &amp; K -tiimi\" \/><\/a><\/p>\n<p>&nbsp;<\/p>\n<p><a class=\"fancybox\" href=\"https:\/\/www.vet-china.com\/uploads\/\u751f\u4ea7\u8bbe\u59071.jpg\" target=\"_blank\" rel=\"noopener\"><img decoding=\"async\" src=\"https:\/\/www.vet-china.com\/uploads\/\u751f\u4ea7\u8bbe\u59071.jpg\" alt=\"Tuotantolaitteet\" \/><\/a><\/p>\n<p>&nbsp;<\/p>\n<p><a class=\"fancybox\" href=\"https:\/\/www.vet-china.com\/uploads\/\u516c\u53f8\u5ba2\u62371.jpg\" target=\"_blank\" rel=\"noopener\"><img decoding=\"async\" src=\"https:\/\/www.vet-china.com\/uploads\/\u516c\u53f8\u5ba2\u62371.jpg\" alt=\"Yritysasiakkaat\" \/><\/a><\/p>\n<\/div>\n<\/div>\n<\/div>\n<\/div>\n<\/div>\n<\/div>\n<\/div>\n<\/div>\n<\/div>","protected":false},"excerpt":{"rendered":"<h3>Lyhyt kuvaus:<\/h3>\n<p>SIC-yksitt\u00e4isten kiteiden nopea kasvu CVD-SIC-irtotavarana (kemiallinen h\u00f6yryn laskeuma-sic) on yleinen menetelm\u00e4 korkealaatuisten SIC: n yhden kidemateriaalien valmistukseen. N\u00e4it\u00e4 yksitt\u00e4isi\u00e4 kiteit\u00e4 voidaan k\u00e4ytt\u00e4\u00e4 monissa sovelluksissa, mukaan lukien suuritehoiset elektroniset laitteet, optoelektroniset laitteet, anturit ja puolijohdealait.<\/p>","protected":false},"featured_media":115,"template":"","meta":[],"product_cat":[16,28],"product_tag":[22,29,24,26],"class_list":{"0":"post-114","1":"product","2":"type-product","3":"status-publish","4":"has-post-thumbnail","6":"product_cat-cvd-coating","7":"product_cat-monocrystal-growth-parts","8":"product_tag-epitaxial-epi-graphite-barrel-susceptor","9":"product_tag-high-purity-cvd-solid-sic-bulk","10":"product_tag-sic-coated-graphite-base-carriers","11":"product_tag-sic-coated-graphite-mocvd-epitaxy-susceptor","13":"first","14":"instock","15":"shipping-taxable","16":"product-type-simple"},"_links":{"self":[{"href":"https:\/\/www.cnvetenergy.com\/fi\/wp-json\/wp\/v2\/product\/114","targetHints":{"allow":["GET"]}}],"collection":[{"href":"https:\/\/www.cnvetenergy.com\/fi\/wp-json\/wp\/v2\/product"}],"about":[{"href":"https:\/\/www.cnvetenergy.com\/fi\/wp-json\/wp\/v2\/types\/product"}],"version-history":[{"count":1,"href":"https:\/\/www.cnvetenergy.com\/fi\/wp-json\/wp\/v2\/product\/114\/revisions"}],"predecessor-version":[{"id":2620,"href":"https:\/\/www.cnvetenergy.com\/fi\/wp-json\/wp\/v2\/product\/114\/revisions\/2620"}],"wp:featuredmedia":[{"embeddable":true,"href":"https:\/\/www.cnvetenergy.com\/fi\/wp-json\/wp\/v2\/media\/115"}],"wp:attachment":[{"href":"https:\/\/www.cnvetenergy.com\/fi\/wp-json\/wp\/v2\/media?parent=114"}],"wp:term":[{"taxonomy":"product_cat","embeddable":true,"href":"https:\/\/www.cnvetenergy.com\/fi\/wp-json\/wp\/v2\/product_cat?post=114"},{"taxonomy":"product_tag","embeddable":true,"href":"https:\/\/www.cnvetenergy.com\/fi\/wp-json\/wp\/v2\/product_tag?post=114"}],"curies":[{"name":"wp","href":"https:\/\/api.w.org\/{rel}","templated":true}]}}