{"id":144,"date":"2024-11-21T11:42:17","date_gmt":"2024-11-21T03:42:17","guid":{"rendered":"http:\/\/weitai1.globaldeepsea.site\/?post_type=product&#038;p=144"},"modified":"2026-03-13T17:05:16","modified_gmt":"2026-03-13T09:05:16","slug":"tantalum-carbide-coating-wafer-susceptor","status":"publish","type":"product","link":"https:\/\/www.cnvetenergy.com\/fi\/product\/tantalum-carbide-coating-wafer-susceptor\/","title":{"rendered":"Tantalum Carbide Coating Wafer Susceptor"},"content":{"rendered":"<div class=\"fl-col-group fl-node-66f7792684e51\" data-node=\"66f7792684e51\">\n<div class=\"fl-col fl-node-66f779268502e\" data-node=\"66f779268502e\">\n<div class=\"fl-col-content fl-node-content\">\n<div class=\"fl-module fl-module-rich-text fl-node-66f7792684cd6\" data-node=\"66f7792684cd6\" data-animation-delay=\"0.0\">\n<div class=\"fl-module-content fl-node-content\">\n<div class=\"fl-rich-text\">\n<p>Vet-China produces Tantalum Carbide Coated Wafer Susceptor, which uses cutting-edge CVD coating technology and can perform well under extreme working conditions. Its Tantalum Carbide material combines wear resistance and corrosion resistance, making it an ideal choice for the semiconductor manufacturing industry.<\/p>\n<p>In high temperature and corrosive environments, Tantalum Carbide Coated Wafer Susceptor exhibits excellent chemical inertness and thermal stability, and can effectively resist the erosion of various chemical media, ensuring long-term use under harsh conditions. This feature makes our guide rings have great application potential in semiconductor processing, chemical applications and other fields.<\/p>\n<p>Choosing Vet-China&#8217;s Tantalum Carbide Coated Wafer Susceptor can not only improve your production efficiency, but also extend the service life of the equipment. Our products are strictly quality controlled to ensure that each one meets the highest industry standards to meet the different needs of customers.<\/p>\n<p>Through continuous technological innovation, Vet-China is committed to providing customers with reliable solutions and promoting industry progress. Our Tantalum Carbide Coating <a href=\"https:\/\/www.vet-china.com\/wafer\/\" target=\"_blank\" rel=\"noopener\">Wafer<\/a> Susceptor is your trusted choice for high temperature and corrosive environments, helping your applications reach new heights.<\/p>\n<\/div>\n<\/div>\n<\/div>\n<\/div>\n<\/div>\n<\/div>\n<div class=\"fl-col-group fl-node-66f7790ea47b8\" data-node=\"66f7790ea47b8\">\n<div class=\"fl-col fl-node-66f7790ea47f9\" data-node=\"66f7790ea47f9\">\n<div class=\"fl-col-content fl-node-content\">\n<div class=\"fl-module fl-module-rich-text fl-node-66f7790ea48fd\" data-node=\"66f7790ea48fd\" data-animation-delay=\"0.0\">\n<div class=\"fl-module-content fl-node-content\">\n<div class=\"fl-rich-text\">\n<p>TAC -p\u00e4\u00e4llyste on er\u00e4\u00e4nlainen tantaalikarbidi (TAC) pinnoite, joka on valmistettu fyysisen h\u00f6yryn laskeutumistekniikan avulla, sill\u00e4 on seuraavat ominaisuudet:<\/p>\n<p>1. Korkea kovuus: TAC-pinnoitteen kovuus on korkea, voi yleens\u00e4 saavuttaa 2500-3000HV, on erinomainen kova pinnoite.<\/p>\n<p>2. K\u00e4ytt\u00f6kest\u00e4vyys: TAC-pinnoite on eritt\u00e4in kulutusta kest\u00e4v\u00e4, mik\u00e4 voi tehokkaasti v\u00e4hent\u00e4\u00e4 mekaanisten osien kulumista ja vaurioita k\u00e4yt\u00f6n aikana.<\/p>\n<p>3. Hyv\u00e4 korkean l\u00e4mp\u00f6tilan vastus: TAC -pinnoite voi my\u00f6s yll\u00e4pit\u00e4\u00e4 erinomaista suorituskyky\u00e4\u00e4n korkean l\u00e4mp\u00f6tilan ymp\u00e4rist\u00f6ss\u00e4.<\/p>\n<p>4. Hyv\u00e4 kemiallinen stabiilisuus: TAC -p\u00e4\u00e4llysteell\u00e4 on hyv\u00e4 kemiallinen stabiilisuus ja se voi vastustaa monia kemiallisia reaktioita, kuten hapoja ja em\u00e4ksi\u00e4.<\/p>\n<\/div>\n<\/div>\n<\/div>\n<\/div>\n<\/div>\n<\/div>\n<div class=\"fl-col-group fl-node-66f7790ea4736\" data-node=\"66f7790ea4736\">\n<div class=\"fl-col fl-node-66f7790ea48bc fl-col-small\" data-node=\"66f7790ea48bc\">\n<div class=\"fl-col-content fl-node-content\">\n<div class=\"fl-module fl-module-photo fl-node-66f7790ea4777\" data-node=\"66f7790ea4777\" data-animation-delay=\"0.0\">\n<div class=\"fl-module-content fl-node-content\">\n<div class=\"fl-photo fl-photo-align-center\">\n<div class=\"fl-photo-content fl-photo-img-png\"><img decoding=\"async\" class=\"fl-photo-img wp-image-160811\" src=\"https:\/\/www.vet-china.com\/uploads\/6-31.png\" alt=\"6 (3)\" \/><\/div>\n<\/div>\n<\/div>\n<\/div>\n<\/div>\n<\/div>\n<div class=\"fl-col fl-node-66f7790ea483a fl-col-small\" data-node=\"66f7790ea483a\">\n<div class=\"fl-col-content fl-node-content\">\n<div class=\"fl-module fl-module-photo fl-node-66f7790ea487b\" data-node=\"66f7790ea487b\" data-animation-delay=\"0.0\">\n<div class=\"fl-module-content fl-node-content\">\n<div class=\"fl-photo fl-photo-align-center\">\n<div class=\"fl-photo-content fl-photo-img-png\"><img decoding=\"async\" class=\"fl-photo-img wp-image-160810\" src=\"https:\/\/www.vet-china.com\/uploads\/6-1.png\" alt=\"6 (1)\" \/><\/div>\n<\/div>\n<\/div>\n<\/div>\n<\/div>\n<\/div>\n<\/div>\n<div class=\"fl-col-group fl-node-66f7790ea493e\" data-node=\"66f7790ea493e\">\n<div class=\"fl-col fl-node-66f7790ea497f\" data-node=\"66f7790ea497f\">\n<div class=\"fl-col-content fl-node-content\">\n<div class=\"fl-module fl-module-rich-text fl-node-66f7790ea49bf\" data-node=\"66f7790ea49bf\" data-animation-delay=\"0.0\">\n<div class=\"fl-module-content fl-node-content\">\n<div class=\"fl-rich-text\">\n<table border=\"1\" cellspacing=\"0\">\n<tbody>\n<tr>\n<td colspan=\"2\" valign=\"center\" width=\"568\">\n<p align=\"center\"><b>Tantaalikarbidipinnoitteen fyysiset ominaisuudet<\/b><b><\/b><\/p>\n<p align=\"center\"><b>Fysikaaliset ominaisuudet<\/b><b>\u00a0<\/b><b>TaC<\/b><b>\u00a0<\/b><b>pinnoite<\/b><b><\/b><\/p>\n<\/td>\n<\/tr>\n<tr>\n<td valign=\"center\" width=\"249\">\n<p align=\"justify\">\u5bc6\u5ea6\u00a0\/ Density<\/p>\n<\/td>\n<td valign=\"center\" width=\"318\">\n<p align=\"justify\">14.3 (g\/cm\u00b3)<\/p>\n<\/td>\n<\/tr>\n<tr>\n<td valign=\"center\" width=\"249\">\n<p align=\"justify\">\u6bd4\u8f90\u5c04\u7387 \/ Specific emissivity<\/p>\n<\/td>\n<td valign=\"center\" width=\"318\">\n<p align=\"justify\">0.3<\/p>\n<\/td>\n<\/tr>\n<tr>\n<td valign=\"center\" width=\"249\">\n<p align=\"justify\">\u70ed\u81a8\u80c0\u7cfb\u6570 \/ Thermal expansion coefficient<\/p>\n<\/td>\n<td valign=\"center\" width=\"318\">\n<p align=\"justify\">6.3 10<sup>-6<\/sup>\/K<\/p>\n<\/td>\n<\/tr>\n<tr>\n<td valign=\"center\" width=\"249\">\n<p align=\"justify\">\u52aa\u6c0f\u786c\u5ea6\u00a0\/ Hardness (HK)<\/p>\n<\/td>\n<td valign=\"center\" width=\"318\">\n<p align=\"justify\">2000 HK<\/p>\n<\/td>\n<\/tr>\n<tr>\n<td valign=\"center\" width=\"249\">\n<p align=\"justify\">\u7535\u963b \/ Resistance<\/p>\n<\/td>\n<td valign=\"center\" width=\"318\">\n<p align=\"justify\">1\u00d710<sup>-5<\/sup>\u00a0Ohm*cm<\/p>\n<\/td>\n<\/tr>\n<tr>\n<td valign=\"center\" width=\"249\">\n<p align=\"justify\">\u70ed\u7a33\u5b9a\u6027 \/ Thermal stability<\/p>\n<\/td>\n<td valign=\"center\" width=\"318\">\n<p align=\"justify\">&lt;2500\u2103<\/p>\n<\/td>\n<\/tr>\n<tr>\n<td valign=\"center\" width=\"249\">\n<p align=\"justify\">\u77f3\u58a8\u5c3a\u5bf8\u53d8\u5316 \/ Graphite size changes<\/p>\n<\/td>\n<td valign=\"center\" width=\"318\">\n<p align=\"justify\">-10 ~ -20um<\/p>\n<\/td>\n<\/tr>\n<tr>\n<td valign=\"center\" width=\"249\">\n<p align=\"justify\">\u6d82\u5c42\u539a\u5ea6 \/ Coating thickness<\/p>\n<\/td>\n<td valign=\"center\" width=\"318\">\n<p align=\"justify\">\u226520um typical value (35um\u00b110um)<\/p>\n<\/td>\n<\/tr>\n<\/tbody>\n<\/table>\n<\/div>\n<\/div>\n<\/div>\n<div class=\"fl-module fl-module-rich-text fl-node-66f7790ea4a01\" data-node=\"66f7790ea4a01\" data-animation-delay=\"0.0\">\n<div class=\"fl-module-content fl-node-content\">\n<div class=\"fl-rich-text\">\n<p>Ningbo VET Energy Technology Co., Ltd is a high-tech enterprise focusing on the production and sales of high-end advanced materials, the materials and technology covering\u00a0graphite, silicon carbide, ceramics, surface treatment and so on. The products are widely used in photovoltaic, semiconductor, new energy, metallurgy,etc..<\/p>\n<p>Our technical team comes from top domestic research institutions, can provide more professional material solutions\u00a0for you.<\/p>\n<p>Tervetuloa l\u00e4mpim\u00e4sti vierailemaan tehtaallamme, k\u00e4yd\u00e4\u00e4n lis\u00e4keskustelu!<\/p>\n<p><a class=\"fancybox\" href=\"https:\/\/www.vet-china.com\/uploads\/\u7814\u53d1\u56e2\u961f2.jpg\" target=\"_blank\" rel=\"noopener\"><img decoding=\"async\" class=\"alignnone size-full wp-image-161042\" src=\"https:\/\/www.vet-china.com\/uploads\/\u7814\u53d1\u56e2\u961f2.jpg\" alt=\"T &amp; K -tiimi\" \/><\/a><\/p>\n<p><a class=\"fancybox\" href=\"https:\/\/www.vet-china.com\/uploads\/\u751f\u4ea7\u8bbe\u59071.jpg\" target=\"_blank\" rel=\"noopener\"><img decoding=\"async\" class=\"alignnone size-full wp-image-161043\" src=\"https:\/\/www.vet-china.com\/uploads\/\u751f\u4ea7\u8bbe\u59071.jpg\" alt=\"Tuotantolaitteet\" \/><\/a><\/p>\n<p><a class=\"fancybox\" href=\"https:\/\/www.vet-china.com\/uploads\/\u516c\u53f8\u5ba2\u62371.jpg\" target=\"_blank\" rel=\"noopener\"><img decoding=\"async\" class=\"alignnone size-full wp-image-161044\" src=\"https:\/\/www.vet-china.com\/uploads\/\u516c\u53f8\u5ba2\u62371.jpg\" alt=\"Yritysasiakkaat\" \/><\/a><\/p>\n<p>&nbsp;<\/p>\n<\/div>\n<\/div>\n<\/div>\n<\/div>\n<\/div>\n<\/div>","protected":false},"excerpt":{"rendered":"<h3>Lyhyt kuvaus:<\/h3>\n<p>Vet-China\u2019s Tantalum Carbide Coating Wafer Susceptor is a high-performance product designed for high temperature and corrosive atmospheres, using advanced TaC coating technology to ensure excellent chemical inertness and thermal stability. We are firmly committed to providing the highest quality products at competitive prices and look forward to becoming your long-term partner in China.<\/p>","protected":false},"featured_media":173,"template":"","meta":[],"product_cat":[16,31],"product_tag":[22,29,24,26],"class_list":{"0":"post-144","1":"product","2":"type-product","3":"status-publish","4":"has-post-thumbnail","6":"product_cat-cvd-coating","7":"product_cat-tantalum-carbide-tac-coating","8":"product_tag-epitaxial-epi-graphite-barrel-susceptor","9":"product_tag-high-purity-cvd-solid-sic-bulk","10":"product_tag-sic-coated-graphite-base-carriers","11":"product_tag-sic-coated-graphite-mocvd-epitaxy-susceptor","13":"first","14":"instock","15":"shipping-taxable","16":"product-type-simple"},"_links":{"self":[{"href":"https:\/\/www.cnvetenergy.com\/fi\/wp-json\/wp\/v2\/product\/144","targetHints":{"allow":["GET"]}}],"collection":[{"href":"https:\/\/www.cnvetenergy.com\/fi\/wp-json\/wp\/v2\/product"}],"about":[{"href":"https:\/\/www.cnvetenergy.com\/fi\/wp-json\/wp\/v2\/types\/product"}],"version-history":[{"count":1,"href":"https:\/\/www.cnvetenergy.com\/fi\/wp-json\/wp\/v2\/product\/144\/revisions"}],"predecessor-version":[{"id":2619,"href":"https:\/\/www.cnvetenergy.com\/fi\/wp-json\/wp\/v2\/product\/144\/revisions\/2619"}],"wp:featuredmedia":[{"embeddable":true,"href":"https:\/\/www.cnvetenergy.com\/fi\/wp-json\/wp\/v2\/media\/173"}],"wp:attachment":[{"href":"https:\/\/www.cnvetenergy.com\/fi\/wp-json\/wp\/v2\/media?parent=144"}],"wp:term":[{"taxonomy":"product_cat","embeddable":true,"href":"https:\/\/www.cnvetenergy.com\/fi\/wp-json\/wp\/v2\/product_cat?post=144"},{"taxonomy":"product_tag","embeddable":true,"href":"https:\/\/www.cnvetenergy.com\/fi\/wp-json\/wp\/v2\/product_tag?post=144"}],"curies":[{"name":"wp","href":"https:\/\/api.w.org\/{rel}","templated":true}]}}