{"id":144,"date":"2024-11-21T11:42:17","date_gmt":"2024-11-21T03:42:17","guid":{"rendered":"http:\/\/weitai1.globaldeepsea.site\/?post_type=product&#038;p=144"},"modified":"2026-03-13T17:05:16","modified_gmt":"2026-03-13T09:05:16","slug":"tantalum-carbide-coating-wafer-susceptor","status":"publish","type":"product","link":"https:\/\/www.cnvetenergy.com\/fr\/product\/tantalum-carbide-coating-wafer-susceptor\/","title":{"rendered":"Suscepteur de plaquette \u00e0 rev\u00eatement en carbure de tantale"},"content":{"rendered":"<div class=\"fl-col-group fl-node-66f7792684e51\" data-node=\"66f7792684e51\">\n<div class=\"fl-col fl-node-66f779268502e\" data-node=\"66f779268502e\">\n<div class=\"fl-col-content fl-node-content\">\n<div class=\"fl-module fl-module-rich-text fl-node-66f7792684cd6\" data-node=\"66f7792684cd6\" data-animation-delay=\"0.0\">\n<div class=\"fl-module-content fl-node-content\">\n<div class=\"fl-rich-text\">\n<p>Vet-China produit Tantalum Carbide Coated Wafer Susceptor, qui utilise la technologie de finition de pointe CVD et peut fonctionner bien dans des conditions de travail extr\u00eames. Son mat\u00e9riau de carbure de tantale combine r\u00e9sistance \u00e0 l'usure et r\u00e9sistance \u00e0 la corrosion, ce qui en fait un choix id\u00e9al pour l'industrie de la fabrication de semi-conducteurs.<\/p>\n<p>Dans des environnements \u00e0 haute temp\u00e9rature et corrosifs, le Suscepteur enduit de carbure de tantale pr\u00e9sente une excellente inerte chimique et une stabilit\u00e9 thermique, et peut efficacement r\u00e9sister \u00e0 l'\u00e9rosion de divers milieux chimiques, assurant ainsi une utilisation \u00e0 long terme dans des conditions difficiles. Cette fonctionnalit\u00e9 rend nos anneaux guides ont un grand potentiel d'application dans le traitement des semi-conducteurs, des applications chimiques et d'autres domaines.<\/p>\n<p>Choisir Vet-ChinaS Tantalum carbure Coated Wafer Susceptor peut non seulement am\u00e9liorer votre efficacit\u00e9 de production, mais aussi prolonger la dur\u00e9e de vie de l'\u00e9quipement. Nos produits sont strictement de qualit\u00e9 contr\u00f4l\u00e9e pour s'assurer que chacun r\u00e9pond aux normes les plus \u00e9lev\u00e9es de l'industrie pour r\u00e9pondre aux diff\u00e9rents besoins des clients.<\/p>\n<p>Gr\u00e2ce \u00e0 l'innovation technologique continue, Vet-China s'engage \u00e0 fournir aux clients des solutions fiables et \u00e0 promouvoir le progr\u00e8s de l'industrie. Notre rev\u00eatement en carbure de tantale <a href=\"https:\/\/www.vet-china.com\/wafer\/\" target=\"_blank\" rel=\"noopener\">Plaquette<\/a> Suscepteur est votre choix de confiance pour les environnements \u00e0 haute temp\u00e9rature et corrosifs, aidant vos applications \u00e0 atteindre de nouvelles hauteurs.<\/p>\n<\/div>\n<\/div>\n<\/div>\n<\/div>\n<\/div>\n<\/div>\n<div class=\"fl-col-group fl-node-66f7790ea47b8\" data-node=\"66f7790ea47b8\">\n<div class=\"fl-col fl-node-66f7790ea47f9\" data-node=\"66f7790ea47f9\">\n<div class=\"fl-col-content fl-node-content\">\n<div class=\"fl-module fl-module-rich-text fl-node-66f7790ea48fd\" data-node=\"66f7790ea48fd\" data-animation-delay=\"0.0\">\n<div class=\"fl-module-content fl-node-content\">\n<div class=\"fl-rich-text\">\n<p>Le rev\u00eatement TaC est une sorte de rev\u00eatement de carbure de tantale (TaC) pr\u00e9par\u00e9 par la technologie de d\u00e9p\u00f4t de vapeur physique, il a les caract\u00e9ristiques suivantes:<\/p>\n<p>1. Grande duret\u00e9: La duret\u00e9 du rev\u00eatement TaC est \u00e9lev\u00e9e, peut g\u00e9n\u00e9ralement atteindre 2500-3000HV, est un excellent rev\u00eatement dur.<\/p>\n<p>2. R\u00e9sistance \u00e0 l'usure : le rev\u00eatement TaC est tr\u00e8s r\u00e9sistant \u00e0 l'usure, ce qui peut r\u00e9duire efficacement l'usure et les dommages des pi\u00e8ces m\u00e9caniques en cours d'utilisation.<\/p>\n<p>3. Good high temperature resistance: TaC coating can also maintain its excellent performance under high temperature environment.<\/p>\n<p>4. Good chemical stability: TaC coating has good chemical stability and can resist many chemical reactions, such as acids and bases.<\/p>\n<\/div>\n<\/div>\n<\/div>\n<\/div>\n<\/div>\n<\/div>\n<div class=\"fl-col-group fl-node-66f7790ea4736\" data-node=\"66f7790ea4736\">\n<div class=\"fl-col fl-node-66f7790ea48bc fl-col-small\" data-node=\"66f7790ea48bc\">\n<div class=\"fl-col-content fl-node-content\">\n<div class=\"fl-module fl-module-photo fl-node-66f7790ea4777\" data-node=\"66f7790ea4777\" data-animation-delay=\"0.0\">\n<div class=\"fl-module-content fl-node-content\">\n<div class=\"fl-photo fl-photo-align-center\">\n<div class=\"fl-photo-content fl-photo-img-png\"><img decoding=\"async\" class=\"fl-photo-img wp-image-160811\" src=\"https:\/\/www.vet-china.com\/uploads\/6-31.png\" alt=\"6 (3)\" \/><\/div>\n<\/div>\n<\/div>\n<\/div>\n<\/div>\n<\/div>\n<div class=\"fl-col fl-node-66f7790ea483a fl-col-small\" data-node=\"66f7790ea483a\">\n<div class=\"fl-col-content fl-node-content\">\n<div class=\"fl-module fl-module-photo fl-node-66f7790ea487b\" data-node=\"66f7790ea487b\" data-animation-delay=\"0.0\">\n<div class=\"fl-module-content fl-node-content\">\n<div class=\"fl-photo fl-photo-align-center\">\n<div class=\"fl-photo-content fl-photo-img-png\"><img decoding=\"async\" class=\"fl-photo-img wp-image-160810\" src=\"https:\/\/www.vet-china.com\/uploads\/6-1.png\" alt=\"6 (1)\" \/><\/div>\n<\/div>\n<\/div>\n<\/div>\n<\/div>\n<\/div>\n<\/div>\n<div class=\"fl-col-group fl-node-66f7790ea493e\" data-node=\"66f7790ea493e\">\n<div class=\"fl-col fl-node-66f7790ea497f\" data-node=\"66f7790ea497f\">\n<div class=\"fl-col-content fl-node-content\">\n<div class=\"fl-module fl-module-rich-text fl-node-66f7790ea49bf\" data-node=\"66f7790ea49bf\" data-animation-delay=\"0.0\">\n<div class=\"fl-module-content fl-node-content\">\n<div class=\"fl-rich-text\">\n<table border=\"1\" cellspacing=\"0\">\n<tbody>\n<tr>\n<td colspan=\"2\" valign=\"center\" width=\"568\">\n<p align=\"center\"><b>\u78b3\u5316\u94bd\u6d82\u5c42\u7269\u7406\u7279\u6027\u7269\u7406\u7279\u6027<\/b><b><\/b><\/p>\n<p align=\"center\"><b>Physical properties of<\/b><b>\u00a0<\/b><b>TaC<\/b><b>\u00a0<\/b><b>coating<\/b><b><\/b><\/p>\n<\/td>\n<\/tr>\n<tr>\n<td valign=\"center\" width=\"249\">\n<p align=\"justify\">Densit\u00e9<\/p>\n<\/td>\n<td valign=\"center\" width=\"318\">\n<p align=\"justify\">14,3 (g\/cm3)<\/p>\n<\/td>\n<\/tr>\n<tr>\n<td valign=\"center\" width=\"249\">\n<p align=\"justify\">\u00c9missivit\u00e9 sp\u00e9cifique<\/p>\n<\/td>\n<td valign=\"center\" width=\"318\">\n<p align=\"justify\">0.3<\/p>\n<\/td>\n<\/tr>\n<tr>\n<td valign=\"center\" width=\"249\">\n<p align=\"justify\">Coefficient d ' expansion thermique<\/p>\n<\/td>\n<td valign=\"center\" width=\"318\">\n<p align=\"justify\">6.3 10<sup>-6<\/sup>\/K<\/p>\n<\/td>\n<\/tr>\n<tr>\n<td valign=\"center\" width=\"249\">\n<p align=\"justify\">Duret\u00e9 (HK)<\/p>\n<\/td>\n<td valign=\"center\" width=\"318\">\n<p align=\"justify\">2000 HK<\/p>\n<\/td>\n<\/tr>\n<tr>\n<td valign=\"center\" width=\"249\">\n<p align=\"justify\">R\u00e9sistance<\/p>\n<\/td>\n<td valign=\"center\" width=\"318\">\n<p align=\"justify\">1\u00d710<sup>-5<\/sup>\u00a0Ohm*cm<\/p>\n<\/td>\n<\/tr>\n<tr>\n<td valign=\"center\" width=\"249\">\n<p align=\"justify\">Stabilit\u00e9 thermique<\/p>\n<\/td>\n<td valign=\"center\" width=\"318\">\n<p align=\"justify\">&lt;2500\u2103<\/p>\n<\/td>\n<\/tr>\n<tr>\n<td valign=\"center\" width=\"249\">\n<p align=\"justify\">Modification de la taille des graphites<\/p>\n<\/td>\n<td valign=\"center\" width=\"318\">\n<p align=\"justify\">-10~-20um<\/p>\n<\/td>\n<\/tr>\n<tr>\n<td valign=\"center\" width=\"249\">\n<p align=\"justify\">\u00c9paisseur du rev\u00eatement<\/p>\n<\/td>\n<td valign=\"center\" width=\"318\">\n<p align=\"justify\">valeur typique \u226520um (35um\u00b110um)<\/p>\n<\/td>\n<\/tr>\n<\/tbody>\n<\/table>\n<\/div>\n<\/div>\n<\/div>\n<div class=\"fl-module fl-module-rich-text fl-node-66f7790ea4a01\" data-node=\"66f7790ea4a01\" data-animation-delay=\"0.0\">\n<div class=\"fl-module-content fl-node-content\">\n<div class=\"fl-rich-text\">\n<p>Ningbo FEP Energy Technology Co., Ltd est une entreprise de haute technologie ax\u00e9e sur la production et la vente de mat\u00e9riaux avanc\u00e9s haut de gamme, les mat\u00e9riaux et la technologie couvrant le graphite, le carbure de silicium, la c\u00e9ramique, le traitement de surface, etc. Les produits sont largement utilis\u00e9s en photovolta\u00efque, semi-conducteur, nouvelle \u00e9nergie, m\u00e9tallurgie, etc.<\/p>\n<p>Our technical team comes from top domestic research institutions, can provide more professional material solutions\u00a0for you.<\/p>\n<p>Warmly welcome you to visit our factory, let\u2019s have further discussion!<\/p>\n<p><a class=\"fancybox\" href=\"https:\/\/www.vet-china.com\/uploads\/\u7814\u53d1\u56e2\u961f2.jpg\" target=\"_blank\" rel=\"noopener\"><img decoding=\"async\" class=\"alignnone size-full wp-image-161042\" src=\"https:\/\/www.vet-china.com\/uploads\/\u7814\u53d1\u56e2\u961f2.jpg\" alt=\"\u7814\u53d1\u56e2\u961f\" \/><\/a><\/p>\n<p><a class=\"fancybox\" href=\"https:\/\/www.vet-china.com\/uploads\/\u751f\u4ea7\u8bbe\u59071.jpg\" target=\"_blank\" rel=\"noopener\"><img decoding=\"async\" class=\"alignnone size-full wp-image-161043\" src=\"https:\/\/www.vet-china.com\/uploads\/\u751f\u4ea7\u8bbe\u59071.jpg\" alt=\"\u751f\u4ea7\u8bbe\u5907\" \/><\/a><\/p>\n<p><a class=\"fancybox\" href=\"https:\/\/www.vet-china.com\/uploads\/\u516c\u53f8\u5ba2\u62371.jpg\" target=\"_blank\" rel=\"noopener\"><img decoding=\"async\" class=\"alignnone size-full wp-image-161044\" src=\"https:\/\/www.vet-china.com\/uploads\/\u516c\u53f8\u5ba2\u62371.jpg\" alt=\"\u516c\u53f8\u5ba2\u6237\" \/><\/a><\/p>\n<p>&nbsp;<\/p>\n<\/div>\n<\/div>\n<\/div>\n<\/div>\n<\/div>\n<\/div>","protected":false},"excerpt":{"rendered":"<h3>Short Description:<\/h3>\n<p>Vet-ChinaS Tantalum Rev\u00eatement de carbure de Wafer Suscepteur est un produit de haute performance con\u00e7u pour les atmosph\u00e8res \u00e0 haute temp\u00e9rature et corrosives, utilisant la technologie de rev\u00eatement TaC avanc\u00e9e pour assurer une excellente inerte chimique et la stabilit\u00e9 thermique. Nous sommes fermement d\u00e9termin\u00e9s \u00e0 fournir des produits de la plus haute qualit\u00e9 \u00e0 des prix comp\u00e9titifs et nous sommes impatients de devenir votre partenaire \u00e0 long terme en Chine.<\/p>","protected":false},"featured_media":173,"template":"","meta":[],"product_cat":[16,31],"product_tag":[22,29,24,26],"class_list":{"0":"post-144","1":"product","2":"type-product","3":"status-publish","4":"has-post-thumbnail","6":"product_cat-cvd-coating","7":"product_cat-tantalum-carbide-tac-coating","8":"product_tag-epitaxial-epi-graphite-barrel-susceptor","9":"product_tag-high-purity-cvd-solid-sic-bulk","10":"product_tag-sic-coated-graphite-base-carriers","11":"product_tag-sic-coated-graphite-mocvd-epitaxy-susceptor","13":"first","14":"instock","15":"shipping-taxable","16":"product-type-simple"},"_links":{"self":[{"href":"https:\/\/www.cnvetenergy.com\/fr\/wp-json\/wp\/v2\/product\/144","targetHints":{"allow":["GET"]}}],"collection":[{"href":"https:\/\/www.cnvetenergy.com\/fr\/wp-json\/wp\/v2\/product"}],"about":[{"href":"https:\/\/www.cnvetenergy.com\/fr\/wp-json\/wp\/v2\/types\/product"}],"version-history":[{"count":1,"href":"https:\/\/www.cnvetenergy.com\/fr\/wp-json\/wp\/v2\/product\/144\/revisions"}],"predecessor-version":[{"id":2619,"href":"https:\/\/www.cnvetenergy.com\/fr\/wp-json\/wp\/v2\/product\/144\/revisions\/2619"}],"wp:featuredmedia":[{"embeddable":true,"href":"https:\/\/www.cnvetenergy.com\/fr\/wp-json\/wp\/v2\/media\/173"}],"wp:attachment":[{"href":"https:\/\/www.cnvetenergy.com\/fr\/wp-json\/wp\/v2\/media?parent=144"}],"wp:term":[{"taxonomy":"product_cat","embeddable":true,"href":"https:\/\/www.cnvetenergy.com\/fr\/wp-json\/wp\/v2\/product_cat?post=144"},{"taxonomy":"product_tag","embeddable":true,"href":"https:\/\/www.cnvetenergy.com\/fr\/wp-json\/wp\/v2\/product_tag?post=144"}],"curies":[{"name":"wp","href":"https:\/\/api.w.org\/{rel}","templated":true}]}}