{"id":186,"date":"2024-11-21T13:17:13","date_gmt":"2024-11-21T05:17:13","guid":{"rendered":"http:\/\/weitai1.globaldeepsea.site\/?post_type=product&#038;p=186"},"modified":"2026-03-13T17:05:15","modified_gmt":"2026-03-13T09:05:15","slug":"heat-resistant-glass-carbon-crucible","status":"publish","type":"product","link":"https:\/\/www.cnvetenergy.com\/fr\/product\/heat-resistant-glass-carbon-crucible\/","title":{"rendered":"Creuset de carbone en verre r\u00e9sistant \u00e0 la chaleur"},"content":{"rendered":"<div class=\"fl-builder-content fl-builder-content-160696 fl-builder-content-primary fl-builder-global-templates-locked\" data-post-id=\"160696\">\n<div class=\"fl-row fl-row-fixed-width fl-row-bg-none fl-node-6581403711216\" data-node=\"6581403711216\">\n<div class=\"fl-row-content-wrap\">\n<div class=\"fl-row-content fl-row-fixed-width fl-node-content\">\n<div class=\"fl-col-group fl-node-6581403711276\" data-node=\"6581403711276\">\n<div class=\"fl-col fl-node-65814037112b5 fl-col-small\" data-node=\"65814037112b5\">\n<div class=\"fl-col-content fl-node-content\">\n<div class=\"fl-module fl-module-rich-text fl-node-65814037112f6\" data-node=\"65814037112f6\" data-animation-delay=\"0.0\">\n<div class=\"fl-module-content fl-node-content\">\n<div class=\"fl-rich-text\">\n<p>Le creuset au carbone en verre est une sorte de creuset fait de mat\u00e9riaux sp\u00e9ciaux pour des exp\u00e9riences et des applications \u00e0 haute temp\u00e9rature. Il a une excellente r\u00e9sistance \u00e0 haute temp\u00e9rature, une bonne stabilit\u00e9 chimique et une grande puret\u00e9, de sorte qu'il est largement utilis\u00e9 dans diff\u00e9rents domaines, tels que la m\u00e9tallurgie, la c\u00e9ramique, les produits chimiques, les semi-conducteurs, etc.<\/p>\n<p>Le processus de fabrication du creuset de carbone en verre est tr\u00e8s complexe, qui doit passer par plusieurs proc\u00e9d\u00e9s et un contr\u00f4le de qualit\u00e9 strict. Tout d'abord, il est n\u00e9cessaire d'utiliser des mati\u00e8res premi\u00e8res de haute puret\u00e9, comme le graphite, l'asphalte, etc., apr\u00e8s traitement \u00e0 haute temp\u00e9rature et r\u00e9action chimique, pour fabriquer de la poudre de carbone de verre. Ensuite, la poudre se forme dans la forme du creuset apr\u00e8s la formation, le frittage et d'autres processus. Enfin, il est \u00e9galement n\u00e9cessaire d'effectuer le recuit \u00e0 haute temp\u00e9rature, le broyage, le polissage et d'autres traitements pour assurer la qualit\u00e9 et la performance du creuset.<\/p>\n<\/div>\n<\/div>\n<\/div>\n<\/div>\n<\/div>\n<div class=\"fl-col fl-node-6581403711335 fl-col-small\" data-node=\"6581403711335\">\n<div class=\"fl-col-content fl-node-content\">\n<div class=\"fl-module fl-module-photo fl-node-6581403711373\" data-node=\"6581403711373\" data-animation-delay=\"0.0\">\n<div class=\"fl-module-content fl-node-content\">\n<div class=\"fl-photo fl-photo-align-center\">\n<div class=\"fl-photo-content fl-photo-img-png\"><img decoding=\"async\" class=\"fl-photo-img wp-image-160687 size-full\" src=\"https:\/\/www.vet-china.com\/uploads\/343.png\" alt=\"3\" \/><\/div>\n<\/div>\n<\/div>\n<\/div>\n<\/div>\n<\/div>\n<\/div>\n<div class=\"fl-col-group fl-node-65814037114ae\" data-node=\"65814037114ae\">\n<div class=\"fl-col fl-node-65814037114be fl-col-small\" data-node=\"65814037114be\">\n<div class=\"fl-col-content fl-node-content\">\n<div class=\"fl-module fl-module-rich-text fl-node-65814037114fc\" data-node=\"65814037114fc\" data-animation-delay=\"0.0\">\n<div class=\"fl-module-content fl-node-content\">\n<div class=\"fl-rich-text\">\n<p>P\u00e9cularit\u00e9:<br \/>\nDivers mat\u00e9riaux de graphite peuvent \u00eatre utilis\u00e9s comme substrats<br \/>\nLes propri\u00e9t\u00e9s du substrat de graphite ne sont pas perdues<br \/>\nIl peut r\u00e9duire la formation de poussi\u00e8res de graphite<br \/>\nA une meilleure r\u00e9sistance aux rayures et une autre durabilit\u00e9 anti-friction<\/p>\n<\/div>\n<\/div>\n<\/div>\n<\/div>\n<\/div>\n<div class=\"fl-col fl-node-6581403711577 fl-col-small\" data-node=\"6581403711577\">\n<div class=\"fl-col-content fl-node-content\">\n<div class=\"fl-module fl-module-rich-text fl-node-6581403711539\" data-node=\"6581403711539\" data-animation-delay=\"0.0\">\n<div class=\"fl-module-content fl-node-content\">\n<div class=\"fl-rich-text\">\n<p>Appliquer :<br \/>\nComposants d'\u00e9quipement d'\u00e9tirage monocristallin en silicium<br \/>\nParties de culture \u00e9pitaxiale<br \/>\nMoulage continu<br \/>\nFixation pour joints de verre<\/p>\n<\/div>\n<\/div>\n<\/div>\n<\/div>\n<\/div>\n<\/div>\n<div class=\"fl-col-group fl-node-65814037115b4\" data-node=\"65814037115b4\">\n<div class=\"fl-col fl-node-65814037115f2\" data-node=\"65814037115f2\">\n<div class=\"fl-col-content fl-node-content\">\n<div class=\"fl-module fl-module-rich-text fl-node-6581403711633\" data-node=\"6581403711633\" data-animation-delay=\"0.0\">\n<div class=\"fl-module-content fl-node-content\">\n<div class=\"fl-rich-text\">\n<table border=\"1\" cellspacing=\"0\">\n<tbody>\n<tr>\n<td valign=\"top\" width=\"69\">\n<p align=\"center\">Mat\u00e9riau<\/p>\n<\/td>\n<td valign=\"top\" width=\"89\">\n<p align=\"center\">Densit\u00e9 en vrac<\/p>\n<\/td>\n<td valign=\"top\" width=\"70\">\n<p align=\"center\">Duret\u00e9<\/p>\n<\/td>\n<td valign=\"top\" width=\"130\">\n<p align=\"center\">R\u00e9sistivit\u00e9 \u00e9lectrique<\/p>\n<\/td>\n<td valign=\"top\" width=\"115\">\n<p align=\"center\">R\u00e9sistance \u00e0 la compression<\/p>\n<\/td>\n<td valign=\"top\" width=\"146\">\n<p align=\"center\">R\u00e9sistance \u00e0 la compression<\/p>\n<\/td>\n<\/tr>\n<tr>\n<td valign=\"top\" width=\"69\">\n<p align=\"center\">ISEM-3<\/p>\n<\/td>\n<td valign=\"top\" width=\"89\">\n<p align=\"center\">0<\/p>\n<\/td>\n<td valign=\"top\" width=\"70\">\n<p align=\"center\">0<\/p>\n<\/td>\n<td valign=\"top\" width=\"130\">\n<p align=\"center\">0<\/p>\n<\/td>\n<td valign=\"top\" width=\"115\">\n<p align=\"center\">0<\/p>\n<\/td>\n<td valign=\"top\" width=\"146\">\n<p align=\"center\">0<\/p>\n<\/td>\n<\/tr>\n<tr>\n<td valign=\"top\" width=\"69\">\n<p align=\"center\">GP1B<\/p>\n<\/td>\n<td valign=\"top\" width=\"89\">\n<p align=\"center\">0<\/p>\n<\/td>\n<td valign=\"top\" width=\"70\">\n<p align=\"center\">+3%<\/p>\n<\/td>\n<td valign=\"top\" width=\"130\">\n<p align=\"center\">0<\/p>\n<\/td>\n<td valign=\"top\" width=\"115\">\n<p align=\"center\">+8%<\/p>\n<\/td>\n<td valign=\"top\" width=\"146\">\n<p align=\"center\">+3%<\/p>\n<\/td>\n<\/tr>\n<tr>\n<td valign=\"top\" width=\"69\">\n<p align=\"center\">GP2Z<\/p>\n<\/td>\n<td valign=\"top\" width=\"89\">\n<p align=\"center\">0<\/p>\n<\/td>\n<td valign=\"top\" width=\"70\">\n<p align=\"center\">+3%<\/p>\n<\/td>\n<td valign=\"top\" width=\"130\">\n<p align=\"center\">&#8211;<\/p>\n<\/td>\n<td valign=\"top\" width=\"115\">\n<p align=\"center\">+7%<\/p>\n<\/td>\n<td valign=\"top\" width=\"146\">\n<p align=\"center\">+4%<\/p>\n<\/td>\n<\/tr>\n<tr>\n<td valign=\"top\" width=\"69\">\n<p align=\"center\">GP2B<\/p>\n<\/td>\n<td valign=\"top\" width=\"89\">\n<p align=\"center\">0<\/p>\n<\/td>\n<td valign=\"top\" width=\"70\">\n<p align=\"center\">+3%<\/p>\n<\/td>\n<td valign=\"top\" width=\"130\">\n<p align=\"center\">0<\/p>\n<\/td>\n<td valign=\"top\" width=\"115\">\n<p align=\"center\">+13%<\/p>\n<\/td>\n<td valign=\"top\" width=\"146\">\n<p align=\"center\">+3%<\/p>\n<\/td>\n<\/tr>\n<\/tbody>\n<\/table>\n<\/div>\n<\/div>\n<\/div>\n<\/div>\n<\/div>\n<\/div>\n<div class=\"fl-col-group fl-node-65814037116f1\" data-node=\"65814037116f1\">\n<div class=\"fl-col fl-node-65814037117a9 fl-col-small\" data-node=\"65814037117a9\">\n<div class=\"fl-col-content fl-node-content\">\n<div class=\"fl-module fl-module-photo fl-node-658140371142d\" data-node=\"658140371142d\" data-animation-delay=\"0.0\">\n<div class=\"fl-module-content fl-node-content\">\n<div class=\"fl-photo fl-photo-align-center\">\n<div class=\"fl-photo-content fl-photo-img-png\"><img decoding=\"async\" class=\"fl-photo-img wp-image-160691\" src=\"https:\/\/www.vet-china.com\/uploads\/\u5fae\u4fe1\u622a\u56fe_20231219142652.png\" alt=\"* 20231219142652\" \/><\/div>\n<\/div>\n<\/div>\n<\/div>\n<\/div>\n<\/div>\n<div class=\"fl-col fl-node-658140371172f fl-col-small\" data-node=\"658140371172f\">\n<div class=\"fl-col-content fl-node-content\">\n<div class=\"fl-module fl-module-photo fl-node-658140371176c\" data-node=\"658140371176c\" data-animation-delay=\"0.0\">\n<div class=\"fl-module-content fl-node-content\">\n<div class=\"fl-photo fl-photo-align-center\">\n<div class=\"fl-photo-content fl-photo-img-png\"><img decoding=\"async\" class=\"fl-photo-img wp-image-160692\" src=\"https:\/\/www.vet-china.com\/uploads\/ZFDxdFV.png\" alt=\"ZFDxdFV\" \/><\/div>\n<\/div>\n<\/div>\n<\/div>\n<\/div>\n<\/div>\n<\/div>\n<div class=\"fl-col-group fl-node-65814037113b0\" data-node=\"65814037113b0\">\n<div class=\"fl-col fl-node-65814037113ee fl-col-small\" data-node=\"65814037113ee\">\n<div class=\"fl-col-content fl-node-content\">\n<div class=\"fl-module fl-module-photo fl-node-65814037116b4\" data-node=\"65814037116b4\" data-animation-delay=\"0.0\">\n<div class=\"fl-module-content fl-node-content\">\n<div class=\"fl-photo fl-photo-align-center\">\n<div class=\"fl-photo-content fl-photo-img-png\"><img decoding=\"async\" class=\"fl-photo-img wp-image-160689\" src=\"https:\/\/www.vet-china.com\/uploads\/550.png\" alt=\"5\" \/><\/div>\n<\/div>\n<\/div>\n<\/div>\n<\/div>\n<\/div>\n<div class=\"fl-col fl-node-6581403711675 fl-col-small\" data-node=\"6581403711675\">\n<div class=\"fl-col-content fl-node-content\">\n<div class=\"fl-module fl-module-photo fl-node-658140371146e\" data-node=\"658140371146e\" data-animation-delay=\"0.0\">\n<div class=\"fl-module-content fl-node-content\">\n<div class=\"fl-photo fl-photo-align-center\">\n<div class=\"fl-photo-content fl-photo-img-png\"><img decoding=\"async\" class=\"fl-photo-img wp-image-160688 size-full\" src=\"https:\/\/www.vet-china.com\/uploads\/175.png\" alt=\"1\" \/><\/div>\n<\/div>\n<\/div>\n<\/div>\n<\/div>\n<\/div>\n<\/div>\n<\/div>\n<\/div>\n<\/div>\n<\/div>","protected":false},"excerpt":{"rendered":"<h3>Short Description:<\/h3>\n<p>Le carbone vitreux poss\u00e8de une excellente r\u00e9sistance \u00e0 haute temp\u00e9rature, une bonne stabilit\u00e9 chimique et une grande puret\u00e9. Il est donc largement utilis\u00e9 dans divers domaines, tels que la m\u00e9tallurgie, la c\u00e9ramique, les produits chimiques, les semi-conducteurs, etc.<\/p>","protected":false},"featured_media":187,"template":"","meta":[],"product_cat":[16,34],"product_tag":[22,29,24,26],"class_list":{"0":"post-186","1":"product","2":"type-product","3":"status-publish","4":"has-post-thumbnail","6":"product_cat-cvd-coating","7":"product_cat-vitreous-graphite","8":"product_tag-epitaxial-epi-graphite-barrel-susceptor","9":"product_tag-high-purity-cvd-solid-sic-bulk","10":"product_tag-sic-coated-graphite-base-carriers","11":"product_tag-sic-coated-graphite-mocvd-epitaxy-susceptor","13":"first","14":"instock","15":"shipping-taxable","16":"product-type-simple"},"_links":{"self":[{"href":"https:\/\/www.cnvetenergy.com\/fr\/wp-json\/wp\/v2\/product\/186","targetHints":{"allow":["GET"]}}],"collection":[{"href":"https:\/\/www.cnvetenergy.com\/fr\/wp-json\/wp\/v2\/product"}],"about":[{"href":"https:\/\/www.cnvetenergy.com\/fr\/wp-json\/wp\/v2\/types\/product"}],"version-history":[{"count":1,"href":"https:\/\/www.cnvetenergy.com\/fr\/wp-json\/wp\/v2\/product\/186\/revisions"}],"predecessor-version":[{"id":2618,"href":"https:\/\/www.cnvetenergy.com\/fr\/wp-json\/wp\/v2\/product\/186\/revisions\/2618"}],"wp:featuredmedia":[{"embeddable":true,"href":"https:\/\/www.cnvetenergy.com\/fr\/wp-json\/wp\/v2\/media\/187"}],"wp:attachment":[{"href":"https:\/\/www.cnvetenergy.com\/fr\/wp-json\/wp\/v2\/media?parent=186"}],"wp:term":[{"taxonomy":"product_cat","embeddable":true,"href":"https:\/\/www.cnvetenergy.com\/fr\/wp-json\/wp\/v2\/product_cat?post=186"},{"taxonomy":"product_tag","embeddable":true,"href":"https:\/\/www.cnvetenergy.com\/fr\/wp-json\/wp\/v2\/product_tag?post=186"}],"curies":[{"name":"wp","href":"https:\/\/api.w.org\/{rel}","templated":true}]}}