{"id":19,"date":"2024-11-21T10:16:56","date_gmt":"2024-11-21T02:16:56","guid":{"rendered":"http:\/\/weitai1.globaldeepsea.site\/?post_type=product&#038;p=19"},"modified":"2026-03-13T17:05:21","modified_gmt":"2026-03-13T09:05:21","slug":"epitaxial-epi-graphite-barrel-susceptor","status":"publish","type":"product","link":"https:\/\/www.cnvetenergy.com\/fr\/product\/epitaxial-epi-graphite-barrel-susceptor\/","title":{"rendered":"Suscepteur \u00e0 barillet en graphite \u00e9pitaxi\u00e9"},"content":{"rendered":"<div class=\"fl-row fl-row-fixed-width fl-row-bg-none fl-node-65bb962c523ce\" data-node=\"65bb962c523ce\">\n<div class=\"fl-row-content-wrap\">\n<div class=\"fl-row-content fl-row-fixed-width fl-node-content\">\n<div class=\"fl-col-group fl-node-65bb962c53014\" data-node=\"65bb962c53014\">\n<div class=\"fl-col fl-node-65bb962c531fa\" data-node=\"65bb962c531fa\">\n<div class=\"fl-col-content fl-node-content\">\n<div class=\"fl-module fl-module-rich-text fl-node-65bb962c54f2d\" data-node=\"65bb962c54f2d\" data-animation-delay=\"0.0\">\n<div class=\"fl-module-content fl-node-content\">\n<div class=\"fl-rich-text\">\n<p><strong>\u00c9piaxial Epi Graphite Suscepteur de barils<\/strong><\/p>\n<p>Epitaxial Epi Graphite Barrel Susceptor est un dispositif de support et de chauffage sp\u00e9cialement con\u00e7u pour maintenir et chauffer les substrats semi-conducteurs pendant les processus de fabrication tels que les processus de d\u00e9p\u00f4t ou d'\u00e9pitaxie.<\/p>\n<p>Sa structure comprend typiquement cylindrique ou l\u00e9g\u00e8rement en forme de barillet, la surface dispose de multiples poches ou plates-formes pour placer les wafers, peut \u00eatre un design solide ou creux, selon la m\u00e9thode de chauffage.<\/p>\n<p><strong>Les principales fonctions du suscepteur de baril \u00e9pitaxial:<\/strong><\/p>\n<p>-Support de substrat: contient en toute s\u00e9curit\u00e9 plusieurs plaquettes semi-conducteurs;<br \/>\n-Source de chaleur: fournit des temp\u00e9ratures \u00e9lev\u00e9es n\u00e9cessaires \u00e0 la croissance par chauffage;<br \/>\n-L'uniformit\u00e9 de temp\u00e9rature: assure un chauffage uniforme des substrats;<br \/>\n-Rotation: tourne g\u00e9n\u00e9ralement pendant la croissance pour am\u00e9liorer l'uniformit\u00e9 de la temp\u00e9rature et de la distribution des gaz.<\/p>\n<p><strong>Principe de fonctionnement du suscepteur \u00e0 canon en \u00e9pigraphite:<\/strong><br \/>\n\u2013 Dans le r\u00e9acteur \u00e9pitaxial, le suscepteur du baril est chauff\u00e9 \u00e0 la temp\u00e9rature requise (habituellement 1000\u00b0C-1200\u00b0C pour l'\u00e9pitaxie du silicium);<br \/>\n-Le suscepteur du baril tourne pour assurer une distribution uniforme de la temp\u00e9rature et du d\u00e9bit de gaz;<br \/>\n-Les gaz de r\u00e9action se d\u00e9composent \u00e0 haute temp\u00e9rature, formant des couches \u00e9pitaxiales sur la surface du substrat.<\/p>\n<p><strong>Demandes :<br \/>\n<\/strong>- principalement utilis\u00e9 pour la croissance \u00e9pitaxiale du silicium<br \/>\n-S'applique \u00e9galement \u00e0 l'\u00e9pitaxie d'autres mat\u00e9riaux semi-conducteurs tels que GaAs, InP, etc.<\/p>\n<p>FEP L'\u00e9nergie utilise du graphite de haute puret\u00e9 avec un rev\u00eatement CVD-SiC pour am\u00e9liorer la stabilit\u00e9 chimique :<\/p>\n<p>&nbsp;<\/p>\n<p><a class=\"fancybox\" href=\"https:\/\/www.vet-china.com\/uploads\/1109.jpg\" target=\"_blank\" rel=\"noopener\"><img decoding=\"async\" class=\"alignnone size-full wp-image-161022\" src=\"https:\/\/www.vet-china.com\/uploads\/1109.jpg\" alt=\"1\" \/><\/a><\/p>\n<p><a class=\"fancybox\" href=\"https:\/\/www.vet-china.com\/uploads\/284.jpg\" target=\"_blank\" rel=\"noopener\"><img decoding=\"async\" class=\"alignnone size-full wp-image-161023\" src=\"https:\/\/www.vet-china.com\/uploads\/284.jpg\" alt=\"2\" \/><\/a><\/p>\n<p>Les avantages de l'Epitaxial Epi Graphite Virtuel Suscepteur :<\/p>\n<p>- Stabilit\u00e9 \u00e0 haute temp\u00e9rature;<br \/>\n- Bonne uniformit\u00e9 thermique;<br \/>\n- Peut traiter plusieurs substrats simultan\u00e9ment, am\u00e9liorant l'efficacit\u00e9 de la production;<br \/>\n- Inerte chimiquement, en maintenant un environnement de croissance \u00e0 haute puret\u00e9.<\/p>\n<p>&nbsp;<\/p>\n<\/div>\n<\/div>\n<\/div>\n<\/div>\n<\/div>\n<\/div>\n<\/div>\n<\/div>\n<\/div>\n<div class=\"fl-row fl-row-fixed-width fl-row-bg-none fl-node-667bb31e114b1\" data-node=\"667bb31e114b1\">\n<div class=\"fl-row-content-wrap\">\n<div class=\"fl-row-content fl-row-fixed-width fl-node-content\">\n<div class=\"fl-col-group fl-node-667bb31e114f5\" data-node=\"667bb31e114f5\">\n<div class=\"fl-col fl-node-667bb31e11537\" data-node=\"667bb31e11537\">\n<div class=\"fl-col-content fl-node-content\">\n<div class=\"fl-module fl-module-rich-text fl-node-667bb31e11578\" data-node=\"667bb31e11578\" data-animation-delay=\"0.0\">\n<div class=\"fl-module-content fl-node-content\">\n<div class=\"fl-rich-text\">\n<p><img decoding=\"async\" src=\"https:\/\/www.vet-china.com\/uploads\/Company-Information.jpg\" alt=\"Company Information\" \/><\/p>\n<p>Ningbo VET Energy Technology Co., Ltd is a high-tech enterprise focusing on the production and sales of high-end advanced materials, the materials and technology including graphite, silicon carbide, ceramics, surface treatment like SiC coating, TaC coating, glassy carbon coating, pyrolytic carbon coating, etc., these products are widely used in photovoltaic, semiconductor, new energy, metallurgy,etc..<\/p>\n<p>Our technical team comes from top domestic research institutions, and have developed multiple patented technologies to ensure product performance and quality, can also provide customers with professional material solutions.<\/p>\n<p>Nous vous invitons chaleureusement \u00e0 visiter notre laboratoire et notre usine pour des discussions techniques et des coop\u00e9rations!<\/p>\n<p><a class=\"fancybox\" href=\"https:\/\/www.vet-china.com\/uploads\/\u7814\u53d1\u56e2\u961f2.jpg\" target=\"_blank\" rel=\"noopener\"><img decoding=\"async\" class=\"alignnone size-full wp-image-161042\" src=\"https:\/\/www.vet-china.com\/uploads\/\u7814\u53d1\u56e2\u961f2.jpg\" alt=\"\u7814\u53d1\u56e2\u961f\" \/><\/a><\/p>\n<p><a class=\"fancybox\" href=\"https:\/\/www.vet-china.com\/uploads\/\u751f\u4ea7\u8bbe\u59071.jpg\" target=\"_blank\" rel=\"noopener\"><img decoding=\"async\" class=\"alignnone size-full wp-image-161043\" src=\"https:\/\/www.vet-china.com\/uploads\/\u751f\u4ea7\u8bbe\u59071.jpg\" alt=\"\u751f\u4ea7\u8bbe\u5907\" \/><\/a><\/p>\n<p><a class=\"fancybox\" href=\"https:\/\/www.vet-china.com\/uploads\/\u516c\u53f8\u5ba2\u62371.jpg\" target=\"_blank\" rel=\"noopener\"><img decoding=\"async\" class=\"alignnone size-full wp-image-161044\" src=\"https:\/\/www.vet-china.com\/uploads\/\u516c\u53f8\u5ba2\u62371.jpg\" alt=\"\u516c\u53f8\u5ba2\u6237\" \/><\/a><\/p>\n<\/div>\n<\/div>\n<\/div>\n<\/div>\n<\/div>\n<\/div>\n<\/div>\n<\/div>\n<\/div>","protected":false},"excerpt":{"rendered":"<p>Short Description:<\/p>\n<p>FEP Energy est un fabricant, un fournisseur et un exportateur professionnel pour le capteur de baril \u00e9pigraphite \u00e9pitaxiale. Nous avons une solide \u00e9quipe de R-D et ses propres technologies brevet\u00e9es pour fournir aux clients des mat\u00e9riaux de haute qualit\u00e9 et avanc\u00e9s, nous vous invitons \u00e0 visiter notre usine pour plus de discussion.<\/p>","protected":false},"featured_media":20,"template":"","meta":[],"product_cat":[16,17],"product_tag":[22],"class_list":{"0":"post-19","1":"product","2":"type-product","3":"status-publish","4":"has-post-thumbnail","6":"product_cat-cvd-coating","7":"product_cat-si-epitaxial-parts","8":"product_tag-epitaxial-epi-graphite-barrel-susceptor","10":"first","11":"instock","12":"shipping-taxable","13":"product-type-simple"},"_links":{"self":[{"href":"https:\/\/www.cnvetenergy.com\/fr\/wp-json\/wp\/v2\/product\/19","targetHints":{"allow":["GET"]}}],"collection":[{"href":"https:\/\/www.cnvetenergy.com\/fr\/wp-json\/wp\/v2\/product"}],"about":[{"href":"https:\/\/www.cnvetenergy.com\/fr\/wp-json\/wp\/v2\/types\/product"}],"version-history":[{"count":1,"href":"https:\/\/www.cnvetenergy.com\/fr\/wp-json\/wp\/v2\/product\/19\/revisions"}],"predecessor-version":[{"id":2624,"href":"https:\/\/www.cnvetenergy.com\/fr\/wp-json\/wp\/v2\/product\/19\/revisions\/2624"}],"wp:featuredmedia":[{"embeddable":true,"href":"https:\/\/www.cnvetenergy.com\/fr\/wp-json\/wp\/v2\/media\/20"}],"wp:attachment":[{"href":"https:\/\/www.cnvetenergy.com\/fr\/wp-json\/wp\/v2\/media?parent=19"}],"wp:term":[{"taxonomy":"product_cat","embeddable":true,"href":"https:\/\/www.cnvetenergy.com\/fr\/wp-json\/wp\/v2\/product_cat?post=19"},{"taxonomy":"product_tag","embeddable":true,"href":"https:\/\/www.cnvetenergy.com\/fr\/wp-json\/wp\/v2\/product_tag?post=19"}],"curies":[{"name":"wp","href":"https:\/\/api.w.org\/{rel}","templated":true}]}}