{"id":193,"date":"2024-11-21T13:24:15","date_gmt":"2024-11-21T05:24:15","guid":{"rendered":"http:\/\/weitai1.globaldeepsea.site\/?post_type=product&#038;p=193"},"modified":"2026-03-13T17:05:14","modified_gmt":"2026-03-13T09:05:14","slug":"piedestal-a-colonne-verticale-2","status":"publish","type":"product","link":"https:\/\/www.cnvetenergy.com\/fr\/product\/piedestal-a-colonne-verticale-2\/","title":{"rendered":"Colonne verticale Wafer Boat &amp; P\u00e9destal"},"content":{"rendered":"<div class=\"fl-row fl-row-fixed-width fl-row-bg-none fl-node-66beb68507ee4\" data-node=\"66beb68507ee4\">\n<div class=\"fl-row-content-wrap\">\n<div class=\"fl-row-content fl-row-fixed-width fl-node-content\">\n<div class=\"fl-col-group fl-node-66beb68507f26\" data-node=\"66beb68507f26\">\n<div class=\"fl-col fl-node-66beb68507f67\" data-node=\"66beb68507f67\">\n<div class=\"fl-col-content fl-node-content\">\n<div class=\"fl-module fl-module-rich-text fl-node-66beb69d36796\" data-node=\"66beb69d36796\" data-animation-delay=\"0.0\">\n<div class=\"fl-module-content fl-node-content\">\n<div class=\"fl-rich-text\">\n<p><span style=\"font-family: 'Microsoft Yahei'\">VET-china presents the innovative Vertical Column Wafer Boat &amp; Pedestal, a comprehensive solution for advanced semiconductor processing. Designed with meticulous precision, this wafer handling system provides unmatched stability and alignment, crucial for high-efficiency manufacturing environments.<\/span><\/p>\n<p><span style=\"font-family: 'Microsoft Yahei'\">The Vertical Column <a href=\"https:\/\/www.vet-china.com\/search.php?s=+wafer+boat+&amp;cat=490\" target=\"_blank\" rel=\"noopener\">Wafer Boat<\/a> &amp; Pedestal is constructed with premium materials that guarantee thermal stability and resistance to chemical corrosion, making it suitable for the most demanding semiconductor fabrication processes. Its unique vertical column design supports wafers securely, reducing the risk of misalignment and potential damage during transport and processing.<\/span><\/p>\n<p><span style=\"font-family: 'Microsoft Yahei'\">With the integration of vet-china&rsquo;s Vertical Column Wafer Boat &amp; Pedestal, semiconductor manufacturers can expect improved throughput, minimized downtime, and increased product yield. This system is compatible with various wafer sizes and configurations, offering flexibility and scalability for different production needs.<\/span><\/p>\n<p><span style=\"font-family: 'Microsoft Yahei'\">vet-china&rsquo;s commitment to excellence ensures that each Vertical Column Wafer Boat &amp; Pedestal meets the highest standards of quality and performance. By choosing this cutting-edge solution, you invest in a future-proof approach to wafer handling that maximizes efficiency and reliability in semiconductor manufacturing.<\/span><\/p>\n<\/div>\n<\/div>\n<\/div>\n<div class=\"fl-module fl-module-photo fl-node-66beb685080a8\" data-node=\"66beb685080a8\" data-animation-delay=\"0.0\">\n<div class=\"fl-module-content fl-node-content\">\n<div class=\"fl-photo fl-photo-align-center\">\n<div class=\"fl-photo-content fl-photo-img-jpg\"><span style=\"font-family: 'Microsoft Yahei'\"><img decoding=\"async\" class=\"fl-photo-img wp-image-162073\" src=\"https:\/\/www.vet-china.com\/uploads\/Vertical-Column-Wafer-Boat-Pedestal1.jpg\" alt=\"Colonne verticale Wafer Boat &amp; P\u00e9destal\"><\/span><\/div>\n<\/div>\n<\/div>\n<\/div>\n<div class=\"fl-module fl-module-rich-text fl-node-66beb68507fa7\" data-node=\"66beb68507fa7\" data-animation-delay=\"0.0\">\n<div class=\"fl-module-content fl-node-content\">\n<div class=\"fl-rich-text\">\n<p data-section=\"0\"><span style=\"font-family: 'Microsoft Yahei'\">Propri\u00e9t\u00e9s du carbure de silicium recristallis\u00e9<\/span><\/p>\n<p data-section=\"1\"><span style=\"font-family: 'Microsoft Yahei'\"><a href=\"https:\/\/www.vet-china.com\/search.php?s=Recrystallized+silicon+carbide&amp;cat=490\" target=\"_blank\" rel=\"noopener\">Recrystallized silicon carbide<\/a> (R-SiC) is a high-performance material with hardness second only to diamond, which is formed at a high temperature above 2000\u2103. It retains many excellent properties of SiC, such as high temperature strength, strong corrosion resistance, excellent oxidation resistance, good thermal shock resistance and so on.<\/span><\/p>\n<p data-section=\"2\"><span style=\"font-family: 'Microsoft Yahei'\">\u25cf Excellentes propri\u00e9t\u00e9s m\u00e9caniques. Le carbure de silicium recrystallis\u00e9 a plus de r\u00e9sistance et de rigidit\u00e9 que la fibre de carbone, une r\u00e9sistance \u00e0 l'impact \u00e9lev\u00e9e, peut jouer une bonne performance dans des environnements de temp\u00e9rature extr\u00eame, peut jouer un meilleur contrepoids dans une vari\u00e9t\u00e9 de situations. En outre, il a \u00e9galement une bonne flexibilit\u00e9 et n'est pas facilement endommag\u00e9 par l'\u00e9tirement et la flexion, ce qui am\u00e9liore grandement ses performances.<\/span><\/p>\n<p data-section=\"3\"><span style=\"font-family: 'Microsoft Yahei'\">\u25cf Haute r\u00e9sistance \u00e0 la corrosion. Le carbure de silicium recrystallis\u00e9 poss\u00e8de une r\u00e9sistance \u00e9lev\u00e9e \u00e0 la corrosion de divers milieux, peut emp\u00eacher l'\u00e9rosion de divers milieux corrosifs, peut maintenir ses propri\u00e9t\u00e9s m\u00e9caniques pendant longtemps, a une forte adh\u00e9sion, de sorte qu'il a une dur\u00e9e de vie plus longue. En outre, il a \u00e9galement une bonne stabilit\u00e9 thermique, peut s'adapter \u00e0 une certaine gamme de changements de temp\u00e9rature, am\u00e9liorer son effet d'application.<\/span><\/p>\n<p data-section=\"4\"><span style=\"font-family: 'Microsoft Yahei'\">\u2219 Le frittage ne r\u00e9tr\u00e9cit pas. Comme le processus de frittage ne se r\u00e9tr\u00e9cit pas, aucune contrainte r\u00e9siduelle ne causera de d\u00e9formation ou de fissuration du produit, et des pi\u00e8ces aux formes complexes et de haute pr\u00e9cision peuvent \u00eatre pr\u00e9par\u00e9es.<\/span><\/p>\n<\/div>\n<\/div>\n<\/div>\n<\/div>\n<\/div>\n<\/div>\n<div class=\"fl-col-group fl-node-66beb6850816a\" data-node=\"66beb6850816a\">\n<div class=\"fl-col fl-node-66beb685081aa\" data-node=\"66beb685081aa\">\n<div class=\"fl-col-content fl-node-content\">\n<div class=\"fl-module fl-module-rich-text fl-node-66beb68507fe8\" data-node=\"66beb68507fe8\" data-animation-delay=\"0.0\">\n<div class=\"fl-module-content fl-node-content\">\n<div class=\"fl-rich-text\">\n<table border=\"1\" cellspacing=\"0\">\n<tbody>\n<tr>\n<td colspan=\"2\" valign=\"center\" width=\"568\">\n<p align=\"center\"><span style=\"font-family: 'Microsoft Yahei'\"><strong>C'est pas vrai<\/strong><\/span><\/p>\n<p align=\"center\"><span style=\"font-family: 'Microsoft Yahei'\"><strong>Propri\u00e9t\u00e9s physiques du carbure de silicium recrystallis\u00e9<\/strong><\/span><\/p>\n<\/td>\n<\/tr>\n<tr>\n<td valign=\"center\" width=\"249\">\n<p align=\"justify\"><span style=\"font-family: 'Microsoft Yahei'\">\u6027\u8d28 \/ Property<\/span><\/p>\n<\/td>\n<td valign=\"center\" width=\"318\">\n<p align=\"justify\"><span style=\"font-family: 'Microsoft Yahei'\">\u5178\u578b\u6570\u503c \/ Typical Value<\/span><\/p>\n<\/td>\n<\/tr>\n<tr>\n<td valign=\"center\" width=\"249\">\n<p align=\"justify\"><span style=\"font-family: 'Microsoft Yahei'\">\u4f7f\u7528\u6e29\u5ea6&nbsp;\/ Working temperature (&deg;C)<\/span><\/p>\n<\/td>\n<td valign=\"center\" width=\"318\">\n<p align=\"justify\"><span style=\"font-family: 'Microsoft Yahei'\">1600&deg;C (with oxygen), 1700&deg;C (reducing environment)<\/span><\/p>\n<\/td>\n<\/tr>\n<tr>\n<td valign=\"center\" width=\"249\">\n<p align=\"justify\"><span style=\"font-family: 'Microsoft Yahei'\">Contenu de SiC<\/span><\/p>\n<\/td>\n<td valign=\"center\" width=\"318\">\n<p align=\"justify\"><span style=\"font-family: 'Microsoft Yahei'\">&gt; 99.96%<\/span><\/p>\n<\/td>\n<\/tr>\n<tr>\n<td valign=\"center\" width=\"249\">\n<p align=\"justify\"><span style=\"font-family: 'Microsoft Yahei'\">(En milliers de dollars des \u00c9tats-Unis) Contenu<\/span><\/p>\n<\/td>\n<td valign=\"center\" width=\"318\">\n<p align=\"justify\"><span style=\"font-family: 'Microsoft Yahei'\">&lt; 0,1%<\/span><\/p>\n<\/td>\n<\/tr>\n<tr>\n<td valign=\"center\" width=\"249\">\n<p align=\"justify\"><span style=\"font-family: 'Microsoft Yahei'\">\u4f53\u79ef\u5bc6\u5ea6&nbsp;\/&nbsp;Bulk density<\/span><\/p>\n<\/td>\n<td valign=\"center\" width=\"318\">\n<p align=\"justify\"><span style=\"font-family: 'Microsoft Yahei'\">2.60-2.70&nbsp;g\/cm<sup>3<\/sup><\/span><\/p>\n<\/td>\n<\/tr>\n<tr>\n<td valign=\"center\" width=\"249\">\n<p align=\"justify\"><span style=\"font-family: 'Microsoft Yahei'\">Porosit\u00e9 apparente<\/span><\/p>\n<\/td>\n<td valign=\"center\" width=\"318\">\n<p align=\"justify\"><span style=\"font-family: 'Microsoft Yahei'\">&lt; 16%<\/span><\/p>\n<\/td>\n<\/tr>\n<tr>\n<td valign=\"center\" width=\"249\">\n<p align=\"justify\"><span style=\"font-family: 'Microsoft Yahei'\">\u6297\u538b\u5f3a\u5ea6 \/ Compression&nbsp;strength<\/span><\/p>\n<\/td>\n<td valign=\"center\" width=\"318\">\n<p align=\"justify\"><span style=\"font-family: 'Microsoft Yahei'\">&gt; 600&nbsp;MPa<\/span><\/p>\n<\/td>\n<\/tr>\n<tr>\n<td valign=\"center\" width=\"249\">\n<p align=\"justify\"><span style=\"font-family: 'Microsoft Yahei'\">\u5e38\u6e29\u6297\u5f2f\u5f3a\u5ea6&nbsp;\/&nbsp;Cold bending strength<\/span><\/p>\n<\/td>\n<td valign=\"center\" width=\"318\">\n<p align=\"justify\"><span style=\"font-family: 'Microsoft Yahei'\">80-90 MPa (20&deg;C)<\/span><\/p>\n<\/td>\n<\/tr>\n<tr>\n<td valign=\"center\" width=\"249\">\n<p align=\"justify\"><span style=\"font-family: 'Microsoft Yahei'\">C'est pas vrai. R\u00e9sistance \u00e0 la flexion \u00e0 chaud<\/span><\/p>\n<\/td>\n<td valign=\"center\" width=\"318\">\n<p align=\"justify\"><span style=\"font-family: 'Microsoft Yahei'\">90-100 MPa (1400&deg;C)<\/span><\/p>\n<\/td>\n<\/tr>\n<tr>\n<td valign=\"center\" width=\"249\">\n<p align=\"justify\"><span style=\"font-family: 'Microsoft Yahei'\">\u70ed\u81a8\u80c0\u7cfb\u6570&nbsp;\/ Thermal expansion @1500&deg;C<\/span><\/p>\n<\/td>\n<td valign=\"center\" width=\"318\">\n<p align=\"justify\"><span style=\"font-family: 'Microsoft Yahei'\">4.70 10<sup>-6<\/sup>\/\u00b0C<\/span><\/p>\n<\/td>\n<\/tr>\n<tr>\n<td valign=\"center\" width=\"249\">\n<p align=\"justify\"><span style=\"font-family: 'Microsoft Yahei'\">\u5bfc\u70ed\u7cfb\u6570&nbsp;\/&nbsp;Thermal conductivity @1200&deg;C<\/span><\/p>\n<\/td>\n<td valign=\"center\" width=\"318\">\n<p align=\"justify\"><span style=\"font-family: 'Microsoft Yahei'\">23&nbsp;&nbsp;W\/m&bull;K<\/span><\/p>\n<\/td>\n<\/tr>\n<tr>\n<td valign=\"center\" width=\"249\">\n<p align=\"justify\"><span style=\"font-family: 'Microsoft Yahei'\">Module \u00e9lastique<\/span><\/p>\n<\/td>\n<td valign=\"center\" width=\"318\">\n<p align=\"justify\"><span style=\"font-family: 'Microsoft Yahei'\">240 GPa<\/span><\/p>\n<\/td>\n<\/tr>\n<tr>\n<td valign=\"center\" width=\"249\">\n<p align=\"justify\"><span style=\"font-family: 'Microsoft Yahei'\">R\u00e9sistance aux chocs thermiques<\/span><\/p>\n<\/td>\n<td valign=\"center\" width=\"318\">\n<p align=\"justify\"><span style=\"font-family: 'Microsoft Yahei'\">Tr\u00e8s bon<\/span><\/p>\n<\/td>\n<\/tr>\n<\/tbody>\n<\/table>\n<\/div>\n<\/div>\n<\/div>\n<\/div>\n<\/div>\n<\/div>\n<\/div>\n<\/div>\n<\/div>\n<div class=\"fl-row fl-row-fixed-width fl-row-bg-none fl-node-66beb685081ea\" data-node=\"66beb685081ea\">\n<div class=\"fl-row-content-wrap\">\n<div class=\"fl-row-content fl-row-fixed-width fl-node-content\">\n<div class=\"fl-col-group fl-node-66beb6850822b\" data-node=\"66beb6850822b\">\n<div class=\"fl-col fl-node-66beb6850826b\" data-node=\"66beb6850826b\">\n<div class=\"fl-col-content fl-node-content\">\n<div class=\"fl-module fl-module-rich-text fl-node-66beb685082ab\" data-node=\"66beb685082ab\" data-animation-delay=\"0.0\">\n<div class=\"fl-module-content fl-node-content\">\n<div class=\"fl-rich-text\">\n<p><span style=\"font-family: 'Microsoft Yahei'\">VET Energy is&nbsp;the&nbsp;real manufacturer of customized graphite and silicon carbide products with <a href=\"https:\/\/www.vet-china.com\/search.php?s=CVD+coating&amp;cat=490\" target=\"_blank\" rel=\"noopener\">Rev\u00eatement CVD<\/a>,&nbsp;can supply&nbsp;various customized parts for semiconductor and photovoltaic industry.&nbsp;Our technical team comes from top domestic research institutions, can provide more professional material solutions&nbsp;for you.<\/span><\/p>\n<p><span style=\"font-family: 'Microsoft Yahei'\">We continuously develop advanced processes to provide more advanced materials,&nbsp;and&nbsp;have worked out an exclusive patented technology, which can make the bonding between the coating and the substrate tighter and less prone to detachment.<\/span><\/p>\n<table border=\"1\" cellspacing=\"0\">\n<tbody>\n<tr>\n<td colspan=\"2\" valign=\"center\" width=\"568\">\n<p align=\"center\"><span style=\"font-family: 'Microsoft Yahei'\"><strong>DCV<\/strong><strong>&nbsp;<\/strong><strong>Si<\/strong><strong>C<\/strong><strong>\u8584\u819c\u57fa\u672c\u7269\u7406\u6027\u80fd<\/strong><\/span><\/p>\n<p align=\"center\"><span style=\"font-family: 'Microsoft Yahei'\"><strong>Basic physical properties of CVD SiC <\/strong><strong>coating<\/strong><\/span><\/p>\n<\/td>\n<\/tr>\n<tr>\n<td valign=\"center\" width=\"248\">\n<p align=\"justify\"><span style=\"font-family: 'Microsoft Yahei'\">\u6027\u8d28 \/ Property<\/span><\/p>\n<\/td>\n<td valign=\"center\" width=\"319\">\n<p align=\"justify\"><span style=\"font-family: 'Microsoft Yahei'\">\u5178\u578b\u6570\u503c \/ Typical Value<\/span><\/p>\n<\/td>\n<\/tr>\n<tr>\n<td valign=\"center\" width=\"248\">\n<p align=\"justify\"><span style=\"font-family: 'Microsoft Yahei'\">\u6676\u4f53\u7ed3\u6784 \/ Crystal Structure<\/span><\/p>\n<\/td>\n<td valign=\"center\" width=\"319\">\n<p align=\"justify\"><span style=\"font-family: 'Microsoft Yahei'\">FCC &beta; phase&nbsp;\u591a\u6676\uff0c\u4e3b\u8981\u4e3a\uff08111\uff09\u53d6\u5411<\/span><\/p>\n<\/td>\n<\/tr>\n<tr>\n<td valign=\"center\" width=\"248\">\n<p align=\"justify\"><span style=\"font-family: 'Microsoft Yahei'\">\u5bc6\u5ea6 \/ Density<\/span><\/p>\n<\/td>\n<td valign=\"center\" width=\"319\">\n<p align=\"justify\"><span style=\"font-family: 'Microsoft Yahei'\">3.21 g\/cm3<\/span><\/p>\n<\/td>\n<\/tr>\n<tr>\n<td valign=\"center\" width=\"248\">\n<p align=\"justify\"><span style=\"font-family: 'Microsoft Yahei'\">\u786c\u5ea6 \/ Hardness<\/span><\/p>\n<\/td>\n<td valign=\"center\" width=\"319\">\n<p align=\"justify\"><span style=\"font-family: 'Microsoft Yahei'\">2500 \u7ef4\u6c0f\u786c\u5ea6\uff08500g load\uff09<\/span><\/p>\n<\/td>\n<\/tr>\n<tr>\n<td valign=\"center\" width=\"248\">\n<p align=\"justify\"><span style=\"font-family: 'Microsoft Yahei'\">\u6676\u7c92\u5927\u5c0f \/ Grain SiZe<\/span><\/p>\n<\/td>\n<td valign=\"center\" width=\"319\">\n<p align=\"justify\"><span style=\"font-family: 'Microsoft Yahei'\">2~10&mu;m<\/span><\/p>\n<\/td>\n<\/tr>\n<tr>\n<td valign=\"center\" width=\"248\">\n<p align=\"justify\"><span style=\"font-family: 'Microsoft Yahei'\">\u7eaf\u5ea6 \/ Chemical Purity<\/span><\/p>\n<\/td>\n<td valign=\"center\" width=\"319\">\n<p align=\"justify\"><span style=\"font-family: 'Microsoft Yahei'\">99.99995%<\/span><\/p>\n<\/td>\n<\/tr>\n<tr>\n<td valign=\"center\" width=\"248\">\n<p align=\"justify\"><span style=\"font-family: 'Microsoft Yahei'\">\u70ed\u5bb9 \/ Heat Capacity<\/span><\/p>\n<\/td>\n<td valign=\"center\" width=\"319\">\n<p align=\"justify\"><span style=\"font-family: 'Microsoft Yahei'\">640 J&middot;kg<sup>-1<\/sup>&middot;K<sup>-1<\/sup><\/span><\/p>\n<\/td>\n<\/tr>\n<tr>\n<td valign=\"center\" width=\"248\">\n<p align=\"justify\"><span style=\"font-family: 'Microsoft Yahei'\">\u5347\u534e\u6e29\u5ea6 \/ Sublimation Temperature<\/span><\/p>\n<\/td>\n<td valign=\"center\" width=\"319\">\n<p align=\"justify\"><span style=\"font-family: 'Microsoft Yahei'\">2700\u2103<\/span><\/p>\n<\/td>\n<\/tr>\n<tr>\n<td valign=\"center\" width=\"248\">\n<p align=\"justify\"><span style=\"font-family: 'Microsoft Yahei'\">\u6297\u5f2f\u5f3a\u5ea6 \/ Flexural Strength<\/span><\/p>\n<\/td>\n<td valign=\"center\" width=\"319\">\n<p align=\"justify\"><span style=\"font-family: 'Microsoft Yahei'\">415 MPa RT 4-point<\/span><\/p>\n<\/td>\n<\/tr>\n<tr>\n<td valign=\"center\" width=\"248\">\n<p align=\"justify\"><span style=\"font-family: 'Microsoft Yahei'\">\u6768\u6c0f\u6a21\u91cf \/ Young\u2019 s Modulus<\/span><\/p>\n<\/td>\n<td valign=\"center\" width=\"319\">\n<p align=\"justify\"><span style=\"font-family: 'Microsoft Yahei'\">430 Gpa 4pt bend, 1300\u2103<\/span><\/p>\n<\/td>\n<\/tr>\n<tr>\n<td valign=\"center\" width=\"248\">\n<p align=\"justify\"><span style=\"font-family: 'Microsoft Yahei'\">\u5bfc\u70ed\u7cfb\u6570 \/ Thermal&nbsp;Conductivity<\/span><\/p>\n<\/td>\n<td valign=\"center\" width=\"319\">\n<p align=\"justify\"><span style=\"font-family: 'Microsoft Yahei'\">300W&middot;m<sup>-1<\/sup>&middot;K<sup>-1<\/sup><\/span><\/p>\n<\/td>\n<\/tr>\n<tr>\n<td valign=\"center\" width=\"248\">\n<p align=\"justify\"><span style=\"font-family: 'Microsoft Yahei'\">\u70ed\u81a8\u80c0\u7cfb\u6570 \/ Thermal Expansion(CTE)<\/span><\/p>\n<\/td>\n<td valign=\"center\" width=\"319\">\n<p align=\"justify\"><span style=\"font-family: 'Microsoft Yahei'\">4.5&times;10<sup>-6<\/sup>K<sup>-1<\/sup><\/span><\/p>\n<\/td>\n<\/tr>\n<\/tbody>\n<\/table>\n<p><span style=\"font-family: 'Microsoft Yahei'\"><a class=\"fancybox\" href=\"https:\/\/www.vet-china.com\/uploads\/1109.jpg\" target=\"_blank\" rel=\"noopener\"><img decoding=\"async\" class=\"alignnone size-full wp-image-161022\" src=\"https:\/\/www.vet-china.com\/uploads\/1109.jpg\" alt=\"1\"><\/a><\/span><\/p>\n<p><span style=\"font-family: 'Microsoft Yahei'\"><a class=\"fancybox\" href=\"https:\/\/www.vet-china.com\/uploads\/284.jpg\" target=\"_blank\" rel=\"noopener\"><img decoding=\"async\" class=\"alignnone size-full wp-image-161023\" src=\"https:\/\/www.vet-china.com\/uploads\/284.jpg\" alt=\"2\"><\/a><\/span><\/p>\n<p><span style=\"font-family: 'Microsoft Yahei'\"><strong>Warmly welcome you to visit our factory, let\u2019s have further discussion!<\/strong><\/span><\/p>\n<p><span style=\"font-family: 'Microsoft Yahei'\"><a class=\"fancybox\" href=\"https:\/\/www.vet-china.com\/uploads\/\u7814\u53d1\u56e2\u961f2.jpg\" target=\"_blank\" rel=\"noopener\"><img decoding=\"async\" src=\"https:\/\/www.vet-china.com\/uploads\/\u7814\u53d1\u56e2\u961f2.jpg\" alt=\"\u7814\u53d1\u56e2\u961f\"><\/a><\/span><\/p>\n<p>&nbsp;<\/p>\n<p><span style=\"font-family: 'Microsoft Yahei'\"><a class=\"fancybox\" href=\"https:\/\/www.vet-china.com\/uploads\/\u751f\u4ea7\u8bbe\u59071.jpg\" target=\"_blank\" rel=\"noopener\"><img decoding=\"async\" src=\"https:\/\/www.vet-china.com\/uploads\/\u751f\u4ea7\u8bbe\u59071.jpg\" alt=\"\u751f\u4ea7\u8bbe\u5907\"><\/a><\/span><\/p>\n<p>&nbsp;<\/p>\n<p><span style=\"font-family: 'Microsoft Yahei'\"><a class=\"fancybox\" href=\"https:\/\/www.vet-china.com\/uploads\/\u516c\u53f8\u5ba2\u62371.jpg\" target=\"_blank\" rel=\"noopener\"><img decoding=\"async\" src=\"https:\/\/www.vet-china.com\/uploads\/\u516c\u53f8\u5ba2\u62371.jpg\" alt=\"\u516c\u53f8\u5ba2\u6237\"><\/a><\/span><\/p>\n<\/div>\n<\/div>\n<\/div>\n<\/div>\n<\/div>\n<\/div>\n<\/div>\n<\/div>\n<\/div>","protected":false},"excerpt":{"rendered":"<p><span style=\"font-family: 'Microsoft Yahei'\">Short Description:<\/span><\/p>\n<p><span style=\"font-family: 'Microsoft Yahei'\">The Vertical Column Wafer Boat &amp; Pedestal from vet-china offers superior stability and precision in wafer handling for semiconductor manufacturing. With vet-china&rsquo;s advanced design, this system ensures optimal alignment and secure retention, enhancing operational efficiency and reducing wafer damage.<\/span><\/p>","protected":false},"featured_media":2505,"template":"","meta":[],"product_cat":[35,36],"product_tag":[37,38,39],"class_list":{"0":"post-193","1":"product","2":"type-product","3":"status-publish","4":"has-post-thumbnail","6":"product_cat-silicon-carbide-sic-ceramic","7":"product_cat-silicon-carbide-boat","8":"product_tag-column-wafer-boat","9":"product_tag-vertical-wafer-boat","10":"product_tag-wafer-pedestal","12":"first","13":"instock","14":"shipping-taxable","15":"product-type-simple"},"_links":{"self":[{"href":"https:\/\/www.cnvetenergy.com\/fr\/wp-json\/wp\/v2\/product\/193","targetHints":{"allow":["GET"]}}],"collection":[{"href":"https:\/\/www.cnvetenergy.com\/fr\/wp-json\/wp\/v2\/product"}],"about":[{"href":"https:\/\/www.cnvetenergy.com\/fr\/wp-json\/wp\/v2\/types\/product"}],"version-history":[{"count":2,"href":"https:\/\/www.cnvetenergy.com\/fr\/wp-json\/wp\/v2\/product\/193\/revisions"}],"predecessor-version":[{"id":2506,"href":"https:\/\/www.cnvetenergy.com\/fr\/wp-json\/wp\/v2\/product\/193\/revisions\/2506"}],"wp:featuredmedia":[{"embeddable":true,"href":"https:\/\/www.cnvetenergy.com\/fr\/wp-json\/wp\/v2\/media\/2505"}],"wp:attachment":[{"href":"https:\/\/www.cnvetenergy.com\/fr\/wp-json\/wp\/v2\/media?parent=193"}],"wp:term":[{"taxonomy":"product_cat","embeddable":true,"href":"https:\/\/www.cnvetenergy.com\/fr\/wp-json\/wp\/v2\/product_cat?post=193"},{"taxonomy":"product_tag","embeddable":true,"href":"https:\/\/www.cnvetenergy.com\/fr\/wp-json\/wp\/v2\/product_tag?post=193"}],"curies":[{"name":"wp","href":"https:\/\/api.w.org\/{rel}","templated":true}]}}