{"id":196,"date":"2024-11-21T13:26:01","date_gmt":"2024-11-21T05:26:01","guid":{"rendered":"http:\/\/weitai1.globaldeepsea.site\/?post_type=product&#038;p=196"},"modified":"2026-03-13T17:05:13","modified_gmt":"2026-03-13T09:05:13","slug":"contiguous-wafer-boat-2","status":"publish","type":"product","link":"https:\/\/www.cnvetenergy.com\/fr\/product\/contiguous-wafer-boat-2\/","title":{"rendered":"Bateau \u00e0 tranches contigu\u00ebs"},"content":{"rendered":"<div class=\"fl-row fl-row-fixed-width fl-row-bg-none fl-node-66beb3b4e297e\" data-node=\"66beb3b4e297e\">\n<div class=\"fl-row-content-wrap\">\n<div class=\"fl-row-content fl-row-fixed-width fl-node-content\">\n<div class=\"fl-col-group fl-node-66beb3b4e29c1\" data-node=\"66beb3b4e29c1\">\n<div class=\"fl-col fl-node-66beb3b4e2a03\" data-node=\"66beb3b4e2a03\">\n<div class=\"fl-col-content fl-node-content\">\n<div class=\"fl-module fl-module-rich-text fl-node-66beb3cfe7570\" data-node=\"66beb3cfe7570\" data-animation-delay=\"0.0\">\n<div class=\"fl-module-content fl-node-content\">\n<div class=\"fl-rich-text\">\n<p><span style=\"font-family: 'Microsoft Yahei'\">VET-china introduces a state-of-the-art Contiguous Wafer Boat engineered for the next generation of semiconductor manufacturing. This meticulously designed boat offers unparalleled precision in wafer handling, ensuring seamless operations and significantly reducing the risk of damage during processing.<\/span><\/p>\n<p><span style=\"font-family: 'Microsoft Yahei'\">Construit avec des mat\u00e9riaux de haute qualit\u00e9, le bateau Contiguous Wafer b\u00e9n\u00e9ficie d'une excellente stabilit\u00e9 thermique et d'une r\u00e9sistance chimique exceptionnelle, ce qui le rend id\u00e9al pour les environnements chimiques \u00e0 haute temp\u00e9rature et rudes. Sa conception innovante garantit que les wafers sont solidement maintenus et parfaitement align\u00e9s, optimisant le d\u00e9bit et augmentant l'efficacit\u00e9 de fabrication.<\/span><\/p>\n<p><span style=\"font-family: 'Microsoft Yahei'\">This cutting-edge<a href=\"https:\/\/www.vet-china.com\/search.php?s=+wafer+boat+&amp;cat=490\" target=\"_blank\" rel=\"noopener\"> wafer boat<\/a> is tailored to meet the demanding needs of modern semiconductor fabs, supporting various wafer sizes and configurations. By incorporating the Contiguous Wafer Boat from vet-china into your production line, you can expect enhanced performance, reduced downtime, and increased yield rates.<\/span><\/p>\n<p><span style=\"font-family: 'Microsoft Yahei'\">Experience the difference with vet-china&rsquo;s commitment to quality and innovation, delivering products that push the boundaries of semiconductor manufacturing. Choose the Contiguous Wafer Boat and elevate your wafer processing capabilities to new heights.<\/span><\/p>\n<\/div>\n<\/div>\n<\/div>\n<\/div>\n<\/div>\n<\/div>\n<div class=\"fl-col-group fl-node-66beb3b4e2ac3\" data-node=\"66beb3b4e2ac3\">\n<div class=\"fl-col fl-node-66beb3b4e2b04\" data-node=\"66beb3b4e2b04\">\n<div class=\"fl-col-content fl-node-content\">\n<div class=\"fl-module fl-module-photo fl-node-66beb3b4e2b44\" data-node=\"66beb3b4e2b44\" data-animation-delay=\"0.0\">\n<div class=\"fl-module-content fl-node-content\">\n<div class=\"fl-photo fl-photo-align-center\">\n<div class=\"fl-photo-content fl-photo-img-jpg\"><span style=\"font-family: 'Microsoft Yahei'\"><img decoding=\"async\" class=\"fl-photo-img wp-image-162070\" src=\"https:\/\/www.vet-china.com\/uploads\/Contiguous-Wafer-Boat-3.jpg\" alt=\"Bateau de Wafer adjacent-3\"><\/span><\/div>\n<\/div>\n<\/div>\n<\/div>\n<\/div>\n<\/div>\n<\/div>\n<div class=\"fl-col-group fl-node-66beb3ffef7ed\" data-node=\"66beb3ffef7ed\">\n<div class=\"fl-col fl-node-66beb3fff31ff\" data-node=\"66beb3fff31ff\">\n<div class=\"fl-col-content fl-node-content\">\n<div class=\"fl-module fl-module-rich-text fl-node-66beb3b4e2a44\" data-node=\"66beb3b4e2a44\" data-animation-delay=\"0.0\">\n<div class=\"fl-module-content fl-node-content\">\n<div class=\"fl-rich-text\">\n<p data-section=\"0\"><span style=\"font-family: 'Microsoft Yahei'\">Propri\u00e9t\u00e9s du carbure de silicium recristallis\u00e9<\/span><\/p>\n<p data-section=\"1\"><span style=\"font-family: 'Microsoft Yahei'\">Le carbure de silicium recristallis\u00e9 (R-SiC) est un mat\u00e9riau de haute performance dont la duret\u00e9 est secondaire au diamant, qui se forme \u00e0 une temp\u00e9rature sup\u00e9rieure \u00e0 2000\u00b0C. Il conserve de nombreuses excellentes propri\u00e9t\u00e9s de SiC, telles que la haute r\u00e9sistance \u00e0 la temp\u00e9rature, une forte r\u00e9sistance \u00e0 la corrosion, une excellente r\u00e9sistance \u00e0 l'oxydation, une bonne r\u00e9sistance aux chocs thermiques, etc.<\/span><\/p>\n<p data-section=\"2\"><span style=\"font-family: 'Microsoft Yahei'\">\u25cf Excellentes propri\u00e9t\u00e9s m\u00e9caniques. Le carbure de silicium recrystallis\u00e9 a plus de r\u00e9sistance et de rigidit\u00e9 que la fibre de carbone, une r\u00e9sistance \u00e0 l'impact \u00e9lev\u00e9e, peut jouer une bonne performance dans des environnements de temp\u00e9rature extr\u00eame, peut jouer un meilleur contrepoids dans une vari\u00e9t\u00e9 de situations. En outre, il a \u00e9galement une bonne flexibilit\u00e9 et n'est pas facilement endommag\u00e9 par l'\u00e9tirement et la flexion, ce qui am\u00e9liore grandement ses performances.<\/span><\/p>\n<p data-section=\"3\"><span style=\"font-family: 'Microsoft Yahei'\">\u25cf High corrosion resistance. <a href=\"https:\/\/www.vet-china.com\/search.php?s=Recrystallized+silicon+carbide&amp;cat=490\" target=\"_blank\" rel=\"noopener\">Recrystallized silicon carbide<\/a> has high corrosion resistance to a variety of media, can prevent the erosion of a variety of corrosive media, can maintain its mechanical properties for a long time, has a strong adhesion, so that it has a longer service life. In addition, it also has good thermal stability, can adapt to a certain range of temperature changes, improve its application effect.<\/span><\/p>\n<p data-section=\"4\"><span style=\"font-family: 'Microsoft Yahei'\">\u2219 Le frittage ne r\u00e9tr\u00e9cit pas. Comme le processus de frittage ne se r\u00e9tr\u00e9cit pas, aucune contrainte r\u00e9siduelle ne causera de d\u00e9formation ou de fissuration du produit, et des pi\u00e8ces aux formes complexes et de haute pr\u00e9cision peuvent \u00eatre pr\u00e9par\u00e9es.<\/span><\/p>\n<\/div>\n<\/div>\n<\/div>\n<\/div>\n<\/div>\n<\/div>\n<div class=\"fl-col-group fl-node-66beb3b4e2c04\" data-node=\"66beb3b4e2c04\">\n<div class=\"fl-col fl-node-66beb3b4e2c44\" data-node=\"66beb3b4e2c44\">\n<div class=\"fl-col-content fl-node-content\">\n<div class=\"fl-module fl-module-rich-text fl-node-66beb3b4e2a83\" data-node=\"66beb3b4e2a83\" data-animation-delay=\"0.0\">\n<div class=\"fl-module-content fl-node-content\">\n<div class=\"fl-rich-text\">\n<table border=\"1\" cellspacing=\"0\">\n<tbody>\n<tr>\n<td colspan=\"2\" valign=\"center\" width=\"568\">\n<p align=\"center\"><span style=\"font-family: 'Microsoft Yahei'\"><strong>C'est pas vrai<\/strong><\/span><\/p>\n<p align=\"center\"><span style=\"font-family: 'Microsoft Yahei'\"><strong>Propri\u00e9t\u00e9s physiques du carbure de silicium recrystallis\u00e9<\/strong><\/span><\/p>\n<\/td>\n<\/tr>\n<tr>\n<td valign=\"center\" width=\"249\">\n<p align=\"justify\"><span style=\"font-family: 'Microsoft Yahei'\">\u6027\u8d28 \/ Property<\/span><\/p>\n<\/td>\n<td valign=\"center\" width=\"318\">\n<p align=\"justify\"><span style=\"font-family: 'Microsoft Yahei'\">\u5178\u578b\u6570\u503c \/ Typical Value<\/span><\/p>\n<\/td>\n<\/tr>\n<tr>\n<td valign=\"center\" width=\"249\">\n<p align=\"justify\"><span style=\"font-family: 'Microsoft Yahei'\">\u4f7f\u7528\u6e29\u5ea6&nbsp;\/ Working temperature (&deg;C)<\/span><\/p>\n<\/td>\n<td valign=\"center\" width=\"318\">\n<p align=\"justify\"><span style=\"font-family: 'Microsoft Yahei'\">1600&deg;C (with oxygen), 1700&deg;C (reducing environment)<\/span><\/p>\n<\/td>\n<\/tr>\n<tr>\n<td valign=\"center\" width=\"249\">\n<p align=\"justify\"><span style=\"font-family: 'Microsoft Yahei'\">Contenu de SiC<\/span><\/p>\n<\/td>\n<td valign=\"center\" width=\"318\">\n<p align=\"justify\"><span style=\"font-family: 'Microsoft Yahei'\">&gt; 99.96%<\/span><\/p>\n<\/td>\n<\/tr>\n<tr>\n<td valign=\"center\" width=\"249\">\n<p align=\"justify\"><span style=\"font-family: 'Microsoft Yahei'\">(En milliers de dollars des \u00c9tats-Unis) Contenu<\/span><\/p>\n<\/td>\n<td valign=\"center\" width=\"318\">\n<p align=\"justify\"><span style=\"font-family: 'Microsoft Yahei'\">&lt; 0,1%<\/span><\/p>\n<\/td>\n<\/tr>\n<tr>\n<td valign=\"center\" width=\"249\">\n<p align=\"justify\"><span style=\"font-family: 'Microsoft Yahei'\">\u4f53\u79ef\u5bc6\u5ea6&nbsp;\/&nbsp;Bulk density<\/span><\/p>\n<\/td>\n<td valign=\"center\" width=\"318\">\n<p align=\"justify\"><span style=\"font-family: 'Microsoft Yahei'\">2.60-2.70&nbsp;g\/cm<sup>3<\/sup><\/span><\/p>\n<\/td>\n<\/tr>\n<tr>\n<td valign=\"center\" width=\"249\">\n<p align=\"justify\"><span style=\"font-family: 'Microsoft Yahei'\">Porosit\u00e9 apparente<\/span><\/p>\n<\/td>\n<td valign=\"center\" width=\"318\">\n<p align=\"justify\"><span style=\"font-family: 'Microsoft Yahei'\">&lt; 16%<\/span><\/p>\n<\/td>\n<\/tr>\n<tr>\n<td valign=\"center\" width=\"249\">\n<p align=\"justify\"><span style=\"font-family: 'Microsoft Yahei'\">\u6297\u538b\u5f3a\u5ea6 \/ Compression&nbsp;strength<\/span><\/p>\n<\/td>\n<td valign=\"center\" width=\"318\">\n<p align=\"justify\"><span style=\"font-family: 'Microsoft Yahei'\">&gt; 600&nbsp;MPa<\/span><\/p>\n<\/td>\n<\/tr>\n<tr>\n<td valign=\"center\" width=\"249\">\n<p align=\"justify\"><span style=\"font-family: 'Microsoft Yahei'\">\u5e38\u6e29\u6297\u5f2f\u5f3a\u5ea6&nbsp;\/&nbsp;Cold bending strength<\/span><\/p>\n<\/td>\n<td valign=\"center\" width=\"318\">\n<p align=\"justify\"><span style=\"font-family: 'Microsoft Yahei'\">80-90 MPa (20&deg;C)<\/span><\/p>\n<\/td>\n<\/tr>\n<tr>\n<td valign=\"center\" width=\"249\">\n<p align=\"justify\"><span style=\"font-family: 'Microsoft Yahei'\">C'est pas vrai. R\u00e9sistance \u00e0 la flexion \u00e0 chaud<\/span><\/p>\n<\/td>\n<td valign=\"center\" width=\"318\">\n<p align=\"justify\"><span style=\"font-family: 'Microsoft Yahei'\">90-100 MPa (1400&deg;C)<\/span><\/p>\n<\/td>\n<\/tr>\n<tr>\n<td valign=\"center\" width=\"249\">\n<p align=\"justify\"><span style=\"font-family: 'Microsoft Yahei'\">\u70ed\u81a8\u80c0\u7cfb\u6570&nbsp;\/ Thermal expansion @1500&deg;C<\/span><\/p>\n<\/td>\n<td valign=\"center\" width=\"318\">\n<p align=\"justify\"><span style=\"font-family: 'Microsoft Yahei'\">4.70 10<sup>-6<\/sup>\/\u00b0C<\/span><\/p>\n<\/td>\n<\/tr>\n<tr>\n<td valign=\"center\" width=\"249\">\n<p align=\"justify\"><span style=\"font-family: 'Microsoft Yahei'\">\u5bfc\u70ed\u7cfb\u6570&nbsp;\/&nbsp;Thermal conductivity @1200&deg;C<\/span><\/p>\n<\/td>\n<td valign=\"center\" width=\"318\">\n<p align=\"justify\"><span style=\"font-family: 'Microsoft Yahei'\">23&nbsp;&nbsp;W\/m&bull;K<\/span><\/p>\n<\/td>\n<\/tr>\n<tr>\n<td valign=\"center\" width=\"249\">\n<p align=\"justify\"><span style=\"font-family: 'Microsoft Yahei'\">Module \u00e9lastique<\/span><\/p>\n<\/td>\n<td valign=\"center\" width=\"318\">\n<p align=\"justify\"><span style=\"font-family: 'Microsoft Yahei'\">240 GPa<\/span><\/p>\n<\/td>\n<\/tr>\n<tr>\n<td valign=\"center\" width=\"249\">\n<p align=\"justify\"><span style=\"font-family: 'Microsoft Yahei'\">R\u00e9sistance aux chocs thermiques<\/span><\/p>\n<\/td>\n<td valign=\"center\" width=\"318\">\n<p align=\"justify\"><span style=\"font-family: 'Microsoft Yahei'\">Tr\u00e8s bon<\/span><\/p>\n<\/td>\n<\/tr>\n<\/tbody>\n<\/table>\n<\/div>\n<\/div>\n<\/div>\n<\/div>\n<\/div>\n<\/div>\n<\/div>\n<\/div>\n<\/div>\n<div class=\"fl-row fl-row-fixed-width fl-row-bg-none fl-node-66beb3b4e2c84\" data-node=\"66beb3b4e2c84\">\n<div class=\"fl-row-content-wrap\">\n<div class=\"fl-row-content fl-row-fixed-width fl-node-content\">\n<div class=\"fl-col-group fl-node-66beb3b4e2cc4\" data-node=\"66beb3b4e2cc4\">\n<div class=\"fl-col fl-node-66beb3b4e2d04\" data-node=\"66beb3b4e2d04\">\n<div class=\"fl-col-content fl-node-content\">\n<div class=\"fl-module fl-module-rich-text fl-node-66beb3b4e2d44\" data-node=\"66beb3b4e2d44\" data-animation-delay=\"0.0\">\n<div class=\"fl-module-content fl-node-content\">\n<div class=\"fl-rich-text\">\n<p><span style=\"font-family: 'Microsoft Yahei'\">VET Energy is&nbsp;the&nbsp;real manufacturer of customized graphite and silicon carbide products with CVD coating,&nbsp;can supply&nbsp;various customized parts for semiconductor and photovoltaic industry.&nbsp;Our technical team comes from top domestic research institutions, can provide more professional material solutions&nbsp;for you.<\/span><\/p>\n<p><span style=\"font-family: 'Microsoft Yahei'\">We continuously develop advanced processes to provide more advanced materials,&nbsp;and&nbsp;have worked out an exclusive patented technology, which can make the bonding between the coating and the substrate tighter and less prone to detachment.<\/span><\/p>\n<table border=\"1\" cellspacing=\"0\">\n<tbody>\n<tr>\n<td colspan=\"2\" valign=\"center\" width=\"568\">\n<p align=\"center\"><span style=\"font-family: 'Microsoft Yahei'\"><strong>DCV<\/strong><strong>&nbsp;<\/strong><strong>Si<\/strong><strong>C<\/strong><strong>\u8584\u819c\u57fa\u672c\u7269\u7406\u6027\u80fd<\/strong><\/span><\/p>\n<p align=\"center\"><span style=\"font-family: 'Microsoft Yahei'\"><strong>Basic physical properties of CVD SiC <\/strong><strong>coating<\/strong><\/span><\/p>\n<\/td>\n<\/tr>\n<tr>\n<td valign=\"center\" width=\"248\">\n<p align=\"justify\"><span style=\"font-family: 'Microsoft Yahei'\">\u6027\u8d28 \/ Property<\/span><\/p>\n<\/td>\n<td valign=\"center\" width=\"319\">\n<p align=\"justify\"><span style=\"font-family: 'Microsoft Yahei'\">\u5178\u578b\u6570\u503c \/ Typical Value<\/span><\/p>\n<\/td>\n<\/tr>\n<tr>\n<td valign=\"center\" width=\"248\">\n<p align=\"justify\"><span style=\"font-family: 'Microsoft Yahei'\">\u6676\u4f53\u7ed3\u6784 \/ Crystal Structure<\/span><\/p>\n<\/td>\n<td valign=\"center\" width=\"319\">\n<p align=\"justify\"><span style=\"font-family: 'Microsoft Yahei'\">FCC &beta; phase&nbsp;\u591a\u6676\uff0c\u4e3b\u8981\u4e3a\uff08111\uff09\u53d6\u5411<\/span><\/p>\n<\/td>\n<\/tr>\n<tr>\n<td valign=\"center\" width=\"248\">\n<p align=\"justify\"><span style=\"font-family: 'Microsoft Yahei'\">\u5bc6\u5ea6 \/ Density<\/span><\/p>\n<\/td>\n<td valign=\"center\" width=\"319\">\n<p align=\"justify\"><span style=\"font-family: 'Microsoft Yahei'\">3.21 g\/cm3<\/span><\/p>\n<\/td>\n<\/tr>\n<tr>\n<td valign=\"center\" width=\"248\">\n<p align=\"justify\"><span style=\"font-family: 'Microsoft Yahei'\">\u786c\u5ea6 \/ Hardness<\/span><\/p>\n<\/td>\n<td valign=\"center\" width=\"319\">\n<p align=\"justify\"><span style=\"font-family: 'Microsoft Yahei'\">2500 \u7ef4\u6c0f\u786c\u5ea6\uff08500g load\uff09<\/span><\/p>\n<\/td>\n<\/tr>\n<tr>\n<td valign=\"center\" width=\"248\">\n<p align=\"justify\"><span style=\"font-family: 'Microsoft Yahei'\">\u6676\u7c92\u5927\u5c0f \/ Grain SiZe<\/span><\/p>\n<\/td>\n<td valign=\"center\" width=\"319\">\n<p align=\"justify\"><span style=\"font-family: 'Microsoft Yahei'\">2~10&mu;m<\/span><\/p>\n<\/td>\n<\/tr>\n<tr>\n<td valign=\"center\" width=\"248\">\n<p align=\"justify\"><span style=\"font-family: 'Microsoft Yahei'\">\u7eaf\u5ea6 \/ Chemical Purity<\/span><\/p>\n<\/td>\n<td valign=\"center\" width=\"319\">\n<p align=\"justify\"><span style=\"font-family: 'Microsoft Yahei'\">99.99995%<\/span><\/p>\n<\/td>\n<\/tr>\n<tr>\n<td valign=\"center\" width=\"248\">\n<p align=\"justify\"><span style=\"font-family: 'Microsoft Yahei'\">\u70ed\u5bb9 \/ Heat Capacity<\/span><\/p>\n<\/td>\n<td valign=\"center\" width=\"319\">\n<p align=\"justify\"><span style=\"font-family: 'Microsoft Yahei'\">640 J&middot;kg<sup>-1<\/sup>&middot;K<sup>-1<\/sup><\/span><\/p>\n<\/td>\n<\/tr>\n<tr>\n<td valign=\"center\" width=\"248\">\n<p align=\"justify\"><span style=\"font-family: 'Microsoft Yahei'\">\u5347\u534e\u6e29\u5ea6 \/ Sublimation Temperature<\/span><\/p>\n<\/td>\n<td valign=\"center\" width=\"319\">\n<p align=\"justify\"><span style=\"font-family: 'Microsoft Yahei'\">2700\u2103<\/span><\/p>\n<\/td>\n<\/tr>\n<tr>\n<td valign=\"center\" width=\"248\">\n<p align=\"justify\"><span style=\"font-family: 'Microsoft Yahei'\">\u6297\u5f2f\u5f3a\u5ea6 \/ Flexural Strength<\/span><\/p>\n<\/td>\n<td valign=\"center\" width=\"319\">\n<p align=\"justify\"><span style=\"font-family: 'Microsoft Yahei'\">415 MPa RT 4-point<\/span><\/p>\n<\/td>\n<\/tr>\n<tr>\n<td valign=\"center\" width=\"248\">\n<p align=\"justify\"><span style=\"font-family: 'Microsoft Yahei'\">\u6768\u6c0f\u6a21\u91cf \/ Young\u2019 s Modulus<\/span><\/p>\n<\/td>\n<td valign=\"center\" width=\"319\">\n<p align=\"justify\"><span style=\"font-family: 'Microsoft Yahei'\">430 Gpa 4pt bend, 1300\u2103<\/span><\/p>\n<\/td>\n<\/tr>\n<tr>\n<td valign=\"center\" width=\"248\">\n<p align=\"justify\"><span style=\"font-family: 'Microsoft Yahei'\">\u5bfc\u70ed\u7cfb\u6570 \/ Thermal&nbsp;Conductivity<\/span><\/p>\n<\/td>\n<td valign=\"center\" width=\"319\">\n<p align=\"justify\"><span style=\"font-family: 'Microsoft Yahei'\">300W&middot;m<sup>-1<\/sup>&middot;K<sup>-1<\/sup><\/span><\/p>\n<\/td>\n<\/tr>\n<tr>\n<td valign=\"center\" width=\"248\">\n<p align=\"justify\"><span style=\"font-family: 'Microsoft Yahei'\">\u70ed\u81a8\u80c0\u7cfb\u6570 \/ Thermal Expansion(CTE)<\/span><\/p>\n<\/td>\n<td valign=\"center\" width=\"319\">\n<p align=\"justify\"><span style=\"font-family: 'Microsoft Yahei'\">4.5&times;10<sup>-6<\/sup>K<sup>-1<\/sup><\/span><\/p>\n<\/td>\n<\/tr>\n<\/tbody>\n<\/table>\n<p><span style=\"font-family: 'Microsoft Yahei'\"><a class=\"fancybox\" href=\"https:\/\/www.vet-china.com\/uploads\/1109.jpg\" target=\"_blank\" rel=\"noopener\"><img decoding=\"async\" class=\"alignnone size-full wp-image-161022\" src=\"https:\/\/www.vet-china.com\/uploads\/1109.jpg\" alt=\"1\"><\/a><\/span><\/p>\n<p><span style=\"font-family: 'Microsoft Yahei'\"><a class=\"fancybox\" href=\"https:\/\/www.vet-china.com\/uploads\/284.jpg\" target=\"_blank\" rel=\"noopener\"><img decoding=\"async\" class=\"alignnone size-full wp-image-161023\" src=\"https:\/\/www.vet-china.com\/uploads\/284.jpg\" alt=\"2\"><\/a><\/span><\/p>\n<p><span style=\"font-family: 'Microsoft Yahei'\"><strong>Warmly welcome you to visit our factory, let\u2019s have further discussion!<\/strong><\/span><\/p>\n<p><span style=\"font-family: 'Microsoft Yahei'\"><a class=\"fancybox\" href=\"https:\/\/www.vet-china.com\/uploads\/\u7814\u53d1\u56e2\u961f2.jpg\" target=\"_blank\" rel=\"noopener\"><img decoding=\"async\" src=\"https:\/\/www.vet-china.com\/uploads\/\u7814\u53d1\u56e2\u961f2.jpg\" alt=\"\u7814\u53d1\u56e2\u961f\"><\/a><\/span><\/p>\n<p>&nbsp;<\/p>\n<p><span style=\"font-family: 'Microsoft Yahei'\"><a class=\"fancybox\" href=\"https:\/\/www.vet-china.com\/uploads\/\u751f\u4ea7\u8bbe\u59071.jpg\" target=\"_blank\" rel=\"noopener\"><img decoding=\"async\" src=\"https:\/\/www.vet-china.com\/uploads\/\u751f\u4ea7\u8bbe\u59071.jpg\" alt=\"\u751f\u4ea7\u8bbe\u5907\"><\/a><\/span><\/p>\n<p>&nbsp;<\/p>\n<p><span style=\"font-family: 'Microsoft Yahei'\"><a class=\"fancybox\" href=\"https:\/\/www.vet-china.com\/uploads\/\u516c\u53f8\u5ba2\u62371.jpg\" target=\"_blank\" rel=\"noopener\"><img decoding=\"async\" src=\"https:\/\/www.vet-china.com\/uploads\/\u516c\u53f8\u5ba2\u62371.jpg\" alt=\"\u516c\u53f8\u5ba2\u6237\"><\/a><\/span><\/p>\n<\/div>\n<\/div>\n<\/div>\n<\/div>\n<\/div>\n<\/div>\n<\/div>\n<\/div>\n<\/div>","protected":false},"excerpt":{"rendered":"<p><span style=\"font-family: 'Microsoft Yahei'\">The Contiguous Wafer Boat from vet-china is designed for efficient wafer handling in semiconductor manufacturing. Engineered with precision, vet-china&rsquo;s solution ensures thermal stability and chemical resistance, optimizing production processes while minimizing damage and enhancing throughput.<\/span><\/p>","protected":false},"featured_media":2501,"template":"","meta":[],"product_cat":[35,36],"product_tag":[41,40,42],"class_list":{"0":"post-196","1":"product","2":"type-product","3":"status-publish","4":"has-post-thumbnail","6":"product_cat-silicon-carbide-sic-ceramic","7":"product_cat-silicon-carbide-boat","8":"product_tag-contiguous-boat","9":"product_tag-contiguous-wafer-boat","10":"product_tag-wafer-boat","12":"first","13":"instock","14":"shipping-taxable","15":"product-type-simple"},"_links":{"self":[{"href":"https:\/\/www.cnvetenergy.com\/fr\/wp-json\/wp\/v2\/product\/196","targetHints":{"allow":["GET"]}}],"collection":[{"href":"https:\/\/www.cnvetenergy.com\/fr\/wp-json\/wp\/v2\/product"}],"about":[{"href":"https:\/\/www.cnvetenergy.com\/fr\/wp-json\/wp\/v2\/types\/product"}],"version-history":[{"count":1,"href":"https:\/\/www.cnvetenergy.com\/fr\/wp-json\/wp\/v2\/product\/196\/revisions"}],"predecessor-version":[{"id":2502,"href":"https:\/\/www.cnvetenergy.com\/fr\/wp-json\/wp\/v2\/product\/196\/revisions\/2502"}],"wp:featuredmedia":[{"embeddable":true,"href":"https:\/\/www.cnvetenergy.com\/fr\/wp-json\/wp\/v2\/media\/2501"}],"wp:attachment":[{"href":"https:\/\/www.cnvetenergy.com\/fr\/wp-json\/wp\/v2\/media?parent=196"}],"wp:term":[{"taxonomy":"product_cat","embeddable":true,"href":"https:\/\/www.cnvetenergy.com\/fr\/wp-json\/wp\/v2\/product_cat?post=196"},{"taxonomy":"product_tag","embeddable":true,"href":"https:\/\/www.cnvetenergy.com\/fr\/wp-json\/wp\/v2\/product_tag?post=196"}],"curies":[{"name":"wp","href":"https:\/\/api.w.org\/{rel}","templated":true}]}}