{"id":240,"date":"2024-11-21T13:52:38","date_gmt":"2024-11-21T05:52:38","guid":{"rendered":"http:\/\/weitai1.globaldeepsea.site\/?post_type=product&#038;p=240"},"modified":"2026-03-13T17:05:09","modified_gmt":"2026-03-13T09:05:09","slug":"creuset-a-quartz-de-haute-purete-utilise-dans-les-industries-photovoltaique-et-semi-conducteur","status":"publish","type":"product","link":"https:\/\/www.cnvetenergy.com\/fr\/product\/creuset-a-quartz-de-haute-purete-utilise-dans-les-industries-photovoltaique-et-semi-conducteur\/","title":{"rendered":"Creuset en quartz de haute puret\u00e9 utilis\u00e9 dans les industries photovolta\u00efques et des semi-conducteurs"},"content":{"rendered":"<div class=\"fl-builder-content fl-builder-content-159145 fl-builder-content-primary fl-builder-global-templates-locked\" data-post-id=\"159145\">\n<div class=\"fl-row fl-row-fixed-width fl-row-bg-none fl-node-64828fc48aaf6\" data-node=\"64828fc48aaf6\">\n<div class=\"fl-row-content-wrap\">\n<div class=\"fl-row-content fl-row-fixed-width fl-node-content\">\n<div class=\"fl-col-group fl-node-64828fc48bd19\" data-node=\"64828fc48bd19\">\n<div class=\"fl-col fl-node-64828fc48bec9\" data-node=\"64828fc48bec9\">\n<div class=\"fl-col-content fl-node-content\">\n<div class=\"fl-module fl-module-rich-text fl-node-64828fc48a966\" data-node=\"64828fc48a966\" data-animation-delay=\"0.0\">\n<div class=\"fl-module-content fl-node-content\">\n<div class=\"fl-rich-text\">\n<p>Utilisation et entretien du creuset \u00e0 quartz<\/p>\n<p>1. La principale composition chimique du creuset \u00e0 quartz est la silice, qui n'interagit pas avec d'autres acides sauf l'acide fluorhydrique et est facile \u00e0 interagir avec la soude caustique et le carbonate de m\u00e9tal alcalin.<\/p>\n<p>2. Quartz <a href=\"https:\/\/www.vet-china.com\/search.php?s=+crucible+&amp;cat=490\" target=\"_blank\" rel=\"noopener\">crucible<\/a> has good heat stability and can be heated directly on the flame<\/p>\n<p>3 Crucible \u00e0 quartz et verrerie, facile \u00e0 casser, utiliser des soins sp\u00e9ciaux<\/p>\n<p>4. Le creuset \u00e0 quartz peut \u00eatre utilis\u00e9 avec du bisulfate de potassium (sodium), du thiosulfate de sodium (s\u00e9ch\u00e9 \u00e0 212 degr\u00e9s Celsius) et d'autres comme flux, et la temp\u00e9rature de fusion ne doit pas d\u00e9passer 800 degr\u00e9s Celsius.<\/p>\n<\/div>\n<\/div>\n<\/div>\n<\/div>\n<\/div>\n<\/div>\n<div class=\"fl-col-group fl-node-6482912ddb5c5\" data-node=\"6482912ddb5c5\">\n<div class=\"fl-col fl-node-6482912ddb806\" data-node=\"6482912ddb806\">\n<div class=\"fl-col-content fl-node-content\">\n<div class=\"fl-module fl-module-gallery fl-node-6482912ddb448\" data-node=\"6482912ddb448\" data-animation-delay=\"0.0\">\n<div class=\"fl-module-content fl-node-content\">\n<div class=\"fl-mosaicflow\">\n<div class=\"fl-mosaicflow-content\">\n<div>&nbsp;<\/div>\n<div class=\"fl-mosaicflow-col\">\n<div id=\"mosaic-0-itemid-1\" class=\"fl-mosaicflow-item\">\n<div class=\"fl-photo fl-photo-align-center\">\n<div class=\"fl-photo-content fl-photo-img-png\">&nbsp;<\/div>\n<\/div>\n<\/div>\n<div id=\"mosaic-0-itemid-5\" class=\"fl-mosaicflow-item\">\n<div class=\"fl-photo fl-photo-align-center\">\n<div class=\"fl-photo-content fl-photo-img-png\"><a class=\"fancybox\" href=\"https:\/\/www.vet-china.com\/uploads\/zsdfsgzsdfg1.png\" target=\"_self\" rel=\"noopener\"> <img decoding=\"async\" class=\"fl-photo-img wp-image-159156\" src=\"https:\/\/www.vet-china.com\/uploads\/zsdfsgzsdfg1.png\" alt=\"zosdfsgzsdfg\"> <\/a><\/div>\n<\/div>\n<\/div>\n<\/div>\n<div class=\"fl-mosaicflow-col\">\n<div id=\"mosaic-0-itemid-2\" class=\"fl-mosaicflow-item\">\n<div class=\"fl-photo fl-photo-align-center\">\n<div class=\"fl-photo-content fl-photo-img-png\">&nbsp;<\/div>\n<\/div>\n<\/div>\n<div id=\"mosaic-0-itemid-6\" class=\"fl-mosaicflow-item\">\n<div class=\"fl-photo fl-photo-align-center\">\n<div class=\"fl-photo-content fl-photo-img-png\"><a class=\"fancybox\" href=\"https:\/\/www.vet-china.com\/uploads\/sfdgb.png\" target=\"_self\" rel=\"noopener\"> <img decoding=\"async\" class=\"fl-photo-img wp-image-159157\" src=\"https:\/\/www.vet-china.com\/uploads\/sfdgb.png\" alt=\"sfdgb\"> <\/a><\/div>\n<\/div>\n<\/div>\n<\/div>\n<div class=\"fl-mosaicflow-col\">\n<div id=\"mosaic-0-itemid-3\" class=\"fl-mosaicflow-item\">\n<div class=\"fl-photo fl-photo-align-center\">\n<div class=\"fl-photo-content fl-photo-img-png\">&nbsp;<\/div>\n<\/div>\n<\/div>\n<div id=\"mosaic-0-itemid-7\" class=\"fl-mosaicflow-item\">\n<div class=\"fl-photo fl-photo-align-center\">\n<div class=\"fl-photo-content fl-photo-img-png\">&nbsp;<\/div>\n<\/div>\n<\/div>\n<\/div>\n<div class=\"fl-mosaicflow-col\">\n<div id=\"mosaic-0-itemid-4\" class=\"fl-mosaicflow-item\">\n<div class=\"fl-photo fl-photo-align-center\">\n<div class=\"fl-photo-content fl-photo-img-png\">&nbsp;<\/div>\n<\/div>\n<\/div>\n<div id=\"mosaic-0-itemid-8\" class=\"fl-mosaicflow-item\">\n<div class=\"fl-photo fl-photo-align-center\">\n<div class=\"fl-photo-content fl-photo-img-png\">&nbsp;<\/div>\n<\/div>\n<\/div>\n<\/div>\n<\/div>\n<div class=\"fl-clear\">&nbsp;<\/div>\n<\/div>\n<\/div>\n<\/div>\n<div class=\"fl-module fl-module-photo fl-node-64829737c1365\" data-node=\"64829737c1365\" data-animation-delay=\"0.0\">\n<div class=\"fl-module-content fl-node-content\">\n<div class=\"fl-photo fl-photo-align-center\">\n<div class=\"fl-photo-content fl-photo-img-png\"><img decoding=\"async\" class=\"fl-photo-img wp-image-159160\" src=\"https:\/\/www.vet-china.com\/uploads\/zxfgbzdf.png\" alt=\"xxfgbzdf\"><\/div>\n<\/div>\n<\/div>\n<\/div>\n<\/div>\n<\/div>\n<\/div>\n<div class=\"fl-col-group fl-node-64828ff484d45\" data-node=\"64828ff484d45\">\n<div class=\"fl-col fl-node-64828ff484f16 fl-col-small\" data-node=\"64828ff484f16\">\n<div class=\"fl-col-content fl-node-content\">\n<div class=\"fl-module fl-module-photo fl-node-64828ff484beb\" data-node=\"64828ff484beb\" data-animation-delay=\"0.0\">\n<div class=\"fl-module-content fl-node-content\">\n<div class=\"fl-photo fl-photo-align-center\">\n<div class=\"fl-photo-content fl-photo-img-png\">&nbsp;<\/div>\n<\/div>\n<\/div>\n<\/div>\n<\/div>\n<\/div>\n<div class=\"fl-col fl-node-6482903c385cf fl-col-small\" data-node=\"6482903c385cf\">\n<div class=\"fl-col-content fl-node-content\">\n<div class=\"fl-module fl-module-photo fl-node-6482903c37e34\" data-node=\"6482903c37e34\" data-animation-delay=\"0.0\">\n<div class=\"fl-module-content fl-node-content\">\n<div class=\"fl-photo fl-photo-align-center\">\n<div class=\"fl-photo-content fl-photo-img-jpg\"><img decoding=\"async\" class=\"fl-photo-img wp-image-159151\" src=\"https:\/\/www.vet-china.com\/uploads\/\u8be6\u60c5-05.jpg\" alt=\"(En milliers de dollars des \u00c9tats-Unis)\"><\/div>\n<\/div>\n<\/div>\n<\/div>\n<\/div>\n<\/div>\n<\/div>\n<div class=\"fl-col-group fl-node-648299d1ec110\" data-node=\"648299d1ec110\">\n<div class=\"fl-col fl-node-648299d1ec443\" data-node=\"648299d1ec443\">\n<div class=\"fl-col-content fl-node-content\">\n<div class=\"fl-module fl-module-rich-text fl-node-648292908323c\" data-node=\"648292908323c\" data-animation-delay=\"0.0\">\n<div class=\"fl-module-content fl-node-content\">\n<div class=\"fl-rich-text\">\n<p data-section=\"0\">Le corps \u00e0 quartz de haute puret\u00e9 fabriqu\u00e9 par la m\u00e9thode de fusion \u00e0 haute temp\u00e9rature et la technologie du vide est divis\u00e9 en couches opaques et transparentes. Il y a une couche sur la surface int\u00e9rieure de l'effondrement du tas, et son \u00e9paisseur typique est 0,6mm ~2.0mm. Il n'y a pas de bulle dans la couche transparente, et la couche transparente est faite de mati\u00e8res premi\u00e8res de haute puret\u00e9, qui peuvent assurer que l'effondrement du tas peut \u00eatre utilis\u00e9 pendant longtemps.<\/p>\n<div id=\"gtx-trans\"><\/div>\n<\/div>\n<\/div>\n<\/div>\n<\/div>\n<\/div>\n<\/div>\n<div class=\"fl-col-group fl-node-6482902423a7c\" data-node=\"6482902423a7c\">\n<div class=\"fl-col fl-node-6482902423c54\" data-node=\"6482902423c54\">\n<div class=\"fl-col-content fl-node-content\">\n<div class=\"fl-module fl-module-photo fl-node-6482902423914\" data-node=\"6482902423914\" data-animation-delay=\"0.0\">\n<div class=\"fl-module-content fl-node-content\">\n<div class=\"fl-photo fl-photo-align-center\">\n<div class=\"fl-photo-content fl-photo-img-png\"><img decoding=\"async\" class=\"fl-photo-img wp-image-159149\" src=\"https:\/\/www.vet-china.com\/uploads\/DCSDFcvSDc.png\" alt=\"DCSDFcvSDc\"><\/div>\n<\/div>\n<\/div>\n<\/div>\n<\/div>\n<\/div>\n<\/div>\n<\/div>\n<\/div>\n<\/div>\n<\/div>","protected":false},"excerpt":{"rendered":"<p>Short Description:<\/p>\n<p>Quartz<a href=\"https:\/\/www.vet-china.com\/search.php?s=+crucible+&amp;cat=490\" target=\"_blank\" rel=\"noopener\"> crucible <\/a>has the advantages of high purity, strong temperature resistance, large size and high precision, good heat preservation, energy saving, stable quality, etc. Ningbo Witt Energy Technology Co., LTD. (Miami Advanced Materials Technology Co., LTD.) is a leading supplier of advanced quartz crucible, with rich practical experience in product design and engineering application. In the product manufacturing process equipment automation and semi-automated production line design continue to make new breakthroughs, so that the company in the same industry to maintain a strong competitiveness. With stable product quality, the most cost-effective design scheme and high-quality after-sales service, we have won the recognition and trust of our customers.<\/p>","protected":false},"featured_media":2439,"template":"","meta":[],"product_cat":[70,71],"product_tag":[72,73,74,75],"class_list":{"0":"post-240","1":"product","2":"type-product","3":"status-publish","4":"has-post-thumbnail","6":"product_cat-alumina-ceramics","7":"product_cat-quartz-crucible","8":"product_tag-alumina-ceramics-insulating-cover","9":"product_tag-insulating-cover","10":"product_tag-semiconductor-alumina-ceramics","11":"product_tag-semiconductor-insulating-cover","13":"first","14":"instock","15":"shipping-taxable","16":"product-type-simple"},"_links":{"self":[{"href":"https:\/\/www.cnvetenergy.com\/fr\/wp-json\/wp\/v2\/product\/240","targetHints":{"allow":["GET"]}}],"collection":[{"href":"https:\/\/www.cnvetenergy.com\/fr\/wp-json\/wp\/v2\/product"}],"about":[{"href":"https:\/\/www.cnvetenergy.com\/fr\/wp-json\/wp\/v2\/types\/product"}],"version-history":[{"count":1,"href":"https:\/\/www.cnvetenergy.com\/fr\/wp-json\/wp\/v2\/product\/240\/revisions"}],"predecessor-version":[{"id":2442,"href":"https:\/\/www.cnvetenergy.com\/fr\/wp-json\/wp\/v2\/product\/240\/revisions\/2442"}],"wp:featuredmedia":[{"embeddable":true,"href":"https:\/\/www.cnvetenergy.com\/fr\/wp-json\/wp\/v2\/media\/2439"}],"wp:attachment":[{"href":"https:\/\/www.cnvetenergy.com\/fr\/wp-json\/wp\/v2\/media?parent=240"}],"wp:term":[{"taxonomy":"product_cat","embeddable":true,"href":"https:\/\/www.cnvetenergy.com\/fr\/wp-json\/wp\/v2\/product_cat?post=240"},{"taxonomy":"product_tag","embeddable":true,"href":"https:\/\/www.cnvetenergy.com\/fr\/wp-json\/wp\/v2\/product_tag?post=240"}],"curies":[{"name":"wp","href":"https:\/\/api.w.org\/{rel}","templated":true}]}}