{"id":79,"date":"2024-11-21T10:43:26","date_gmt":"2024-11-21T02:43:26","guid":{"rendered":"http:\/\/weitai1.globaldeepsea.site\/?post_type=product&#038;p=79"},"modified":"2026-03-13T17:05:19","modified_gmt":"2026-03-13T09:05:19","slug":"chine-fabricant-sic-enduit-de-graphite","status":"publish","type":"product","link":"https:\/\/www.cnvetenergy.com\/fr\/product\/chine-fabricant-sic-enduit-de-graphite\/","title":{"rendered":"Suscepteur d'\u00e9pitaxie MOCVD en graphite rev\u00eatu de SiC, fabricant chinois"},"content":{"rendered":"<div class=\"fl-builder-content fl-builder-content-151532 fl-builder-content-primary fl-builder-global-templates-locked\" data-post-id=\"151532\">\n<div class=\"fl-row fl-row-fixed-width fl-row-bg-none fl-node-625fc203db05e\" data-node=\"625fc203db05e\">\n<div class=\"fl-row-content-wrap\">\n<div class=\"fl-row-content fl-row-fixed-width fl-node-content\">\n<div class=\"fl-col-group fl-node-625fc203db5d4\" data-node=\"625fc203db5d4\">\n<div class=\"fl-col fl-node-625fc203db7b7\" data-node=\"625fc203db7b7\">\n<div class=\"fl-col-content fl-node-content\">\n<div class=\"fl-module fl-module-rich-text fl-node-625fc203dcdf0\" data-node=\"625fc203dcdf0\" data-animation-delay=\"0.0\">\n<div class=\"fl-module-content fl-node-content\">\n<div class=\"fl-rich-text\">\n<p>Haute qualit\u00e9 Suscepteur du MCVD Acheter en ligne en Chine<\/p>\n<p><a class=\"fancybox\" href=\"https:\/\/www.vet-china.com\/uploads\/28.png\" target=\"_blank\" rel=\"noopener\"><img decoding=\"async\" class=\"alignnone size-full wp-image-153303\" src=\"https:\/\/www.vet-china.com\/uploads\/28.png\" alt=\"2\" \/><\/a><\/p>\n<p>Un wafer doit passer par plusieurs \u00e9tapes avant d'\u00eatre pr\u00eat \u00e0 \u00eatre utilis\u00e9 dans les appareils \u00e9lectroniques. Un processus important est l'\u00e9pitaxie du silicium, dans laquelle les wafers sont port\u00e9s sur les r\u00e9cepteurs de graphite. Les propri\u00e9t\u00e9s et la qualit\u00e9 des suscepteurs ont un effet crucial sur la qualit\u00e9 de la couche \u00e9pitaxiale de wafers.<\/p>\n<p>Pour les phases de d\u00e9p\u00f4t de films minces telles que l'\u00e9pitaxie ou le MOCVD, la FEP fournit des \u00e9quipements de graphite ultrapurs utilis\u00e9s pour soutenir les substrats ou leswafers. Au c\u0153ur du processus, cet \u00e9quipement, les capteurs d'\u00e9pitaxie ou les plates-formes satellites du MCVD, sont d'abord soumis \u00e0 l'environnement de d\u00e9p\u00f4t :<\/p>\n<p>Haute temp\u00e9rature.<br \/>\nUn vide \u00e9lev\u00e9.<br \/>\nUtilisation de pr\u00e9curseurs gazeux agressifs.<br \/>\nAucune contamination, absence de pelage.<br \/>\nR\u00e9sistance aux acides forts lors des op\u00e9rations de nettoyage<\/p>\n<div class=\"fl-row fl-row-fixed-width fl-row-bg-none fl-node-65dafade3e1a8\" data-node=\"65dafade3e1a8\">\n<div class=\"fl-row-content-wrap\">\n<div class=\"fl-row-content fl-row-fixed-width fl-node-content\">\n<div class=\"fl-col-group fl-node-65dafade3e1e7\" data-node=\"65dafade3e1e7\">\n<div class=\"fl-col fl-node-65dafade3e227\" data-node=\"65dafade3e227\">\n<div class=\"fl-col-content fl-node-content\">\n<div class=\"fl-module fl-module-rich-text fl-node-65dafade3e267\" data-node=\"65dafade3e267\" data-animation-delay=\"0.0\">\n<div class=\"fl-module-content fl-node-content\">\n<div class=\"fl-rich-text\">\n<p>FEP L'\u00e9nergie est le v\u00e9ritable fabricant de produits de carbure de graphite et de silicium personnalis\u00e9s avec rev\u00eatement pour l'industrie semi-conducteur et photovolta\u00efque. Notre \u00e9quipe technique vient des plus hautes institutions de recherche nationales, peut vous fournir des solutions mat\u00e9rielles plus professionnelles.<\/p>\n<p>We continuously develop advanced processes to provide more advanced materials,\u00a0and\u00a0have worked out an exclusive patented technology, which can make the bonding between the coating and the substrate tighter and less prone to detachment.<\/p>\n<p>Features of our products:<\/p>\n<p>1. High temperature oxidation resistance up to 1700\u2103.<br \/>\n2. High purity and\u00a0thermal uniformity<br \/>\n3. Excellent corrosion resistance: acid, alkali, salt and organic reagents.<br \/>\n4. High hardness, compact surface, fine particles.<br \/>\n5. Longer service life and more durable<\/p>\n<table border=\"1\" cellspacing=\"0\">\n<tbody>\n<tr>\n<td colspan=\"2\" valign=\"center\" width=\"568\">\n<p align=\"center\"><b>DCV<\/b><b>\u00a0<\/b><b>Si<\/b><b>C<\/b><b>\u8584\u819c\u57fa\u672c\u7269\u7406\u6027\u80fd<\/b><b><\/b><\/p>\n<p align=\"center\"><b>Basic physical properties of CVD SiC <\/b><b>coating<\/b><b><\/b><\/p>\n<\/td>\n<\/tr>\n<tr>\n<td valign=\"center\" width=\"248\">\n<p align=\"justify\">\u6027\u8d28 \/ Property<\/p>\n<\/td>\n<td valign=\"center\" width=\"319\">\n<p align=\"justify\">\u5178\u578b\u6570\u503c \/ Typical Value<\/p>\n<\/td>\n<\/tr>\n<tr>\n<td valign=\"center\" width=\"248\">\n<p align=\"justify\">\u6676\u4f53\u7ed3\u6784 \/ Crystal Structure<\/p>\n<\/td>\n<td valign=\"center\" width=\"319\">\n<p align=\"justify\">FCC \u03b2 phase\u00a0\u591a\u6676\uff0c\u4e3b\u8981\u4e3a\uff08111\uff09\u53d6\u5411<\/p>\n<\/td>\n<\/tr>\n<tr>\n<td valign=\"center\" width=\"248\">\n<p align=\"justify\">\u5bc6\u5ea6 \/ Density<\/p>\n<\/td>\n<td valign=\"center\" width=\"319\">\n<p align=\"justify\">3.21 g\/cm\u00b3<\/p>\n<\/td>\n<\/tr>\n<tr>\n<td valign=\"center\" width=\"248\">\n<p align=\"justify\">\u786c\u5ea6 \/ Hardness<\/p>\n<\/td>\n<td valign=\"center\" width=\"319\">\n<p align=\"justify\">2500 \u7ef4\u6c0f\u786c\u5ea6\uff08500g load\uff09<\/p>\n<\/td>\n<\/tr>\n<tr>\n<td valign=\"center\" width=\"248\">\n<p align=\"justify\">\u6676\u7c92\u5927\u5c0f \/ Grain SiZe<\/p>\n<\/td>\n<td valign=\"center\" width=\"319\">\n<p align=\"justify\">2~10\u03bcm<\/p>\n<\/td>\n<\/tr>\n<tr>\n<td valign=\"center\" width=\"248\">\n<p align=\"justify\">\u7eaf\u5ea6 \/ Chemical Purity<\/p>\n<\/td>\n<td valign=\"center\" width=\"319\">\n<p align=\"justify\">99.99995%<\/p>\n<\/td>\n<\/tr>\n<tr>\n<td valign=\"center\" width=\"248\">\n<p align=\"justify\">\u70ed\u5bb9 \/ Heat Capacity<\/p>\n<\/td>\n<td valign=\"center\" width=\"319\">\n<p align=\"justify\">640 J\u00b7kg<sup>-1<\/sup>\u00b7K<sup>-1<\/sup><\/p>\n<\/td>\n<\/tr>\n<tr>\n<td valign=\"center\" width=\"248\">\n<p align=\"justify\">\u5347\u534e\u6e29\u5ea6 \/ Sublimation Temperature<\/p>\n<\/td>\n<td valign=\"center\" width=\"319\">\n<p align=\"justify\">2700\u2103<\/p>\n<\/td>\n<\/tr>\n<tr>\n<td valign=\"center\" width=\"248\">\n<p align=\"justify\">\u6297\u5f2f\u5f3a\u5ea6 \/ Flexural Strength<\/p>\n<\/td>\n<td valign=\"center\" width=\"319\">\n<p align=\"justify\">415 MPa RT 4-point<\/p>\n<\/td>\n<\/tr>\n<tr>\n<td valign=\"center\" width=\"248\">\n<p align=\"justify\">\u6768\u6c0f\u6a21\u91cf \/ Young\u2019 s Modulus<\/p>\n<\/td>\n<td valign=\"center\" width=\"319\">\n<p align=\"justify\">430 Gpa 4pt bend, 1300\u2103<\/p>\n<\/td>\n<\/tr>\n<tr>\n<td valign=\"center\" width=\"248\">\n<p align=\"justify\">\u5bfc\u70ed\u7cfb\u6570 \/ Thermal\u00a0Conductivity<\/p>\n<\/td>\n<td valign=\"center\" width=\"319\">\n<p align=\"justify\">300W\u00b7m<sup>-1<\/sup>\u00b7K<sup>-1<\/sup><\/p>\n<\/td>\n<\/tr>\n<tr>\n<td valign=\"center\" width=\"248\">\n<p align=\"justify\">\u70ed\u81a8\u80c0\u7cfb\u6570 \/ Thermal Expansion(CTE)<\/p>\n<\/td>\n<td valign=\"center\" width=\"319\">\n<p align=\"justify\">4.5\u00d710<sup>-6<\/sup>K<sup>-1<\/sup><\/p>\n<\/td>\n<\/tr>\n<\/tbody>\n<\/table>\n<p><a class=\"fancybox\" href=\"https:\/\/www.vet-china.com\/uploads\/1109.jpg\" target=\"_blank\" rel=\"noopener\"><img decoding=\"async\" class=\"alignnone size-full wp-image-161022\" src=\"https:\/\/www.vet-china.com\/uploads\/1109.jpg\" alt=\"1\" \/><\/a><\/p>\n<p><a class=\"fancybox\" href=\"https:\/\/www.vet-china.com\/uploads\/284.jpg\" target=\"_blank\" rel=\"noopener\"><img decoding=\"async\" class=\"alignnone size-full wp-image-161023\" src=\"https:\/\/www.vet-china.com\/uploads\/284.jpg\" alt=\"2\" \/><\/a><\/p>\n<p><strong>Warmly welcome you to visit our factory, let\u2019s have further discussion!<\/strong><\/p>\n<p><a class=\"fancybox\" href=\"https:\/\/www.vet-china.com\/uploads\/\u7814\u53d1\u56e2\u961f2.jpg\" target=\"_blank\" rel=\"noopener\"><img decoding=\"async\" src=\"https:\/\/www.vet-china.com\/uploads\/\u7814\u53d1\u56e2\u961f2.jpg\" alt=\"\u7814\u53d1\u56e2\u961f\" \/><\/a><\/p>\n<p>&nbsp;<\/p>\n<p><a class=\"fancybox\" href=\"https:\/\/www.vet-china.com\/uploads\/\u751f\u4ea7\u8bbe\u59071.jpg\" target=\"_blank\" rel=\"noopener\"><img decoding=\"async\" src=\"https:\/\/www.vet-china.com\/uploads\/\u751f\u4ea7\u8bbe\u59071.jpg\" alt=\"\u751f\u4ea7\u8bbe\u5907\" \/><\/a><\/p>\n<p>&nbsp;<\/p>\n<p><a class=\"fancybox\" href=\"https:\/\/www.vet-china.com\/uploads\/\u516c\u53f8\u5ba2\u62371.jpg\" target=\"_blank\" rel=\"noopener\"><img decoding=\"async\" src=\"https:\/\/www.vet-china.com\/uploads\/\u516c\u53f8\u5ba2\u62371.jpg\" alt=\"\u516c\u53f8\u5ba2\u6237\" \/><\/a><\/p>\n<p>&nbsp;<\/p>\n<p>&nbsp;<\/p>","protected":false},"excerpt":{"rendered":"<p>Puret\u00e9 &lt; 5ppm<br \/>\n* Bonne uniformit\u00e9 du dopage<br \/>\n* Haute densit\u00e9 et adh\u00e9rence<br \/>\n* Bonne anticorrosive et r\u00e9sistance au carbone<\/p>\n<p>Personnalisation professionnelle<br \/>\n* D\u00e9lai court<br \/>\nApprovisionnement stable<br \/>\nContr\u00f4le de la qualit\u00e9 et am\u00e9lioration continue<\/p>\n<p>\u00c9pitaxie de GaN sur saphir (RGB\/Mini\/Micro LED);<br \/>\nEpitaxie du GaN sur le substrat Si (UVC);<br \/>\nEpitaxie de GaN sur le substrat Si (appareil \u00e9lectronique);<br \/>\nEpitaxie de Si sur le substrat Si (circuit int\u00e9gr\u00e9);<br \/>\n\u00c9pitaxie de SiC sur le substrat de SiC (Substrat);<br \/>\nEpitaxie de l'InP sur l'InP<\/p>","protected":false},"featured_media":80,"template":"","meta":[],"product_cat":[16,25],"product_tag":[22,24,26],"class_list":{"0":"post-79","1":"product","2":"type-product","3":"status-publish","4":"has-post-thumbnail","6":"product_cat-cvd-coating","7":"product_cat-mocvd-epitaxial-parts","8":"product_tag-epitaxial-epi-graphite-barrel-susceptor","9":"product_tag-sic-coated-graphite-base-carriers","10":"product_tag-sic-coated-graphite-mocvd-epitaxy-susceptor","12":"first","13":"instock","14":"shipping-taxable","15":"product-type-simple"},"_links":{"self":[{"href":"https:\/\/www.cnvetenergy.com\/fr\/wp-json\/wp\/v2\/product\/79","targetHints":{"allow":["GET"]}}],"collection":[{"href":"https:\/\/www.cnvetenergy.com\/fr\/wp-json\/wp\/v2\/product"}],"about":[{"href":"https:\/\/www.cnvetenergy.com\/fr\/wp-json\/wp\/v2\/types\/product"}],"version-history":[{"count":1,"href":"https:\/\/www.cnvetenergy.com\/fr\/wp-json\/wp\/v2\/product\/79\/revisions"}],"predecessor-version":[{"id":2622,"href":"https:\/\/www.cnvetenergy.com\/fr\/wp-json\/wp\/v2\/product\/79\/revisions\/2622"}],"wp:featuredmedia":[{"embeddable":true,"href":"https:\/\/www.cnvetenergy.com\/fr\/wp-json\/wp\/v2\/media\/80"}],"wp:attachment":[{"href":"https:\/\/www.cnvetenergy.com\/fr\/wp-json\/wp\/v2\/media?parent=79"}],"wp:term":[{"taxonomy":"product_cat","embeddable":true,"href":"https:\/\/www.cnvetenergy.com\/fr\/wp-json\/wp\/v2\/product_cat?post=79"},{"taxonomy":"product_tag","embeddable":true,"href":"https:\/\/www.cnvetenergy.com\/fr\/wp-json\/wp\/v2\/product_tag?post=79"}],"curies":[{"name":"wp","href":"https:\/\/api.w.org\/{rel}","templated":true}]}}