{"id":19,"date":"2024-11-21T10:16:56","date_gmt":"2024-11-21T02:16:56","guid":{"rendered":"http:\/\/weitai1.globaldeepsea.site\/?post_type=product&#038;p=19"},"modified":"2026-03-13T17:05:21","modified_gmt":"2026-03-13T09:05:21","slug":"epitaxial-epi-grafite-barril-susceptor","status":"publish","type":"product","link":"https:\/\/www.cnvetenergy.com\/pt\/produto\/epitaxial-epi-grafite-barril-susceptor\/","title":{"rendered":"Epitaxial Epi Grafite Susceptor de Barril"},"content":{"rendered":"<div class=\"fl-row fl-row-fixed-width fl-row-bg-none fl-node-65bb962c523ce\" data-node=\"65bb962c523ce\">\n<div class=\"fl-row-content-wrap\">\n<div class=\"fl-row-content fl-row-fixed-width fl-node-content\">\n<div class=\"fl-col-group fl-node-65bb962c53014\" data-node=\"65bb962c53014\">\n<div class=\"fl-col fl-node-65bb962c531fa\" data-node=\"65bb962c531fa\">\n<div class=\"fl-col-content fl-node-content\">\n<div class=\"fl-module fl-module-rich-text fl-node-65bb962c54f2d\" data-node=\"65bb962c54f2d\" data-animation-delay=\"0.0\">\n<div class=\"fl-module-content fl-node-content\">\n<div class=\"fl-rich-text\">\n<p><strong>Epitaxial Epi Grafite Susceptor de Barril<\/strong><\/p>\n<p>Epitaxial Epi Graphite Barrel Susceptor \u00e9 um dispositivo de suporte e aquecimento especialmente projetado usado para segurar e aquecer substratos semicondutores durante processos de fabrica\u00e7\u00e3o, como processos de Deposi\u00e7\u00e3o ou Epitaxia.<\/p>\n<p>Sua estrutura inclui tipicamente cil\u00edndrico ou ligeiramente em forma de barril, a superf\u00edcie apresenta v\u00e1rios bolsos ou plataformas para colocar as bolachas, pode ser s\u00f3lida ou oco, dependendo do m\u00e9todo de aquecimento.<\/p>\n<p><strong>As principais fun\u00e7\u00f5es do susceptor de tambor epitaxial:<\/strong><\/p>\n<p>-Suporte de substrato: segura v\u00e1rias wafers semicondutores;<br \/>\n- Fonte de calor: fornece altas temperaturas necess\u00e1rias para o crescimento atrav\u00e9s do aquecimento;<br \/>\n- uniformidade da temperatura: garante o aquecimento uniforme dos substratos;<br \/>\n-Rota\u00e7\u00e3o: geralmente gira durante o crescimento para melhorar a uniformidade de temperatura e distribui\u00e7\u00e3o de g\u00e1s.<\/p>\n<p><strong>Princ\u00edpio de funcionamento do receptor de barril de grafite Epi:<\/strong><br \/>\n- N\u00e3o. No reator epitaxial, o susceptor do tambor \u00e9 aquecido \u00e0 temperatura exigida (tipicamente 1000\u00b0C-1200\u00b0C para epitaxia de sil\u00edcio);<br \/>\n-O susceptor do barril gira para garantir uma distribui\u00e7\u00e3o uniforme de temperatura e fluxo de g\u00e1s;<br \/>\n- Os gases de rea\u00e7\u00e3o se decomp\u00f5em em altas temperaturas, formando camadas epitaxiais na superf\u00edcie do substrato.<\/p>\n<p><strong>Aplica\u00e7\u00f5es:<br \/>\n<\/strong>-Primalmente usado para o crescimento epitaxial de sil\u00edcio<br \/>\n-Tamb\u00e9m aplic\u00e1vel para epitaxia de outros materiais semicondutores como GaAs, InP, etc.<\/p>\n<p>VET Energia usar grafite de alta pureza com revestimento CVD-SiC para melhorar a estabilidade qu\u00edmica:<\/p>\n<p>&nbsp;<\/p>\n<p><a class=\"fancybox\" href=\"https:\/\/www.vet-china.com\/uploads\/1109.jpg\" target=\"_blank\" rel=\"noopener\"><img decoding=\"async\" class=\"alignnone size-full wp-image-161022\" src=\"https:\/\/www.vet-china.com\/uploads\/1109.jpg\" alt=\"1\" \/><\/a><\/p>\n<p><a class=\"fancybox\" href=\"https:\/\/www.vet-china.com\/uploads\/284.jpg\" target=\"_blank\" rel=\"noopener\"><img decoding=\"async\" class=\"alignnone size-full wp-image-161023\" src=\"https:\/\/www.vet-china.com\/uploads\/284.jpg\" alt=\"2\" \/><\/a><\/p>\n<p>As vantagens do VET Energy Epitaxial Epi Graphite Barrel Susceptor:<\/p>\n<p>- Alta estabilidade \u00e0 temperatura;<br \/>\n- Boa uniformidade t\u00e9rmica;<br \/>\n-Pode processar m\u00faltiplos substratos simultaneamente, melhorando a efici\u00eancia de produ\u00e7\u00e3o;<br \/>\n-Qu\u00edmica inerte, mantendo um ambiente de crescimento de alta pureza.<\/p>\n<p>&nbsp;<\/p>\n<\/div>\n<\/div>\n<\/div>\n<\/div>\n<\/div>\n<\/div>\n<\/div>\n<\/div>\n<\/div>\n<div class=\"fl-row fl-row-fixed-width fl-row-bg-none fl-node-667bb31e114b1\" data-node=\"667bb31e114b1\">\n<div class=\"fl-row-content-wrap\">\n<div class=\"fl-row-content fl-row-fixed-width fl-node-content\">\n<div class=\"fl-col-group fl-node-667bb31e114f5\" data-node=\"667bb31e114f5\">\n<div class=\"fl-col fl-node-667bb31e11537\" data-node=\"667bb31e11537\">\n<div class=\"fl-col-content fl-node-content\">\n<div class=\"fl-module fl-module-rich-text fl-node-667bb31e11578\" data-node=\"667bb31e11578\" data-animation-delay=\"0.0\">\n<div class=\"fl-module-content fl-node-content\">\n<div class=\"fl-rich-text\">\n<p><img decoding=\"async\" src=\"https:\/\/www.vet-china.com\/uploads\/Company-Information.jpg\" alt=\"Informa\u00e7\u00e3o da empresa\" \/><\/p>\n<p>Ningbo EFP Energia Tecnologia Co., Ltd \u00e9 uma empresa de alta tecnologia com foco na produ\u00e7\u00e3o e vendas de materiais avan\u00e7ados de ponta, os materiais e tecnologia, incluindo grafite, carboneto de sil\u00edcio, cer\u00e2mica, tratamento de superf\u00edcie como revestimento SiC, revestimento TaC, revestimento de carbono v\u00edtreo, revestimento de carbono pirol\u00edtico, etc, estes produtos s\u00e3o amplamente utilizados em fotovoltaico, semicondutores, nova energia, metalurgia, etc..<\/p>\n<p>Nossa equipe t\u00e9cnica vem de institui\u00e7\u00f5es de pesquisa nacionais de topo, e desenvolveram v\u00e1rias tecnologias patenteadas para garantir o desempenho e qualidade do produto, tamb\u00e9m pode fornecer aos clientes solu\u00e7\u00f5es de materiais profissionais.<\/p>\n<p>Agradecemos calorosamente a visita ao nosso laborat\u00f3rio e planta para discuss\u00e3o t\u00e9cnica e coopera\u00e7\u00e3o!<\/p>\n<p><a class=\"fancybox\" href=\"https:\/\/www.vet-china.com\/uploads\/\u7814\u53d1\u56e2\u961f2.jpg\" target=\"_blank\" rel=\"noopener\"><img decoding=\"async\" class=\"alignnone size-full wp-image-161042\" src=\"https:\/\/www.vet-china.com\/uploads\/\u7814\u53d1\u56e2\u961f2.jpg\" alt=\"O que \u00e9 isso\" \/><\/a><\/p>\n<p><a class=\"fancybox\" href=\"https:\/\/www.vet-china.com\/uploads\/\u751f\u4ea7\u8bbe\u59071.jpg\" target=\"_blank\" rel=\"noopener\"><img decoding=\"async\" class=\"alignnone size-full wp-image-161043\" src=\"https:\/\/www.vet-china.com\/uploads\/\u751f\u4ea7\u8bbe\u59071.jpg\" alt=\"O que \u00e9 isto\" \/><\/a><\/p>\n<p><a class=\"fancybox\" href=\"https:\/\/www.vet-china.com\/uploads\/\u516c\u53f8\u5ba2\u62371.jpg\" target=\"_blank\" rel=\"noopener\"><img decoding=\"async\" class=\"alignnone size-full wp-image-161044\" src=\"https:\/\/www.vet-china.com\/uploads\/\u516c\u53f8\u5ba2\u62371.jpg\" alt=\"N\u00e3o sei\" \/><\/a><\/p>\n<\/div>\n<\/div>\n<\/div>\n<\/div>\n<\/div>\n<\/div>\n<\/div>\n<\/div>\n<\/div>","protected":false},"excerpt":{"rendered":"<p>Descri\u00e7\u00e3o curta:<\/p>\n<p>VET Energia \u00e9 um fabricante profissional, fornecedor e exportador de epi epitaxial grafite barril susceptor. Temos uma forte equipe de P&amp;D e tecnologias patenteadas pr\u00f3prias para fornecer aos clientes materiais avan\u00e7ados e de alta qualidade, n\u00f3s lhe damos as boas-vindas para visitar nossa f\u00e1brica para mais discuss\u00f5es.<\/p>","protected":false},"featured_media":20,"template":"","meta":[],"product_cat":[16,17],"product_tag":[22],"class_list":{"0":"post-19","1":"product","2":"type-product","3":"status-publish","4":"has-post-thumbnail","6":"product_cat-cvd-coating","7":"product_cat-si-epitaxial-parts","8":"product_tag-epitaxial-epi-graphite-barrel-susceptor","10":"first","11":"instock","12":"shipping-taxable","13":"product-type-simple"},"_links":{"self":[{"href":"https:\/\/www.cnvetenergy.com\/pt\/wp-json\/wp\/v2\/product\/19","targetHints":{"allow":["GET"]}}],"collection":[{"href":"https:\/\/www.cnvetenergy.com\/pt\/wp-json\/wp\/v2\/product"}],"about":[{"href":"https:\/\/www.cnvetenergy.com\/pt\/wp-json\/wp\/v2\/types\/product"}],"version-history":[{"count":1,"href":"https:\/\/www.cnvetenergy.com\/pt\/wp-json\/wp\/v2\/product\/19\/revisions"}],"predecessor-version":[{"id":2624,"href":"https:\/\/www.cnvetenergy.com\/pt\/wp-json\/wp\/v2\/product\/19\/revisions\/2624"}],"wp:featuredmedia":[{"embeddable":true,"href":"https:\/\/www.cnvetenergy.com\/pt\/wp-json\/wp\/v2\/media\/20"}],"wp:attachment":[{"href":"https:\/\/www.cnvetenergy.com\/pt\/wp-json\/wp\/v2\/media?parent=19"}],"wp:term":[{"taxonomy":"product_cat","embeddable":true,"href":"https:\/\/www.cnvetenergy.com\/pt\/wp-json\/wp\/v2\/product_cat?post=19"},{"taxonomy":"product_tag","embeddable":true,"href":"https:\/\/www.cnvetenergy.com\/pt\/wp-json\/wp\/v2\/product_tag?post=19"}],"curies":[{"name":"wp","href":"https:\/\/api.w.org\/{rel}","templated":true}]}}