{"id":193,"date":"2024-11-21T13:24:15","date_gmt":"2024-11-21T05:24:15","guid":{"rendered":"http:\/\/weitai1.globaldeepsea.site\/?post_type=product&#038;p=193"},"modified":"2026-03-13T17:05:14","modified_gmt":"2026-03-13T09:05:14","slug":"coluna-vertical-wafer-barco-pedestal","status":"publish","type":"product","link":"https:\/\/www.cnvetenergy.com\/pt\/produto\/coluna-vertical-wafer-barco-pedestal\/","title":{"rendered":"Vertical Column Wafer Boat &amp; Pedestal"},"content":{"rendered":"<div class=\"fl-row fl-row-fixed-width fl-row-bg-none fl-node-66beb68507ee4\" data-node=\"66beb68507ee4\">\n<div class=\"fl-row-content-wrap\">\n<div class=\"fl-row-content fl-row-fixed-width fl-node-content\">\n<div class=\"fl-col-group fl-node-66beb68507f26\" data-node=\"66beb68507f26\">\n<div class=\"fl-col fl-node-66beb68507f67\" data-node=\"66beb68507f67\">\n<div class=\"fl-col-content fl-node-content\">\n<div class=\"fl-module fl-module-rich-text fl-node-66beb69d36796\" data-node=\"66beb69d36796\" data-animation-delay=\"0.0\">\n<div class=\"fl-module-content fl-node-content\">\n<div class=\"fl-rich-text\">\n<p><span style=\"font-family: 'Microsoft Yahei'\">VET-china presents the innovative Vertical Column Wafer Boat &amp; Pedestal, a comprehensive solution for advanced semiconductor processing. Designed with meticulous precision, this wafer handling system provides unmatched stability and alignment, crucial for high-efficiency manufacturing environments.<\/span><\/p>\n<p><span style=\"font-family: 'Microsoft Yahei'\">The Vertical Column <a href=\"https:\/\/www.vet-china.com\/search.php?s=+wafer+boat+&amp;cat=490\" target=\"_blank\" rel=\"noopener\">Barco de Wafer<\/a> &amp; Pedestal is constructed with premium materials that guarantee thermal stability and resistance to chemical corrosion, making it suitable for the most demanding semiconductor fabrication processes. Its unique vertical column design supports wafers securely, reducing the risk of misalignment and potential damage during transport and processing.<\/span><\/p>\n<p><span style=\"font-family: 'Microsoft Yahei'\">With the integration of vet-china&rsquo;s Vertical Column Wafer Boat &amp; Pedestal, semiconductor manufacturers can expect improved throughput, minimized downtime, and increased product yield. This system is compatible with various wafer sizes and configurations, offering flexibility and scalability for different production needs.<\/span><\/p>\n<p><span style=\"font-family: 'Microsoft Yahei'\">vet-china&rsquo;s commitment to excellence ensures that each Vertical Column Wafer Boat &amp; Pedestal meets the highest standards of quality and performance. By choosing this cutting-edge solution, you invest in a future-proof approach to wafer handling that maximizes efficiency and reliability in semiconductor manufacturing.<\/span><\/p>\n<\/div>\n<\/div>\n<\/div>\n<div class=\"fl-module fl-module-photo fl-node-66beb685080a8\" data-node=\"66beb685080a8\" data-animation-delay=\"0.0\">\n<div class=\"fl-module-content fl-node-content\">\n<div class=\"fl-photo fl-photo-align-center\">\n<div class=\"fl-photo-content fl-photo-img-jpg\"><span style=\"font-family: 'Microsoft Yahei'\"><img decoding=\"async\" class=\"fl-photo-img wp-image-162073\" src=\"https:\/\/www.vet-china.com\/uploads\/Vertical-Column-Wafer-Boat-Pedestal1.jpg\" alt=\"Barco de Wafer de Coluna Vertical &amp; Pedestal\"><\/span><\/div>\n<\/div>\n<\/div>\n<\/div>\n<div class=\"fl-module fl-module-rich-text fl-node-66beb68507fa7\" data-node=\"66beb68507fa7\" data-animation-delay=\"0.0\">\n<div class=\"fl-module-content fl-node-content\">\n<div class=\"fl-rich-text\">\n<p data-section=\"0\"><span style=\"font-family: 'Microsoft Yahei'\">Propriedades do carboneto de sil\u00edcio recristalizado<\/span><\/p>\n<p data-section=\"1\"><span style=\"font-family: 'Microsoft Yahei'\"><a href=\"https:\/\/www.vet-china.com\/search.php?s=Recrystallized+silicon+carbide&amp;cat=490\" target=\"_blank\" rel=\"noopener\">Recrystallized silicon carbide<\/a> (R-SiC) is a high-performance material with hardness second only to diamond, which is formed at a high temperature above 2000\u2103. It retains many excellent properties of SiC, such as high temperature strength, strong corrosion resistance, excellent oxidation resistance, good thermal shock resistance and so on.<\/span><\/p>\n<p data-section=\"2\"><span style=\"font-family: 'Microsoft Yahei'\">\u25cf Excelentes propriedades mec\u00e2nicas. Carboneto de sil\u00edcio recristalizado tem maior resist\u00eancia e rigidez do que a fibra de carbono, alta resist\u00eancia ao impacto, pode desempenhar um bom desempenho em ambientes de temperatura extrema, pode desempenhar um melhor desempenho contrabalanceamento em uma variedade de situa\u00e7\u00f5es. Al\u00e9m disso, ele tamb\u00e9m tem boa flexibilidade e n\u00e3o \u00e9 facilmente danificado por alongamento e flex\u00e3o, o que melhora muito seu desempenho.<\/span><\/p>\n<p data-section=\"3\"><span style=\"font-family: 'Microsoft Yahei'\">\u25cf Alta resist\u00eancia \u00e0 corros\u00e3o. Carboneto de sil\u00edcio recristalizado tem alta resist\u00eancia \u00e0 corros\u00e3o a uma variedade de meios, pode evitar a eros\u00e3o de uma variedade de meios corrosivos, pode manter suas propriedades mec\u00e2nicas por um longo tempo, tem uma forte ades\u00e3o, de modo que ele tem uma vida \u00fatil mais longa. Al\u00e9m disso, ele tamb\u00e9m tem boa estabilidade t\u00e9rmica, pode se adaptar a uma certa gama de mudan\u00e7as de temperatura, melhorar seu efeito de aplica\u00e7\u00e3o.<\/span><\/p>\n<p data-section=\"4\"><span style=\"font-family: 'Microsoft Yahei'\">\u25cf O sinterismo n\u00e3o encolhe. Como o processo de sinteriza\u00e7\u00e3o n\u00e3o encolhe, nenhuma tens\u00e3o residual causar\u00e1 deforma\u00e7\u00e3o ou fissura\u00e7\u00e3o do produto, e pe\u00e7as com formas complexas e alta precis\u00e3o podem ser preparadas.<\/span><\/p>\n<\/div>\n<\/div>\n<\/div>\n<\/div>\n<\/div>\n<\/div>\n<div class=\"fl-col-group fl-node-66beb6850816a\" data-node=\"66beb6850816a\">\n<div class=\"fl-col fl-node-66beb685081aa\" data-node=\"66beb685081aa\">\n<div class=\"fl-col-content fl-node-content\">\n<div class=\"fl-module fl-module-rich-text fl-node-66beb68507fe8\" data-node=\"66beb68507fe8\" data-animation-delay=\"0.0\">\n<div class=\"fl-module-content fl-node-content\">\n<div class=\"fl-rich-text\">\n<table border=\"1\" cellspacing=\"0\">\n<tbody>\n<tr>\n<td colspan=\"2\" valign=\"center\" width=\"568\">\n<p align=\"center\"><span style=\"font-family: 'Microsoft Yahei'\"><strong>N\u00e3o, n\u00e3o, n\u00e3o<\/strong><\/span><\/p>\n<p align=\"center\"><span style=\"font-family: 'Microsoft Yahei'\"><strong>Propriedades f\u00edsicas do carbeto de sil\u00edcio recristalizado<\/strong><\/span><\/p>\n<\/td>\n<\/tr>\n<tr>\n<td valign=\"center\" width=\"249\">\n<p align=\"justify\"><span style=\"font-family: 'Microsoft Yahei'\">Propriedades<\/span><\/p>\n<\/td>\n<td valign=\"center\" width=\"318\">\n<p align=\"justify\"><span style=\"font-family: 'Microsoft Yahei'\">Valor t\u00edpico<\/span><\/p>\n<\/td>\n<\/tr>\n<tr>\n<td valign=\"center\" width=\"249\">\n<p align=\"justify\"><span style=\"font-family: 'Microsoft Yahei'\">\u4f7f\u7528\u6e29\u5ea6&nbsp;\/ Working temperature (&deg;C)<\/span><\/p>\n<\/td>\n<td valign=\"center\" width=\"318\">\n<p align=\"justify\"><span style=\"font-family: 'Microsoft Yahei'\">1600&deg;C (with oxygen), 1700&deg;C (reducing environment)<\/span><\/p>\n<\/td>\n<\/tr>\n<tr>\n<td valign=\"center\" width=\"249\">\n<p align=\"justify\"><span style=\"font-family: 'Microsoft Yahei'\">SiC\/ SiC content<\/span><\/p>\n<\/td>\n<td valign=\"center\" width=\"318\">\n<p align=\"justify\"><span style=\"font-family: 'Microsoft Yahei'\">&gt; 99.96%<\/span><\/p>\n<\/td>\n<\/tr>\n<tr>\n<td valign=\"center\" width=\"249\">\n<p align=\"justify\"><span style=\"font-family: 'Microsoft Yahei'\">Livre Si content<\/span><\/p>\n<\/td>\n<td valign=\"center\" width=\"318\">\n<p align=\"justify\"><span style=\"font-family: 'Microsoft Yahei'\">&lt; 0,1%<\/span><\/p>\n<\/td>\n<\/tr>\n<tr>\n<td valign=\"center\" width=\"249\">\n<p align=\"justify\"><span style=\"font-family: 'Microsoft Yahei'\">\u4f53\u79ef\u5bc6\u5ea6&nbsp;\/&nbsp;Bulk density<\/span><\/p>\n<\/td>\n<td valign=\"center\" width=\"318\">\n<p align=\"justify\"><span style=\"font-family: 'Microsoft Yahei'\">2.60-2.70&nbsp;g\/cm<sup>3<\/sup><\/span><\/p>\n<\/td>\n<\/tr>\n<tr>\n<td valign=\"center\" width=\"249\">\n<p align=\"justify\"><span style=\"font-family: 'Microsoft Yahei'\">Porosidade aparente<\/span><\/p>\n<\/td>\n<td valign=\"center\" width=\"318\">\n<p align=\"justify\"><span style=\"font-family: 'Microsoft Yahei'\">&lt; 16%<\/span><\/p>\n<\/td>\n<\/tr>\n<tr>\n<td valign=\"center\" width=\"249\">\n<p align=\"justify\"><span style=\"font-family: 'Microsoft Yahei'\">\u6297\u538b\u5f3a\u5ea6 \/ Compression&nbsp;strength<\/span><\/p>\n<\/td>\n<td valign=\"center\" width=\"318\">\n<p align=\"justify\"><span style=\"font-family: 'Microsoft Yahei'\">&gt; 600&nbsp;MPa<\/span><\/p>\n<\/td>\n<\/tr>\n<tr>\n<td valign=\"center\" width=\"249\">\n<p align=\"justify\"><span style=\"font-family: 'Microsoft Yahei'\">\u5e38\u6e29\u6297\u5f2f\u5f3a\u5ea6&nbsp;\/&nbsp;Cold bending strength<\/span><\/p>\n<\/td>\n<td valign=\"center\" width=\"318\">\n<p align=\"justify\"><span style=\"font-family: 'Microsoft Yahei'\">80-90 MPa (20&deg;C)<\/span><\/p>\n<\/td>\n<\/tr>\n<tr>\n<td valign=\"center\" width=\"249\">\n<p align=\"justify\"><span style=\"font-family: 'Microsoft Yahei'\">O que \u00e9 isto? Resist\u00eancia \u00e0 flex\u00e3o a quente<\/span><\/p>\n<\/td>\n<td valign=\"center\" width=\"318\">\n<p align=\"justify\"><span style=\"font-family: 'Microsoft Yahei'\">90-100 MPa (1400&deg;C)<\/span><\/p>\n<\/td>\n<\/tr>\n<tr>\n<td valign=\"center\" width=\"249\">\n<p align=\"justify\"><span style=\"font-family: 'Microsoft Yahei'\">\u70ed\u81a8\u80c0\u7cfb\u6570&nbsp;\/ Thermal expansion @1500&deg;C<\/span><\/p>\n<\/td>\n<td valign=\"center\" width=\"318\">\n<p align=\"justify\"><span style=\"font-family: 'Microsoft Yahei'\">4.70 10<sup>-6<\/sup>\/\u00b0C<\/span><\/p>\n<\/td>\n<\/tr>\n<tr>\n<td valign=\"center\" width=\"249\">\n<p align=\"justify\"><span style=\"font-family: 'Microsoft Yahei'\">\u5bfc\u70ed\u7cfb\u6570&nbsp;\/&nbsp;Thermal conductivity @1200&deg;C<\/span><\/p>\n<\/td>\n<td valign=\"center\" width=\"318\">\n<p align=\"justify\"><span style=\"font-family: 'Microsoft Yahei'\">23&nbsp;&nbsp;W\/m&bull;K<\/span><\/p>\n<\/td>\n<\/tr>\n<tr>\n<td valign=\"center\" width=\"249\">\n<p align=\"justify\"><span style=\"font-family: 'Microsoft Yahei'\">M\u00f3dulo el\u00e1stico<\/span><\/p>\n<\/td>\n<td valign=\"center\" width=\"318\">\n<p align=\"justify\"><span style=\"font-family: 'Microsoft Yahei'\">240 GPa<\/span><\/p>\n<\/td>\n<\/tr>\n<tr>\n<td valign=\"center\" width=\"249\">\n<p align=\"justify\"><span style=\"font-family: 'Microsoft Yahei'\">Resist\u00eancia ao choque t\u00e9rmico<\/span><\/p>\n<\/td>\n<td valign=\"center\" width=\"318\">\n<p align=\"justify\"><span style=\"font-family: 'Microsoft Yahei'\">Extremamente bom<\/span><\/p>\n<\/td>\n<\/tr>\n<\/tbody>\n<\/table>\n<\/div>\n<\/div>\n<\/div>\n<\/div>\n<\/div>\n<\/div>\n<\/div>\n<\/div>\n<\/div>\n<div class=\"fl-row fl-row-fixed-width fl-row-bg-none fl-node-66beb685081ea\" data-node=\"66beb685081ea\">\n<div class=\"fl-row-content-wrap\">\n<div class=\"fl-row-content fl-row-fixed-width fl-node-content\">\n<div class=\"fl-col-group fl-node-66beb6850822b\" data-node=\"66beb6850822b\">\n<div class=\"fl-col fl-node-66beb6850826b\" data-node=\"66beb6850826b\">\n<div class=\"fl-col-content fl-node-content\">\n<div class=\"fl-module fl-module-rich-text fl-node-66beb685082ab\" data-node=\"66beb685082ab\" data-animation-delay=\"0.0\">\n<div class=\"fl-module-content fl-node-content\">\n<div class=\"fl-rich-text\">\n<p><span style=\"font-family: 'Microsoft Yahei'\">VET Energy is&nbsp;the&nbsp;real manufacturer of customized graphite and silicon carbide products with <a href=\"https:\/\/www.vet-china.com\/search.php?s=CVD+coating&amp;cat=490\" target=\"_blank\" rel=\"noopener\">Revestimento de DCV<\/a>,&nbsp;can supply&nbsp;various customized parts for semiconductor and photovoltaic industry.&nbsp;Our technical team comes from top domestic research institutions, can provide more professional material solutions&nbsp;for you.<\/span><\/p>\n<p><span style=\"font-family: 'Microsoft Yahei'\">We continuously develop advanced processes to provide more advanced materials,&nbsp;and&nbsp;have worked out an exclusive patented technology, which can make the bonding between the coating and the substrate tighter and less prone to detachment.<\/span><\/p>\n<table border=\"1\" cellspacing=\"0\">\n<tbody>\n<tr>\n<td colspan=\"2\" valign=\"center\" width=\"568\">\n<p align=\"center\"><span style=\"font-family: 'Microsoft Yahei'\"><strong>DCV<\/strong><strong>&nbsp;<\/strong><strong>Si<\/strong><strong>C<\/strong><strong>O que \u00e9 isto<\/strong><\/span><\/p>\n<p align=\"center\"><span style=\"font-family: 'Microsoft Yahei'\"><strong>Propriedades f\u00edsicas b\u00e1sicas da DCV SiC <\/strong><strong>revestimento<\/strong><\/span><\/p>\n<\/td>\n<\/tr>\n<tr>\n<td valign=\"center\" width=\"248\">\n<p align=\"justify\"><span style=\"font-family: 'Microsoft Yahei'\">Propriedades<\/span><\/p>\n<\/td>\n<td valign=\"center\" width=\"319\">\n<p align=\"justify\"><span style=\"font-family: 'Microsoft Yahei'\">Valor t\u00edpico<\/span><\/p>\n<\/td>\n<\/tr>\n<tr>\n<td valign=\"center\" width=\"248\">\n<p align=\"justify\"><span style=\"font-family: 'Microsoft Yahei'\">Estrutura de cristal<\/span><\/p>\n<\/td>\n<td valign=\"center\" width=\"319\">\n<p align=\"justify\"><span style=\"font-family: 'Microsoft Yahei'\">FCC &beta; phase&nbsp;\u591a\u6676\uff0c\u4e3b\u8981\u4e3a\uff08111\uff09\u53d6\u5411<\/span><\/p>\n<\/td>\n<\/tr>\n<tr>\n<td valign=\"center\" width=\"248\">\n<p align=\"justify\"><span style=\"font-family: 'Microsoft Yahei'\">Densidade<\/span><\/p>\n<\/td>\n<td valign=\"center\" width=\"319\">\n<p align=\"justify\"><span style=\"font-family: 'Microsoft Yahei'\">3.21 g\/cm\u00b3<\/span><\/p>\n<\/td>\n<\/tr>\n<tr>\n<td valign=\"center\" width=\"248\">\n<p align=\"justify\"><span style=\"font-family: 'Microsoft Yahei'\">&amp; Dureza<\/span><\/p>\n<\/td>\n<td valign=\"center\" width=\"319\">\n<p align=\"justify\"><span style=\"font-family: 'Microsoft Yahei'\">2500 (carga de 500g)<\/span><\/p>\n<\/td>\n<\/tr>\n<tr>\n<td valign=\"center\" width=\"248\">\n<p align=\"justify\"><span style=\"font-family: 'Microsoft Yahei'\">Size de gr\u00e3o<\/span><\/p>\n<\/td>\n<td valign=\"center\" width=\"319\">\n<p align=\"justify\"><span style=\"font-family: 'Microsoft Yahei'\">2~10&mu;m<\/span><\/p>\n<\/td>\n<\/tr>\n<tr>\n<td valign=\"center\" width=\"248\">\n<p align=\"justify\"><span style=\"font-family: 'Microsoft Yahei'\">Pureza Qu\u00edmica<\/span><\/p>\n<\/td>\n<td valign=\"center\" width=\"319\">\n<p align=\"justify\"><span style=\"font-family: 'Microsoft Yahei'\">99.99995%<\/span><\/p>\n<\/td>\n<\/tr>\n<tr>\n<td valign=\"center\" width=\"248\">\n<p align=\"justify\"><span style=\"font-family: 'Microsoft Yahei'\">Capacidade de calor<\/span><\/p>\n<\/td>\n<td valign=\"center\" width=\"319\">\n<p align=\"justify\"><span style=\"font-family: 'Microsoft Yahei'\">640 J&middot;kg<sup>-1<\/sup>&middot;K<sup>-1<\/sup><\/span><\/p>\n<\/td>\n<\/tr>\n<tr>\n<td valign=\"center\" width=\"248\">\n<p align=\"justify\"><span style=\"font-family: 'Microsoft Yahei'\">Temperatura de sublima\u00e7\u00e3o<\/span><\/p>\n<\/td>\n<td valign=\"center\" width=\"319\">\n<p align=\"justify\"><span style=\"font-family: 'Microsoft Yahei'\">2700\u00b0C<\/span><\/p>\n<\/td>\n<\/tr>\n<tr>\n<td valign=\"center\" width=\"248\">\n<p align=\"justify\"><span style=\"font-family: 'Microsoft Yahei'\">For\u00e7a Flexural<\/span><\/p>\n<\/td>\n<td valign=\"center\" width=\"319\">\n<p align=\"justify\"><span style=\"font-family: 'Microsoft Yahei'\">415 MPa RT 4 pontos<\/span><\/p>\n<\/td>\n<\/tr>\n<tr>\n<td valign=\"center\" width=\"248\">\n<p align=\"justify\"><span style=\"font-family: 'Microsoft Yahei'\">Modulo de Young<\/span><\/p>\n<\/td>\n<td valign=\"center\" width=\"319\">\n<p align=\"justify\"><span style=\"font-family: 'Microsoft Yahei'\">430 Gpa 4pt curva, 1300\u00b0C<\/span><\/p>\n<\/td>\n<\/tr>\n<tr>\n<td valign=\"center\" width=\"248\">\n<p align=\"justify\"><span style=\"font-family: 'Microsoft Yahei'\">\u5bfc\u70ed\u7cfb\u6570 \/ Thermal&nbsp;Conductivity<\/span><\/p>\n<\/td>\n<td valign=\"center\" width=\"319\">\n<p align=\"justify\"><span style=\"font-family: 'Microsoft Yahei'\">300W&middot;m<sup>-1<\/sup>&middot;K<sup>-1<\/sup><\/span><\/p>\n<\/td>\n<\/tr>\n<tr>\n<td valign=\"center\" width=\"248\">\n<p align=\"justify\"><span style=\"font-family: 'Microsoft Yahei'\">Expans\u00e3o t\u00e9rmica (CTE)<\/span><\/p>\n<\/td>\n<td valign=\"center\" width=\"319\">\n<p align=\"justify\"><span style=\"font-family: 'Microsoft Yahei'\">4.5&times;10<sup>-6<\/sup>K<sup>-1<\/sup><\/span><\/p>\n<\/td>\n<\/tr>\n<\/tbody>\n<\/table>\n<p><span style=\"font-family: 'Microsoft Yahei'\"><a class=\"fancybox\" href=\"https:\/\/www.vet-china.com\/uploads\/1109.jpg\" target=\"_blank\" rel=\"noopener\"><img decoding=\"async\" class=\"alignnone size-full wp-image-161022\" src=\"https:\/\/www.vet-china.com\/uploads\/1109.jpg\" alt=\"1\"><\/a><\/span><\/p>\n<p><span style=\"font-family: 'Microsoft Yahei'\"><a class=\"fancybox\" href=\"https:\/\/www.vet-china.com\/uploads\/284.jpg\" target=\"_blank\" rel=\"noopener\"><img decoding=\"async\" class=\"alignnone size-full wp-image-161023\" src=\"https:\/\/www.vet-china.com\/uploads\/284.jpg\" alt=\"2\"><\/a><\/span><\/p>\n<p><span style=\"font-family: 'Microsoft Yahei'\"><strong>Bem-vindo calorosamente para visitar nossa f\u00e1brica, vamos ter mais discuss\u00e3o!<\/strong><\/span><\/p>\n<p><span style=\"font-family: 'Microsoft Yahei'\"><a class=\"fancybox\" href=\"https:\/\/www.vet-china.com\/uploads\/\u7814\u53d1\u56e2\u961f2.jpg\" target=\"_blank\" rel=\"noopener\"><img decoding=\"async\" src=\"https:\/\/www.vet-china.com\/uploads\/\u7814\u53d1\u56e2\u961f2.jpg\" alt=\"O que \u00e9 isso\"><\/a><\/span><\/p>\n<p>&nbsp;<\/p>\n<p><span style=\"font-family: 'Microsoft Yahei'\"><a class=\"fancybox\" href=\"https:\/\/www.vet-china.com\/uploads\/\u751f\u4ea7\u8bbe\u59071.jpg\" target=\"_blank\" rel=\"noopener\"><img decoding=\"async\" src=\"https:\/\/www.vet-china.com\/uploads\/\u751f\u4ea7\u8bbe\u59071.jpg\" alt=\"O que \u00e9 isto\"><\/a><\/span><\/p>\n<p>&nbsp;<\/p>\n<p><span style=\"font-family: 'Microsoft Yahei'\"><a class=\"fancybox\" href=\"https:\/\/www.vet-china.com\/uploads\/\u516c\u53f8\u5ba2\u62371.jpg\" target=\"_blank\" rel=\"noopener\"><img decoding=\"async\" src=\"https:\/\/www.vet-china.com\/uploads\/\u516c\u53f8\u5ba2\u62371.jpg\" alt=\"N\u00e3o sei\"><\/a><\/span><\/p>\n<\/div>\n<\/div>\n<\/div>\n<\/div>\n<\/div>\n<\/div>\n<\/div>\n<\/div>\n<\/div>","protected":false},"excerpt":{"rendered":"<p><span style=\"font-family: 'Microsoft Yahei'\">Descri\u00e7\u00e3o curta:<\/span><\/p>\n<p><span style=\"font-family: 'Microsoft Yahei'\">The Vertical Column Wafer Boat &amp; Pedestal from vet-china offers superior stability and precision in wafer handling for semiconductor manufacturing. With vet-china&rsquo;s advanced design, this system ensures optimal alignment and secure retention, enhancing operational efficiency and reducing wafer damage.<\/span><\/p>","protected":false},"featured_media":2505,"template":"","meta":[],"product_cat":[35,36],"product_tag":[37,38,39],"class_list":{"0":"post-193","1":"product","2":"type-product","3":"status-publish","4":"has-post-thumbnail","6":"product_cat-silicon-carbide-sic-ceramic","7":"product_cat-silicon-carbide-boat","8":"product_tag-column-wafer-boat","9":"product_tag-vertical-wafer-boat","10":"product_tag-wafer-pedestal","12":"first","13":"instock","14":"shipping-taxable","15":"product-type-simple"},"_links":{"self":[{"href":"https:\/\/www.cnvetenergy.com\/pt\/wp-json\/wp\/v2\/product\/193","targetHints":{"allow":["GET"]}}],"collection":[{"href":"https:\/\/www.cnvetenergy.com\/pt\/wp-json\/wp\/v2\/product"}],"about":[{"href":"https:\/\/www.cnvetenergy.com\/pt\/wp-json\/wp\/v2\/types\/product"}],"version-history":[{"count":2,"href":"https:\/\/www.cnvetenergy.com\/pt\/wp-json\/wp\/v2\/product\/193\/revisions"}],"predecessor-version":[{"id":2506,"href":"https:\/\/www.cnvetenergy.com\/pt\/wp-json\/wp\/v2\/product\/193\/revisions\/2506"}],"wp:featuredmedia":[{"embeddable":true,"href":"https:\/\/www.cnvetenergy.com\/pt\/wp-json\/wp\/v2\/media\/2505"}],"wp:attachment":[{"href":"https:\/\/www.cnvetenergy.com\/pt\/wp-json\/wp\/v2\/media?parent=193"}],"wp:term":[{"taxonomy":"product_cat","embeddable":true,"href":"https:\/\/www.cnvetenergy.com\/pt\/wp-json\/wp\/v2\/product_cat?post=193"},{"taxonomy":"product_tag","embeddable":true,"href":"https:\/\/www.cnvetenergy.com\/pt\/wp-json\/wp\/v2\/product_tag?post=193"}],"curies":[{"name":"wp","href":"https:\/\/api.w.org\/{rel}","templated":true}]}}