{"id":206,"date":"2024-11-21T13:31:59","date_gmt":"2024-11-21T05:31:59","guid":{"rendered":"http:\/\/weitai1.globaldeepsea.site\/?post_type=product&#038;p=206"},"modified":"2026-03-13T17:05:12","modified_gmt":"2026-03-13T09:05:12","slug":"fabrica-de-venda-direta-de-grafite-anodo-e-placa-catodo-para-celula-de-combustivel-pem","status":"publish","type":"product","link":"https:\/\/www.cnvetenergy.com\/pt\/produto\/fabrica-de-venda-direta-de-grafite-anodo-e-placa-catodo-para-celula-de-combustivel-pem\/","title":{"rendered":"Venda direta de f\u00e1brica Grafite anodo e placa de catodo para PEM c\u00e9lula de combust\u00edvel"},"content":{"rendered":"<p><span style=\"font-family: 'Microsoft Yahei'\"><img decoding=\"async\" src=\"https:\/\/www.vet-china.com\/uploads\/Product-Description.jpg\" alt=\"Descri\u00e7\u00e3o do produto\"><\/span><\/p>\n<p><span style=\"font-family: 'Microsoft Yahei'\">We have developed cost- effective <a href=\"https:\/\/www.vet-china.com\/search.php?s=graphite+bipolar+plate&amp;cat=490\" target=\"_blank\" rel=\"noopener\">graphite bipolar plate<\/a>s which requires the use of advanced bipolar plates with high electrical conductivity and good mechanical strength.&nbsp;It is refined by high-pressure forming, vacuum impregnation, and high-temperature heat treatment, our bipolar plate&nbsp;has the characteristics of wear resistance, temperature resistance, pressure resistance, corrosion resistance, creep resistance, oil-free self-lubrication, small expansion coefficient, and superior sealing performance.<\/span><\/p>\n<p><span style=\"font-family: 'Microsoft Yahei'\">N\u00f3s podemos usinar as placas bipolares de ambos os lados com campos de fluxo, ou m\u00e1quina de um lado ou fornecer placas em branco n\u00e3o usinadas tamb\u00e9m. Todas as placas de grafite podem ser usinadas de acordo com seu projeto detalhado.<\/span><\/p>\n<p><span style=\"font-family: 'Microsoft Yahei'\">Grafite Placas Bipolares Material Folha de dados:<\/span><\/p>\n<table border=\"1\" cellspacing=\"0\">\n<tbody>\n<tr>\n<td valign=\"center\" width=\"92\"><span style=\"font-family: 'Microsoft Yahei'\">Material<\/span><\/td>\n<td valign=\"center\" width=\"94\"><span style=\"font-family: 'Microsoft Yahei'\">Densidade em massa<\/span><\/td>\n<td valign=\"center\" width=\"103\"><span style=\"font-family: 'Microsoft Yahei'\">Flexural<\/span><br \/><span style=\"font-family: 'Microsoft Yahei'\">Dosagem<\/span><\/td>\n<td valign=\"center\" width=\"113\"><span style=\"font-family: 'Microsoft Yahei'\">Resist\u00eancia \u00e0 compress\u00e3o<\/span><\/td>\n<td valign=\"center\" width=\"103\"><span style=\"font-family: 'Microsoft Yahei'\">Resist\u00eancia espec\u00edfica<\/span><\/td>\n<td valign=\"center\" width=\"151\"><span style=\"font-family: 'Microsoft Yahei'\">Porosidade aberta<\/span><\/td>\n<\/tr>\n<tr>\n<td valign=\"center\" width=\"92\"><span style=\"font-family: 'Microsoft Yahei'\">VET-7<\/span><\/td>\n<td valign=\"center\" width=\"94\"><span style=\"font-family: 'Microsoft Yahei'\">1,9 g\/cc min<\/span><\/td>\n<td valign=\"center\" width=\"103\"><span style=\"font-family: 'Microsoft Yahei'\">45 Mpa min<\/span><\/td>\n<td valign=\"center\" width=\"113\"><span style=\"font-family: 'Microsoft Yahei'\">90 Mpa min<\/span><\/td>\n<td valign=\"center\" width=\"103\"><span style=\"font-family: 'Microsoft Yahei'\">10.0 micro ohm.m max<\/span><\/td>\n<td valign=\"center\" width=\"151\"><span style=\"font-family: 'Microsoft Yahei'\">&le;0.1%<\/span><\/td>\n<\/tr>\n<tr>\n<td colspan=\"6\" valign=\"center\" width=\"659\"><span style=\"font-family: 'Microsoft Yahei'\">Mais tipos de materiais de grafite est\u00e3o dispon\u00edveis para selecionar de acordo com aplica\u00e7\u00e3o espec\u00edfica.<\/span><\/td>\n<\/tr>\n<\/tbody>\n<\/table>\n<p><span style=\"font-family: 'Microsoft Yahei'\">Caracter\u00edsticas:<\/span><br \/><span style=\"font-family: 'Microsoft Yahei'\">\u2013 Imperme\u00e1vel aos gases ( hidrog\u00e9nio e oxig\u00e9nio)<\/span><br \/><span style=\"font-family: 'Microsoft Yahei'\">\u2013 Condutividade el\u00e9trica ideal<\/span><br \/><span style=\"font-family: 'Microsoft Yahei'\">\u2013 Um equil\u00edbrio entre condutividade, resist\u00eancia, tamanho e peso<\/span><br \/><span style=\"font-family: 'Microsoft Yahei'\">\u2013 Resist\u00eancia \u00e0 corros\u00e3o<\/span><br \/><span style=\"font-family: 'Microsoft Yahei'\">\u2013 F\u00e1cil de produzir em massa Caracter\u00edsticas:<\/span><br \/><span style=\"font-family: 'Microsoft Yahei'\">\u2013 Custo-efetivo<\/span><\/p>\n<p><span style=\"font-family: 'Microsoft Yahei'\"><img decoding=\"async\" src=\"https:\/\/www.vet-china.com\/uploads\/Detailed-Images.jpg\" alt=\"Imagens Detalhadas\"><\/span><br \/><span style=\"font-family: 'Microsoft Yahei'\"><img decoding=\"async\" src=\"https:\/\/cdn.goodao.net\/vet-china\/082101941.jpg\" alt=\"20\"><\/span><\/p>\n<p><span style=\"font-family: 'Microsoft Yahei'\"><img decoding=\"async\" src=\"https:\/\/www.vet-china.com\/uploads\/Company-Information.jpg\" alt=\"Informa\u00e7\u00e3o da empresa\"><\/span><\/p>\n<p><span style=\"font-family: 'Microsoft Yahei'\">Ningbo EFP Energia Tecnologia Co., Ltd \u00e9 uma empresa de alta tecnologia com foco na produ\u00e7\u00e3o e vendas de materiais avan\u00e7ados de ponta, os materiais e tecnologia, incluindo grafite, carboneto de sil\u00edcio, cer\u00e2mica, tratamento de superf\u00edcie como revestimento SiC, revestimento TaC, revestimento de carbono v\u00edtreo, revestimento de carbono pirol\u00edtico, etc, estes produtos s\u00e3o amplamente utilizados em fotovoltaico, semicondutores, nova energia, metalurgia, etc..<\/span><\/p>\n<p><span style=\"font-family: 'Microsoft Yahei'\">Nossa equipe t\u00e9cnica vem de institui\u00e7\u00f5es de pesquisa nacionais de topo, e desenvolveram v\u00e1rias tecnologias patenteadas para garantir o desempenho e qualidade do produto, tamb\u00e9m pode fornecer aos clientes solu\u00e7\u00f5es de materiais profissionais.<\/span><\/p>\n<p><span style=\"font-family: 'Microsoft Yahei'\"><a class=\"fancybox\" href=\"https:\/\/www.vet-china.com\/uploads\/\u7814\u53d1\u56e2\u961f2.jpg\" target=\"_blank\" rel=\"noopener\"><img decoding=\"async\" class=\"alignnone size-full wp-image-161042\" src=\"https:\/\/www.vet-china.com\/uploads\/\u7814\u53d1\u56e2\u961f2.jpg\" alt=\"O que \u00e9 isso\"><\/a><\/span><\/p>\n<p><span style=\"font-family: 'Microsoft Yahei'\"><a class=\"fancybox\" href=\"https:\/\/www.vet-china.com\/uploads\/\u751f\u4ea7\u8bbe\u59071.jpg\" target=\"_blank\" rel=\"noopener\"><img decoding=\"async\" class=\"alignnone size-full wp-image-161043\" src=\"https:\/\/www.vet-china.com\/uploads\/\u751f\u4ea7\u8bbe\u59071.jpg\" alt=\"O que \u00e9 isto\"><\/a><\/span><\/p>\n<p><span style=\"font-family: 'Microsoft Yahei'\"><a class=\"fancybox\" href=\"https:\/\/www.vet-china.com\/uploads\/\u516c\u53f8\u5ba2\u62371.jpg\" target=\"_blank\" rel=\"noopener\"><img decoding=\"async\" class=\"alignnone size-full wp-image-161044\" src=\"https:\/\/www.vet-china.com\/uploads\/\u516c\u53f8\u5ba2\u62371.jpg\" alt=\"N\u00e3o sei\"><\/a><\/span><\/p>","protected":false},"excerpt":{"rendered":"<p>VET Placa de grafite de energia para c\u00e9lulas a combust\u00edvel adota material de grafite de alta qualidade, adicionando composto org\u00e2nico com forte resist\u00eancia \u00e1cida. \u00c9 refinado pela forma\u00e7\u00e3o de alta press\u00e3o, impregna\u00e7\u00e3o de v\u00e1cuo, e tratamento t\u00e9rmico de alta temperatura. nossa placa bipolar possui alta precis\u00e3o de processamento, excelente material, alta resist\u00eancia \u00e0 temperatura, resist\u00eancia \u00e0 corros\u00e3o e longa vida \u00fatil.<\/p>","protected":false},"featured_media":2499,"template":"","meta":[],"product_cat":[44],"product_tag":[45,46,47,48,49,50,51,52],"class_list":{"0":"post-206","1":"product","2":"type-product","3":"status-publish","4":"has-post-thumbnail","6":"product_cat-graphite-plate","7":"product_tag-bipolar-graphite-plate","8":"product_tag-bipolar-plate","9":"product_tag-bipolar-plate-for-fuel-cell","10":"product_tag-bipolar-plate-for-hydrogen-fuel-cell","11":"product_tag-fuel-cell-bipolar-graphite-plate","12":"product_tag-fuel-cell-bipolar-plate","13":"product_tag-fuel-cell-grade-graphite-plate","14":"product_tag-graphite-bipolar-plate","16":"first","17":"instock","18":"shipping-taxable","19":"product-type-simple"},"_links":{"self":[{"href":"https:\/\/www.cnvetenergy.com\/pt\/wp-json\/wp\/v2\/product\/206","targetHints":{"allow":["GET"]}}],"collection":[{"href":"https:\/\/www.cnvetenergy.com\/pt\/wp-json\/wp\/v2\/product"}],"about":[{"href":"https:\/\/www.cnvetenergy.com\/pt\/wp-json\/wp\/v2\/types\/product"}],"version-history":[{"count":1,"href":"https:\/\/www.cnvetenergy.com\/pt\/wp-json\/wp\/v2\/product\/206\/revisions"}],"predecessor-version":[{"id":2500,"href":"https:\/\/www.cnvetenergy.com\/pt\/wp-json\/wp\/v2\/product\/206\/revisions\/2500"}],"wp:featuredmedia":[{"embeddable":true,"href":"https:\/\/www.cnvetenergy.com\/pt\/wp-json\/wp\/v2\/media\/2499"}],"wp:attachment":[{"href":"https:\/\/www.cnvetenergy.com\/pt\/wp-json\/wp\/v2\/media?parent=206"}],"wp:term":[{"taxonomy":"product_cat","embeddable":true,"href":"https:\/\/www.cnvetenergy.com\/pt\/wp-json\/wp\/v2\/product_cat?post=206"},{"taxonomy":"product_tag","embeddable":true,"href":"https:\/\/www.cnvetenergy.com\/pt\/wp-json\/wp\/v2\/product_tag?post=206"}],"curies":[{"name":"wp","href":"https:\/\/api.w.org\/{rel}","templated":true}]}}