{"id":67,"date":"2024-11-21T10:28:28","date_gmt":"2024-11-21T02:28:28","guid":{"rendered":"http:\/\/weitai1.globaldeepsea.site\/?post_type=product&#038;p=67"},"modified":"2026-03-13T17:05:20","modified_gmt":"2026-03-13T09:05:20","slug":"67","status":"publish","type":"product","link":"https:\/\/www.cnvetenergy.com\/pt\/produto\/67\/","title":{"rendered":"Transportadores de base de grafite revestidos SiC"},"content":{"rendered":"<p>SiC coated graphite carrier is a key component used in various semiconductor manufacturing processes.\u00a0We use our patented technology to make the silicon carbide carrier with extremely high purity, good coating\u00a0uniformity\u00a0and an excellent service life, as well as high chemical resistance and thermal stability properties.<\/p>\n<p><a class=\"fancybox\" href=\"https:\/\/www.vet-china.com\/uploads\/64.png\" target=\"_blank\" rel=\"noopener\"><img decoding=\"async\" src=\"https:\/\/www.vet-china.com\/uploads\/64.png\" alt=\"6\" \/><\/a><\/p>\n<p>Caracter\u00edsticas dos nossos produtos:<\/p>\n<p>1. Resist\u00eancia \u00e0 oxida\u00e7\u00e3o a alta temperatura at\u00e9 1700\u00b0C.<br \/>\n2. Alta pureza e uniformidade t\u00e9rmica<br \/>\n3. Excelente resist\u00eancia \u00e0 corros\u00e3o: \u00e1cido, \u00e1lcali, sal e reagentes org\u00e2nicos.<br \/>\n4. Alta dureza, superf\u00edcie compacta, part\u00edculas finas.<br \/>\n5. Vida \u00fatil mais longa e mais dur\u00e1vel<\/p>\n<table border=\"1\" cellspacing=\"0\">\n<tbody>\n<tr>\n<td colspan=\"2\" valign=\"center\" width=\"568\">\n<p align=\"center\"><b>DCV<\/b><b>\u00a0<\/b><b>Si<\/b><b>C<\/b><b>O que \u00e9 isto<\/b><b><\/b><\/p>\n<p align=\"center\"><b>Propriedades f\u00edsicas b\u00e1sicas da DCV SiC <\/b><b>revestimento<\/b><b><\/b><\/p>\n<\/td>\n<\/tr>\n<tr>\n<td valign=\"center\" width=\"248\">\n<p align=\"justify\">Propriedades<\/p>\n<\/td>\n<td valign=\"center\" width=\"319\">\n<p align=\"justify\">Valor t\u00edpico<\/p>\n<\/td>\n<\/tr>\n<tr>\n<td valign=\"center\" width=\"248\">\n<p align=\"justify\">Estrutura de cristal<\/p>\n<\/td>\n<td valign=\"center\" width=\"319\">\n<p align=\"justify\">Fase FCC \u03b2<\/p>\n<\/td>\n<\/tr>\n<tr>\n<td valign=\"center\" width=\"248\">\n<p align=\"justify\">Densidade<\/p>\n<\/td>\n<td valign=\"center\" width=\"319\">\n<p align=\"justify\">3,21 g\/cm3<\/p>\n<\/td>\n<\/tr>\n<tr>\n<td valign=\"center\" width=\"248\">\n<p align=\"justify\">&amp; Dureza<\/p>\n<\/td>\n<td valign=\"center\" width=\"319\">\n<p align=\"justify\">2500 (carga de 500g)<\/p>\n<\/td>\n<\/tr>\n<tr>\n<td valign=\"center\" width=\"248\">\n<p align=\"justify\">Size de gr\u00e3o<\/p>\n<\/td>\n<td valign=\"center\" width=\"319\">\n<p align=\"justify\">2~10\u03bcm<\/p>\n<\/td>\n<\/tr>\n<tr>\n<td valign=\"center\" width=\"248\">\n<p align=\"justify\">Pureza Qu\u00edmica<\/p>\n<\/td>\n<td valign=\"center\" width=\"319\">\n<p align=\"justify\">99.99995%<\/p>\n<\/td>\n<\/tr>\n<tr>\n<td valign=\"center\" width=\"248\">\n<p align=\"justify\">Capacidade de calor<\/p>\n<\/td>\n<td valign=\"center\" width=\"319\">\n<p align=\"justify\">640 J\u00b7kg<sup>-1<\/sup>\u00b7K<sup>-1<\/sup><\/p>\n<\/td>\n<\/tr>\n<tr>\n<td valign=\"center\" width=\"248\">\n<p align=\"justify\">Temperatura de sublima\u00e7\u00e3o<\/p>\n<\/td>\n<td valign=\"center\" width=\"319\">\n<p align=\"justify\">2700\u00b0C<\/p>\n<\/td>\n<\/tr>\n<tr>\n<td valign=\"center\" width=\"248\">\n<p align=\"justify\">For\u00e7a Flexural<\/p>\n<\/td>\n<td valign=\"center\" width=\"319\">\n<p align=\"justify\">415 MPa RT 4 pontos<\/p>\n<\/td>\n<\/tr>\n<tr>\n<td valign=\"center\" width=\"248\">\n<p align=\"justify\">Modulo de Young<\/p>\n<\/td>\n<td valign=\"center\" width=\"319\">\n<p align=\"justify\">430 Gpa 4pt curva, 1300\u00b0C<\/p>\n<\/td>\n<\/tr>\n<tr>\n<td valign=\"center\" width=\"248\">\n<p align=\"justify\">Condutividade t\u00e9rmica<\/p>\n<\/td>\n<td valign=\"center\" width=\"319\">\n<p align=\"justify\">300W\u00b7m<sup>-1<\/sup>\u00b7K<sup>-1<\/sup><\/p>\n<\/td>\n<\/tr>\n<tr>\n<td valign=\"center\" width=\"248\">\n<p align=\"justify\">Expans\u00e3o t\u00e9rmica (CTE)<\/p>\n<\/td>\n<td valign=\"center\" width=\"319\">\n<p align=\"justify\">4,5\u00d710<sup>-6<\/sup>K<sup>-1<\/sup><\/p>\n<\/td>\n<\/tr>\n<\/tbody>\n<\/table>\n<p><a class=\"fancybox\" href=\"https:\/\/www.vet-china.com\/uploads\/1109.jpg\" target=\"_blank\" rel=\"noopener\"><img decoding=\"async\" class=\"alignnone size-full wp-image-161022\" src=\"https:\/\/www.vet-china.com\/uploads\/1109.jpg\" alt=\"1\" \/><\/a><\/p>\n<p><a class=\"fancybox\" href=\"https:\/\/www.vet-china.com\/uploads\/284.jpg\" target=\"_blank\" rel=\"noopener\"><img decoding=\"async\" class=\"alignnone size-full wp-image-161023\" src=\"https:\/\/www.vet-china.com\/uploads\/284.jpg\" alt=\"2\" \/><\/a><\/p>\n<p>VET Energy is\u00a0the\u00a0real manufacturer of customized graphite and silicon carbide products with different coatings like SiC coating, TaC coating, glassy carbon coating, pyrolytic carbon coating, etc.,\u00a0can supply\u00a0various\u00a0customized parts for semiconductor and photovoltaic industry.<\/p>\n<p>Our technical team comes from top domestic research institutions, can provide more professional material solutions\u00a0for you.<\/p>\n<p>Desenvolvemos continuamente processos avan\u00e7ados para fornecer materiais mais avan\u00e7ados, e desenvolvemos uma tecnologia patenteada exclusiva, que pode tornar a liga\u00e7\u00e3o entre o revestimento e o substrato mais apertado e menos propenso ao descolamento.<\/p>\n<p><strong>Bem-vindo calorosamente para visitar nossa f\u00e1brica, vamos ter mais discuss\u00e3o!<\/strong><\/p>\n<p><a class=\"fancybox\" href=\"https:\/\/www.vet-china.com\/uploads\/\u7814\u53d1\u56e2\u961f2.jpg\" target=\"_blank\" rel=\"noopener\"><img decoding=\"async\" src=\"https:\/\/www.vet-china.com\/uploads\/\u7814\u53d1\u56e2\u961f2.jpg\" alt=\"O que \u00e9 isso\" \/><\/a><\/p>\n<p>&nbsp;<\/p>\n<p><a class=\"fancybox\" href=\"https:\/\/www.vet-china.com\/uploads\/\u751f\u4ea7\u8bbe\u59071.jpg\" target=\"_blank\" rel=\"noopener\"><img decoding=\"async\" src=\"https:\/\/www.vet-china.com\/uploads\/\u751f\u4ea7\u8bbe\u59071.jpg\" alt=\"O que \u00e9 isto\" \/><\/a><\/p>\n<p>&nbsp;<\/p>\n<p><a class=\"fancybox\" href=\"https:\/\/www.vet-china.com\/uploads\/\u516c\u53f8\u5ba2\u62371.jpg\" target=\"_blank\" rel=\"noopener\"><img decoding=\"async\" src=\"https:\/\/www.vet-china.com\/uploads\/\u516c\u53f8\u5ba2\u62371.jpg\" alt=\"N\u00e3o sei\" \/><\/a><\/p>","protected":false},"excerpt":{"rendered":"<p>Descri\u00e7\u00e3o curta:<\/p>\n<p>VET Energy SiC coated graphite carrier is a high-performance product designed to provide consistent and reliable performance over an extended period. It has super good heat resistance and thermal uniformity, high purity, erosion resistance, making it the perfect solution for wafer processing applications.<\/p>\n<p>Local de origem :<br \/>\nChina<br \/>\nEstrutura de Cristal :<br \/>\nFCC\u03b2 phase<br \/>\nDensidade:<br \/>\n3.21 g\/cm<br \/>\nDureza:<br \/>\n2500 Vickers<br \/>\nTamanho do gr\u00e3o:<br \/>\n2~10\u03bcm<br \/>\nPureza qu\u00edmica:<br \/>\n99.99995%<br \/>\nCapacidade t\u00e9rmica:<br \/>\n640J\u00b7kg-1\u00b7K-1<br \/>\nTemperatura de sublima\u00e7\u00e3o:<br \/>\n2700\u00b0C<br \/>\nFor\u00e7a Felexural:<br \/>\n415 Mpa (RT 4-Point)<br \/>\nYoung\u2019 s Modulus :<br \/>\n430 Gpa (4pt bend, 1300\u2103)<br \/>\nExpans\u00e3o t\u00e9rmica (CTE):<br \/>\n4.5 10-6K-1<br \/>\nThermal conductivity :<br \/>\n300\uff08W\/MK\uff09<\/p>","protected":false},"featured_media":71,"template":"","meta":[],"product_cat":[16,23],"product_tag":[24],"class_list":{"0":"post-67","1":"product","2":"type-product","3":"status-publish","4":"has-post-thumbnail","6":"product_cat-cvd-coating","7":"product_cat-sic-epitaxial-parts","8":"product_tag-sic-coated-graphite-base-carriers","10":"first","11":"instock","12":"shipping-taxable","13":"product-type-simple"},"_links":{"self":[{"href":"https:\/\/www.cnvetenergy.com\/pt\/wp-json\/wp\/v2\/product\/67","targetHints":{"allow":["GET"]}}],"collection":[{"href":"https:\/\/www.cnvetenergy.com\/pt\/wp-json\/wp\/v2\/product"}],"about":[{"href":"https:\/\/www.cnvetenergy.com\/pt\/wp-json\/wp\/v2\/types\/product"}],"version-history":[{"count":1,"href":"https:\/\/www.cnvetenergy.com\/pt\/wp-json\/wp\/v2\/product\/67\/revisions"}],"predecessor-version":[{"id":2623,"href":"https:\/\/www.cnvetenergy.com\/pt\/wp-json\/wp\/v2\/product\/67\/revisions\/2623"}],"wp:featuredmedia":[{"embeddable":true,"href":"https:\/\/www.cnvetenergy.com\/pt\/wp-json\/wp\/v2\/media\/71"}],"wp:attachment":[{"href":"https:\/\/www.cnvetenergy.com\/pt\/wp-json\/wp\/v2\/media?parent=67"}],"wp:term":[{"taxonomy":"product_cat","embeddable":true,"href":"https:\/\/www.cnvetenergy.com\/pt\/wp-json\/wp\/v2\/product_cat?post=67"},{"taxonomy":"product_tag","embeddable":true,"href":"https:\/\/www.cnvetenergy.com\/pt\/wp-json\/wp\/v2\/product_tag?post=67"}],"curies":[{"name":"wp","href":"https:\/\/api.w.org\/{rel}","templated":true}]}}