{"id":79,"date":"2024-11-21T10:43:26","date_gmt":"2024-11-21T02:43:26","guid":{"rendered":"http:\/\/weitai1.globaldeepsea.site\/?post_type=product&#038;p=79"},"modified":"2026-03-13T17:05:19","modified_gmt":"2026-03-13T09:05:19","slug":"china-fabricante-sic-revestido-grafite-mocvd-epitaxy-susceptor","status":"publish","type":"product","link":"https:\/\/www.cnvetenergy.com\/pt\/produto\/china-fabricante-sic-revestido-grafite-mocvd-epitaxy-susceptor\/","title":{"rendered":"China Fabricante SiC Revestido com grafite MOCVD Epitaxia Susceptor"},"content":{"rendered":"<div class=\"fl-builder-content fl-builder-content-151532 fl-builder-content-primary fl-builder-global-templates-locked\" data-post-id=\"151532\">\n<div class=\"fl-row fl-row-fixed-width fl-row-bg-none fl-node-625fc203db05e\" data-node=\"625fc203db05e\">\n<div class=\"fl-row-content-wrap\">\n<div class=\"fl-row-content fl-row-fixed-width fl-node-content\">\n<div class=\"fl-col-group fl-node-625fc203db5d4\" data-node=\"625fc203db5d4\">\n<div class=\"fl-col fl-node-625fc203db7b7\" data-node=\"625fc203db7b7\">\n<div class=\"fl-col-content fl-node-content\">\n<div class=\"fl-module fl-module-rich-text fl-node-625fc203dcdf0\" data-node=\"625fc203dcdf0\" data-animation-delay=\"0.0\">\n<div class=\"fl-module-content fl-node-content\">\n<div class=\"fl-rich-text\">\n<p>Alta qualidade Susceptor MOCVD Comprar online na China<\/p>\n<p><a class=\"fancybox\" href=\"https:\/\/www.vet-china.com\/uploads\/28.png\" target=\"_blank\" rel=\"noopener\"><img decoding=\"async\" class=\"alignnone size-full wp-image-153303\" src=\"https:\/\/www.vet-china.com\/uploads\/28.png\" alt=\"2\" \/><\/a><\/p>\n<p>Um wafer precisa passar por v\u00e1rias etapas antes de estar pronto para uso em dispositivos eletr\u00f4nicos. Um processo importante \u00e9 a epitaxia do sil\u00edcio, em que as bolachas s\u00e3o transportadas em susceptores de grafite. As propriedades e qualidade dos susceptores t\u00eam um efeito crucial na qualidade da camada epitaxial da wafer.<\/p>\n<p>Para fases de deposi\u00e7\u00e3o de pel\u00edcula fina, tais como epitaxia ou MOCVD, a EFP fornece equipamento de grafite ultrapuro usado para suportar substratos ou \u201cwafers\u201d. No centro do processo, este equipamento, susceptores de epitaxia ou plataformas de sat\u00e9lite para o MOCVD, s\u00e3o primeiramente submetidos ao ambiente de deposi\u00e7\u00e3o:<\/p>\n<p>Alta temperatura.<br \/>\nAlto v\u00e1cuo.<br \/>\nUtiliza\u00e7\u00e3o de precursores gasosos agressivos.<br \/>\nContamina\u00e7\u00e3o zero, aus\u00eancia de descama\u00e7\u00e3o.<br \/>\nResist\u00eancia a \u00e1cidos fortes durante as opera\u00e7\u00f5es de limpeza<\/p>\n<div class=\"fl-row fl-row-fixed-width fl-row-bg-none fl-node-65dafade3e1a8\" data-node=\"65dafade3e1a8\">\n<div class=\"fl-row-content-wrap\">\n<div class=\"fl-row-content fl-row-fixed-width fl-node-content\">\n<div class=\"fl-col-group fl-node-65dafade3e1e7\" data-node=\"65dafade3e1e7\">\n<div class=\"fl-col fl-node-65dafade3e227\" data-node=\"65dafade3e227\">\n<div class=\"fl-col-content fl-node-content\">\n<div class=\"fl-module fl-module-rich-text fl-node-65dafade3e267\" data-node=\"65dafade3e267\" data-animation-delay=\"0.0\">\n<div class=\"fl-module-content fl-node-content\">\n<div class=\"fl-rich-text\">\n<p>VET Energia \u00e9 o verdadeiro fabricante de grafite personalizado e produtos de carboneto de sil\u00edcio com revestimento para a ind\u00fastria de semicondutores e fotovoltaica. Nossa equipe t\u00e9cnica vem de institui\u00e7\u00f5es de pesquisa nacionais de topo, pode fornecer mais solu\u00e7\u00f5es materiais profissionais para voc\u00ea.<\/p>\n<p>Desenvolvemos continuamente processos avan\u00e7ados para fornecer materiais mais avan\u00e7ados, e desenvolvemos uma tecnologia patenteada exclusiva, que pode tornar a liga\u00e7\u00e3o entre o revestimento e o substrato mais apertado e menos propenso ao descolamento.<\/p>\n<p>Caracter\u00edsticas dos nossos produtos:<\/p>\n<p>1. Resist\u00eancia \u00e0 oxida\u00e7\u00e3o a alta temperatura at\u00e9 1700\u00b0C.<br \/>\n2. Alta pureza e uniformidade t\u00e9rmica<br \/>\n3. Excelente resist\u00eancia \u00e0 corros\u00e3o: \u00e1cido, \u00e1lcali, sal e reagentes org\u00e2nicos.<br \/>\n4. Alta dureza, superf\u00edcie compacta, part\u00edculas finas.<br \/>\n5. Vida \u00fatil mais longa e mais dur\u00e1vel<\/p>\n<table border=\"1\" cellspacing=\"0\">\n<tbody>\n<tr>\n<td colspan=\"2\" valign=\"center\" width=\"568\">\n<p align=\"center\"><b>DCV<\/b><b>\u00a0<\/b><b>Si<\/b><b>C<\/b><b>O que \u00e9 isto<\/b><b><\/b><\/p>\n<p align=\"center\"><b>Propriedades f\u00edsicas b\u00e1sicas da DCV SiC <\/b><b>revestimento<\/b><b><\/b><\/p>\n<\/td>\n<\/tr>\n<tr>\n<td valign=\"center\" width=\"248\">\n<p align=\"justify\">Propriedades<\/p>\n<\/td>\n<td valign=\"center\" width=\"319\">\n<p align=\"justify\">Valor t\u00edpico<\/p>\n<\/td>\n<\/tr>\n<tr>\n<td valign=\"center\" width=\"248\">\n<p align=\"justify\">Estrutura de cristal<\/p>\n<\/td>\n<td valign=\"center\" width=\"319\">\n<p align=\"justify\">Fase FCC \u03b2<\/p>\n<\/td>\n<\/tr>\n<tr>\n<td valign=\"center\" width=\"248\">\n<p align=\"justify\">Densidade<\/p>\n<\/td>\n<td valign=\"center\" width=\"319\">\n<p align=\"justify\">3,21 g\/cm3<\/p>\n<\/td>\n<\/tr>\n<tr>\n<td valign=\"center\" width=\"248\">\n<p align=\"justify\">&amp; Dureza<\/p>\n<\/td>\n<td valign=\"center\" width=\"319\">\n<p align=\"justify\">2500 (carga de 500g)<\/p>\n<\/td>\n<\/tr>\n<tr>\n<td valign=\"center\" width=\"248\">\n<p align=\"justify\">Size de gr\u00e3o<\/p>\n<\/td>\n<td valign=\"center\" width=\"319\">\n<p align=\"justify\">2~10\u03bcm<\/p>\n<\/td>\n<\/tr>\n<tr>\n<td valign=\"center\" width=\"248\">\n<p align=\"justify\">Pureza Qu\u00edmica<\/p>\n<\/td>\n<td valign=\"center\" width=\"319\">\n<p align=\"justify\">99.99995%<\/p>\n<\/td>\n<\/tr>\n<tr>\n<td valign=\"center\" width=\"248\">\n<p align=\"justify\">Capacidade de calor<\/p>\n<\/td>\n<td valign=\"center\" width=\"319\">\n<p align=\"justify\">640 J\u00b7kg<sup>-1<\/sup>\u00b7K<sup>-1<\/sup><\/p>\n<\/td>\n<\/tr>\n<tr>\n<td valign=\"center\" width=\"248\">\n<p align=\"justify\">Temperatura de sublima\u00e7\u00e3o<\/p>\n<\/td>\n<td valign=\"center\" width=\"319\">\n<p align=\"justify\">2700\u00b0C<\/p>\n<\/td>\n<\/tr>\n<tr>\n<td valign=\"center\" width=\"248\">\n<p align=\"justify\">For\u00e7a Flexural<\/p>\n<\/td>\n<td valign=\"center\" width=\"319\">\n<p align=\"justify\">415 MPa RT 4 pontos<\/p>\n<\/td>\n<\/tr>\n<tr>\n<td valign=\"center\" width=\"248\">\n<p align=\"justify\">Modulo de Young<\/p>\n<\/td>\n<td valign=\"center\" width=\"319\">\n<p align=\"justify\">430 Gpa 4pt curva, 1300\u00b0C<\/p>\n<\/td>\n<\/tr>\n<tr>\n<td valign=\"center\" width=\"248\">\n<p align=\"justify\">Condutividade t\u00e9rmica<\/p>\n<\/td>\n<td valign=\"center\" width=\"319\">\n<p align=\"justify\">300W\u00b7m<sup>-1<\/sup>\u00b7K<sup>-1<\/sup><\/p>\n<\/td>\n<\/tr>\n<tr>\n<td valign=\"center\" width=\"248\">\n<p align=\"justify\">Expans\u00e3o t\u00e9rmica (CTE)<\/p>\n<\/td>\n<td valign=\"center\" width=\"319\">\n<p align=\"justify\">4,5\u00d710<sup>-6<\/sup>K<sup>-1<\/sup><\/p>\n<\/td>\n<\/tr>\n<\/tbody>\n<\/table>\n<p><a class=\"fancybox\" href=\"https:\/\/www.vet-china.com\/uploads\/1109.jpg\" target=\"_blank\" rel=\"noopener\"><img decoding=\"async\" class=\"alignnone size-full wp-image-161022\" src=\"https:\/\/www.vet-china.com\/uploads\/1109.jpg\" alt=\"1\" \/><\/a><\/p>\n<p><a class=\"fancybox\" href=\"https:\/\/www.vet-china.com\/uploads\/284.jpg\" target=\"_blank\" rel=\"noopener\"><img decoding=\"async\" class=\"alignnone size-full wp-image-161023\" src=\"https:\/\/www.vet-china.com\/uploads\/284.jpg\" alt=\"2\" \/><\/a><\/p>\n<p><strong>Bem-vindo calorosamente para visitar nossa f\u00e1brica, vamos ter mais discuss\u00e3o!<\/strong><\/p>\n<p><a class=\"fancybox\" href=\"https:\/\/www.vet-china.com\/uploads\/\u7814\u53d1\u56e2\u961f2.jpg\" target=\"_blank\" rel=\"noopener\"><img decoding=\"async\" src=\"https:\/\/www.vet-china.com\/uploads\/\u7814\u53d1\u56e2\u961f2.jpg\" alt=\"O que \u00e9 isso\" \/><\/a><\/p>\n<p>&nbsp;<\/p>\n<p><a class=\"fancybox\" href=\"https:\/\/www.vet-china.com\/uploads\/\u751f\u4ea7\u8bbe\u59071.jpg\" target=\"_blank\" rel=\"noopener\"><img decoding=\"async\" src=\"https:\/\/www.vet-china.com\/uploads\/\u751f\u4ea7\u8bbe\u59071.jpg\" alt=\"O que \u00e9 isto\" \/><\/a><\/p>\n<p>&nbsp;<\/p>\n<p><a class=\"fancybox\" href=\"https:\/\/www.vet-china.com\/uploads\/\u516c\u53f8\u5ba2\u62371.jpg\" target=\"_blank\" rel=\"noopener\"><img decoding=\"async\" src=\"https:\/\/www.vet-china.com\/uploads\/\u516c\u53f8\u5ba2\u62371.jpg\" alt=\"N\u00e3o sei\" \/><\/a><\/p>\n<p>&nbsp;<\/p>\n<p>&nbsp;<\/p>","protected":false},"excerpt":{"rendered":"<p>Pureza &lt; 5ppm<br \/>\n\u25a1 Boa uniformidade de dopagem<br \/>\n\u25a1 Alta densidade e ader\u00eancia<br \/>\n\u25a1 Boa resist\u00eancia anti-corrosiva e carbono<\/p>\n<p>Personaliza\u00e7\u00e3o profissional<br \/>\n\u25a1 Tempo de espera curto<br \/>\n\u25a1 Fornecimento est\u00e1vel<br \/>\nControle de qualidade e melhoria cont\u00ednua<\/p>\n<p>Epitaxia de GaN em Safira (RGB\/Mini\/Micro LED);<br \/>\nEpitaxia de GaN em Si Substrate (UVC);<br \/>\nEpitaxia de GaN em Si Substrate (dispositivo el\u00e9trico);<br \/>\nEpitaxia de Si em Si Substrate (circuito integrado);<br \/>\nEpitaxia do SiC no Substrato SiC (Substrato);<br \/>\nEpitaxia da InP na InP<\/p>","protected":false},"featured_media":80,"template":"","meta":[],"product_cat":[16,25],"product_tag":[22,24,26],"class_list":{"0":"post-79","1":"product","2":"type-product","3":"status-publish","4":"has-post-thumbnail","6":"product_cat-cvd-coating","7":"product_cat-mocvd-epitaxial-parts","8":"product_tag-epitaxial-epi-graphite-barrel-susceptor","9":"product_tag-sic-coated-graphite-base-carriers","10":"product_tag-sic-coated-graphite-mocvd-epitaxy-susceptor","12":"first","13":"instock","14":"shipping-taxable","15":"product-type-simple"},"_links":{"self":[{"href":"https:\/\/www.cnvetenergy.com\/pt\/wp-json\/wp\/v2\/product\/79","targetHints":{"allow":["GET"]}}],"collection":[{"href":"https:\/\/www.cnvetenergy.com\/pt\/wp-json\/wp\/v2\/product"}],"about":[{"href":"https:\/\/www.cnvetenergy.com\/pt\/wp-json\/wp\/v2\/types\/product"}],"version-history":[{"count":1,"href":"https:\/\/www.cnvetenergy.com\/pt\/wp-json\/wp\/v2\/product\/79\/revisions"}],"predecessor-version":[{"id":2622,"href":"https:\/\/www.cnvetenergy.com\/pt\/wp-json\/wp\/v2\/product\/79\/revisions\/2622"}],"wp:featuredmedia":[{"embeddable":true,"href":"https:\/\/www.cnvetenergy.com\/pt\/wp-json\/wp\/v2\/media\/80"}],"wp:attachment":[{"href":"https:\/\/www.cnvetenergy.com\/pt\/wp-json\/wp\/v2\/media?parent=79"}],"wp:term":[{"taxonomy":"product_cat","embeddable":true,"href":"https:\/\/www.cnvetenergy.com\/pt\/wp-json\/wp\/v2\/product_cat?post=79"},{"taxonomy":"product_tag","embeddable":true,"href":"https:\/\/www.cnvetenergy.com\/pt\/wp-json\/wp\/v2\/product_tag?post=79"}],"curies":[{"name":"wp","href":"https:\/\/api.w.org\/{rel}","templated":true}]}}